{"id":13411,"date":"2024-08-12T14:20:25","date_gmt":"2024-08-12T14:20:25","guid":{"rendered":"https:\/\/tsargipood.ee\/?page_id=13411"},"modified":"2026-02-20T15:20:46","modified_gmt":"2026-02-20T15:20:46","slug":"soodustused","status":"publish","type":"page","link":"https:\/\/tsargipood.ee\/en\/soodustused\/","title":{"rendered":"Soodustused"},"content":{"rendered":"<div data-elementor-type=\"wp-page\" data-elementor-id=\"13411\" class=\"elementor elementor-13411\" data-elementor-post-type=\"page\">\n\t\t\t\t<div class=\"elementor-element elementor-element-52f8e174 e-flex e-con-boxed e-con e-parent\" data-id=\"52f8e174\" data-element_type=\"container\" data-e-type=\"container\" data-settings=\"{&quot;background_background&quot;:&quot;classic&quot;}\">\n\t\t\t\t\t<div class=\"e-con-inner\">\n\t\t\t\t<div class=\"elementor-element elementor-element-28f20263 elementor-widget elementor-widget-heading\" data-id=\"28f20263\" data-element_type=\"widget\" data-e-type=\"widget\" data-widget_type=\"heading.default\">\n\t\t\t\t<div class=\"elementor-widget-container\">\n\t\t\t\t\t<h1 class=\"elementor-heading-title elementor-size-default\">Soodustused<\/h1>\t\t\t\t<\/div>\n\t\t\t\t<\/div>\n\t\t\t\t<div class=\"elementor-element elementor-element-be0240d elementor-widget elementor-widget-text-editor\" data-id=\"be0240d\" data-element_type=\"widget\" data-e-type=\"widget\" data-widget_type=\"text-editor.default\">\n\t\t\t\t<div class=\"elementor-widget-container\">\n\t\t\t\t\t\t\t\t\t<h4>Sinu soovidest inspireeritud<\/h4>\t\t\t\t\t\t\t\t<\/div>\n\t\t\t\t<\/div>\n\t\t\t\t\t<\/div>\n\t\t\t\t<\/div>\n\t\t<div class=\"elementor-element elementor-element-f3275bb e-flex e-con-boxed e-con e-parent\" data-id=\"f3275bb\" data-element_type=\"container\" data-e-type=\"container\">\n\t\t\t\t\t<div class=\"e-con-inner\">\n\t\t<div class=\"elementor-element elementor-element-4249c0ec e-con-full e-flex e-con e-child\" data-id=\"4249c0ec\" data-element_type=\"container\" data-e-type=\"container\">\n\t\t\t\t<div class=\"elementor-element elementor-element-23d3616b elementor-widget elementor-widget-text-editor\" data-id=\"23d3616b\" data-element_type=\"widget\" data-e-type=\"widget\" data-widget_type=\"text-editor.default\">\n\t\t\t\t<div class=\"elementor-widget-container\">\n\t\t\t\t\t\t\t\t\t<p class=\"p1\"><b>Soodustused T-s\u00e4rgipoes \u2013 lemmikud veelgi parema hinnaga!<\/b><\/p><p class=\"p3\">Kas otsid head diili? Meie T-s\u00e4rgipoes ootavad sind vahvad allahindlused! Tegemist on <span class=\"s2\"><b>kogusep\u00f5hise soodustusega<\/b><\/span> \u2013 ehk mida rohkem ostad, seda soodsamalt saad!<\/p><p class=\"p3\">Pane oma lemmikud s\u00e4rgid ostukorvi ja vaata, kuidas hind muutub s\u00f5bralikumaks \u2013 olgu sul plaanis teha kingitus, t\u00e4iendada enda riidekappi v\u00f5i tellida suurem kogus s\u00f5pruskonnale.<\/p><p class=\"p4\"><span class=\"s3\">\ud83c\udf89 <\/span><b>Soodustused kehtivad automaatselt alates 3 tootest:<\/b><b><\/b><\/p><ul><li><p class=\"p1\">3\u20139 toodet \u2013 <span class=\"s1\"><b>-3%<\/b><b><\/b><\/span><\/p><\/li><li><p class=\"p1\">10\u201324 toodet \u2013 <span class=\"s1\"><b>-5%<\/b><b><\/b><\/span><\/p><\/li><li><p class=\"p1\">25\u201349 toodet \u2013 <span class=\"s1\"><b>-8%<\/b><b><\/b><\/span><\/p><\/li><li><p class=\"p1\">50\u2013100 toodet \u2013 <span class=\"s1\"><b>-12%<\/b><\/span><\/p><\/li><\/ul><p class=\"p3\">\ud83d\uded2 Soodustuse arvestus toimub automaatselt \u2013 n\u00e4ed hinna muutust kohe, kui lisad tooted ostukorvi.<\/p><p class=\"p3\">\ud83d\udce9 Kui soovid tellida rohkem kui 100 toodet, kirjuta meile julgelt: <span class=\"s2\"><b>info@tsargipood.ee<\/b><\/span> \u2013 teeme sulle personaalse pakkumise!<\/p><p class=\"p3\">\ud83d\udca1 <span class=\"s2\"><b>Mida rohkem ostad, seda rohkem s\u00e4\u00e4stad!<\/b><\/span> Ja \u00e4ra unusta \u2013 meie sooduspakkumised uuenevad regulaarselt, nii et hoia silm peal ja saa oma lemmikud alati parima hinnaga!<\/p>\t\t\t\t\t\t\t\t<\/div>\n\t\t\t\t<\/div>\n\t\t\t\t<\/div>\n\t\t\t\t\t<\/div>\n\t\t\t\t<\/div>\n\t\t\t\t<\/div>","protected":false},"excerpt":{"rendered":"<p>Soodustused Sinu soovidest inspireeritud Soodustused T-s\u00e4rgipoes \u2013 lemmikud veelgi parema hinnaga! Kas otsid head diili? Meie T-s\u00e4rgipoes ootavad sind vahvad allahindlused! Tegemist on kogusep\u00f5hise soodustusega \u2013 ehk mida rohkem ostad, seda soodsamalt saad! Pane oma lemmikud s\u00e4rgid ostukorvi ja vaata, kuidas hind muutub s\u00f5bralikumaks \u2013 olgu sul plaanis teha kingitus, t\u00e4iendada enda riidekappi v\u00f5i tellida [&hellip;]<\/p>\n","protected":false},"author":1,"featured_media":0,"parent":0,"menu_order":0,"comment_status":"closed","ping_status":"closed","template":"","meta":{"googlesitekit_rrm_CAow0ZS_DA:productID":"","footnotes":""},"class_list":["post-13411","page","type-page","status-publish","hentry","fpd-variation-needed"],"yoast_head":"<!-- This site is optimized with the Yoast SEO plugin v27.5 - https:\/\/yoast.com\/product\/yoast-seo-wordpress\/ -->\n<title>Soodustused | T-s\u00e4rgipood - Disaini oma T-s\u00e4rk<\/title>\n<meta name=\"description\" content=\"Soodustused on alati teretulnud suurematele setskondadele v\u00f5i ettev\u00f5tetele. Telli rohkem ja s\u00e4\u00e4sta rohkem on meie soodustuse m\u00f5te.\" \/>\n<meta name=\"robots\" content=\"index, follow, max-snippet:-1, max-image-preview:large, max-video-preview:-1\" \/>\n<link rel=\"canonical\" href=\"https:\/\/tsargipood.ee\/en\/soodustused\/\" \/>\n<meta property=\"og:locale\" content=\"en_GB\" \/>\n<meta property=\"og:type\" content=\"article\" \/>\n<meta property=\"og:title\" content=\"Soodustused | T-s\u00e4rgipood - Disaini oma T-s\u00e4rk\" \/>\n<meta property=\"og:description\" content=\"Soodustused on alati teretulnud suurematele setskondadele v\u00f5i ettev\u00f5tetele. Telli rohkem ja s\u00e4\u00e4sta rohkem on meie soodustuse m\u00f5te.\" \/>\n<meta property=\"og:url\" content=\"https:\/\/tsargipood.ee\/en\/soodustused\/\" \/>\n<meta property=\"og:site_name\" content=\"T-s\u00e4rgipood - Disaini oma T-s\u00e4rk\" \/>\n<meta property=\"article:publisher\" content=\"https:\/\/www.facebook.com\/profile.php?id=100090772812912\" \/>\n<meta property=\"article:modified_time\" content=\"2026-02-20T15:20:46+00:00\" \/>\n<meta name=\"twitter:card\" content=\"summary_large_image\" \/>\n<meta name=\"twitter:label1\" content=\"Estimated reading time\" \/>\n\t<meta name=\"twitter:data1\" content=\"1 minute\" \/>\n<script type=\"application\/ld+json\" class=\"yoast-schema-graph\">{\"@context\":\"https:\\\/\\\/schema.org\",\"@graph\":[{\"@type\":\"WebPage\",\"@id\":\"https:\\\/\\\/tsargipood.ee\\\/soodustused\\\/\",\"url\":\"https:\\\/\\\/tsargipood.ee\\\/soodustused\\\/\",\"name\":\"Soodustused | T-s\u00e4rgipood - Disaini oma T-s\u00e4rk\",\"isPartOf\":{\"@id\":\"https:\\\/\\\/tsargipood.ee\\\/#website\"},\"datePublished\":\"2024-08-12T14:20:25+00:00\",\"dateModified\":\"2026-02-20T15:20:46+00:00\",\"description\":\"Soodustused on alati teretulnud suurematele setskondadele v\u00f5i ettev\u00f5tetele. Telli rohkem ja s\u00e4\u00e4sta rohkem on meie soodustuse m\u00f5te.\",\"breadcrumb\":{\"@id\":\"https:\\\/\\\/tsargipood.ee\\\/soodustused\\\/#breadcrumb\"},\"inLanguage\":\"en-GB\",\"potentialAction\":[{\"@type\":\"ReadAction\",\"target\":[\"https:\\\/\\\/tsargipood.ee\\\/soodustused\\\/\"]}]},{\"@type\":\"BreadcrumbList\",\"@id\":\"https:\\\/\\\/tsargipood.ee\\\/soodustused\\\/#breadcrumb\",\"itemListElement\":[{\"@type\":\"ListItem\",\"position\":1,\"name\":\"Home\",\"item\":\"https:\\\/\\\/tsargipood.ee\\\/\"},{\"@type\":\"ListItem\",\"position\":2,\"name\":\"Soodustused\"}]},{\"@type\":\"WebSite\",\"@id\":\"https:\\\/\\\/tsargipood.ee\\\/#website\",\"url\":\"https:\\\/\\\/tsargipood.ee\\\/\",\"name\":\"T-s\u00e4rgipood - Disaini oma T-s\u00e4rk\",\"description\":\"Kujunda oma t-s\u00e4rk\",\"publisher\":{\"@id\":\"https:\\\/\\\/tsargipood.ee\\\/#organization\"},\"alternateName\":\"T-s\u00e4rgipood\",\"potentialAction\":[{\"@type\":\"SearchAction\",\"target\":{\"@type\":\"EntryPoint\",\"urlTemplate\":\"https:\\\/\\\/tsargipood.ee\\\/?s={search_term_string}\"},\"query-input\":{\"@type\":\"PropertyValueSpecification\",\"valueRequired\":true,\"valueName\":\"search_term_string\"}}],\"inLanguage\":\"en-GB\"},{\"@type\":\"Organization\",\"@id\":\"https:\\\/\\\/tsargipood.ee\\\/#organization\",\"name\":\"T-S\u00e4rgipood\",\"alternateName\":\"Disaini oma t-s\u00e4rk\",\"url\":\"https:\\\/\\\/tsargipood.ee\\\/\",\"logo\":{\"@type\":\"ImageObject\",\"inLanguage\":\"en-GB\",\"@id\":\"https:\\\/\\\/tsargipood.ee\\\/#\\\/schema\\\/logo\\\/image\\\/\",\"url\":\"https:\\\/\\\/tsargipood.ee\\\/wp-content\\\/uploads\\\/2023\\\/06\\\/T-sargipood-logo-1.png\",\"contentUrl\":\"https:\\\/\\\/tsargipood.ee\\\/wp-content\\\/uploads\\\/2023\\\/06\\\/T-sargipood-logo-1.png\",\"width\":540,\"height\":540,\"caption\":\"T-S\u00e4rgipood\"},\"image\":{\"@id\":\"https:\\\/\\\/tsargipood.ee\\\/#\\\/schema\\\/logo\\\/image\\\/\"},\"sameAs\":[\"https:\\\/\\\/www.facebook.com\\\/profile.php?id=100090772812912\",\"https:\\\/\\\/www.instagram.com\\\/tsargipood\\\/\"]}]}<\/script>\n<!-- \/ Yoast SEO plugin. -->","yoast_head_json":{"title":"Soodustused | T-s\u00e4rgipood - Disaini oma T-s\u00e4rk","description":"Soodustused on alati teretulnud suurematele setskondadele v\u00f5i ettev\u00f5tetele. Telli rohkem ja s\u00e4\u00e4sta rohkem on meie soodustuse m\u00f5te.","robots":{"index":"index","follow":"follow","max-snippet":"max-snippet:-1","max-image-preview":"max-image-preview:large","max-video-preview":"max-video-preview:-1"},"canonical":"https:\/\/tsargipood.ee\/en\/soodustused\/","og_locale":"en_GB","og_type":"article","og_title":"Soodustused | T-s\u00e4rgipood - Disaini oma T-s\u00e4rk","og_description":"Soodustused on alati teretulnud suurematele setskondadele v\u00f5i ettev\u00f5tetele. Telli rohkem ja s\u00e4\u00e4sta rohkem on meie soodustuse m\u00f5te.","og_url":"https:\/\/tsargipood.ee\/en\/soodustused\/","og_site_name":"T-s\u00e4rgipood - Disaini oma T-s\u00e4rk","article_publisher":"https:\/\/www.facebook.com\/profile.php?id=100090772812912","article_modified_time":"2026-02-20T15:20:46+00:00","twitter_card":"summary_large_image","twitter_misc":{"Estimated reading time":"1 minute"},"schema":{"@context":"https:\/\/schema.org","@graph":[{"@type":"WebPage","@id":"https:\/\/tsargipood.ee\/soodustused\/","url":"https:\/\/tsargipood.ee\/soodustused\/","name":"Soodustused | T-s\u00e4rgipood - Disaini oma T-s\u00e4rk","isPartOf":{"@id":"https:\/\/tsargipood.ee\/#website"},"datePublished":"2024-08-12T14:20:25+00:00","dateModified":"2026-02-20T15:20:46+00:00","description":"Soodustused on alati teretulnud suurematele setskondadele v\u00f5i ettev\u00f5tetele. Telli rohkem ja s\u00e4\u00e4sta rohkem on meie soodustuse m\u00f5te.","breadcrumb":{"@id":"https:\/\/tsargipood.ee\/soodustused\/#breadcrumb"},"inLanguage":"en-GB","potentialAction":[{"@type":"ReadAction","target":["https:\/\/tsargipood.ee\/soodustused\/"]}]},{"@type":"BreadcrumbList","@id":"https:\/\/tsargipood.ee\/soodustused\/#breadcrumb","itemListElement":[{"@type":"ListItem","position":1,"name":"Home","item":"https:\/\/tsargipood.ee\/"},{"@type":"ListItem","position":2,"name":"Soodustused"}]},{"@type":"WebSite","@id":"https:\/\/tsargipood.ee\/#website","url":"https:\/\/tsargipood.ee\/","name":"T-shirt shop - Design your own T-shirt","description":"Design your own t-shirt","publisher":{"@id":"https:\/\/tsargipood.ee\/#organization"},"alternateName":"T-s\u00e4rgipood","potentialAction":[{"@type":"SearchAction","target":{"@type":"EntryPoint","urlTemplate":"https:\/\/tsargipood.ee\/?s={search_term_string}"},"query-input":{"@type":"PropertyValueSpecification","valueRequired":true,"valueName":"search_term_string"}}],"inLanguage":"en-GB"},{"@type":"Organization","@id":"https:\/\/tsargipood.ee\/#organization","name":"T-S\u00e4rgipood","alternateName":"Disaini oma t-s\u00e4rk","url":"https:\/\/tsargipood.ee\/","logo":{"@type":"ImageObject","inLanguage":"en-GB","@id":"https:\/\/tsargipood.ee\/#\/schema\/logo\/image\/","url":"https:\/\/tsargipood.ee\/wp-content\/uploads\/2023\/06\/T-sargipood-logo-1.png","contentUrl":"https:\/\/tsargipood.ee\/wp-content\/uploads\/2023\/06\/T-sargipood-logo-1.png","width":540,"height":540,"caption":"T-S\u00e4rgipood"},"image":{"@id":"https:\/\/tsargipood.ee\/#\/schema\/logo\/image\/"},"sameAs":["https:\/\/www.facebook.com\/profile.php?id=100090772812912","https:\/\/www.instagram.com\/tsargipood\/"]}]}},"_links":{"self":[{"href":"https:\/\/tsargipood.ee\/en\/wp-json\/wp\/v2\/pages\/13411","targetHints":{"allow":["GET"]}}],"collection":[{"href":"https:\/\/tsargipood.ee\/en\/wp-json\/wp\/v2\/pages"}],"about":[{"href":"https:\/\/tsargipood.ee\/en\/wp-json\/wp\/v2\/types\/page"}],"author":[{"embeddable":true,"href":"https:\/\/tsargipood.ee\/en\/wp-json\/wp\/v2\/users\/1"}],"replies":[{"embeddable":true,"href":"https:\/\/tsargipood.ee\/en\/wp-json\/wp\/v2\/comments?post=13411"}],"version-history":[{"count":0,"href":"https:\/\/tsargipood.ee\/en\/wp-json\/wp\/v2\/pages\/13411\/revisions"}],"wp:attachment":[{"href":"https:\/\/tsargipood.ee\/en\/wp-json\/wp\/v2\/media?parent=13411"}],"curies":[{"name":"wp","href":"https:\/\/api.w.org\/{rel}","templated":true}]}}