{"id":16333,"date":"2025-06-19T09:43:18","date_gmt":"2025-06-19T09:43:18","guid":{"rendered":"https:\/\/tsargipood.ee\/?page_id=16333"},"modified":"2026-03-20T10:15:24","modified_gmt":"2026-03-20T10:15:24","slug":"ariklient","status":"publish","type":"page","link":"https:\/\/tsargipood.ee\/en\/ariklient\/","title":{"rendered":"\u00c4riklient"},"content":{"rendered":"\t\t<div data-elementor-type=\"wp-page\" data-elementor-id=\"16333\" class=\"elementor elementor-16333\" data-elementor-post-type=\"page\">\n\t\t\t\t<div class=\"elementor-element elementor-element-141d5e69 e-flex e-con-boxed e-con e-parent\" data-id=\"141d5e69\" data-element_type=\"container\" data-e-type=\"container\" data-settings=\"{&quot;background_background&quot;:&quot;classic&quot;}\">\n\t\t\t\t\t<div class=\"e-con-inner\">\n\t\t\t\t<div class=\"elementor-element elementor-element-3a16661a elementor-widget elementor-widget-heading\" data-id=\"3a16661a\" data-element_type=\"widget\" data-e-type=\"widget\" data-widget_type=\"heading.default\">\n\t\t\t\t<div class=\"elementor-widget-container\">\n\t\t\t\t\t<h1 class=\"elementor-heading-title elementor-size-default\">\u00c4rikliendile<\/h1>\t\t\t\t<\/div>\n\t\t\t\t<\/div>\n\t\t\t\t<div class=\"elementor-element elementor-element-a5ff7fa elementor-widget elementor-widget-text-editor\" data-id=\"a5ff7fa\" data-element_type=\"widget\" data-e-type=\"widget\" data-widget_type=\"text-editor.default\">\n\t\t\t\t<div class=\"elementor-widget-container\">\n\t\t\t\t\t\t\t\t\t<h4>Sinu soovidest inspireeritud<\/h4>\t\t\t\t\t\t\t\t<\/div>\n\t\t\t\t<\/div>\n\t\t\t\t\t<\/div>\n\t\t\t\t<\/div>\n\t\t<div class=\"elementor-element elementor-element-6a5c5828 e-flex e-con-boxed e-con e-parent\" data-id=\"6a5c5828\" data-element_type=\"container\" data-e-type=\"container\">\n\t\t\t\t\t<div class=\"e-con-inner\">\n\t\t\t\t<div class=\"elementor-element elementor-element-23bf0e08 elementor-widget elementor-widget-text-editor\" data-id=\"23bf0e08\" data-element_type=\"widget\" data-e-type=\"widget\" data-widget_type=\"text-editor.default\">\n\t\t\t\t<div class=\"elementor-widget-container\">\n\t\t\t\t\t\t\t\t\t\n<p>Soovid tellida T-s\u00e4rke, kruuse, kellasid v\u00f5i muid tooteid oma ettev\u00f5ttele? Meilt saad kvaliteetsed tr\u00fckitooted kiiresti ja mugavalt \u2013 nii v\u00e4ikestes kui ka suuremates kogustes.<\/p>\n\n<p>Lisa oma ettev\u00f5tte logo, kujundus v\u00f5i vali midagi meie valmis disainide hulgast. Sobib ideaalselt reklaamkingitusteks, \u00fcritusteks, meeskonnariietuseks v\u00f5i edasim\u00fc\u00fcgiks.<\/p>\n\n<p>V\u00f5ta meiega \u00fchendust ja leiame just teie vajadustele sobiva lahenduse!<\/p>\n\t\t\t\t\t\t\t\t<\/div>\n\t\t\t\t<\/div>\n\t\t<div class=\"elementor-element elementor-element-6aa2333 e-con-full e-flex e-con e-child\" data-id=\"6aa2333\" data-element_type=\"container\" data-e-type=\"container\">\n\t\t\t\t<div class=\"elementor-element elementor-element-925239e elementor-widget elementor-widget-shortcode\" data-id=\"925239e\" data-element_type=\"widget\" data-e-type=\"widget\" data-widget_type=\"shortcode.default\">\n\t\t\t\t<div class=\"elementor-widget-container\">\n\t\t\t\t\t\t\t<div class=\"elementor-shortcode\">    <style>\n        .ts-form-container {\n            background-color: #5b6471;\n            padding: 40px;\n            border-radius: 4px;\n            max-width: 900px;\n            margin: 20px auto;\n            font-family: 'Segoe UI', sans-serif;\n            color: white;\n            text-align: center;\n        }\n        .ts-form-container h2 {\n            color: #ff5722;\n            text-transform: uppercase;\n            font-weight: 800;\n            margin: 0 0 10px 0;\n        }\n        .ts-form-grid {\n            display: grid;\n            grid-template-columns: 1fr 1fr;\n            gap: 20px;\n            text-align: left;\n            margin-top: 30px;\n        }\n        .ts-form-group {\n            display: flex;\n            flex-direction: column;\n        }\n        .ts-form-group label {\n            font-size: 13px;\n            font-weight: bold;\n            margin-bottom: 8px;\n        }\n        .ts-form-group input,\n        .ts-form-group select,\n        .ts-form-group textarea {\n            padding: 12px;\n            border: none;\n            border-radius: 4px;\n            font-size: 14px;\n            background: white;\n        }\n        .ts-form-full {\n            grid-column: 1 \/ span 2;\n        }\n        .ts-submit-row {\n            margin-top: 25px;\n            display: flex;\n            align-items: center;\n            flex-wrap: wrap;\n            gap: 15px;\n        }\n        .ts-submit-btn {\n            background-color: #ff5722;\n            color: white;\n            border: none;\n            padding: 12px 50px;\n            font-weight: bold;\n            cursor: pointer;\n            border-radius: 4px;\n            text-transform: uppercase;\n        }\n        .ts-submit-btn:hover {\n            background-color: #e64a19;\n        }\n        .ts-submit-btn:disabled {\n            opacity: 0.7;\n            cursor: not-allowed;\n        }\n        .ts-error-msg {\n            color: #ffbcbc;\n            font-size: 13px;\n            display: none;\n            background: rgba(0,0,0,0.2);\n            padding: 5px 10px;\n            border-radius: 4px;\n        }\n        .ts-success-msg {\n            color: #4caf50;\n            font-size: 18px;\n            display: none;\n            margin-top: 20px;\n            font-weight: bold;\n        }\n        .ts-turnstile-hidden {\n            display: none !important;\n            visibility: hidden !important;\n            width: 0 !important;\n            height: 0 !important;\n            overflow: hidden !important;\n            opacity: 0 !important;\n            pointer-events: none !important;\n        }\n        .ts-form-container-slim {\n            max-width: 520px;\n        }\n        .ts-form-container-slim .ts-form-grid {\n            grid-template-columns: 1fr;\n            gap: 16px;\n        }\n        .ts-form-container-slim .ts-form-full {\n            grid-column: 1;\n        }\n        .ts-form-container-slim .ts-submit-row {\n            flex-direction: column;\n            align-items: stretch;\n        }\n        .ts-form-container-slim .ts-submit-btn {\n            width: 100%;\n            padding: 14px 20px;\n        }\n        @media (max-width: 600px) {\n            .ts-form-grid {\n                grid-template-columns: 1fr;\n            }\n            .ts-form-full {\n                grid-column: 1;\n            }\n        }\n    <\/style>\n\n    <div class=\"ts-form-container\">\n        \n        <form id=\"ts-quote-form-lM9bsd\">\n            <div class=\"ts-form-grid\">\n                <div class=\"ts-form-group\">\n                    <label>Nimi *<\/label>\n                    <input type=\"text\" name=\"name\" placeholder=\"Teie nimi\" required>\n                <\/div>\n                <div class=\"ts-form-group\">\n                    <label>Telefon *<\/label>\n                    <input type=\"tel\" name=\"phone\" placeholder=\"+372\" required>\n                <\/div>\n                <div class=\"ts-form-group\">\n                    <label>E-post *<\/label>\n                    <input type=\"email\" name=\"recipient_email\" placeholder=\"example@email.ee\" required>\n                <\/div>\n                <div class=\"ts-form-group\">\n                    <label>Vali toode *<\/label>\n                    <select name=\"problem_product\" required>\n                        <option value=\"\">- vali -<\/option>\n                        <option value=\"T-s\u00e4rk\">T-s\u00e4rk<\/option>\n                        <option value=\"Pusa\">Pusa<\/option>\n                        <option value=\"M\u00fcts\">M\u00fcts<\/option>\n                        <option value=\"Padi\">Padi<\/option>\n                        <option value=\"Polos\u00e4rk\">Polos\u00e4rk<\/option>\n                        <option value=\"Saunalina\">Saunalina<\/option>\n                        <option value=\"Jope\">Jope<\/option>\n                        <option value=\"midagi muud\">midagi muud<\/option>\n                    <\/select>\n                <\/div>\n                <div class=\"ts-form-group ts-form-full\">\n                    <label>Tahan veel lisada *<\/label>\n                    <textarea name=\"body\" rows=\"4\" placeholder=\"Kirjuta s\u00f5num\" required><\/textarea>\n                <\/div>\n            <\/div>\n\n            <div class=\"ts-submit-row\">\n                <button type=\"submit\" class=\"ts-submit-btn\" id=\"ts-btn-dsMRwa\">SAADA<\/button>\n\n                                    <div\n                        id=\"cf-turnstile-5Hr7z6\"\n                        class=\"ts-turnstile-hidden\"\n                    ><\/div>\n                \n                <div class=\"ts-error-msg\" id=\"ts-error-L49EA7\"><\/div>\n            <\/div>\n        <\/form>\n\n        <div class=\"ts-success-msg\" id=\"ts-success-uWKZlV\">T\u00e4name! Teie p\u00e4ring on saadetud.<\/div>\n    <\/div>\n\n    <script type=\"application\/json\" id=\"ts-config-K1IV3x\">\n        {\"formId\":\"ts-quote-form-lM9bsd\",\"buttonId\":\"ts-btn-dsMRwa\",\"errorId\":\"ts-error-L49EA7\",\"successId\":\"ts-success-uWKZlV\",\"turnstileId\":\"cf-turnstile-5Hr7z6\",\"robotCheckEnabled\":true,\"hideRobotCheck\":true,\"siteKey\":\"0x4AAAAAACbxKlwjpNoF1Tct\",\"ajaxUrl\":\"https:\\\/\\\/tsargipood.ee\\\/wp-admin\\\/admin-ajax.php\"}    <\/script>\n\n            <script src=\"https:\/\/challenges.cloudflare.com\/turnstile\/v0\/api.js?render=explicit\" defer><\/script>\n    \n    <script>\n        (function () {\n            const configEl = document.getElementById('ts-config-K1IV3x');\n\n            if (!configEl) {\n                console.error('[TS Form] Config element not found');\n                return;\n            }\n\n            const config = JSON.parse(configEl.textContent);\n            const form = document.getElementById(config.formId);\n            const btn = document.getElementById(config.buttonId);\n            const errorEl = document.getElementById(config.errorId);\n            const successEl = document.getElementById(config.successId);\n\n            if (!form || !btn || !errorEl || !successEl) {\n                console.error('[TS Form] Required form elements not found', {\n                    form: !!form,\n                    btn: !!btn,\n                    errorEl: !!errorEl,\n                    successEl: !!successEl\n                });\n                return;\n            }\n\n            let widgetId = null;\n\n            console.log('[TS Form] Initialized', config);\n\n            function showError(message) {\n                console.error('[TS Form] Error:', message);\n                errorEl.innerText = message;\n                errorEl.style.display = 'block';\n            }\n\n            function clearError() {\n                errorEl.innerText = '';\n                errorEl.style.display = 'none';\n            }\n\n            function setLoadingState(isLoading) {\n                btn.disabled = isLoading;\n                btn.innerText = isLoading ? 'SAATMINE...' : 'SAADA';\n            }\n\n            function initTurnstile() {\n                if (!config.robotCheckEnabled) {\n                    console.log('[TS Form] Robot check disabled');\n                    return;\n                }\n\n                const tryRender = function () {\n                    if (typeof turnstile === 'undefined') {\n                        console.log('[TS Form] Waiting for Turnstile...');\n                        setTimeout(tryRender, 150);\n                        return;\n                    }\n\n                    const container = document.getElementById(config.turnstileId);\n\n                    if (!container) {\n                        console.error('[TS Form] Turnstile container not found');\n                        return;\n                    }\n\n                    if (container.dataset.rendered === '1') {\n                        console.log('[TS Form] Turnstile already rendered');\n                        return;\n                    }\n\n                    try {\n                        widgetId = turnstile.render('#' + config.turnstileId, {\n                            sitekey: config.siteKey,\n                            appearance: config.hideRobotCheck ? 'execute' : 'always'\n                        });\n\n                        container.dataset.rendered = '1';\n                        console.log('[TS Form] Turnstile rendered', { widgetId: widgetId });\n                    } catch (error) {\n                        console.error('[TS Form] Turnstile render failed', error);\n                    }\n                };\n\n                tryRender();\n            }\n\n            async function getCaptchaToken() {\n                if (!config.robotCheckEnabled) {\n                    return '';\n                }\n\n                if (typeof turnstile === 'undefined' || widgetId === null) {\n                    throw new Error('Robotikontroll ei ole veel valmis');\n                }\n\n                let capToken = '';\n\n                try {\n                    if (config.hideRobotCheck) {\n                        console.log('[TS Form] Executing hidden Turnstile');\n                        capToken = await turnstile.execute(widgetId);\n                    } else {\n                        capToken = turnstile.getResponse(widgetId);\n                    }\n                } catch (error) {\n                    console.error('[TS Form] Turnstile execute\/getResponse failed', error);\n                    capToken = '';\n                }\n\n                if (!capToken) {\n                    capToken = turnstile.getResponse(widgetId);\n                }\n\n                console.log('[TS Form] Captcha token present:', !!capToken);\n\n                if (!capToken) {\n                    throw new Error('Palun t\u00e4itke captcha');\n                }\n\n                return capToken;\n            }\n\n            initTurnstile();\n\n            form.addEventListener('submit', async function (e) {\n                e.preventDefault();\n                clearError();\n                setLoadingState(true);\n\n                try {\n                    const capToken = await getCaptchaToken();\n                    const formData = new FormData(form);\n\n                    formData.append('action', 'ts_api_submit');\n                    formData.append('captcha_token', capToken);\n                    formData.append('robot_check_enabled', config.robotCheckEnabled ? '1' : '0');\n\n                    console.log('[TS Form] Submitting form');\n                    for (const pair of formData.entries()) {\n                        if (pair[0] === 'captcha_token') {\n                            console.log('[TS Form] Payload field:', pair[0], '[hidden token]');\n                        } else {\n                            console.log('[TS Form] Payload field:', pair[0], pair[1]);\n                        }\n                    }\n\n                    const response = await fetch(config.ajaxUrl, {\n                        method: 'POST',\n                        body: formData,\n                        credentials: 'same-origin'\n                    });\n\n                    const rawText = await response.text();\n\n                    console.log('[TS Form] Response status:', response.status);\n                    console.log('[TS Form] Raw response:', rawText);\n\n                    let parsed = null;\n\n                    try {\n                        parsed = JSON.parse(rawText);\n                    } catch (parseError) {\n                        console.error('[TS Form] Failed to parse JSON response', parseError);\n                        throw new Error('Server tagastas vigase vastuse');\n                    }\n\n                    console.log('[TS Form] Parsed response:', parsed);\n\n                    if (!response.ok) {\n                        throw new Error(parsed?.data || parsed?.message || 'Viga saatmisel');\n                    }\n\n                    if (parsed.success) {\n                        form.style.display = 'none';\n                        successEl.style.display = 'block';\n                        console.log('[TS Form] Form submitted successfully');\n                        return;\n                    }\n\n                    throw new Error(parsed.data || parsed.message || 'Viga saatmisel');\n                } catch (err) {\n                    showError(err.message || 'Viga saatmisel');\n                    setLoadingState(false);\n\n                    if (config.robotCheckEnabled && typeof turnstile !== 'undefined' && widgetId !== null) {\n                        try {\n                            turnstile.reset(widgetId);\n                            console.log('[TS Form] Turnstile reset');\n                        } catch (resetError) {\n                            console.error('[TS Form] Turnstile reset failed', resetError);\n                        }\n                    }\n                }\n            });\n        })();\n    <\/script>\n    <\/div>\n\t\t\t\t\t\t<\/div>\n\t\t\t\t<\/div>\n\t\t\t\t<\/div>\n\t\t\t\t\t<\/div>\n\t\t\t\t<\/div>\n\t\t\t\t<\/div>\n\t\t","protected":false},"excerpt":{"rendered":"<p>\u00c4rikliendile Sinu soovidest inspireeritud Soovid tellida T-s\u00e4rke, kruuse, kellasid v\u00f5i muid tooteid oma ettev\u00f5ttele? Meilt saad kvaliteetsed tr\u00fckitooted kiiresti ja mugavalt \u2013 nii v\u00e4ikestes kui ka suuremates kogustes. Lisa oma ettev\u00f5tte logo, kujundus v\u00f5i vali midagi meie valmis disainide hulgast. Sobib ideaalselt reklaamkingitusteks, \u00fcritusteks, meeskonnariietuseks v\u00f5i edasim\u00fc\u00fcgiks. V\u00f5ta meiega \u00fchendust ja leiame just teie vajadustele [&hellip;]<\/p>\n","protected":false},"author":1,"featured_media":0,"parent":0,"menu_order":0,"comment_status":"closed","ping_status":"closed","template":"","meta":{"googlesitekit_rrm_CAow0ZS_DA:productID":"","footnotes":""},"class_list":["post-16333","page","type-page","status-publish","hentry","fpd-variation-needed"],"yoast_head":"<!-- This site is optimized with the Yoast SEO plugin v27.5 - https:\/\/yoast.com\/product\/yoast-seo-wordpress\/ -->\n<title>\u00c4riklient | T-s\u00e4rgipood - Disaini oma T-s\u00e4rk<\/title>\n<meta name=\"description\" content=\"Telli firmale T-s\u00e4rgid, kruusid ja muud tr\u00fckitooted logoga \u2013 kiirelt, kvaliteetselt ja ilma miinimumkoguseta. Sobib kingitusteks.\" \/>\n<meta name=\"robots\" content=\"index, follow, max-snippet:-1, max-image-preview:large, max-video-preview:-1\" \/>\n<link rel=\"canonical\" href=\"https:\/\/tsargipood.ee\/en\/ariklient\/\" \/>\n<meta property=\"og:locale\" content=\"en_GB\" \/>\n<meta property=\"og:type\" content=\"article\" \/>\n<meta property=\"og:title\" content=\"\u00c4riklient | T-s\u00e4rgipood - Disaini oma T-s\u00e4rk\" \/>\n<meta property=\"og:description\" content=\"Telli firmale T-s\u00e4rgid, kruusid ja muud tr\u00fckitooted logoga \u2013 kiirelt, kvaliteetselt ja ilma miinimumkoguseta. Sobib kingitusteks.\" \/>\n<meta property=\"og:url\" content=\"https:\/\/tsargipood.ee\/en\/ariklient\/\" \/>\n<meta property=\"og:site_name\" content=\"T-s\u00e4rgipood - Disaini oma T-s\u00e4rk\" \/>\n<meta property=\"article:publisher\" content=\"https:\/\/www.facebook.com\/profile.php?id=100090772812912\" \/>\n<meta property=\"article:modified_time\" content=\"2026-03-20T10:15:24+00:00\" \/>\n<meta name=\"twitter:card\" content=\"summary_large_image\" \/>\n<meta name=\"twitter:label1\" content=\"Estimated reading time\" \/>\n\t<meta name=\"twitter:data1\" content=\"1 minute\" \/>\n<script type=\"application\/ld+json\" class=\"yoast-schema-graph\">{\"@context\":\"https:\\\/\\\/schema.org\",\"@graph\":[{\"@type\":\"WebPage\",\"@id\":\"https:\\\/\\\/tsargipood.ee\\\/ariklient\\\/\",\"url\":\"https:\\\/\\\/tsargipood.ee\\\/ariklient\\\/\",\"name\":\"\u00c4riklient | T-s\u00e4rgipood - Disaini oma T-s\u00e4rk\",\"isPartOf\":{\"@id\":\"https:\\\/\\\/tsargipood.ee\\\/#website\"},\"datePublished\":\"2025-06-19T09:43:18+00:00\",\"dateModified\":\"2026-03-20T10:15:24+00:00\",\"description\":\"Telli firmale T-s\u00e4rgid, kruusid ja muud tr\u00fckitooted logoga \u2013 kiirelt, kvaliteetselt ja ilma miinimumkoguseta. Sobib kingitusteks.\",\"breadcrumb\":{\"@id\":\"https:\\\/\\\/tsargipood.ee\\\/ariklient\\\/#breadcrumb\"},\"inLanguage\":\"en-GB\",\"potentialAction\":[{\"@type\":\"ReadAction\",\"target\":[\"https:\\\/\\\/tsargipood.ee\\\/ariklient\\\/\"]}]},{\"@type\":\"BreadcrumbList\",\"@id\":\"https:\\\/\\\/tsargipood.ee\\\/ariklient\\\/#breadcrumb\",\"itemListElement\":[{\"@type\":\"ListItem\",\"position\":1,\"name\":\"Home\",\"item\":\"https:\\\/\\\/tsargipood.ee\\\/\"},{\"@type\":\"ListItem\",\"position\":2,\"name\":\"\u00c4riklient\"}]},{\"@type\":\"WebSite\",\"@id\":\"https:\\\/\\\/tsargipood.ee\\\/#website\",\"url\":\"https:\\\/\\\/tsargipood.ee\\\/\",\"name\":\"T-s\u00e4rgipood - Disaini oma T-s\u00e4rk\",\"description\":\"Kujunda oma t-s\u00e4rk\",\"publisher\":{\"@id\":\"https:\\\/\\\/tsargipood.ee\\\/#organization\"},\"alternateName\":\"T-s\u00e4rgipood\",\"potentialAction\":[{\"@type\":\"SearchAction\",\"target\":{\"@type\":\"EntryPoint\",\"urlTemplate\":\"https:\\\/\\\/tsargipood.ee\\\/?s={search_term_string}\"},\"query-input\":{\"@type\":\"PropertyValueSpecification\",\"valueRequired\":true,\"valueName\":\"search_term_string\"}}],\"inLanguage\":\"en-GB\"},{\"@type\":\"Organization\",\"@id\":\"https:\\\/\\\/tsargipood.ee\\\/#organization\",\"name\":\"T-S\u00e4rgipood\",\"alternateName\":\"Disaini oma t-s\u00e4rk\",\"url\":\"https:\\\/\\\/tsargipood.ee\\\/\",\"logo\":{\"@type\":\"ImageObject\",\"inLanguage\":\"en-GB\",\"@id\":\"https:\\\/\\\/tsargipood.ee\\\/#\\\/schema\\\/logo\\\/image\\\/\",\"url\":\"https:\\\/\\\/tsargipood.ee\\\/wp-content\\\/uploads\\\/2023\\\/06\\\/T-sargipood-logo-1.png\",\"contentUrl\":\"https:\\\/\\\/tsargipood.ee\\\/wp-content\\\/uploads\\\/2023\\\/06\\\/T-sargipood-logo-1.png\",\"width\":540,\"height\":540,\"caption\":\"T-S\u00e4rgipood\"},\"image\":{\"@id\":\"https:\\\/\\\/tsargipood.ee\\\/#\\\/schema\\\/logo\\\/image\\\/\"},\"sameAs\":[\"https:\\\/\\\/www.facebook.com\\\/profile.php?id=100090772812912\",\"https:\\\/\\\/www.instagram.com\\\/tsargipood\\\/\"]}]}<\/script>\n<!-- \/ Yoast SEO plugin. -->","yoast_head_json":{"title":"\u00c4riklient | T-s\u00e4rgipood - Disaini oma T-s\u00e4rk","description":"Telli firmale T-s\u00e4rgid, kruusid ja muud tr\u00fckitooted logoga \u2013 kiirelt, kvaliteetselt ja ilma miinimumkoguseta. Sobib kingitusteks.","robots":{"index":"index","follow":"follow","max-snippet":"max-snippet:-1","max-image-preview":"max-image-preview:large","max-video-preview":"max-video-preview:-1"},"canonical":"https:\/\/tsargipood.ee\/en\/ariklient\/","og_locale":"en_GB","og_type":"article","og_title":"\u00c4riklient | T-s\u00e4rgipood - Disaini oma T-s\u00e4rk","og_description":"Telli firmale T-s\u00e4rgid, kruusid ja muud tr\u00fckitooted logoga \u2013 kiirelt, kvaliteetselt ja ilma miinimumkoguseta. Sobib kingitusteks.","og_url":"https:\/\/tsargipood.ee\/en\/ariklient\/","og_site_name":"T-s\u00e4rgipood - Disaini oma T-s\u00e4rk","article_publisher":"https:\/\/www.facebook.com\/profile.php?id=100090772812912","article_modified_time":"2026-03-20T10:15:24+00:00","twitter_card":"summary_large_image","twitter_misc":{"Estimated reading time":"1 minute"},"schema":{"@context":"https:\/\/schema.org","@graph":[{"@type":"WebPage","@id":"https:\/\/tsargipood.ee\/ariklient\/","url":"https:\/\/tsargipood.ee\/ariklient\/","name":"\u00c4riklient | T-s\u00e4rgipood - Disaini oma T-s\u00e4rk","isPartOf":{"@id":"https:\/\/tsargipood.ee\/#website"},"datePublished":"2025-06-19T09:43:18+00:00","dateModified":"2026-03-20T10:15:24+00:00","description":"Telli firmale T-s\u00e4rgid, kruusid ja muud tr\u00fckitooted logoga \u2013 kiirelt, kvaliteetselt ja ilma miinimumkoguseta. Sobib kingitusteks.","breadcrumb":{"@id":"https:\/\/tsargipood.ee\/ariklient\/#breadcrumb"},"inLanguage":"en-GB","potentialAction":[{"@type":"ReadAction","target":["https:\/\/tsargipood.ee\/ariklient\/"]}]},{"@type":"BreadcrumbList","@id":"https:\/\/tsargipood.ee\/ariklient\/#breadcrumb","itemListElement":[{"@type":"ListItem","position":1,"name":"Home","item":"https:\/\/tsargipood.ee\/"},{"@type":"ListItem","position":2,"name":"\u00c4riklient"}]},{"@type":"WebSite","@id":"https:\/\/tsargipood.ee\/#website","url":"https:\/\/tsargipood.ee\/","name":"T-shirt shop - Design your own T-shirt","description":"Design your own t-shirt","publisher":{"@id":"https:\/\/tsargipood.ee\/#organization"},"alternateName":"T-s\u00e4rgipood","potentialAction":[{"@type":"SearchAction","target":{"@type":"EntryPoint","urlTemplate":"https:\/\/tsargipood.ee\/?s={search_term_string}"},"query-input":{"@type":"PropertyValueSpecification","valueRequired":true,"valueName":"search_term_string"}}],"inLanguage":"en-GB"},{"@type":"Organization","@id":"https:\/\/tsargipood.ee\/#organization","name":"T-S\u00e4rgipood","alternateName":"Disaini oma t-s\u00e4rk","url":"https:\/\/tsargipood.ee\/","logo":{"@type":"ImageObject","inLanguage":"en-GB","@id":"https:\/\/tsargipood.ee\/#\/schema\/logo\/image\/","url":"https:\/\/tsargipood.ee\/wp-content\/uploads\/2023\/06\/T-sargipood-logo-1.png","contentUrl":"https:\/\/tsargipood.ee\/wp-content\/uploads\/2023\/06\/T-sargipood-logo-1.png","width":540,"height":540,"caption":"T-S\u00e4rgipood"},"image":{"@id":"https:\/\/tsargipood.ee\/#\/schema\/logo\/image\/"},"sameAs":["https:\/\/www.facebook.com\/profile.php?id=100090772812912","https:\/\/www.instagram.com\/tsargipood\/"]}]}},"_links":{"self":[{"href":"https:\/\/tsargipood.ee\/en\/wp-json\/wp\/v2\/pages\/16333","targetHints":{"allow":["GET"]}}],"collection":[{"href":"https:\/\/tsargipood.ee\/en\/wp-json\/wp\/v2\/pages"}],"about":[{"href":"https:\/\/tsargipood.ee\/en\/wp-json\/wp\/v2\/types\/page"}],"author":[{"embeddable":true,"href":"https:\/\/tsargipood.ee\/en\/wp-json\/wp\/v2\/users\/1"}],"replies":[{"embeddable":true,"href":"https:\/\/tsargipood.ee\/en\/wp-json\/wp\/v2\/comments?post=16333"}],"version-history":[{"count":0,"href":"https:\/\/tsargipood.ee\/en\/wp-json\/wp\/v2\/pages\/16333\/revisions"}],"wp:attachment":[{"href":"https:\/\/tsargipood.ee\/en\/wp-json\/wp\/v2\/media?parent=16333"}],"curies":[{"name":"wp","href":"https:\/\/api.w.org\/{rel}","templated":true}]}}