{"id":6231,"date":"2023-07-22T10:44:59","date_gmt":"2023-07-22T10:44:59","guid":{"rendered":"https:\/\/tsargipood.ee\/?page_id=6231"},"modified":"2026-02-20T15:13:25","modified_gmt":"2026-02-20T15:13:25","slug":"garantii-ja-pretensiooni-esitamine","status":"publish","type":"page","link":"https:\/\/tsargipood.ee\/en\/garantii-ja-pretensiooni-esitamine\/","title":{"rendered":"Warranty and claim submission"},"content":{"rendered":"<div data-elementor-type=\"wp-page\" data-elementor-id=\"6231\" class=\"elementor elementor-6231\" data-elementor-post-type=\"page\">\n\t\t\t\t<div class=\"elementor-element elementor-element-62354e47 e-flex e-con-boxed e-con e-parent\" data-id=\"62354e47\" data-element_type=\"container\" data-e-type=\"container\" data-settings=\"{&quot;background_background&quot;:&quot;classic&quot;}\">\n\t\t\t\t\t<div class=\"e-con-inner\">\n\t\t\t\t<div class=\"elementor-element elementor-element-1e2818c elementor-widget elementor-widget-heading\" data-id=\"1e2818c\" data-element_type=\"widget\" data-e-type=\"widget\" data-widget_type=\"heading.default\">\n\t\t\t\t<div class=\"elementor-widget-container\">\n\t\t\t\t\t<h1 class=\"elementor-heading-title elementor-size-default\">For your information<\/h1>\t\t\t\t<\/div>\n\t\t\t\t<\/div>\n\t\t\t\t<div class=\"elementor-element elementor-element-6bff1dc elementor-widget elementor-widget-text-editor\" data-id=\"6bff1dc\" data-element_type=\"widget\" data-e-type=\"widget\" data-widget_type=\"text-editor.default\">\n\t\t\t\t<div class=\"elementor-widget-container\">\n\t\t\t\t\t\t\t\t\t<h4>Sinu soovidest inspireeritud<\/h4>\t\t\t\t\t\t\t\t<\/div>\n\t\t\t\t<\/div>\n\t\t\t\t\t<\/div>\n\t\t\t\t<\/div>\n\t\t<div class=\"elementor-element elementor-element-5a7c022 e-flex e-con-boxed e-con e-parent\" data-id=\"5a7c022\" data-element_type=\"container\" data-e-type=\"container\">\n\t\t\t\t\t<div class=\"e-con-inner\">\n\t\t<div class=\"elementor-element elementor-element-b858aa0 e-con-full e-flex e-con e-child\" data-id=\"b858aa0\" data-element_type=\"container\" data-e-type=\"container\">\n\t\t\t\t<div class=\"elementor-element elementor-element-06f9bf0 elementor-widget elementor-widget-text-editor\" data-id=\"06f9bf0\" data-element_type=\"widget\" data-e-type=\"widget\" data-widget_type=\"text-editor.default\">\n\t\t\t\t<div class=\"elementor-widget-container\">\n\t\t\t\t\t\t\t\t\t<p>For your information<\/p><p>Warranty and filing a claim<\/p><p>The right to file a complaint is valid for 2 years<br \/>The consumer has the right to turn to the trader in the event of a defect in the goods within two years after making the purchase. If it turns out that the item has a manufacturing defect, the item must be repaired or replaced by the trader. If the repair fails and replacement is not possible, the consumer has the right to withdraw from the contract, i.e. return the product and get a refund. Upon agreement with the consumer, the amount can also be reimbursed in gift cards.<\/p><p>Complaints can be submitted both verbally and in writing<br \/>The consumer can submit a complaint to the trader in a free form either by himself or through a representative. The first appeal can be made verbally by the consumer, but if the service provider cannot\/doesn&#039;t\/can&#039;t decide such issues himself, he can ask for a complaint in written form.<\/p><p>The complaint should state<\/p><p>name and contact details of the consumer,<br \/>the date of filing the complaint,<br \/>lack of goods or services,<br \/>the claim presented to the trader, i.e. what solution the consumer expects.<br \/>The complaint should also include a copy of the document proving the purchase, which can be a check, invoice, bank statement or other document that shows the time of the transaction and the parties involved. A written complaint must be answered within 15 days.<\/p><p>In the first 6 months, the trader must pay for the certification<br \/>According to the law, a shortage in the first six months is considered a manufacturing defect. If the trader does not agree with this, he must prove the opposite and also explain this to the consumer. In order to fulfill the obligation of proof, the sentence: &quot;a manufacturing defect was not identified&quot; or &quot;the errors that occurred are among operational defects&quot;. The costs of verification in the first six months are borne by the trader. Later, the costs of proof must be borne by the culprit, i.e., in the case of a manufacturing defect, the trader, in the case of defects due to incorrect use, the consumer.<\/p><p>The right to file a complaint and the guarantee are different concepts<br \/>The right to file a complaint described above is often confused with a warranty. However, &quot;right to file a complaint&quot; and &quot;guarantee&quot; are completely different concepts. The right to file a complaint comes from the law and protects the consumer in any case. Warranties are offered voluntarily by manufacturers and traders. More detailed information on the difference between a guarantee and the right to file a claim can be found on the website of the Consumer Protection Board:<\/p><p>https:\/\/www.ttja.ee\/eraklient\/tarbija-oigused\/tarbija-oigused-ja-kohustused\/puudusega-toode-muugigarantii<\/p><p>If the goods have a warranty, the buyer must be informed about it and also be introduced to the terms of the guarantee, if the buyer wishes, the terms of the guarantee must also be given to him in writing.<\/p><p>The consumer has the right to address disputes to the Consumer Disputes Commission - address: Pronksi 12, Tallinn 10117; phone: 3201 920; e-mail: application@komisjon.ee; additional information about the Consumer Disputes Commission: www.komisjon.ee.<\/p>\t\t\t\t\t\t\t\t<\/div>\n\t\t\t\t<\/div>\n\t\t\t\t<\/div>\n\t\t\t\t\t<\/div>\n\t\t\t\t<\/div>\n\t\t\t\t<\/div>","protected":false},"excerpt":{"rendered":"<p>Infoks Sinu soovidest inspireeritud Infoks Garantii ja pretensiooni esitaminea Kaebuse esitamise \u00f5igus kehtib 2 aastatTarbijal on \u00f5igus p\u00f6\u00f6rduda kauba puuduse ilmnemisel kaupleja poole kahe aasta jooksul p\u00e4rast ostu sooritamist. Kui selgub, et kaubal on tootmisdefekt, tuleb asi kauplejal parandada v\u00f5i asendada. Kui parandamine eba\u00f5nnestub ja asendamine pole v\u00f5imalik, on tarbijal \u00f5igus lepingust taganeda ehk toode [&hellip;]<\/p>\n","protected":false},"author":1,"featured_media":0,"parent":0,"menu_order":0,"comment_status":"closed","ping_status":"closed","template":"","meta":{"googlesitekit_rrm_CAow0ZS_DA:productID":"","footnotes":""},"class_list":["post-6231","page","type-page","status-publish","hentry","fpd-variation-needed"],"yoast_head":"<!-- This site is optimized with the Yoast SEO plugin v27.5 - https:\/\/yoast.com\/product\/yoast-seo-wordpress\/ -->\n<title>Garantii ja pretensiooni esitamine | T-s\u00e4rgipood - Disaini oma T-s\u00e4rk<\/title>\n<meta name=\"robots\" content=\"index, follow, max-snippet:-1, max-image-preview:large, max-video-preview:-1\" \/>\n<link rel=\"canonical\" href=\"https:\/\/tsargipood.ee\/en\/garantii-ja-pretensiooni-esitamine\/\" \/>\n<meta property=\"og:locale\" content=\"en_GB\" \/>\n<meta property=\"og:type\" content=\"article\" \/>\n<meta property=\"og:title\" content=\"Garantii ja pretensiooni esitamine | T-s\u00e4rgipood - Disaini oma T-s\u00e4rk\" \/>\n<meta property=\"og:description\" content=\"Infoks Sinu soovidest inspireeritud Infoks Garantii ja pretensiooni esitaminea Kaebuse esitamise \u00f5igus kehtib 2 aastatTarbijal on \u00f5igus p\u00f6\u00f6rduda kauba puuduse ilmnemisel kaupleja poole kahe aasta jooksul p\u00e4rast ostu sooritamist. Kui selgub, et kaubal on tootmisdefekt, tuleb asi kauplejal parandada v\u00f5i asendada. Kui parandamine eba\u00f5nnestub ja asendamine pole v\u00f5imalik, on tarbijal \u00f5igus lepingust taganeda ehk toode [&hellip;]\" \/>\n<meta property=\"og:url\" content=\"https:\/\/tsargipood.ee\/en\/garantii-ja-pretensiooni-esitamine\/\" \/>\n<meta property=\"og:site_name\" content=\"T-s\u00e4rgipood - Disaini oma T-s\u00e4rk\" \/>\n<meta property=\"article:publisher\" content=\"https:\/\/www.facebook.com\/profile.php?id=100090772812912\" \/>\n<meta property=\"article:modified_time\" content=\"2026-02-20T15:13:25+00:00\" \/>\n<meta name=\"twitter:card\" content=\"summary_large_image\" \/>\n<meta name=\"twitter:label1\" content=\"Estimated reading time\" \/>\n\t<meta name=\"twitter:data1\" content=\"2 minutes\" \/>\n<script type=\"application\/ld+json\" class=\"yoast-schema-graph\">{\"@context\":\"https:\\\/\\\/schema.org\",\"@graph\":[{\"@type\":\"WebPage\",\"@id\":\"https:\\\/\\\/tsargipood.ee\\\/garantii-ja-pretensiooni-esitamine\\\/\",\"url\":\"https:\\\/\\\/tsargipood.ee\\\/garantii-ja-pretensiooni-esitamine\\\/\",\"name\":\"Garantii ja pretensiooni esitamine | T-s\u00e4rgipood - Disaini oma T-s\u00e4rk\",\"isPartOf\":{\"@id\":\"https:\\\/\\\/tsargipood.ee\\\/#website\"},\"datePublished\":\"2023-07-22T10:44:59+00:00\",\"dateModified\":\"2026-02-20T15:13:25+00:00\",\"breadcrumb\":{\"@id\":\"https:\\\/\\\/tsargipood.ee\\\/garantii-ja-pretensiooni-esitamine\\\/#breadcrumb\"},\"inLanguage\":\"en-GB\",\"potentialAction\":[{\"@type\":\"ReadAction\",\"target\":[\"https:\\\/\\\/tsargipood.ee\\\/garantii-ja-pretensiooni-esitamine\\\/\"]}]},{\"@type\":\"BreadcrumbList\",\"@id\":\"https:\\\/\\\/tsargipood.ee\\\/garantii-ja-pretensiooni-esitamine\\\/#breadcrumb\",\"itemListElement\":[{\"@type\":\"ListItem\",\"position\":1,\"name\":\"Home\",\"item\":\"https:\\\/\\\/tsargipood.ee\\\/\"},{\"@type\":\"ListItem\",\"position\":2,\"name\":\"Garantii ja pretensiooni esitamine\"}]},{\"@type\":\"WebSite\",\"@id\":\"https:\\\/\\\/tsargipood.ee\\\/#website\",\"url\":\"https:\\\/\\\/tsargipood.ee\\\/\",\"name\":\"T-s\u00e4rgipood - Disaini oma T-s\u00e4rk\",\"description\":\"Kujunda oma t-s\u00e4rk\",\"publisher\":{\"@id\":\"https:\\\/\\\/tsargipood.ee\\\/#organization\"},\"alternateName\":\"T-s\u00e4rgipood\",\"potentialAction\":[{\"@type\":\"SearchAction\",\"target\":{\"@type\":\"EntryPoint\",\"urlTemplate\":\"https:\\\/\\\/tsargipood.ee\\\/?s={search_term_string}\"},\"query-input\":{\"@type\":\"PropertyValueSpecification\",\"valueRequired\":true,\"valueName\":\"search_term_string\"}}],\"inLanguage\":\"en-GB\"},{\"@type\":\"Organization\",\"@id\":\"https:\\\/\\\/tsargipood.ee\\\/#organization\",\"name\":\"T-S\u00e4rgipood\",\"alternateName\":\"Disaini oma t-s\u00e4rk\",\"url\":\"https:\\\/\\\/tsargipood.ee\\\/\",\"logo\":{\"@type\":\"ImageObject\",\"inLanguage\":\"en-GB\",\"@id\":\"https:\\\/\\\/tsargipood.ee\\\/#\\\/schema\\\/logo\\\/image\\\/\",\"url\":\"https:\\\/\\\/tsargipood.ee\\\/wp-content\\\/uploads\\\/2023\\\/06\\\/T-sargipood-logo-1.png\",\"contentUrl\":\"https:\\\/\\\/tsargipood.ee\\\/wp-content\\\/uploads\\\/2023\\\/06\\\/T-sargipood-logo-1.png\",\"width\":540,\"height\":540,\"caption\":\"T-S\u00e4rgipood\"},\"image\":{\"@id\":\"https:\\\/\\\/tsargipood.ee\\\/#\\\/schema\\\/logo\\\/image\\\/\"},\"sameAs\":[\"https:\\\/\\\/www.facebook.com\\\/profile.php?id=100090772812912\",\"https:\\\/\\\/www.instagram.com\\\/tsargipood\\\/\"]}]}<\/script>\n<!-- \/ Yoast SEO plugin. -->","yoast_head_json":{"title":"Garantii ja pretensiooni esitamine | T-s\u00e4rgipood - Disaini oma T-s\u00e4rk","robots":{"index":"index","follow":"follow","max-snippet":"max-snippet:-1","max-image-preview":"max-image-preview:large","max-video-preview":"max-video-preview:-1"},"canonical":"https:\/\/tsargipood.ee\/en\/garantii-ja-pretensiooni-esitamine\/","og_locale":"en_GB","og_type":"article","og_title":"Garantii ja pretensiooni esitamine | T-s\u00e4rgipood - Disaini oma T-s\u00e4rk","og_description":"Infoks Sinu soovidest inspireeritud Infoks Garantii ja pretensiooni esitaminea Kaebuse esitamise \u00f5igus kehtib 2 aastatTarbijal on \u00f5igus p\u00f6\u00f6rduda kauba puuduse ilmnemisel kaupleja poole kahe aasta jooksul p\u00e4rast ostu sooritamist. Kui selgub, et kaubal on tootmisdefekt, tuleb asi kauplejal parandada v\u00f5i asendada. Kui parandamine eba\u00f5nnestub ja asendamine pole v\u00f5imalik, on tarbijal \u00f5igus lepingust taganeda ehk toode [&hellip;]","og_url":"https:\/\/tsargipood.ee\/en\/garantii-ja-pretensiooni-esitamine\/","og_site_name":"T-s\u00e4rgipood - Disaini oma T-s\u00e4rk","article_publisher":"https:\/\/www.facebook.com\/profile.php?id=100090772812912","article_modified_time":"2026-02-20T15:13:25+00:00","twitter_card":"summary_large_image","twitter_misc":{"Estimated reading time":"2 minutes"},"schema":{"@context":"https:\/\/schema.org","@graph":[{"@type":"WebPage","@id":"https:\/\/tsargipood.ee\/garantii-ja-pretensiooni-esitamine\/","url":"https:\/\/tsargipood.ee\/garantii-ja-pretensiooni-esitamine\/","name":"Garantii ja pretensiooni esitamine | T-s\u00e4rgipood - Disaini oma T-s\u00e4rk","isPartOf":{"@id":"https:\/\/tsargipood.ee\/#website"},"datePublished":"2023-07-22T10:44:59+00:00","dateModified":"2026-02-20T15:13:25+00:00","breadcrumb":{"@id":"https:\/\/tsargipood.ee\/garantii-ja-pretensiooni-esitamine\/#breadcrumb"},"inLanguage":"en-GB","potentialAction":[{"@type":"ReadAction","target":["https:\/\/tsargipood.ee\/garantii-ja-pretensiooni-esitamine\/"]}]},{"@type":"BreadcrumbList","@id":"https:\/\/tsargipood.ee\/garantii-ja-pretensiooni-esitamine\/#breadcrumb","itemListElement":[{"@type":"ListItem","position":1,"name":"Home","item":"https:\/\/tsargipood.ee\/"},{"@type":"ListItem","position":2,"name":"Garantii ja pretensiooni esitamine"}]},{"@type":"WebSite","@id":"https:\/\/tsargipood.ee\/#website","url":"https:\/\/tsargipood.ee\/","name":"T-shirt shop - Design your own T-shirt","description":"Design your own t-shirt","publisher":{"@id":"https:\/\/tsargipood.ee\/#organization"},"alternateName":"T-s\u00e4rgipood","potentialAction":[{"@type":"SearchAction","target":{"@type":"EntryPoint","urlTemplate":"https:\/\/tsargipood.ee\/?s={search_term_string}"},"query-input":{"@type":"PropertyValueSpecification","valueRequired":true,"valueName":"search_term_string"}}],"inLanguage":"en-GB"},{"@type":"Organization","@id":"https:\/\/tsargipood.ee\/#organization","name":"T-S\u00e4rgipood","alternateName":"Disaini oma t-s\u00e4rk","url":"https:\/\/tsargipood.ee\/","logo":{"@type":"ImageObject","inLanguage":"en-GB","@id":"https:\/\/tsargipood.ee\/#\/schema\/logo\/image\/","url":"https:\/\/tsargipood.ee\/wp-content\/uploads\/2023\/06\/T-sargipood-logo-1.png","contentUrl":"https:\/\/tsargipood.ee\/wp-content\/uploads\/2023\/06\/T-sargipood-logo-1.png","width":540,"height":540,"caption":"T-S\u00e4rgipood"},"image":{"@id":"https:\/\/tsargipood.ee\/#\/schema\/logo\/image\/"},"sameAs":["https:\/\/www.facebook.com\/profile.php?id=100090772812912","https:\/\/www.instagram.com\/tsargipood\/"]}]}},"_links":{"self":[{"href":"https:\/\/tsargipood.ee\/en\/wp-json\/wp\/v2\/pages\/6231","targetHints":{"allow":["GET"]}}],"collection":[{"href":"https:\/\/tsargipood.ee\/en\/wp-json\/wp\/v2\/pages"}],"about":[{"href":"https:\/\/tsargipood.ee\/en\/wp-json\/wp\/v2\/types\/page"}],"author":[{"embeddable":true,"href":"https:\/\/tsargipood.ee\/en\/wp-json\/wp\/v2\/users\/1"}],"replies":[{"embeddable":true,"href":"https:\/\/tsargipood.ee\/en\/wp-json\/wp\/v2\/comments?post=6231"}],"version-history":[{"count":0,"href":"https:\/\/tsargipood.ee\/en\/wp-json\/wp\/v2\/pages\/6231\/revisions"}],"wp:attachment":[{"href":"https:\/\/tsargipood.ee\/en\/wp-json\/wp\/v2\/media?parent=6231"}],"curies":[{"name":"wp","href":"https:\/\/api.w.org\/{rel}","templated":true}]}}