{"id":6234,"date":"2023-07-22T10:48:08","date_gmt":"2023-07-22T10:48:08","guid":{"rendered":"https:\/\/tsargipood.ee\/?page_id=6234"},"modified":"2026-02-20T15:18:03","modified_gmt":"2026-02-20T15:18:03","slug":"6234-2","status":"publish","type":"page","link":"https:\/\/tsargipood.ee\/en\/6234-2\/","title":{"rendered":"PRODUCT MAINTENANCE MANUAL"},"content":{"rendered":"<div data-elementor-type=\"wp-page\" data-elementor-id=\"6234\" class=\"elementor elementor-6234\" data-elementor-post-type=\"page\">\n\t\t\t\t<div class=\"elementor-element elementor-element-8749b1d e-flex e-con-boxed e-con e-parent\" data-id=\"8749b1d\" data-element_type=\"container\" data-e-type=\"container\" data-settings=\"{&quot;background_background&quot;:&quot;classic&quot;}\">\n\t\t\t\t\t<div class=\"e-con-inner\">\n\t\t\t\t<div class=\"elementor-element elementor-element-4046559a elementor-widget elementor-widget-heading\" data-id=\"4046559a\" data-element_type=\"widget\" data-e-type=\"widget\" data-widget_type=\"heading.default\">\n\t\t\t\t<div class=\"elementor-widget-container\">\n\t\t\t\t\t<h1 class=\"elementor-heading-title elementor-size-default\">Product care instructions<\/h1>\t\t\t\t<\/div>\n\t\t\t\t<\/div>\n\t\t\t\t<div class=\"elementor-element elementor-element-a0d380a elementor-widget elementor-widget-text-editor\" data-id=\"a0d380a\" data-element_type=\"widget\" data-e-type=\"widget\" data-widget_type=\"text-editor.default\">\n\t\t\t\t<div class=\"elementor-widget-container\">\n\t\t\t\t\t\t\t\t\t<h4>Sinu soovidest inspireeritud<\/h4>\t\t\t\t\t\t\t\t<\/div>\n\t\t\t\t<\/div>\n\t\t\t\t\t<\/div>\n\t\t\t\t<\/div>\n\t\t<div class=\"elementor-element elementor-element-32991ce e-flex e-con-boxed e-con e-parent\" data-id=\"32991ce\" data-element_type=\"container\" data-e-type=\"container\">\n\t\t\t\t\t<div class=\"e-con-inner\">\n\t\t<div class=\"elementor-element elementor-element-5f1b446 e-con-full e-flex e-con e-child\" data-id=\"5f1b446\" data-element_type=\"container\" data-e-type=\"container\">\n\t\t\t\t<div class=\"elementor-element elementor-element-b72b3ec elementor-widget elementor-widget-text-editor\" data-id=\"b72b3ec\" data-element_type=\"widget\" data-e-type=\"widget\" data-widget_type=\"text-editor.default\">\n\t\t\t\t<div class=\"elementor-widget-container\">\n\t\t\t\t\t\t\t\t\t<div class=\"section-header\"><p class=\"section-header--title\"><strong><img decoding=\"async\" style=\"font-size: 16px;\" src=\"https:\/\/cdn.shopify.com\/s\/files\/1\/0496\/3119\/9395\/files\/5_480x480.png?v=1670570424\" alt=\"\" width=\"17\" height=\"11\" \/><\/strong><span style=\"font-size: 16px;\"> &#8211; Pesta pahempidi p\u00f6\u00f6ratult k\u00e4sitsi v\u00f5i masinas kuni 30-40 kraadises vees vastavalt toote infole;<\/span><\/p><p><img decoding=\"async\" style=\"font-size: 16px;\" src=\"https:\/\/cdn.shopify.com\/s\/files\/1\/0496\/3119\/9395\/files\/2_57df1127-8956-4289-941c-a6dc9d377b00_480x480.png?v=1670570499\" alt=\"\" width=\"16\" height=\"13\" \/><span style=\"font-size: 16px;\">\u00a0\u2013 Dry cleaning prohibited.<\/span><\/p><\/div><p class=\"rte\"><img decoding=\"async\" src=\"https:\/\/cdn.shopify.com\/s\/files\/1\/0496\/3119\/9395\/files\/1_5fb6cacc-87ac-45d8-81b4-d756b82263a1_480x480.png?v=1670570456\" alt=\"\" width=\"17\" height=\"16\" \/>\u00a0\u2013 Ironing is prohibited. If necessary, iron only from the wrong side;<\/p><p><img loading=\"lazy\" decoding=\"async\" src=\"https:\/\/cdn.shopify.com\/s\/files\/1\/0496\/3119\/9395\/files\/3_e70cbbe7-04fe-437f-be0b-1e1a86e62892_480x480.png?v=1670570477\" alt=\"\" width=\"15\" height=\"18\" \/> \u2013 Bleaching prohibited;<\/p><p><img loading=\"lazy\" decoding=\"async\" src=\"https:\/\/cdn.shopify.com\/s\/files\/1\/0496\/3119\/9395\/files\/4_480x480.png?v=1670570353\" alt=\"\" width=\"17\" height=\"15\" \/>\u00a0\u2013 Tumble drying prohibited;<\/p>\t\t\t\t\t\t\t\t<\/div>\n\t\t\t\t<\/div>\n\t\t\t\t<\/div>\n\t\t\t\t\t<\/div>\n\t\t\t\t<\/div>\n\t\t\t\t<\/div>","protected":false},"excerpt":{"rendered":"<p>Toodete hooldusjuhis Sinu soovidest inspireeritud &#8211; Pesta pahempidi p\u00f6\u00f6ratult k\u00e4sitsi v\u00f5i masinas kuni 30-40 kraadises vees vastavalt toote infole; \u00a0&#8211; Keemiline puhastus keelatud. \u00a0&#8211;\u00a0Triikimine keelatud. Vajadusel triikida vaid pahemalt poolt; &#8211; Valgendamine keelatud; \u00a0&#8211; Trummelkuivatus keelatud;<\/p>","protected":false},"author":1,"featured_media":0,"parent":0,"menu_order":0,"comment_status":"closed","ping_status":"closed","template":"","meta":{"googlesitekit_rrm_CAow0ZS_DA:productID":"","footnotes":""},"class_list":["post-6234","page","type-page","status-publish","hentry","fpd-variation-needed"],"yoast_head":"<!-- This site is optimized with the Yoast SEO plugin v27.5 - https:\/\/yoast.com\/product\/yoast-seo-wordpress\/ -->\n<title>TOODETE HOOLDUSJUHIS | T-s\u00e4rgipood - Disaini oma T-s\u00e4rk<\/title>\n<meta name=\"robots\" content=\"index, follow, max-snippet:-1, max-image-preview:large, max-video-preview:-1\" \/>\n<link rel=\"canonical\" href=\"https:\/\/tsargipood.ee\/en\/6234-2\/\" \/>\n<meta property=\"og:locale\" content=\"en_GB\" \/>\n<meta property=\"og:type\" content=\"article\" \/>\n<meta property=\"og:title\" content=\"TOODETE HOOLDUSJUHIS | T-s\u00e4rgipood - Disaini oma T-s\u00e4rk\" \/>\n<meta property=\"og:description\" content=\"Toodete hooldusjuhis Sinu soovidest inspireeritud &#8211; Pesta pahempidi p\u00f6\u00f6ratult k\u00e4sitsi v\u00f5i masinas kuni 30-40 kraadises vees vastavalt toote infole; \u00a0&#8211; Keemiline puhastus keelatud. \u00a0&#8211;\u00a0Triikimine keelatud. Vajadusel triikida vaid pahemalt poolt; &#8211; Valgendamine keelatud; \u00a0&#8211; Trummelkuivatus keelatud;\" \/>\n<meta property=\"og:url\" content=\"https:\/\/tsargipood.ee\/en\/6234-2\/\" \/>\n<meta property=\"og:site_name\" content=\"T-s\u00e4rgipood - Disaini oma T-s\u00e4rk\" \/>\n<meta property=\"article:publisher\" content=\"https:\/\/www.facebook.com\/profile.php?id=100090772812912\" \/>\n<meta property=\"article:modified_time\" content=\"2026-02-20T15:18:03+00:00\" \/>\n<meta property=\"og:image\" content=\"https:\/\/cdn.shopify.com\/s\/files\/1\/0496\/3119\/9395\/files\/5_480x480.png?v=1670570424\" \/>\n<meta name=\"twitter:card\" content=\"summary_large_image\" \/>\n<meta name=\"twitter:label1\" content=\"Estimated reading time\" \/>\n\t<meta name=\"twitter:data1\" content=\"2 minutes\" \/>\n<script type=\"application\/ld+json\" class=\"yoast-schema-graph\">{\"@context\":\"https:\\\/\\\/schema.org\",\"@graph\":[{\"@type\":\"WebPage\",\"@id\":\"https:\\\/\\\/tsargipood.ee\\\/6234-2\\\/\",\"url\":\"https:\\\/\\\/tsargipood.ee\\\/6234-2\\\/\",\"name\":\"TOODETE HOOLDUSJUHIS | T-s\u00e4rgipood - Disaini oma T-s\u00e4rk\",\"isPartOf\":{\"@id\":\"https:\\\/\\\/tsargipood.ee\\\/#website\"},\"primaryImageOfPage\":{\"@id\":\"https:\\\/\\\/tsargipood.ee\\\/6234-2\\\/#primaryimage\"},\"image\":{\"@id\":\"https:\\\/\\\/tsargipood.ee\\\/6234-2\\\/#primaryimage\"},\"thumbnailUrl\":\"https:\\\/\\\/cdn.shopify.com\\\/s\\\/files\\\/1\\\/0496\\\/3119\\\/9395\\\/files\\\/5_480x480.png?v=1670570424\",\"datePublished\":\"2023-07-22T10:48:08+00:00\",\"dateModified\":\"2026-02-20T15:18:03+00:00\",\"breadcrumb\":{\"@id\":\"https:\\\/\\\/tsargipood.ee\\\/6234-2\\\/#breadcrumb\"},\"inLanguage\":\"en-GB\",\"potentialAction\":[{\"@type\":\"ReadAction\",\"target\":[\"https:\\\/\\\/tsargipood.ee\\\/6234-2\\\/\"]}]},{\"@type\":\"ImageObject\",\"inLanguage\":\"en-GB\",\"@id\":\"https:\\\/\\\/tsargipood.ee\\\/6234-2\\\/#primaryimage\",\"url\":\"https:\\\/\\\/cdn.shopify.com\\\/s\\\/files\\\/1\\\/0496\\\/3119\\\/9395\\\/files\\\/5_480x480.png?v=1670570424\",\"contentUrl\":\"https:\\\/\\\/cdn.shopify.com\\\/s\\\/files\\\/1\\\/0496\\\/3119\\\/9395\\\/files\\\/5_480x480.png?v=1670570424\"},{\"@type\":\"BreadcrumbList\",\"@id\":\"https:\\\/\\\/tsargipood.ee\\\/6234-2\\\/#breadcrumb\",\"itemListElement\":[{\"@type\":\"ListItem\",\"position\":1,\"name\":\"Home\",\"item\":\"https:\\\/\\\/tsargipood.ee\\\/\"},{\"@type\":\"ListItem\",\"position\":2,\"name\":\"TOODETE HOOLDUSJUHIS\"}]},{\"@type\":\"WebSite\",\"@id\":\"https:\\\/\\\/tsargipood.ee\\\/#website\",\"url\":\"https:\\\/\\\/tsargipood.ee\\\/\",\"name\":\"T-s\u00e4rgipood - Disaini oma T-s\u00e4rk\",\"description\":\"Kujunda oma t-s\u00e4rk\",\"publisher\":{\"@id\":\"https:\\\/\\\/tsargipood.ee\\\/#organization\"},\"alternateName\":\"T-s\u00e4rgipood\",\"potentialAction\":[{\"@type\":\"SearchAction\",\"target\":{\"@type\":\"EntryPoint\",\"urlTemplate\":\"https:\\\/\\\/tsargipood.ee\\\/?s={search_term_string}\"},\"query-input\":{\"@type\":\"PropertyValueSpecification\",\"valueRequired\":true,\"valueName\":\"search_term_string\"}}],\"inLanguage\":\"en-GB\"},{\"@type\":\"Organization\",\"@id\":\"https:\\\/\\\/tsargipood.ee\\\/#organization\",\"name\":\"T-S\u00e4rgipood\",\"alternateName\":\"Disaini oma t-s\u00e4rk\",\"url\":\"https:\\\/\\\/tsargipood.ee\\\/\",\"logo\":{\"@type\":\"ImageObject\",\"inLanguage\":\"en-GB\",\"@id\":\"https:\\\/\\\/tsargipood.ee\\\/#\\\/schema\\\/logo\\\/image\\\/\",\"url\":\"https:\\\/\\\/tsargipood.ee\\\/wp-content\\\/uploads\\\/2023\\\/06\\\/T-sargipood-logo-1.png\",\"contentUrl\":\"https:\\\/\\\/tsargipood.ee\\\/wp-content\\\/uploads\\\/2023\\\/06\\\/T-sargipood-logo-1.png\",\"width\":540,\"height\":540,\"caption\":\"T-S\u00e4rgipood\"},\"image\":{\"@id\":\"https:\\\/\\\/tsargipood.ee\\\/#\\\/schema\\\/logo\\\/image\\\/\"},\"sameAs\":[\"https:\\\/\\\/www.facebook.com\\\/profile.php?id=100090772812912\",\"https:\\\/\\\/www.instagram.com\\\/tsargipood\\\/\"]}]}<\/script>\n<!-- \/ Yoast SEO plugin. -->","yoast_head_json":{"title":"TOODETE HOOLDUSJUHIS | T-s\u00e4rgipood - Disaini oma T-s\u00e4rk","robots":{"index":"index","follow":"follow","max-snippet":"max-snippet:-1","max-image-preview":"max-image-preview:large","max-video-preview":"max-video-preview:-1"},"canonical":"https:\/\/tsargipood.ee\/en\/6234-2\/","og_locale":"en_GB","og_type":"article","og_title":"TOODETE HOOLDUSJUHIS | T-s\u00e4rgipood - Disaini oma T-s\u00e4rk","og_description":"Toodete hooldusjuhis Sinu soovidest inspireeritud &#8211; Pesta pahempidi p\u00f6\u00f6ratult k\u00e4sitsi v\u00f5i masinas kuni 30-40 kraadises vees vastavalt toote infole; \u00a0&#8211; Keemiline puhastus keelatud. \u00a0&#8211;\u00a0Triikimine keelatud. Vajadusel triikida vaid pahemalt poolt; &#8211; Valgendamine keelatud; \u00a0&#8211; Trummelkuivatus keelatud;","og_url":"https:\/\/tsargipood.ee\/en\/6234-2\/","og_site_name":"T-s\u00e4rgipood - Disaini oma T-s\u00e4rk","article_publisher":"https:\/\/www.facebook.com\/profile.php?id=100090772812912","article_modified_time":"2026-02-20T15:18:03+00:00","og_image":[{"url":"https:\/\/cdn.shopify.com\/s\/files\/1\/0496\/3119\/9395\/files\/5_480x480.png?v=1670570424","type":"","width":"","height":""}],"twitter_card":"summary_large_image","twitter_misc":{"Estimated reading time":"2 minutes"},"schema":{"@context":"https:\/\/schema.org","@graph":[{"@type":"WebPage","@id":"https:\/\/tsargipood.ee\/6234-2\/","url":"https:\/\/tsargipood.ee\/6234-2\/","name":"TOODETE HOOLDUSJUHIS | T-s\u00e4rgipood - Disaini oma T-s\u00e4rk","isPartOf":{"@id":"https:\/\/tsargipood.ee\/#website"},"primaryImageOfPage":{"@id":"https:\/\/tsargipood.ee\/6234-2\/#primaryimage"},"image":{"@id":"https:\/\/tsargipood.ee\/6234-2\/#primaryimage"},"thumbnailUrl":"https:\/\/cdn.shopify.com\/s\/files\/1\/0496\/3119\/9395\/files\/5_480x480.png?v=1670570424","datePublished":"2023-07-22T10:48:08+00:00","dateModified":"2026-02-20T15:18:03+00:00","breadcrumb":{"@id":"https:\/\/tsargipood.ee\/6234-2\/#breadcrumb"},"inLanguage":"en-GB","potentialAction":[{"@type":"ReadAction","target":["https:\/\/tsargipood.ee\/6234-2\/"]}]},{"@type":"ImageObject","inLanguage":"en-GB","@id":"https:\/\/tsargipood.ee\/6234-2\/#primaryimage","url":"https:\/\/cdn.shopify.com\/s\/files\/1\/0496\/3119\/9395\/files\/5_480x480.png?v=1670570424","contentUrl":"https:\/\/cdn.shopify.com\/s\/files\/1\/0496\/3119\/9395\/files\/5_480x480.png?v=1670570424"},{"@type":"BreadcrumbList","@id":"https:\/\/tsargipood.ee\/6234-2\/#breadcrumb","itemListElement":[{"@type":"ListItem","position":1,"name":"Home","item":"https:\/\/tsargipood.ee\/"},{"@type":"ListItem","position":2,"name":"TOODETE HOOLDUSJUHIS"}]},{"@type":"WebSite","@id":"https:\/\/tsargipood.ee\/#website","url":"https:\/\/tsargipood.ee\/","name":"T-shirt shop - Design your own T-shirt","description":"Design your own t-shirt","publisher":{"@id":"https:\/\/tsargipood.ee\/#organization"},"alternateName":"T-s\u00e4rgipood","potentialAction":[{"@type":"SearchAction","target":{"@type":"EntryPoint","urlTemplate":"https:\/\/tsargipood.ee\/?s={search_term_string}"},"query-input":{"@type":"PropertyValueSpecification","valueRequired":true,"valueName":"search_term_string"}}],"inLanguage":"en-GB"},{"@type":"Organization","@id":"https:\/\/tsargipood.ee\/#organization","name":"T-S\u00e4rgipood","alternateName":"Disaini oma t-s\u00e4rk","url":"https:\/\/tsargipood.ee\/","logo":{"@type":"ImageObject","inLanguage":"en-GB","@id":"https:\/\/tsargipood.ee\/#\/schema\/logo\/image\/","url":"https:\/\/tsargipood.ee\/wp-content\/uploads\/2023\/06\/T-sargipood-logo-1.png","contentUrl":"https:\/\/tsargipood.ee\/wp-content\/uploads\/2023\/06\/T-sargipood-logo-1.png","width":540,"height":540,"caption":"T-S\u00e4rgipood"},"image":{"@id":"https:\/\/tsargipood.ee\/#\/schema\/logo\/image\/"},"sameAs":["https:\/\/www.facebook.com\/profile.php?id=100090772812912","https:\/\/www.instagram.com\/tsargipood\/"]}]}},"_links":{"self":[{"href":"https:\/\/tsargipood.ee\/en\/wp-json\/wp\/v2\/pages\/6234","targetHints":{"allow":["GET"]}}],"collection":[{"href":"https:\/\/tsargipood.ee\/en\/wp-json\/wp\/v2\/pages"}],"about":[{"href":"https:\/\/tsargipood.ee\/en\/wp-json\/wp\/v2\/types\/page"}],"author":[{"embeddable":true,"href":"https:\/\/tsargipood.ee\/en\/wp-json\/wp\/v2\/users\/1"}],"replies":[{"embeddable":true,"href":"https:\/\/tsargipood.ee\/en\/wp-json\/wp\/v2\/comments?post=6234"}],"version-history":[{"count":0,"href":"https:\/\/tsargipood.ee\/en\/wp-json\/wp\/v2\/pages\/6234\/revisions"}],"wp:attachment":[{"href":"https:\/\/tsargipood.ee\/en\/wp-json\/wp\/v2\/media?parent=6234"}],"curies":[{"name":"wp","href":"https:\/\/api.w.org\/{rel}","templated":true}]}}