{"id":8,"date":"2023-06-30T06:30:23","date_gmt":"2023-06-30T06:30:23","guid":{"rendered":"https:\/\/tsargipood.ee\/my-account\/"},"modified":"2025-12-22T09:10:05","modified_gmt":"2025-12-22T09:10:05","slug":"my-account","status":"publish","type":"page","link":"https:\/\/tsargipood.ee\/en\/my-account\/","title":{"rendered":"My account"},"content":{"rendered":"<div data-elementor-type=\"wp-page\" data-elementor-id=\"8\" class=\"elementor elementor-8\" data-elementor-post-type=\"page\">\n\t\t\t\t<div class=\"elementor-element elementor-element-2ada874c e-flex e-con-boxed e-con e-parent\" data-id=\"2ada874c\" data-element_type=\"container\" data-e-type=\"container\">\n\t\t\t\t\t<div class=\"e-con-inner\">\n\t\t\t\t<div class=\"elementor-element elementor-element-76bcf49 e-my-account-tabs-horizontal elementor-widget elementor-widget-woocommerce-my-account\" data-id=\"76bcf49\" data-element_type=\"widget\" data-e-type=\"widget\" data-settings=\"{&quot;forms_buttons_hover_animation&quot;:&quot;grow&quot;}\" data-widget_type=\"woocommerce-my-account.default\">\n\t\t\t\t<div class=\"elementor-widget-container\">\n\t\t\t\t\t<div class=\"e-my-account-tab e-my-account-tab__\">\t\t\t<div class=\"woocommerce\"><\/div>\t\t<\/div>\n\t\t\t\t\t\t<\/div>\n\t\t\t\t<\/div>\n\t\t\t\t\t<\/div>\n\t\t\t\t<\/div>\n\t\t\t\t<\/div>","protected":false},"excerpt":{"rendered":"<p>Esileht Tellimused Allalaadimised Aadressid Konto andmed Wishlist Logi v\u00e4lja Esileht Tellimused Allalaadimised Aadressid Konto andmed Wishlist Logi v\u00e4lja Esileht Tellimused Allalaadimised Aadressid Konto andmed Wishlist Logi v\u00e4lja Esileht Tellimused Allalaadimised Aadressid Konto andmed Wishlist Logi v\u00e4lja Tere, Mart (pole Mart? Logi v\u00e4lja) Oma konto t\u00f6\u00f6laualt n\u00e4ed enda hiljutisi tellimusi, saad hallata enda tarne ja maksmise [&hellip;]<\/p>\n","protected":false},"author":1,"featured_media":0,"parent":0,"menu_order":0,"comment_status":"closed","ping_status":"closed","template":"","meta":{"googlesitekit_rrm_CAow0ZS_DA:productID":"","footnotes":""},"class_list":["post-8","page","type-page","status-publish","hentry","fpd-variation-needed"],"yoast_head":"<!-- This site is optimized with the Yoast SEO plugin v27.5 - https:\/\/yoast.com\/product\/yoast-seo-wordpress\/ -->\n<title>My account | T-s\u00e4rgipood - Disaini oma T-s\u00e4rk<\/title>\n<meta name=\"robots\" content=\"index, follow, max-snippet:-1, max-image-preview:large, max-video-preview:-1\" \/>\n<link rel=\"canonical\" href=\"https:\/\/tsargipood.ee\/en\/my-account\/\" \/>\n<meta property=\"og:locale\" content=\"en_GB\" \/>\n<meta property=\"og:type\" content=\"article\" \/>\n<meta property=\"og:title\" content=\"My account | T-s\u00e4rgipood - Disaini oma T-s\u00e4rk\" \/>\n<meta property=\"og:description\" content=\"Esileht Tellimused Allalaadimised Aadressid Konto andmed Wishlist Logi v\u00e4lja Esileht Tellimused Allalaadimised Aadressid Konto andmed Wishlist Logi v\u00e4lja Esileht Tellimused Allalaadimised Aadressid Konto andmed Wishlist Logi v\u00e4lja Esileht Tellimused Allalaadimised Aadressid Konto andmed Wishlist Logi v\u00e4lja Tere, Mart (pole Mart? Logi v\u00e4lja) Oma konto t\u00f6\u00f6laualt n\u00e4ed enda hiljutisi tellimusi, saad hallata enda tarne ja maksmise [&hellip;]\" \/>\n<meta property=\"og:url\" content=\"https:\/\/tsargipood.ee\/en\/my-account\/\" \/>\n<meta property=\"og:site_name\" content=\"T-s\u00e4rgipood - Disaini oma T-s\u00e4rk\" \/>\n<meta property=\"article:publisher\" content=\"https:\/\/www.facebook.com\/profile.php?id=100090772812912\" \/>\n<meta property=\"article:modified_time\" content=\"2025-12-22T09:10:05+00:00\" \/>\n<meta name=\"twitter:card\" content=\"summary_large_image\" \/>\n<meta name=\"twitter:label1\" content=\"Estimated reading time\" \/>\n\t<meta name=\"twitter:data1\" content=\"1 minute\" \/>\n<script type=\"application\/ld+json\" class=\"yoast-schema-graph\">{\"@context\":\"https:\\\/\\\/schema.org\",\"@graph\":[{\"@type\":\"WebPage\",\"@id\":\"https:\\\/\\\/tsargipood.ee\\\/my-account\\\/\",\"url\":\"https:\\\/\\\/tsargipood.ee\\\/my-account\\\/\",\"name\":\"My account | T-s\u00e4rgipood - Disaini oma T-s\u00e4rk\",\"isPartOf\":{\"@id\":\"https:\\\/\\\/tsargipood.ee\\\/#website\"},\"datePublished\":\"2023-06-30T06:30:23+00:00\",\"dateModified\":\"2025-12-22T09:10:05+00:00\",\"breadcrumb\":{\"@id\":\"https:\\\/\\\/tsargipood.ee\\\/my-account\\\/#breadcrumb\"},\"inLanguage\":\"en-GB\",\"potentialAction\":[{\"@type\":\"ReadAction\",\"target\":[\"https:\\\/\\\/tsargipood.ee\\\/my-account\\\/\"]}]},{\"@type\":\"BreadcrumbList\",\"@id\":\"https:\\\/\\\/tsargipood.ee\\\/my-account\\\/#breadcrumb\",\"itemListElement\":[{\"@type\":\"ListItem\",\"position\":1,\"name\":\"Home\",\"item\":\"https:\\\/\\\/tsargipood.ee\\\/\"},{\"@type\":\"ListItem\",\"position\":2,\"name\":\"My account\"}]},{\"@type\":\"WebSite\",\"@id\":\"https:\\\/\\\/tsargipood.ee\\\/#website\",\"url\":\"https:\\\/\\\/tsargipood.ee\\\/\",\"name\":\"T-s\u00e4rgipood - Disaini oma T-s\u00e4rk\",\"description\":\"Kujunda oma t-s\u00e4rk\",\"publisher\":{\"@id\":\"https:\\\/\\\/tsargipood.ee\\\/#organization\"},\"alternateName\":\"T-s\u00e4rgipood\",\"potentialAction\":[{\"@type\":\"SearchAction\",\"target\":{\"@type\":\"EntryPoint\",\"urlTemplate\":\"https:\\\/\\\/tsargipood.ee\\\/?s={search_term_string}\"},\"query-input\":{\"@type\":\"PropertyValueSpecification\",\"valueRequired\":true,\"valueName\":\"search_term_string\"}}],\"inLanguage\":\"en-GB\"},{\"@type\":\"Organization\",\"@id\":\"https:\\\/\\\/tsargipood.ee\\\/#organization\",\"name\":\"T-S\u00e4rgipood\",\"alternateName\":\"Disaini oma t-s\u00e4rk\",\"url\":\"https:\\\/\\\/tsargipood.ee\\\/\",\"logo\":{\"@type\":\"ImageObject\",\"inLanguage\":\"en-GB\",\"@id\":\"https:\\\/\\\/tsargipood.ee\\\/#\\\/schema\\\/logo\\\/image\\\/\",\"url\":\"https:\\\/\\\/tsargipood.ee\\\/wp-content\\\/uploads\\\/2023\\\/06\\\/T-sargipood-logo-1.png\",\"contentUrl\":\"https:\\\/\\\/tsargipood.ee\\\/wp-content\\\/uploads\\\/2023\\\/06\\\/T-sargipood-logo-1.png\",\"width\":540,\"height\":540,\"caption\":\"T-S\u00e4rgipood\"},\"image\":{\"@id\":\"https:\\\/\\\/tsargipood.ee\\\/#\\\/schema\\\/logo\\\/image\\\/\"},\"sameAs\":[\"https:\\\/\\\/www.facebook.com\\\/profile.php?id=100090772812912\",\"https:\\\/\\\/www.instagram.com\\\/tsargipood\\\/\"]}]}<\/script>\n<!-- \/ Yoast SEO plugin. -->","yoast_head_json":{"title":"My account | T-s\u00e4rgipood - Disaini oma T-s\u00e4rk","robots":{"index":"index","follow":"follow","max-snippet":"max-snippet:-1","max-image-preview":"max-image-preview:large","max-video-preview":"max-video-preview:-1"},"canonical":"https:\/\/tsargipood.ee\/en\/my-account\/","og_locale":"en_GB","og_type":"article","og_title":"My account | T-s\u00e4rgipood - Disaini oma T-s\u00e4rk","og_description":"Esileht Tellimused Allalaadimised Aadressid Konto andmed Wishlist Logi v\u00e4lja Esileht Tellimused Allalaadimised Aadressid Konto andmed Wishlist Logi v\u00e4lja Esileht Tellimused Allalaadimised Aadressid Konto andmed Wishlist Logi v\u00e4lja Esileht Tellimused Allalaadimised Aadressid Konto andmed Wishlist Logi v\u00e4lja Tere, Mart (pole Mart? Logi v\u00e4lja) Oma konto t\u00f6\u00f6laualt n\u00e4ed enda hiljutisi tellimusi, saad hallata enda tarne ja maksmise [&hellip;]","og_url":"https:\/\/tsargipood.ee\/en\/my-account\/","og_site_name":"T-s\u00e4rgipood - Disaini oma T-s\u00e4rk","article_publisher":"https:\/\/www.facebook.com\/profile.php?id=100090772812912","article_modified_time":"2025-12-22T09:10:05+00:00","twitter_card":"summary_large_image","twitter_misc":{"Estimated reading time":"1 minute"},"schema":{"@context":"https:\/\/schema.org","@graph":[{"@type":"WebPage","@id":"https:\/\/tsargipood.ee\/my-account\/","url":"https:\/\/tsargipood.ee\/my-account\/","name":"My account | T-s\u00e4rgipood - Disaini oma T-s\u00e4rk","isPartOf":{"@id":"https:\/\/tsargipood.ee\/#website"},"datePublished":"2023-06-30T06:30:23+00:00","dateModified":"2025-12-22T09:10:05+00:00","breadcrumb":{"@id":"https:\/\/tsargipood.ee\/my-account\/#breadcrumb"},"inLanguage":"en-GB","potentialAction":[{"@type":"ReadAction","target":["https:\/\/tsargipood.ee\/my-account\/"]}]},{"@type":"BreadcrumbList","@id":"https:\/\/tsargipood.ee\/my-account\/#breadcrumb","itemListElement":[{"@type":"ListItem","position":1,"name":"Home","item":"https:\/\/tsargipood.ee\/"},{"@type":"ListItem","position":2,"name":"My account"}]},{"@type":"WebSite","@id":"https:\/\/tsargipood.ee\/#website","url":"https:\/\/tsargipood.ee\/","name":"T-shirt shop - Design your own T-shirt","description":"Design your own t-shirt","publisher":{"@id":"https:\/\/tsargipood.ee\/#organization"},"alternateName":"T-s\u00e4rgipood","potentialAction":[{"@type":"SearchAction","target":{"@type":"EntryPoint","urlTemplate":"https:\/\/tsargipood.ee\/?s={search_term_string}"},"query-input":{"@type":"PropertyValueSpecification","valueRequired":true,"valueName":"search_term_string"}}],"inLanguage":"en-GB"},{"@type":"Organization","@id":"https:\/\/tsargipood.ee\/#organization","name":"T-S\u00e4rgipood","alternateName":"Disaini oma t-s\u00e4rk","url":"https:\/\/tsargipood.ee\/","logo":{"@type":"ImageObject","inLanguage":"en-GB","@id":"https:\/\/tsargipood.ee\/#\/schema\/logo\/image\/","url":"https:\/\/tsargipood.ee\/wp-content\/uploads\/2023\/06\/T-sargipood-logo-1.png","contentUrl":"https:\/\/tsargipood.ee\/wp-content\/uploads\/2023\/06\/T-sargipood-logo-1.png","width":540,"height":540,"caption":"T-S\u00e4rgipood"},"image":{"@id":"https:\/\/tsargipood.ee\/#\/schema\/logo\/image\/"},"sameAs":["https:\/\/www.facebook.com\/profile.php?id=100090772812912","https:\/\/www.instagram.com\/tsargipood\/"]}]}},"_links":{"self":[{"href":"https:\/\/tsargipood.ee\/en\/wp-json\/wp\/v2\/pages\/8","targetHints":{"allow":["GET"]}}],"collection":[{"href":"https:\/\/tsargipood.ee\/en\/wp-json\/wp\/v2\/pages"}],"about":[{"href":"https:\/\/tsargipood.ee\/en\/wp-json\/wp\/v2\/types\/page"}],"author":[{"embeddable":true,"href":"https:\/\/tsargipood.ee\/en\/wp-json\/wp\/v2\/users\/1"}],"replies":[{"embeddable":true,"href":"https:\/\/tsargipood.ee\/en\/wp-json\/wp\/v2\/comments?post=8"}],"version-history":[{"count":0,"href":"https:\/\/tsargipood.ee\/en\/wp-json\/wp\/v2\/pages\/8\/revisions"}],"wp:attachment":[{"href":"https:\/\/tsargipood.ee\/en\/wp-json\/wp\/v2\/media?parent=8"}],"curies":[{"name":"wp","href":"https:\/\/api.w.org\/{rel}","templated":true}]}}