{"id":11587,"date":"2023-11-07T11:46:48","date_gmt":"2023-11-07T11:46:48","guid":{"rendered":"https:\/\/tsargipood.ee\/?post_type=product&#038;p=11587"},"modified":"2024-11-28T17:00:14","modified_gmt":"2024-11-28T17:00:14","slug":"ma-armastan-jouluvana","status":"publish","type":"product","link":"https:\/\/tsargipood.ee\/en\/product\/ma-armastan-jouluvana\/","title":{"rendered":"I love Santa Claus"},"content":{"rendered":"<p class=\"p1\"><b>Ma armastan J\u00f5uluvana T-s\u00e4rk<\/b><b><\/b><\/p>\n<p class=\"p1\">T\u00e4hista j\u00f5uludeaega stiilselt ja l\u00f5busalt meie \u201cMa armastan J\u00f5uluvana\u201d T-s\u00e4rgiga! See T-s\u00e4rk toob esile sooja p\u00fchademeeleolu ja lisab veidi nalja igasse j\u00f5ululaup\u00e4eva. Kvaliteetne ja mugav materjal tagab, et saad seda kanda terve j\u00f5uluperioodi jooksul, olles nii stiilne kui ka soe. Sobib ideaalselt kingituseks v\u00f5i igap\u00e4evaseks kandmiseks j\u00f5ulude ajal.<\/p>\n<p class=\"p1\"><b>N\u00e4ita oma armastust j\u00f5uluvana vastu \u2013 vali \u201cMa armastan J\u00f5uluvana\u201d T-s\u00e4rk!<\/b><\/p>","protected":false},"excerpt":{"rendered":"<p>Iconic UNISEX T-SHIRT<br \/>\nSewn-in sleeve<br \/>\n1\u00d71 rib at the collar<br \/>\nNeck tape for reinforcement in the back<br \/>\nSleeve hem and hem with wide double stitching MATERIAL: 100% COTTON - ORGANIC - 180 G\/M\u00b2 - MEDIUM FIT<\/p>\n<p><strong><a href=\"https:\/\/tsargipood.ee\/wp-content\/uploads\/2023\/08\/moodutabel-Large.jpeg\">CHART OF MEASUREMENTS<\/a><\/strong><\/p>\n<p><img decoding=\"async\" class=\"size-full wp-image-7539 alignleft entered lazyloaded\" src=\"https:\/\/tsargipood.ee\/wp-content\/uploads\/2023\/08\/PETAVegan-1.png\" alt=\"\" width=\"137\" height=\"50\" data-lazy-src=\"https:\/\/tsargipood.ee\/wp-content\/uploads\/2023\/08\/PETAVegan-1.png\" data-ll-status=\"loaded\" \/><img decoding=\"async\" class=\"size-full wp-image-7538 alignleft entered lazyloaded\" src=\"https:\/\/tsargipood.ee\/wp-content\/uploads\/2023\/08\/OekoTex2012163-1.png\" alt=\"\" width=\"46\" height=\"50\" data-lazy-src=\"https:\/\/tsargipood.ee\/wp-content\/uploads\/2023\/08\/OekoTex2012163-1.png\" data-ll-status=\"loaded\" \/><img decoding=\"async\" class=\"size-full wp-image-7537 alignleft entered lazyloaded\" src=\"https:\/\/tsargipood.ee\/wp-content\/uploads\/2023\/08\/GOTSOrganic-1.png\" alt=\"\" width=\"49\" height=\"50\" data-lazy-src=\"https:\/\/tsargipood.ee\/wp-content\/uploads\/2023\/08\/GOTSOrganic-1.png\" data-ll-status=\"loaded\" \/><img loading=\"lazy\" decoding=\"async\" class=\"size-full wp-image-7536 alignleft entered lazyloaded\" src=\"https:\/\/tsargipood.ee\/wp-content\/uploads\/2023\/08\/Fairwear-1.png\" alt=\"\" width=\"85\" height=\"50\" data-lazy-src=\"https:\/\/tsargipood.ee\/wp-content\/uploads\/2023\/08\/Fairwear-1.png\" data-ll-status=\"loaded\" \/><\/p>","protected":false},"featured_media":11282,"comment_status":"closed","ping_status":"closed","template":"","meta":{"googlesitekit_rrm_CAow0ZS_DA:productID":""},"product_brand":[],"product_cat":[237,20,177],"product_tag":[238,358,355,351,352,350,240,357,356,349,354,239,353,26],"class_list":{"0":"post-11587","1":"product","2":"type-product","3":"status-publish","4":"has-post-thumbnail","6":"product_cat-joulud","7":"product_cat-t-sark","8":"product_cat-tahtpaevad","9":"product_tag-joulud","10":"product_tag-joulud-t-sark","11":"product_tag-joulude-kingitus","12":"product_tag-joulude-t-sark","13":"product_tag-jouluvana-armastus","14":"product_tag-jouluvana-t-sark","15":"product_tag-kingitus","16":"product_tag-kvaliteetne-jouluvana-sark","17":"product_tag-lobus-jouluvana-disain","18":"product_tag-ma-armastan-jouluvana-t-sark","19":"product_tag-naljakas-jouluvana-sark","20":"product_tag-puhad","21":"product_tag-puhademeeleolu-t-sark","22":"product_tag-t-sark","23":"fpd-variation-needed","25":"first","26":"instock","27":"taxable","28":"shipping-taxable","29":"purchasable","30":"product-type-variable"},"yoast_head":"<!-- This site is optimized with the Yoast SEO plugin v27.5 - https:\/\/yoast.com\/product\/yoast-seo-wordpress\/ -->\n<title>Ma armastan j\u00f5uluvana | T-s\u00e4rgipood - Disaini oma T-s\u00e4rk<\/title>\n<meta name=\"description\" content=\"Ma armastan J\u00f5uluvana T-s\u00e4rk, j\u00f5uluvana T-s\u00e4rk, j\u00f5ulude T-s\u00e4rk, l\u00f5bus j\u00f5uluvana s\u00e4rk, p\u00fchademeeleolu T-s\u00e4rk, kvaliteetne j\u00f5uluvana T-s\u00e4rk, naljakas j\u00f5uluvana s\u00e4rk, j\u00f5ulude kingitus, j\u00f5uluvana armastus T-s\u00e4rk.\" \/>\n<meta name=\"robots\" content=\"index, follow, max-snippet:-1, max-image-preview:large, max-video-preview:-1\" \/>\n<link rel=\"canonical\" href=\"https:\/\/tsargipood.ee\/en\/product\/ma-armastan-jouluvana\/\" \/>\n<meta property=\"og:locale\" content=\"en_GB\" \/>\n<meta property=\"og:type\" content=\"article\" \/>\n<meta property=\"og:title\" content=\"Ma armastan j\u00f5uluvana | T-s\u00e4rgipood - Disaini oma T-s\u00e4rk\" \/>\n<meta property=\"og:description\" content=\"Ma armastan J\u00f5uluvana T-s\u00e4rk, j\u00f5uluvana T-s\u00e4rk, j\u00f5ulude T-s\u00e4rk, l\u00f5bus j\u00f5uluvana s\u00e4rk, p\u00fchademeeleolu T-s\u00e4rk, kvaliteetne j\u00f5uluvana T-s\u00e4rk, naljakas j\u00f5uluvana s\u00e4rk, j\u00f5ulude kingitus, j\u00f5uluvana armastus T-s\u00e4rk.\" \/>\n<meta property=\"og:url\" content=\"https:\/\/tsargipood.ee\/en\/product\/ma-armastan-jouluvana\/\" \/>\n<meta property=\"og:site_name\" content=\"T-s\u00e4rgipood - Disaini oma T-s\u00e4rk\" \/>\n<meta property=\"article:publisher\" content=\"https:\/\/www.facebook.com\/profile.php?id=100090772812912\" \/>\n<meta property=\"article:modified_time\" content=\"2024-11-28T17:00:14+00:00\" \/>\n<meta property=\"og:image\" content=\"https:\/\/tsargipood.ee\/wp-content\/uploads\/2023\/11\/ma-armastan-jouluvana-valge.png\" \/>\n\t<meta property=\"og:image:width\" content=\"1920\" \/>\n\t<meta property=\"og:image:height\" content=\"1920\" \/>\n\t<meta property=\"og:image:type\" content=\"image\/png\" \/>\n<meta name=\"twitter:card\" content=\"summary_large_image\" \/>\n<meta name=\"twitter:label1\" content=\"Estimated reading time\" \/>\n\t<meta name=\"twitter:data1\" content=\"1 minute\" \/>\n<script type=\"application\/ld+json\" class=\"yoast-schema-graph\">{\"@context\":\"https:\\\/\\\/schema.org\",\"@graph\":[{\"@type\":\"WebPage\",\"@id\":\"https:\\\/\\\/tsargipood.ee\\\/product\\\/ma-armastan-jouluvana\\\/\",\"url\":\"https:\\\/\\\/tsargipood.ee\\\/product\\\/ma-armastan-jouluvana\\\/\",\"name\":\"Ma armastan j\u00f5uluvana | T-s\u00e4rgipood - Disaini oma T-s\u00e4rk\",\"isPartOf\":{\"@id\":\"https:\\\/\\\/tsargipood.ee\\\/#website\"},\"primaryImageOfPage\":{\"@id\":\"https:\\\/\\\/tsargipood.ee\\\/product\\\/ma-armastan-jouluvana\\\/#primaryimage\"},\"image\":{\"@id\":\"https:\\\/\\\/tsargipood.ee\\\/product\\\/ma-armastan-jouluvana\\\/#primaryimage\"},\"thumbnailUrl\":\"https:\\\/\\\/tsargipood.ee\\\/wp-content\\\/uploads\\\/2023\\\/11\\\/ma-armastan-jouluvana-valge.png\",\"datePublished\":\"2023-11-07T11:46:48+00:00\",\"dateModified\":\"2024-11-28T17:00:14+00:00\",\"description\":\"Ma armastan J\u00f5uluvana T-s\u00e4rk, j\u00f5uluvana T-s\u00e4rk, j\u00f5ulude T-s\u00e4rk, l\u00f5bus j\u00f5uluvana s\u00e4rk, p\u00fchademeeleolu T-s\u00e4rk, kvaliteetne j\u00f5uluvana T-s\u00e4rk, naljakas j\u00f5uluvana s\u00e4rk, j\u00f5ulude kingitus, j\u00f5uluvana armastus T-s\u00e4rk.\",\"breadcrumb\":{\"@id\":\"https:\\\/\\\/tsargipood.ee\\\/product\\\/ma-armastan-jouluvana\\\/#breadcrumb\"},\"inLanguage\":\"en-GB\",\"potentialAction\":[{\"@type\":\"ReadAction\",\"target\":[\"https:\\\/\\\/tsargipood.ee\\\/product\\\/ma-armastan-jouluvana\\\/\"]}]},{\"@type\":\"ImageObject\",\"inLanguage\":\"en-GB\",\"@id\":\"https:\\\/\\\/tsargipood.ee\\\/product\\\/ma-armastan-jouluvana\\\/#primaryimage\",\"url\":\"https:\\\/\\\/tsargipood.ee\\\/wp-content\\\/uploads\\\/2023\\\/11\\\/ma-armastan-jouluvana-valge.png\",\"contentUrl\":\"https:\\\/\\\/tsargipood.ee\\\/wp-content\\\/uploads\\\/2023\\\/11\\\/ma-armastan-jouluvana-valge.png\",\"width\":1920,\"height\":1920,\"caption\":\"ma armastan j\u00f5uluvana valge\"},{\"@type\":\"BreadcrumbList\",\"@id\":\"https:\\\/\\\/tsargipood.ee\\\/product\\\/ma-armastan-jouluvana\\\/#breadcrumb\",\"itemListElement\":[{\"@type\":\"ListItem\",\"position\":1,\"name\":\"Home\",\"item\":\"https:\\\/\\\/tsargipood.ee\\\/\"},{\"@type\":\"ListItem\",\"position\":2,\"name\":\"T-s\u00e4rgipood\",\"item\":\"https:\\\/\\\/tsargipood.ee\\\/\"},{\"@type\":\"ListItem\",\"position\":3,\"name\":\"Ma armastan j\u00f5uluvana\"}]},{\"@type\":\"WebSite\",\"@id\":\"https:\\\/\\\/tsargipood.ee\\\/#website\",\"url\":\"https:\\\/\\\/tsargipood.ee\\\/\",\"name\":\"T-s\u00e4rgipood - Disaini oma T-s\u00e4rk\",\"description\":\"Kujunda oma t-s\u00e4rk\",\"publisher\":{\"@id\":\"https:\\\/\\\/tsargipood.ee\\\/#organization\"},\"alternateName\":\"T-s\u00e4rgipood\",\"potentialAction\":[{\"@type\":\"SearchAction\",\"target\":{\"@type\":\"EntryPoint\",\"urlTemplate\":\"https:\\\/\\\/tsargipood.ee\\\/?s={search_term_string}\"},\"query-input\":{\"@type\":\"PropertyValueSpecification\",\"valueRequired\":true,\"valueName\":\"search_term_string\"}}],\"inLanguage\":\"en-GB\"},{\"@type\":\"Organization\",\"@id\":\"https:\\\/\\\/tsargipood.ee\\\/#organization\",\"name\":\"T-S\u00e4rgipood\",\"alternateName\":\"Disaini oma t-s\u00e4rk\",\"url\":\"https:\\\/\\\/tsargipood.ee\\\/\",\"logo\":{\"@type\":\"ImageObject\",\"inLanguage\":\"en-GB\",\"@id\":\"https:\\\/\\\/tsargipood.ee\\\/#\\\/schema\\\/logo\\\/image\\\/\",\"url\":\"https:\\\/\\\/tsargipood.ee\\\/wp-content\\\/uploads\\\/2023\\\/06\\\/T-sargipood-logo-1.png\",\"contentUrl\":\"https:\\\/\\\/tsargipood.ee\\\/wp-content\\\/uploads\\\/2023\\\/06\\\/T-sargipood-logo-1.png\",\"width\":540,\"height\":540,\"caption\":\"T-S\u00e4rgipood\"},\"image\":{\"@id\":\"https:\\\/\\\/tsargipood.ee\\\/#\\\/schema\\\/logo\\\/image\\\/\"},\"sameAs\":[\"https:\\\/\\\/www.facebook.com\\\/profile.php?id=100090772812912\",\"https:\\\/\\\/www.instagram.com\\\/tsargipood\\\/\"]}]}<\/script>\n<!-- \/ Yoast SEO plugin. -->","yoast_head_json":{"title":"Ma armastan j\u00f5uluvana | T-s\u00e4rgipood - Disaini oma T-s\u00e4rk","description":"Ma armastan J\u00f5uluvana T-s\u00e4rk, j\u00f5uluvana T-s\u00e4rk, j\u00f5ulude T-s\u00e4rk, l\u00f5bus j\u00f5uluvana s\u00e4rk, p\u00fchademeeleolu T-s\u00e4rk, kvaliteetne j\u00f5uluvana T-s\u00e4rk, naljakas j\u00f5uluvana s\u00e4rk, j\u00f5ulude kingitus, j\u00f5uluvana armastus T-s\u00e4rk.","robots":{"index":"index","follow":"follow","max-snippet":"max-snippet:-1","max-image-preview":"max-image-preview:large","max-video-preview":"max-video-preview:-1"},"canonical":"https:\/\/tsargipood.ee\/en\/product\/ma-armastan-jouluvana\/","og_locale":"en_GB","og_type":"article","og_title":"Ma armastan j\u00f5uluvana | T-s\u00e4rgipood - Disaini oma T-s\u00e4rk","og_description":"Ma armastan J\u00f5uluvana T-s\u00e4rk, j\u00f5uluvana T-s\u00e4rk, j\u00f5ulude T-s\u00e4rk, l\u00f5bus j\u00f5uluvana s\u00e4rk, p\u00fchademeeleolu T-s\u00e4rk, kvaliteetne j\u00f5uluvana T-s\u00e4rk, naljakas j\u00f5uluvana s\u00e4rk, j\u00f5ulude kingitus, j\u00f5uluvana armastus T-s\u00e4rk.","og_url":"https:\/\/tsargipood.ee\/en\/product\/ma-armastan-jouluvana\/","og_site_name":"T-s\u00e4rgipood - Disaini oma T-s\u00e4rk","article_publisher":"https:\/\/www.facebook.com\/profile.php?id=100090772812912","article_modified_time":"2024-11-28T17:00:14+00:00","og_image":[{"width":1920,"height":1920,"url":"https:\/\/tsargipood.ee\/wp-content\/uploads\/2023\/11\/ma-armastan-jouluvana-valge.png","type":"image\/png"}],"twitter_card":"summary_large_image","twitter_misc":{"Estimated reading time":"1 minute"},"schema":{"@context":"https:\/\/schema.org","@graph":[{"@type":"WebPage","@id":"https:\/\/tsargipood.ee\/product\/ma-armastan-jouluvana\/","url":"https:\/\/tsargipood.ee\/product\/ma-armastan-jouluvana\/","name":"Ma armastan j\u00f5uluvana | T-s\u00e4rgipood - Disaini oma T-s\u00e4rk","isPartOf":{"@id":"https:\/\/tsargipood.ee\/#website"},"primaryImageOfPage":{"@id":"https:\/\/tsargipood.ee\/product\/ma-armastan-jouluvana\/#primaryimage"},"image":{"@id":"https:\/\/tsargipood.ee\/product\/ma-armastan-jouluvana\/#primaryimage"},"thumbnailUrl":"https:\/\/tsargipood.ee\/wp-content\/uploads\/2023\/11\/ma-armastan-jouluvana-valge.png","datePublished":"2023-11-07T11:46:48+00:00","dateModified":"2024-11-28T17:00:14+00:00","description":"Ma armastan J\u00f5uluvana T-s\u00e4rk, j\u00f5uluvana T-s\u00e4rk, j\u00f5ulude T-s\u00e4rk, l\u00f5bus j\u00f5uluvana s\u00e4rk, p\u00fchademeeleolu T-s\u00e4rk, kvaliteetne j\u00f5uluvana T-s\u00e4rk, naljakas j\u00f5uluvana s\u00e4rk, j\u00f5ulude kingitus, j\u00f5uluvana armastus T-s\u00e4rk.","breadcrumb":{"@id":"https:\/\/tsargipood.ee\/product\/ma-armastan-jouluvana\/#breadcrumb"},"inLanguage":"en-GB","potentialAction":[{"@type":"ReadAction","target":["https:\/\/tsargipood.ee\/product\/ma-armastan-jouluvana\/"]}]},{"@type":"ImageObject","inLanguage":"en-GB","@id":"https:\/\/tsargipood.ee\/product\/ma-armastan-jouluvana\/#primaryimage","url":"https:\/\/tsargipood.ee\/wp-content\/uploads\/2023\/11\/ma-armastan-jouluvana-valge.png","contentUrl":"https:\/\/tsargipood.ee\/wp-content\/uploads\/2023\/11\/ma-armastan-jouluvana-valge.png","width":1920,"height":1920,"caption":"ma armastan j\u00f5uluvana valge"},{"@type":"BreadcrumbList","@id":"https:\/\/tsargipood.ee\/product\/ma-armastan-jouluvana\/#breadcrumb","itemListElement":[{"@type":"ListItem","position":1,"name":"Home","item":"https:\/\/tsargipood.ee\/"},{"@type":"ListItem","position":2,"name":"T-s\u00e4rgipood","item":"https:\/\/tsargipood.ee\/"},{"@type":"ListItem","position":3,"name":"Ma armastan j\u00f5uluvana"}]},{"@type":"WebSite","@id":"https:\/\/tsargipood.ee\/#website","url":"https:\/\/tsargipood.ee\/","name":"T-shirt shop - Design your own T-shirt","description":"Design your own t-shirt","publisher":{"@id":"https:\/\/tsargipood.ee\/#organization"},"alternateName":"T-s\u00e4rgipood","potentialAction":[{"@type":"SearchAction","target":{"@type":"EntryPoint","urlTemplate":"https:\/\/tsargipood.ee\/?s={search_term_string}"},"query-input":{"@type":"PropertyValueSpecification","valueRequired":true,"valueName":"search_term_string"}}],"inLanguage":"en-GB"},{"@type":"Organization","@id":"https:\/\/tsargipood.ee\/#organization","name":"T-S\u00e4rgipood","alternateName":"Disaini oma t-s\u00e4rk","url":"https:\/\/tsargipood.ee\/","logo":{"@type":"ImageObject","inLanguage":"en-GB","@id":"https:\/\/tsargipood.ee\/#\/schema\/logo\/image\/","url":"https:\/\/tsargipood.ee\/wp-content\/uploads\/2023\/06\/T-sargipood-logo-1.png","contentUrl":"https:\/\/tsargipood.ee\/wp-content\/uploads\/2023\/06\/T-sargipood-logo-1.png","width":540,"height":540,"caption":"T-S\u00e4rgipood"},"image":{"@id":"https:\/\/tsargipood.ee\/#\/schema\/logo\/image\/"},"sameAs":["https:\/\/www.facebook.com\/profile.php?id=100090772812912","https:\/\/www.instagram.com\/tsargipood\/"]}]}},"_links":{"self":[{"href":"https:\/\/tsargipood.ee\/en\/wp-json\/wp\/v2\/product\/11587","targetHints":{"allow":["GET"]}}],"collection":[{"href":"https:\/\/tsargipood.ee\/en\/wp-json\/wp\/v2\/product"}],"about":[{"href":"https:\/\/tsargipood.ee\/en\/wp-json\/wp\/v2\/types\/product"}],"replies":[{"embeddable":true,"href":"https:\/\/tsargipood.ee\/en\/wp-json\/wp\/v2\/comments?post=11587"}],"version-history":[{"count":0,"href":"https:\/\/tsargipood.ee\/en\/wp-json\/wp\/v2\/product\/11587\/revisions"}],"wp:featuredmedia":[{"embeddable":true,"href":"https:\/\/tsargipood.ee\/en\/wp-json\/wp\/v2\/media\/11282"}],"wp:attachment":[{"href":"https:\/\/tsargipood.ee\/en\/wp-json\/wp\/v2\/media?parent=11587"}],"wp:term":[{"taxonomy":"product_brand","embeddable":true,"href":"https:\/\/tsargipood.ee\/en\/wp-json\/wp\/v2\/product_brand?post=11587"},{"taxonomy":"product_cat","embeddable":true,"href":"https:\/\/tsargipood.ee\/en\/wp-json\/wp\/v2\/product_cat?post=11587"},{"taxonomy":"product_tag","embeddable":true,"href":"https:\/\/tsargipood.ee\/en\/wp-json\/wp\/v2\/product_tag?post=11587"}],"curies":[{"name":"wp","href":"https:\/\/api.w.org\/{rel}","templated":true}]}}