{"id":12195,"date":"2024-01-12T10:11:46","date_gmt":"2024-01-12T10:11:46","guid":{"rendered":"https:\/\/tsargipood.ee\/?post_type=product&#038;p=12195"},"modified":"2026-02-02T11:27:30","modified_gmt":"2026-02-02T11:27:30","slug":"nimepusa","status":"publish","type":"product","link":"https:\/\/tsargipood.ee\/en\/product\/nimepusa\/","title":{"rendered":"Name box"},"content":{"rendered":"<p>A name box for which you can choose a text of your choice. To add text, press the TEXT button and in the window that opens, add your own text, name, place name or any other important information. Text or numbers can also be added to the name tag on the back.<\/p>\n<p>ESSENTIAL UNISEX CREWNECK DRESSING<br \/>\nBuilt-in sleeve<br \/>\n1\u00d71 rib under the neck collar, sleeve and hem<br \/>\nInside fishtail back neck tape<br \/>\nFlatlock topstitching on all seams<br \/>\nMaterial: BRUSHED, 85% COTTON 15% POLYESTER - RECYCLED, 280 G\/M\u00b2<\/p>","protected":false},"excerpt":{"rendered":"<p><b>Nimepusa \u2013 kanna oma isikup\u00e4ra!<\/b><b><\/b><\/p>\n<p class=\"p1\">Disaini oma isiklik nimepusa, mis peegeldab sinu stiili. Lisa sellele oma nimi, h\u00fc\u00fcdnimi v\u00f5i eriline s\u00f5num ja loo riideese, mis on ainulaadselt sinu oma. Meie kvaliteetsed pusad ja t\u00e4pne tr\u00fckkimine tagavad mugavuse ja vastupidavuse igas olukorras.<\/p>\n<p class=\"p1\">\u2714 <b>Isikup\u00e4rane disain<\/b> \u2013 nimi, tekst v\u00f5i kujundus vastavalt sinu soovile.<\/p>\n<p class=\"p1\">\u2714 <b>Kvaliteetne materjal<\/b> \u2013 pehme, mugav ja vastupidav.<\/p>\n<p class=\"p1\">\u2714 <b>Mitmek\u00fclgne kingitus<\/b> \u2013 sobib nii s\u00f5pradele, pereliikmetele kui ka iseendale.<\/p>\n<p class=\"p1\"><b>Telli oma nimepusa juba t\u00e4na ja kanna midagi t\u00f5eliselt unikaalset!<\/b><\/p>\n<p><img decoding=\"async\" class=\"alignnone wp-image-7539 alignleft\" src=\"https:\/\/tsargipood.ee\/wp-content\/uploads\/2023\/08\/PETAVegan-1.png\" alt=\"\" width=\"99\" height=\"36\" \/> <img decoding=\"async\" class=\"alignnone wp-image-7538 alignleft\" src=\"https:\/\/tsargipood.ee\/wp-content\/uploads\/2023\/08\/OekoTex2012163-1.png\" alt=\"\" width=\"47\" height=\"51\" \/> <img decoding=\"async\" class=\"alignnone size-full wp-image-7537 alignleft\" src=\"https:\/\/tsargipood.ee\/wp-content\/uploads\/2023\/08\/GOTSOrganic-1.png\" alt=\"\" width=\"49\" height=\"50\" \/> <img loading=\"lazy\" decoding=\"async\" class=\"alignnone size-full wp-image-7536 alignleft\" src=\"https:\/\/tsargipood.ee\/wp-content\/uploads\/2023\/08\/Fairwear-1.png\" alt=\"\" width=\"85\" height=\"50\" \/><\/p>","protected":false},"featured_media":12198,"comment_status":"closed","ping_status":"closed","template":"","meta":{"googlesitekit_rrm_CAow0ZS_DA:productID":""},"product_brand":[],"product_cat":[217,251],"product_tag":[309,130,311,308,316,313,253,252,310,315,314,312],"class_list":{"0":"post-12195","1":"product","2":"type-product","3":"status-publish","4":"has-post-thumbnail","6":"product_cat-disainitavad-tooted","7":"product_cat-pusa","8":"product_tag-disaini-oma-pusa","9":"product_tag-disaini-oma-t-sark","10":"product_tag-eritellimusel-pusa","11":"product_tag-isikuparane-pusa","12":"product_tag-kingiidee-nimega-pusa","13":"product_tag-kohandatud-pusa","14":"product_tag-nimepusa","15":"product_tag-pusa","16":"product_tag-pusa-nimega","17":"product_tag-stiilne-pusa-disain","18":"product_tag-trukkimine-pusale","19":"product_tag-unikaalne-riietus","20":"fpd-variation-needed","21":"wcpa_has_options","23":"first","24":"instock","25":"taxable","26":"shipping-taxable","27":"purchasable","28":"product-type-variable"},"yoast_head":"<!-- This site is optimized with the Yoast SEO plugin v27.5 - https:\/\/yoast.com\/product\/yoast-seo-wordpress\/ -->\n<title>Nimepusa | Oma hoovi pusa | Oma k\u00fcla pusa<\/title>\n<meta name=\"description\" content=\"Loo unikaalne nimepusa! Lisa oma nimi, h\u00fc\u00fcdnimi v\u00f5i eriline s\u00f5num. Kvaliteetsed materjalid ja isikup\u00e4rane disain. Tellimine kiire ja lihtne!\" \/>\n<meta name=\"robots\" content=\"index, follow, max-snippet:-1, max-image-preview:large, max-video-preview:-1\" \/>\n<link rel=\"canonical\" href=\"https:\/\/tsargipood.ee\/en\/product\/nimepusa\/\" \/>\n<meta property=\"og:locale\" content=\"en_GB\" \/>\n<meta property=\"og:type\" content=\"article\" \/>\n<meta property=\"og:title\" content=\"Nimepusa | Oma hoovi pusa | Oma k\u00fcla pusa\" \/>\n<meta property=\"og:description\" content=\"Loo unikaalne nimepusa! Lisa oma nimi, h\u00fc\u00fcdnimi v\u00f5i eriline s\u00f5num. Kvaliteetsed materjalid ja isikup\u00e4rane disain. Tellimine kiire ja lihtne!\" \/>\n<meta property=\"og:url\" content=\"https:\/\/tsargipood.ee\/en\/product\/nimepusa\/\" \/>\n<meta property=\"og:site_name\" content=\"T-s\u00e4rgipood - Disaini oma T-s\u00e4rk\" \/>\n<meta property=\"article:publisher\" content=\"https:\/\/www.facebook.com\/profile.php?id=100090772812912\" \/>\n<meta property=\"article:modified_time\" content=\"2026-02-02T11:27:30+00:00\" \/>\n<meta property=\"og:image\" content=\"https:\/\/tsargipood.ee\/wp-content\/uploads\/2024\/01\/pusa.png\" \/>\n\t<meta property=\"og:image:width\" content=\"1280\" \/>\n\t<meta property=\"og:image:height\" content=\"1280\" \/>\n\t<meta property=\"og:image:type\" content=\"image\/png\" \/>\n<meta name=\"twitter:card\" content=\"summary_large_image\" \/>\n<meta name=\"twitter:label1\" content=\"Estimated reading time\" \/>\n\t<meta name=\"twitter:data1\" content=\"1 minute\" \/>\n<script type=\"application\/ld+json\" class=\"yoast-schema-graph\">{\"@context\":\"https:\\\/\\\/schema.org\",\"@graph\":[{\"@type\":\"WebPage\",\"@id\":\"https:\\\/\\\/tsargipood.ee\\\/product\\\/nimepusa\\\/\",\"url\":\"https:\\\/\\\/tsargipood.ee\\\/product\\\/nimepusa\\\/\",\"name\":\"Nimepusa | Oma hoovi pusa | Oma k\u00fcla pusa\",\"isPartOf\":{\"@id\":\"https:\\\/\\\/tsargipood.ee\\\/#website\"},\"primaryImageOfPage\":{\"@id\":\"https:\\\/\\\/tsargipood.ee\\\/product\\\/nimepusa\\\/#primaryimage\"},\"image\":{\"@id\":\"https:\\\/\\\/tsargipood.ee\\\/product\\\/nimepusa\\\/#primaryimage\"},\"thumbnailUrl\":\"https:\\\/\\\/tsargipood.ee\\\/wp-content\\\/uploads\\\/2024\\\/01\\\/pusa.png\",\"datePublished\":\"2024-01-12T10:11:46+00:00\",\"dateModified\":\"2026-02-02T11:27:30+00:00\",\"description\":\"Loo unikaalne nimepusa! Lisa oma nimi, h\u00fc\u00fcdnimi v\u00f5i eriline s\u00f5num. Kvaliteetsed materjalid ja isikup\u00e4rane disain. Tellimine kiire ja lihtne!\",\"breadcrumb\":{\"@id\":\"https:\\\/\\\/tsargipood.ee\\\/product\\\/nimepusa\\\/#breadcrumb\"},\"inLanguage\":\"en-GB\",\"potentialAction\":[{\"@type\":\"ReadAction\",\"target\":[\"https:\\\/\\\/tsargipood.ee\\\/product\\\/nimepusa\\\/\"]}]},{\"@type\":\"ImageObject\",\"inLanguage\":\"en-GB\",\"@id\":\"https:\\\/\\\/tsargipood.ee\\\/product\\\/nimepusa\\\/#primaryimage\",\"url\":\"https:\\\/\\\/tsargipood.ee\\\/wp-content\\\/uploads\\\/2024\\\/01\\\/pusa.png\",\"contentUrl\":\"https:\\\/\\\/tsargipood.ee\\\/wp-content\\\/uploads\\\/2024\\\/01\\\/pusa.png\",\"width\":1280,\"height\":1280,\"caption\":\"pusa oma disainiga\"},{\"@type\":\"BreadcrumbList\",\"@id\":\"https:\\\/\\\/tsargipood.ee\\\/product\\\/nimepusa\\\/#breadcrumb\",\"itemListElement\":[{\"@type\":\"ListItem\",\"position\":1,\"name\":\"Home\",\"item\":\"https:\\\/\\\/tsargipood.ee\\\/\"},{\"@type\":\"ListItem\",\"position\":2,\"name\":\"T-s\u00e4rgipood\",\"item\":\"https:\\\/\\\/tsargipood.ee\\\/\"},{\"@type\":\"ListItem\",\"position\":3,\"name\":\"Nimepusa\"}]},{\"@type\":\"WebSite\",\"@id\":\"https:\\\/\\\/tsargipood.ee\\\/#website\",\"url\":\"https:\\\/\\\/tsargipood.ee\\\/\",\"name\":\"T-s\u00e4rgipood - Disaini oma T-s\u00e4rk\",\"description\":\"Kujunda oma t-s\u00e4rk\",\"publisher\":{\"@id\":\"https:\\\/\\\/tsargipood.ee\\\/#organization\"},\"alternateName\":\"T-s\u00e4rgipood\",\"potentialAction\":[{\"@type\":\"SearchAction\",\"target\":{\"@type\":\"EntryPoint\",\"urlTemplate\":\"https:\\\/\\\/tsargipood.ee\\\/?s={search_term_string}\"},\"query-input\":{\"@type\":\"PropertyValueSpecification\",\"valueRequired\":true,\"valueName\":\"search_term_string\"}}],\"inLanguage\":\"en-GB\"},{\"@type\":\"Organization\",\"@id\":\"https:\\\/\\\/tsargipood.ee\\\/#organization\",\"name\":\"T-S\u00e4rgipood\",\"alternateName\":\"Disaini oma t-s\u00e4rk\",\"url\":\"https:\\\/\\\/tsargipood.ee\\\/\",\"logo\":{\"@type\":\"ImageObject\",\"inLanguage\":\"en-GB\",\"@id\":\"https:\\\/\\\/tsargipood.ee\\\/#\\\/schema\\\/logo\\\/image\\\/\",\"url\":\"https:\\\/\\\/tsargipood.ee\\\/wp-content\\\/uploads\\\/2023\\\/06\\\/T-sargipood-logo-1.png\",\"contentUrl\":\"https:\\\/\\\/tsargipood.ee\\\/wp-content\\\/uploads\\\/2023\\\/06\\\/T-sargipood-logo-1.png\",\"width\":540,\"height\":540,\"caption\":\"T-S\u00e4rgipood\"},\"image\":{\"@id\":\"https:\\\/\\\/tsargipood.ee\\\/#\\\/schema\\\/logo\\\/image\\\/\"},\"sameAs\":[\"https:\\\/\\\/www.facebook.com\\\/profile.php?id=100090772812912\",\"https:\\\/\\\/www.instagram.com\\\/tsargipood\\\/\"]}]}<\/script>\n<!-- \/ Yoast SEO plugin. -->","yoast_head_json":{"title":"Nimepusa | Oma hoovi pusa | Oma k\u00fcla pusa","description":"Loo unikaalne nimepusa! Lisa oma nimi, h\u00fc\u00fcdnimi v\u00f5i eriline s\u00f5num. Kvaliteetsed materjalid ja isikup\u00e4rane disain. Tellimine kiire ja lihtne!","robots":{"index":"index","follow":"follow","max-snippet":"max-snippet:-1","max-image-preview":"max-image-preview:large","max-video-preview":"max-video-preview:-1"},"canonical":"https:\/\/tsargipood.ee\/en\/product\/nimepusa\/","og_locale":"en_GB","og_type":"article","og_title":"Nimepusa | Oma hoovi pusa | Oma k\u00fcla pusa","og_description":"Loo unikaalne nimepusa! Lisa oma nimi, h\u00fc\u00fcdnimi v\u00f5i eriline s\u00f5num. Kvaliteetsed materjalid ja isikup\u00e4rane disain. Tellimine kiire ja lihtne!","og_url":"https:\/\/tsargipood.ee\/en\/product\/nimepusa\/","og_site_name":"T-s\u00e4rgipood - Disaini oma T-s\u00e4rk","article_publisher":"https:\/\/www.facebook.com\/profile.php?id=100090772812912","article_modified_time":"2026-02-02T11:27:30+00:00","og_image":[{"width":1280,"height":1280,"url":"https:\/\/tsargipood.ee\/wp-content\/uploads\/2024\/01\/pusa.png","type":"image\/png"}],"twitter_card":"summary_large_image","twitter_misc":{"Estimated reading time":"1 minute"},"schema":{"@context":"https:\/\/schema.org","@graph":[{"@type":"WebPage","@id":"https:\/\/tsargipood.ee\/product\/nimepusa\/","url":"https:\/\/tsargipood.ee\/product\/nimepusa\/","name":"Nimepusa | Oma hoovi pusa | Oma k\u00fcla pusa","isPartOf":{"@id":"https:\/\/tsargipood.ee\/#website"},"primaryImageOfPage":{"@id":"https:\/\/tsargipood.ee\/product\/nimepusa\/#primaryimage"},"image":{"@id":"https:\/\/tsargipood.ee\/product\/nimepusa\/#primaryimage"},"thumbnailUrl":"https:\/\/tsargipood.ee\/wp-content\/uploads\/2024\/01\/pusa.png","datePublished":"2024-01-12T10:11:46+00:00","dateModified":"2026-02-02T11:27:30+00:00","description":"Loo unikaalne nimepusa! Lisa oma nimi, h\u00fc\u00fcdnimi v\u00f5i eriline s\u00f5num. Kvaliteetsed materjalid ja isikup\u00e4rane disain. Tellimine kiire ja lihtne!","breadcrumb":{"@id":"https:\/\/tsargipood.ee\/product\/nimepusa\/#breadcrumb"},"inLanguage":"en-GB","potentialAction":[{"@type":"ReadAction","target":["https:\/\/tsargipood.ee\/product\/nimepusa\/"]}]},{"@type":"ImageObject","inLanguage":"en-GB","@id":"https:\/\/tsargipood.ee\/product\/nimepusa\/#primaryimage","url":"https:\/\/tsargipood.ee\/wp-content\/uploads\/2024\/01\/pusa.png","contentUrl":"https:\/\/tsargipood.ee\/wp-content\/uploads\/2024\/01\/pusa.png","width":1280,"height":1280,"caption":"pusa oma disainiga"},{"@type":"BreadcrumbList","@id":"https:\/\/tsargipood.ee\/product\/nimepusa\/#breadcrumb","itemListElement":[{"@type":"ListItem","position":1,"name":"Home","item":"https:\/\/tsargipood.ee\/"},{"@type":"ListItem","position":2,"name":"T-s\u00e4rgipood","item":"https:\/\/tsargipood.ee\/"},{"@type":"ListItem","position":3,"name":"Nimepusa"}]},{"@type":"WebSite","@id":"https:\/\/tsargipood.ee\/#website","url":"https:\/\/tsargipood.ee\/","name":"T-shirt shop - Design your own T-shirt","description":"Design your own t-shirt","publisher":{"@id":"https:\/\/tsargipood.ee\/#organization"},"alternateName":"T-s\u00e4rgipood","potentialAction":[{"@type":"SearchAction","target":{"@type":"EntryPoint","urlTemplate":"https:\/\/tsargipood.ee\/?s={search_term_string}"},"query-input":{"@type":"PropertyValueSpecification","valueRequired":true,"valueName":"search_term_string"}}],"inLanguage":"en-GB"},{"@type":"Organization","@id":"https:\/\/tsargipood.ee\/#organization","name":"T-S\u00e4rgipood","alternateName":"Disaini oma t-s\u00e4rk","url":"https:\/\/tsargipood.ee\/","logo":{"@type":"ImageObject","inLanguage":"en-GB","@id":"https:\/\/tsargipood.ee\/#\/schema\/logo\/image\/","url":"https:\/\/tsargipood.ee\/wp-content\/uploads\/2023\/06\/T-sargipood-logo-1.png","contentUrl":"https:\/\/tsargipood.ee\/wp-content\/uploads\/2023\/06\/T-sargipood-logo-1.png","width":540,"height":540,"caption":"T-S\u00e4rgipood"},"image":{"@id":"https:\/\/tsargipood.ee\/#\/schema\/logo\/image\/"},"sameAs":["https:\/\/www.facebook.com\/profile.php?id=100090772812912","https:\/\/www.instagram.com\/tsargipood\/"]}]}},"_links":{"self":[{"href":"https:\/\/tsargipood.ee\/en\/wp-json\/wp\/v2\/product\/12195","targetHints":{"allow":["GET"]}}],"collection":[{"href":"https:\/\/tsargipood.ee\/en\/wp-json\/wp\/v2\/product"}],"about":[{"href":"https:\/\/tsargipood.ee\/en\/wp-json\/wp\/v2\/types\/product"}],"replies":[{"embeddable":true,"href":"https:\/\/tsargipood.ee\/en\/wp-json\/wp\/v2\/comments?post=12195"}],"version-history":[{"count":0,"href":"https:\/\/tsargipood.ee\/en\/wp-json\/wp\/v2\/product\/12195\/revisions"}],"wp:featuredmedia":[{"embeddable":true,"href":"https:\/\/tsargipood.ee\/en\/wp-json\/wp\/v2\/media\/12198"}],"wp:attachment":[{"href":"https:\/\/tsargipood.ee\/en\/wp-json\/wp\/v2\/media?parent=12195"}],"wp:term":[{"taxonomy":"product_brand","embeddable":true,"href":"https:\/\/tsargipood.ee\/en\/wp-json\/wp\/v2\/product_brand?post=12195"},{"taxonomy":"product_cat","embeddable":true,"href":"https:\/\/tsargipood.ee\/en\/wp-json\/wp\/v2\/product_cat?post=12195"},{"taxonomy":"product_tag","embeddable":true,"href":"https:\/\/tsargipood.ee\/en\/wp-json\/wp\/v2\/product_tag?post=12195"}],"curies":[{"name":"wp","href":"https:\/\/api.w.org\/{rel}","templated":true}]}}