{"id":12593,"date":"2024-01-29T09:49:35","date_gmt":"2024-01-29T09:49:35","guid":{"rendered":"https:\/\/tsargipood.ee\/?post_type=product&#038;p=12593"},"modified":"2024-12-01T11:56:31","modified_gmt":"2024-12-01T11:56:31","slug":"veevalaja","status":"publish","type":"product","link":"https:\/\/tsargipood.ee\/en\/product\/veevalaja\/","title":{"rendered":"Aquarius"},"content":{"rendered":"<p class=\"p1\"><b>T-s\u00e4rk Veevalaja sodiaagim\u00e4rgiga \u2013 Vabadus ja innovatsioon igas kandjas!<\/b><b><\/b><\/p>\n<p class=\"p1\">Tooge oma loovus ja vabaduse armastus esile Veevalaja sodiaagim\u00e4rgiga T-s\u00e4rgiga! See T-s\u00e4rk sobib ideaalselt neile, kes hindavad Veevalaja t\u00e4htkujule omast uuendusmeelsust, iseseisvust ja ainulaadsust. Valmistatud kvaliteetsest puuvillast, see s\u00e4rk tagab mugavuse ja vastupidavuse igap\u00e4evaseks kandmiseks.<\/p>\n<p class=\"p3\"><b>Features:<\/b><b><\/b><\/p>\n<p class=\"p4\">\u2022<b>Unikaalne disain:<\/b> Veevalaja sodiaagim\u00e4rk, mis peegeldab vabaduse ja innovatsiooni v\u00e4\u00e4rtusi.<\/p>\n<p class=\"p4\">\u2022<b>Kvaliteetne materjal:<\/b> Pehme ja hingav puuvill, ideaalne igap\u00e4evaseks kandmiseks.<\/p>\n<p class=\"p4\">\u2022<b>Mitmek\u00fclgsus:<\/b> Sobib igaks p\u00e4evaks, vabaajastiiliks v\u00f5i kingituseks.<\/p>\n<p class=\"p4\">\u2022<b>Erinevad suurused:<\/b> Saadaval suurustes S-XXL, et tagada ideaalne sobivus k\u00f5igile.<\/p>\n<p class=\"p4\">\u2022<b>T\u00e4iuslik kingiidee:<\/b> Ideaalne kingitus Veevalaja t\u00e4htkujus s\u00fcndinutele ja astroloogiahuvilistele.<\/p>\n<p class=\"p1\">Olgu see kingitus endale v\u00f5i oma l\u00e4hedasele \u2013 Veevalaja sodiaagim\u00e4rgiga T-s\u00e4rk lisab sinu garderoobi innovatsiooni ja vabaduse.<\/p>\n<p class=\"p1\"><b>Telli t\u00e4na ja kanna Veevalaja loovust ja vabadust oma igap\u00e4evaelus!<\/b><b><\/b><\/p>","protected":false},"excerpt":{"rendered":"<p>Iconic\u00a0<strong>UNISEX T-SHIRT<\/strong><br \/>\nSewn-in sleeve<br \/>\n1\u00d71 rib at the collar<br \/>\nNeck tape for reinforcement in the back<br \/>\nSleeve hem and hem with wide double stitching<br \/>\nMATERIAL: 100% COTTON - ORGANIC - 180 G\/M\u00b2 - MEDIUM FIT<\/p>\n<p><strong><a href=\"https:\/\/tsargipood.ee\/wp-content\/uploads\/2023\/08\/moodutabel-Large.jpeg\">CHART OF MEASUREMENTS<\/a><\/strong><\/p>\n<p><img decoding=\"async\" class=\"size-full wp-image-7539 alignleft entered lazyloaded\" src=\"https:\/\/tsargipood.ee\/wp-content\/uploads\/2023\/08\/PETAVegan-1.png\" alt=\"\" width=\"137\" height=\"50\" data-lazy-src=\"https:\/\/tsargipood.ee\/wp-content\/uploads\/2023\/08\/PETAVegan-1.png\" data-ll-status=\"loaded\" \/><img decoding=\"async\" class=\"size-full wp-image-7538 alignleft entered lazyloaded\" src=\"https:\/\/tsargipood.ee\/wp-content\/uploads\/2023\/08\/OekoTex2012163-1.png\" alt=\"\" width=\"46\" height=\"50\" data-lazy-src=\"https:\/\/tsargipood.ee\/wp-content\/uploads\/2023\/08\/OekoTex2012163-1.png\" data-ll-status=\"loaded\" \/><img decoding=\"async\" class=\"size-full wp-image-7537 alignleft entered lazyloaded\" src=\"https:\/\/tsargipood.ee\/wp-content\/uploads\/2023\/08\/GOTSOrganic-1.png\" alt=\"\" width=\"49\" height=\"50\" data-lazy-src=\"https:\/\/tsargipood.ee\/wp-content\/uploads\/2023\/08\/GOTSOrganic-1.png\" data-ll-status=\"loaded\" \/><img loading=\"lazy\" decoding=\"async\" class=\"size-full wp-image-7536 alignleft entered lazyloaded\" src=\"https:\/\/tsargipood.ee\/wp-content\/uploads\/2023\/08\/Fairwear-1.png\" alt=\"\" width=\"85\" height=\"50\" data-lazy-src=\"https:\/\/tsargipood.ee\/wp-content\/uploads\/2023\/08\/Fairwear-1.png\" data-ll-status=\"loaded\" \/><\/p>","protected":false},"featured_media":12487,"comment_status":"closed","ping_status":"closed","template":"","meta":{"googlesitekit_rrm_CAow0ZS_DA:productID":""},"product_brand":[],"product_cat":[254,20,208],"product_tag":[380,382,387,256,26,379,257,411,409,410],"class_list":{"0":"post-12593","1":"product","2":"type-product","3":"status-publish","4":"has-post-thumbnail","6":"product_cat-sodiaagimargid","7":"product_cat-t-sark","8":"product_cat-varia","9":"product_tag-astroloogia-t-sark","10":"product_tag-isikuparane-t-sark","11":"product_tag-kvaliteetne-sodiaagisark","12":"product_tag-sodiaagimargid","13":"product_tag-t-sark","14":"product_tag-t-sark-sodiaagimargiga","15":"product_tag-veevalaja","16":"product_tag-veevalaja-mark-riietel","17":"product_tag-veevalaja-sodiaagimargi-t-sark","18":"product_tag-veevalaja-tahtkuju-t-sark","19":"fpd-variation-needed","21":"first","22":"instock","23":"taxable","24":"shipping-taxable","25":"purchasable","26":"product-type-variable"},"yoast_head":"<!-- This site is optimized with the Yoast SEO plugin v27.5 - https:\/\/yoast.com\/product\/yoast-seo-wordpress\/ -->\n<title>Veevalaja | T-s\u00e4rgipood - Disaini oma T-s\u00e4rk<\/title>\n<meta name=\"description\" content=\"Veevalaja sodiaagim\u00e4rgiga T-s\u00e4rk \u2013 vabadus ja innovatsioon! Kvaliteetne materjal, unikaalne disain ja ideaalne kingitus Veevalaja t\u00e4htkujus s\u00fcndinutele.\" \/>\n<meta name=\"robots\" content=\"index, follow, max-snippet:-1, max-image-preview:large, max-video-preview:-1\" \/>\n<link rel=\"canonical\" href=\"https:\/\/tsargipood.ee\/en\/product\/veevalaja\/\" \/>\n<meta property=\"og:locale\" content=\"en_GB\" \/>\n<meta property=\"og:type\" content=\"article\" \/>\n<meta property=\"og:title\" content=\"Veevalaja | T-s\u00e4rgipood - Disaini oma T-s\u00e4rk\" \/>\n<meta property=\"og:description\" content=\"Veevalaja sodiaagim\u00e4rgiga T-s\u00e4rk \u2013 vabadus ja innovatsioon! Kvaliteetne materjal, unikaalne disain ja ideaalne kingitus Veevalaja t\u00e4htkujus s\u00fcndinutele.\" \/>\n<meta property=\"og:url\" content=\"https:\/\/tsargipood.ee\/en\/product\/veevalaja\/\" \/>\n<meta property=\"og:site_name\" content=\"T-s\u00e4rgipood - Disaini oma T-s\u00e4rk\" \/>\n<meta property=\"article:publisher\" content=\"https:\/\/www.facebook.com\/profile.php?id=100090772812912\" \/>\n<meta property=\"article:modified_time\" content=\"2024-12-01T11:56:31+00:00\" \/>\n<meta property=\"og:image\" content=\"https:\/\/tsargipood.ee\/wp-content\/uploads\/2024\/01\/veevalaja.png\" \/>\n\t<meta property=\"og:image:width\" content=\"1920\" \/>\n\t<meta property=\"og:image:height\" content=\"1920\" \/>\n\t<meta property=\"og:image:type\" content=\"image\/png\" \/>\n<meta name=\"twitter:card\" content=\"summary_large_image\" \/>\n<meta name=\"twitter:label1\" content=\"Estimated reading time\" \/>\n\t<meta name=\"twitter:data1\" content=\"1 minute\" \/>\n<script type=\"application\/ld+json\" class=\"yoast-schema-graph\">{\"@context\":\"https:\\\/\\\/schema.org\",\"@graph\":[{\"@type\":\"WebPage\",\"@id\":\"https:\\\/\\\/tsargipood.ee\\\/product\\\/veevalaja\\\/\",\"url\":\"https:\\\/\\\/tsargipood.ee\\\/product\\\/veevalaja\\\/\",\"name\":\"Veevalaja | T-s\u00e4rgipood - Disaini oma T-s\u00e4rk\",\"isPartOf\":{\"@id\":\"https:\\\/\\\/tsargipood.ee\\\/#website\"},\"primaryImageOfPage\":{\"@id\":\"https:\\\/\\\/tsargipood.ee\\\/product\\\/veevalaja\\\/#primaryimage\"},\"image\":{\"@id\":\"https:\\\/\\\/tsargipood.ee\\\/product\\\/veevalaja\\\/#primaryimage\"},\"thumbnailUrl\":\"https:\\\/\\\/tsargipood.ee\\\/wp-content\\\/uploads\\\/2024\\\/01\\\/veevalaja.png\",\"datePublished\":\"2024-01-29T09:49:35+00:00\",\"dateModified\":\"2024-12-01T11:56:31+00:00\",\"description\":\"Veevalaja sodiaagim\u00e4rgiga T-s\u00e4rk \u2013 vabadus ja innovatsioon! Kvaliteetne materjal, unikaalne disain ja ideaalne kingitus Veevalaja t\u00e4htkujus s\u00fcndinutele.\",\"breadcrumb\":{\"@id\":\"https:\\\/\\\/tsargipood.ee\\\/product\\\/veevalaja\\\/#breadcrumb\"},\"inLanguage\":\"en-GB\",\"potentialAction\":[{\"@type\":\"ReadAction\",\"target\":[\"https:\\\/\\\/tsargipood.ee\\\/product\\\/veevalaja\\\/\"]}]},{\"@type\":\"ImageObject\",\"inLanguage\":\"en-GB\",\"@id\":\"https:\\\/\\\/tsargipood.ee\\\/product\\\/veevalaja\\\/#primaryimage\",\"url\":\"https:\\\/\\\/tsargipood.ee\\\/wp-content\\\/uploads\\\/2024\\\/01\\\/veevalaja.png\",\"contentUrl\":\"https:\\\/\\\/tsargipood.ee\\\/wp-content\\\/uploads\\\/2024\\\/01\\\/veevalaja.png\",\"width\":1920,\"height\":1920,\"caption\":\"veevalaja\"},{\"@type\":\"BreadcrumbList\",\"@id\":\"https:\\\/\\\/tsargipood.ee\\\/product\\\/veevalaja\\\/#breadcrumb\",\"itemListElement\":[{\"@type\":\"ListItem\",\"position\":1,\"name\":\"Home\",\"item\":\"https:\\\/\\\/tsargipood.ee\\\/\"},{\"@type\":\"ListItem\",\"position\":2,\"name\":\"T-s\u00e4rgipood\",\"item\":\"https:\\\/\\\/tsargipood.ee\\\/\"},{\"@type\":\"ListItem\",\"position\":3,\"name\":\"Veevalaja\"}]},{\"@type\":\"WebSite\",\"@id\":\"https:\\\/\\\/tsargipood.ee\\\/#website\",\"url\":\"https:\\\/\\\/tsargipood.ee\\\/\",\"name\":\"T-s\u00e4rgipood - Disaini oma T-s\u00e4rk\",\"description\":\"Kujunda oma t-s\u00e4rk\",\"publisher\":{\"@id\":\"https:\\\/\\\/tsargipood.ee\\\/#organization\"},\"alternateName\":\"T-s\u00e4rgipood\",\"potentialAction\":[{\"@type\":\"SearchAction\",\"target\":{\"@type\":\"EntryPoint\",\"urlTemplate\":\"https:\\\/\\\/tsargipood.ee\\\/?s={search_term_string}\"},\"query-input\":{\"@type\":\"PropertyValueSpecification\",\"valueRequired\":true,\"valueName\":\"search_term_string\"}}],\"inLanguage\":\"en-GB\"},{\"@type\":\"Organization\",\"@id\":\"https:\\\/\\\/tsargipood.ee\\\/#organization\",\"name\":\"T-S\u00e4rgipood\",\"alternateName\":\"Disaini oma t-s\u00e4rk\",\"url\":\"https:\\\/\\\/tsargipood.ee\\\/\",\"logo\":{\"@type\":\"ImageObject\",\"inLanguage\":\"en-GB\",\"@id\":\"https:\\\/\\\/tsargipood.ee\\\/#\\\/schema\\\/logo\\\/image\\\/\",\"url\":\"https:\\\/\\\/tsargipood.ee\\\/wp-content\\\/uploads\\\/2023\\\/06\\\/T-sargipood-logo-1.png\",\"contentUrl\":\"https:\\\/\\\/tsargipood.ee\\\/wp-content\\\/uploads\\\/2023\\\/06\\\/T-sargipood-logo-1.png\",\"width\":540,\"height\":540,\"caption\":\"T-S\u00e4rgipood\"},\"image\":{\"@id\":\"https:\\\/\\\/tsargipood.ee\\\/#\\\/schema\\\/logo\\\/image\\\/\"},\"sameAs\":[\"https:\\\/\\\/www.facebook.com\\\/profile.php?id=100090772812912\",\"https:\\\/\\\/www.instagram.com\\\/tsargipood\\\/\"]}]}<\/script>\n<!-- \/ Yoast SEO plugin. -->","yoast_head_json":{"title":"Veevalaja | T-s\u00e4rgipood - Disaini oma T-s\u00e4rk","description":"Veevalaja sodiaagim\u00e4rgiga T-s\u00e4rk \u2013 vabadus ja innovatsioon! Kvaliteetne materjal, unikaalne disain ja ideaalne kingitus Veevalaja t\u00e4htkujus s\u00fcndinutele.","robots":{"index":"index","follow":"follow","max-snippet":"max-snippet:-1","max-image-preview":"max-image-preview:large","max-video-preview":"max-video-preview:-1"},"canonical":"https:\/\/tsargipood.ee\/en\/product\/veevalaja\/","og_locale":"en_GB","og_type":"article","og_title":"Veevalaja | T-s\u00e4rgipood - Disaini oma T-s\u00e4rk","og_description":"Veevalaja sodiaagim\u00e4rgiga T-s\u00e4rk \u2013 vabadus ja innovatsioon! Kvaliteetne materjal, unikaalne disain ja ideaalne kingitus Veevalaja t\u00e4htkujus s\u00fcndinutele.","og_url":"https:\/\/tsargipood.ee\/en\/product\/veevalaja\/","og_site_name":"T-s\u00e4rgipood - Disaini oma T-s\u00e4rk","article_publisher":"https:\/\/www.facebook.com\/profile.php?id=100090772812912","article_modified_time":"2024-12-01T11:56:31+00:00","og_image":[{"width":1920,"height":1920,"url":"https:\/\/tsargipood.ee\/wp-content\/uploads\/2024\/01\/veevalaja.png","type":"image\/png"}],"twitter_card":"summary_large_image","twitter_misc":{"Estimated reading time":"1 minute"},"schema":{"@context":"https:\/\/schema.org","@graph":[{"@type":"WebPage","@id":"https:\/\/tsargipood.ee\/product\/veevalaja\/","url":"https:\/\/tsargipood.ee\/product\/veevalaja\/","name":"Veevalaja | T-s\u00e4rgipood - Disaini oma T-s\u00e4rk","isPartOf":{"@id":"https:\/\/tsargipood.ee\/#website"},"primaryImageOfPage":{"@id":"https:\/\/tsargipood.ee\/product\/veevalaja\/#primaryimage"},"image":{"@id":"https:\/\/tsargipood.ee\/product\/veevalaja\/#primaryimage"},"thumbnailUrl":"https:\/\/tsargipood.ee\/wp-content\/uploads\/2024\/01\/veevalaja.png","datePublished":"2024-01-29T09:49:35+00:00","dateModified":"2024-12-01T11:56:31+00:00","description":"Veevalaja sodiaagim\u00e4rgiga T-s\u00e4rk \u2013 vabadus ja innovatsioon! Kvaliteetne materjal, unikaalne disain ja ideaalne kingitus Veevalaja t\u00e4htkujus s\u00fcndinutele.","breadcrumb":{"@id":"https:\/\/tsargipood.ee\/product\/veevalaja\/#breadcrumb"},"inLanguage":"en-GB","potentialAction":[{"@type":"ReadAction","target":["https:\/\/tsargipood.ee\/product\/veevalaja\/"]}]},{"@type":"ImageObject","inLanguage":"en-GB","@id":"https:\/\/tsargipood.ee\/product\/veevalaja\/#primaryimage","url":"https:\/\/tsargipood.ee\/wp-content\/uploads\/2024\/01\/veevalaja.png","contentUrl":"https:\/\/tsargipood.ee\/wp-content\/uploads\/2024\/01\/veevalaja.png","width":1920,"height":1920,"caption":"veevalaja"},{"@type":"BreadcrumbList","@id":"https:\/\/tsargipood.ee\/product\/veevalaja\/#breadcrumb","itemListElement":[{"@type":"ListItem","position":1,"name":"Home","item":"https:\/\/tsargipood.ee\/"},{"@type":"ListItem","position":2,"name":"T-s\u00e4rgipood","item":"https:\/\/tsargipood.ee\/"},{"@type":"ListItem","position":3,"name":"Veevalaja"}]},{"@type":"WebSite","@id":"https:\/\/tsargipood.ee\/#website","url":"https:\/\/tsargipood.ee\/","name":"T-shirt shop - Design your own T-shirt","description":"Design your own t-shirt","publisher":{"@id":"https:\/\/tsargipood.ee\/#organization"},"alternateName":"T-s\u00e4rgipood","potentialAction":[{"@type":"SearchAction","target":{"@type":"EntryPoint","urlTemplate":"https:\/\/tsargipood.ee\/?s={search_term_string}"},"query-input":{"@type":"PropertyValueSpecification","valueRequired":true,"valueName":"search_term_string"}}],"inLanguage":"en-GB"},{"@type":"Organization","@id":"https:\/\/tsargipood.ee\/#organization","name":"T-S\u00e4rgipood","alternateName":"Disaini oma t-s\u00e4rk","url":"https:\/\/tsargipood.ee\/","logo":{"@type":"ImageObject","inLanguage":"en-GB","@id":"https:\/\/tsargipood.ee\/#\/schema\/logo\/image\/","url":"https:\/\/tsargipood.ee\/wp-content\/uploads\/2023\/06\/T-sargipood-logo-1.png","contentUrl":"https:\/\/tsargipood.ee\/wp-content\/uploads\/2023\/06\/T-sargipood-logo-1.png","width":540,"height":540,"caption":"T-S\u00e4rgipood"},"image":{"@id":"https:\/\/tsargipood.ee\/#\/schema\/logo\/image\/"},"sameAs":["https:\/\/www.facebook.com\/profile.php?id=100090772812912","https:\/\/www.instagram.com\/tsargipood\/"]}]}},"_links":{"self":[{"href":"https:\/\/tsargipood.ee\/en\/wp-json\/wp\/v2\/product\/12593","targetHints":{"allow":["GET"]}}],"collection":[{"href":"https:\/\/tsargipood.ee\/en\/wp-json\/wp\/v2\/product"}],"about":[{"href":"https:\/\/tsargipood.ee\/en\/wp-json\/wp\/v2\/types\/product"}],"replies":[{"embeddable":true,"href":"https:\/\/tsargipood.ee\/en\/wp-json\/wp\/v2\/comments?post=12593"}],"version-history":[{"count":0,"href":"https:\/\/tsargipood.ee\/en\/wp-json\/wp\/v2\/product\/12593\/revisions"}],"wp:featuredmedia":[{"embeddable":true,"href":"https:\/\/tsargipood.ee\/en\/wp-json\/wp\/v2\/media\/12487"}],"wp:attachment":[{"href":"https:\/\/tsargipood.ee\/en\/wp-json\/wp\/v2\/media?parent=12593"}],"wp:term":[{"taxonomy":"product_brand","embeddable":true,"href":"https:\/\/tsargipood.ee\/en\/wp-json\/wp\/v2\/product_brand?post=12593"},{"taxonomy":"product_cat","embeddable":true,"href":"https:\/\/tsargipood.ee\/en\/wp-json\/wp\/v2\/product_cat?post=12593"},{"taxonomy":"product_tag","embeddable":true,"href":"https:\/\/tsargipood.ee\/en\/wp-json\/wp\/v2\/product_tag?post=12593"}],"curies":[{"name":"wp","href":"https:\/\/api.w.org\/{rel}","templated":true}]}}