{"id":13555,"date":"2024-09-12T10:14:44","date_gmt":"2024-09-12T10:14:44","guid":{"rendered":"https:\/\/tsargipood.ee\/?post_type=product&#038;p=13555"},"modified":"2025-02-13T06:23:27","modified_gmt":"2025-02-13T06:23:27","slug":"kvaliteetsed-nahast-graveeritud-embleemid-mutsidele","status":"publish","type":"product","link":"https:\/\/tsargipood.ee\/en\/product\/kvaliteetsed-nahast-graveeritud-embleemid-mutsidele\/","title":{"rendered":"Graveeritud embleemiga m\u00fcts"},"content":{"rendered":"<p>Stiilne ja vastupidav nokam\u00fcts unikaalse nahast graveeritud embleemiga. See m\u00fcts on ideaalne valik neile, kes hindavad isikup\u00e4rast disaini ja kvaliteetset materjali. M\u00fctsi esik\u00fcljel olev embleem on valmistatud ehtsast nahast ning graveeritud detailse ja t\u00e4pse mustriga, mis annab sellele luksusliku ja erilise ilme. Sobib igap\u00e4evaseks kandmiseks ning on suurep\u00e4rane aksessuaar, mis t\u00e4iustab teie riietust.<\/p>","protected":false},"excerpt":{"rendered":"<div>Kvaliteetne nokam\u00fcts<\/div>\n<div>\u2022Nahast graveeritud embleem, tegemist kunstnagaga.<\/div>\n<div>\u2022Reguleeritav kinnitus, sobib erinevatele suurustele<\/div>\n<div>\u2022Saadaval mitmes v\u00e4rvitoonis<\/div>\n<div>\u2022Vastupidav ja mugav disain<\/div>\n<div><\/div>\n<div>Lisa oma garderoobi isikup\u00e4ra selle ainulaadse ja trendika nokam\u00fctsiga!<\/div>","protected":false},"featured_media":13710,"comment_status":"closed","ping_status":"closed","template":"","meta":{"googlesitekit_rrm_CAow0ZS_DA:productID":""},"product_brand":[],"product_cat":[289,23],"product_tag":[498,497,496,500,494,499,501,503,27,504,502],"class_list":{"0":"post-13555","1":"product","2":"type-product","3":"status-publish","4":"has-post-thumbnail","6":"product_cat-muts","7":"product_cat-nokamuts","8":"product_tag-embleem","9":"product_tag-graveering","10":"product_tag-graveeritud-embleemiga-muts","11":"product_tag-isikuparane-muts","12":"product_tag-kingiidee","13":"product_tag-kohandatud-muts","14":"product_tag-logo-muts","15":"product_tag-meeste-muts","16":"product_tag-muts","17":"product_tag-naiste-muts","18":"product_tag-personaliseeritud-aksessuaar","19":"fpd-variation-needed","20":"wcpa_has_options","22":"first","23":"instock","24":"taxable","25":"shipping-taxable","26":"purchasable","27":"product-type-variable"},"yoast_head":"<!-- This site is optimized with the Yoast SEO plugin v27.5 - https:\/\/yoast.com\/product\/yoast-seo-wordpress\/ -->\n<title>Graveeritud embleemiga m\u00fcts | T-s\u00e4rgipood - Disaini oma T-s\u00e4rk<\/title>\n<meta name=\"description\" content=\"Osta ainulaadsed ja vastupidavad nahast graveeritud embleemid oma m\u00fctsidele. Personaalne disain, kiire tootmine ja tarnimine.\" \/>\n<meta name=\"robots\" content=\"index, follow, max-snippet:-1, max-image-preview:large, max-video-preview:-1\" \/>\n<link rel=\"canonical\" href=\"https:\/\/tsargipood.ee\/en\/product\/kvaliteetsed-nahast-graveeritud-embleemid-mutsidele\/\" \/>\n<meta property=\"og:locale\" content=\"en_GB\" \/>\n<meta property=\"og:type\" content=\"article\" \/>\n<meta property=\"og:title\" content=\"Graveeritud embleemiga m\u00fcts | T-s\u00e4rgipood - Disaini oma T-s\u00e4rk\" \/>\n<meta property=\"og:description\" content=\"Osta ainulaadsed ja vastupidavad nahast graveeritud embleemid oma m\u00fctsidele. Personaalne disain, kiire tootmine ja tarnimine.\" \/>\n<meta property=\"og:url\" content=\"https:\/\/tsargipood.ee\/en\/product\/kvaliteetsed-nahast-graveeritud-embleemid-mutsidele\/\" \/>\n<meta property=\"og:site_name\" content=\"T-s\u00e4rgipood - Disaini oma T-s\u00e4rk\" \/>\n<meta property=\"article:publisher\" content=\"https:\/\/www.facebook.com\/profile.php?id=100090772812912\" \/>\n<meta property=\"article:modified_time\" content=\"2025-02-13T06:23:27+00:00\" \/>\n<meta property=\"og:image\" content=\"https:\/\/tsargipood.ee\/wp-content\/uploads\/2024\/09\/Kvaliteetsed-nahast-graveeritud-embleemid-mutsidele-2.png\" \/>\n\t<meta property=\"og:image:width\" content=\"2000\" \/>\n\t<meta property=\"og:image:height\" content=\"3000\" \/>\n\t<meta property=\"og:image:type\" content=\"image\/png\" \/>\n<meta name=\"twitter:card\" content=\"summary_large_image\" \/>\n<meta name=\"twitter:label1\" content=\"Estimated reading time\" \/>\n\t<meta name=\"twitter:data1\" content=\"1 minute\" \/>\n<script type=\"application\/ld+json\" class=\"yoast-schema-graph\">{\"@context\":\"https:\\\/\\\/schema.org\",\"@graph\":[{\"@type\":\"WebPage\",\"@id\":\"https:\\\/\\\/tsargipood.ee\\\/product\\\/kvaliteetsed-nahast-graveeritud-embleemid-mutsidele\\\/\",\"url\":\"https:\\\/\\\/tsargipood.ee\\\/product\\\/kvaliteetsed-nahast-graveeritud-embleemid-mutsidele\\\/\",\"name\":\"Graveeritud embleemiga m\u00fcts | T-s\u00e4rgipood - Disaini oma T-s\u00e4rk\",\"isPartOf\":{\"@id\":\"https:\\\/\\\/tsargipood.ee\\\/#website\"},\"primaryImageOfPage\":{\"@id\":\"https:\\\/\\\/tsargipood.ee\\\/product\\\/kvaliteetsed-nahast-graveeritud-embleemid-mutsidele\\\/#primaryimage\"},\"image\":{\"@id\":\"https:\\\/\\\/tsargipood.ee\\\/product\\\/kvaliteetsed-nahast-graveeritud-embleemid-mutsidele\\\/#primaryimage\"},\"thumbnailUrl\":\"https:\\\/\\\/tsargipood.ee\\\/wp-content\\\/uploads\\\/2024\\\/09\\\/Kvaliteetsed-nahast-graveeritud-embleemid-mutsidele-2-scaled.png\",\"datePublished\":\"2024-09-12T10:14:44+00:00\",\"dateModified\":\"2025-02-13T06:23:27+00:00\",\"description\":\"Osta ainulaadsed ja vastupidavad nahast graveeritud embleemid oma m\u00fctsidele. Personaalne disain, kiire tootmine ja tarnimine.\",\"breadcrumb\":{\"@id\":\"https:\\\/\\\/tsargipood.ee\\\/product\\\/kvaliteetsed-nahast-graveeritud-embleemid-mutsidele\\\/#breadcrumb\"},\"inLanguage\":\"en-GB\",\"potentialAction\":[{\"@type\":\"ReadAction\",\"target\":[\"https:\\\/\\\/tsargipood.ee\\\/product\\\/kvaliteetsed-nahast-graveeritud-embleemid-mutsidele\\\/\"]}]},{\"@type\":\"ImageObject\",\"inLanguage\":\"en-GB\",\"@id\":\"https:\\\/\\\/tsargipood.ee\\\/product\\\/kvaliteetsed-nahast-graveeritud-embleemid-mutsidele\\\/#primaryimage\",\"url\":\"https:\\\/\\\/tsargipood.ee\\\/wp-content\\\/uploads\\\/2024\\\/09\\\/Kvaliteetsed-nahast-graveeritud-embleemid-mutsidele-2-scaled.png\",\"contentUrl\":\"https:\\\/\\\/tsargipood.ee\\\/wp-content\\\/uploads\\\/2024\\\/09\\\/Kvaliteetsed-nahast-graveeritud-embleemid-mutsidele-2-scaled.png\",\"width\":2560,\"height\":2560,\"caption\":\"Kvaliteetsed nahast graveeritud embleemid m\u00fctsidele-2\"},{\"@type\":\"BreadcrumbList\",\"@id\":\"https:\\\/\\\/tsargipood.ee\\\/product\\\/kvaliteetsed-nahast-graveeritud-embleemid-mutsidele\\\/#breadcrumb\",\"itemListElement\":[{\"@type\":\"ListItem\",\"position\":1,\"name\":\"Home\",\"item\":\"https:\\\/\\\/tsargipood.ee\\\/\"},{\"@type\":\"ListItem\",\"position\":2,\"name\":\"T-s\u00e4rgipood\",\"item\":\"https:\\\/\\\/tsargipood.ee\\\/\"},{\"@type\":\"ListItem\",\"position\":3,\"name\":\"Graveeritud embleemiga m\u00fcts\"}]},{\"@type\":\"WebSite\",\"@id\":\"https:\\\/\\\/tsargipood.ee\\\/#website\",\"url\":\"https:\\\/\\\/tsargipood.ee\\\/\",\"name\":\"T-s\u00e4rgipood - Disaini oma T-s\u00e4rk\",\"description\":\"Kujunda oma t-s\u00e4rk\",\"publisher\":{\"@id\":\"https:\\\/\\\/tsargipood.ee\\\/#organization\"},\"alternateName\":\"T-s\u00e4rgipood\",\"potentialAction\":[{\"@type\":\"SearchAction\",\"target\":{\"@type\":\"EntryPoint\",\"urlTemplate\":\"https:\\\/\\\/tsargipood.ee\\\/?s={search_term_string}\"},\"query-input\":{\"@type\":\"PropertyValueSpecification\",\"valueRequired\":true,\"valueName\":\"search_term_string\"}}],\"inLanguage\":\"en-GB\"},{\"@type\":\"Organization\",\"@id\":\"https:\\\/\\\/tsargipood.ee\\\/#organization\",\"name\":\"T-S\u00e4rgipood\",\"alternateName\":\"Disaini oma t-s\u00e4rk\",\"url\":\"https:\\\/\\\/tsargipood.ee\\\/\",\"logo\":{\"@type\":\"ImageObject\",\"inLanguage\":\"en-GB\",\"@id\":\"https:\\\/\\\/tsargipood.ee\\\/#\\\/schema\\\/logo\\\/image\\\/\",\"url\":\"https:\\\/\\\/tsargipood.ee\\\/wp-content\\\/uploads\\\/2023\\\/06\\\/T-sargipood-logo-1.png\",\"contentUrl\":\"https:\\\/\\\/tsargipood.ee\\\/wp-content\\\/uploads\\\/2023\\\/06\\\/T-sargipood-logo-1.png\",\"width\":540,\"height\":540,\"caption\":\"T-S\u00e4rgipood\"},\"image\":{\"@id\":\"https:\\\/\\\/tsargipood.ee\\\/#\\\/schema\\\/logo\\\/image\\\/\"},\"sameAs\":[\"https:\\\/\\\/www.facebook.com\\\/profile.php?id=100090772812912\",\"https:\\\/\\\/www.instagram.com\\\/tsargipood\\\/\"]}]}<\/script>\n<!-- \/ Yoast SEO plugin. -->","yoast_head_json":{"title":"Graveeritud embleemiga m\u00fcts | T-s\u00e4rgipood - Disaini oma T-s\u00e4rk","description":"Osta ainulaadsed ja vastupidavad nahast graveeritud embleemid oma m\u00fctsidele. Personaalne disain, kiire tootmine ja tarnimine.","robots":{"index":"index","follow":"follow","max-snippet":"max-snippet:-1","max-image-preview":"max-image-preview:large","max-video-preview":"max-video-preview:-1"},"canonical":"https:\/\/tsargipood.ee\/en\/product\/kvaliteetsed-nahast-graveeritud-embleemid-mutsidele\/","og_locale":"en_GB","og_type":"article","og_title":"Graveeritud embleemiga m\u00fcts | T-s\u00e4rgipood - Disaini oma T-s\u00e4rk","og_description":"Osta ainulaadsed ja vastupidavad nahast graveeritud embleemid oma m\u00fctsidele. Personaalne disain, kiire tootmine ja tarnimine.","og_url":"https:\/\/tsargipood.ee\/en\/product\/kvaliteetsed-nahast-graveeritud-embleemid-mutsidele\/","og_site_name":"T-s\u00e4rgipood - Disaini oma T-s\u00e4rk","article_publisher":"https:\/\/www.facebook.com\/profile.php?id=100090772812912","article_modified_time":"2025-02-13T06:23:27+00:00","og_image":[{"width":2000,"height":3000,"url":"https:\/\/tsargipood.ee\/wp-content\/uploads\/2024\/09\/Kvaliteetsed-nahast-graveeritud-embleemid-mutsidele-2.png","type":"image\/png"}],"twitter_card":"summary_large_image","twitter_misc":{"Estimated reading time":"1 minute"},"schema":{"@context":"https:\/\/schema.org","@graph":[{"@type":"WebPage","@id":"https:\/\/tsargipood.ee\/product\/kvaliteetsed-nahast-graveeritud-embleemid-mutsidele\/","url":"https:\/\/tsargipood.ee\/product\/kvaliteetsed-nahast-graveeritud-embleemid-mutsidele\/","name":"Graveeritud embleemiga m\u00fcts | T-s\u00e4rgipood - Disaini oma T-s\u00e4rk","isPartOf":{"@id":"https:\/\/tsargipood.ee\/#website"},"primaryImageOfPage":{"@id":"https:\/\/tsargipood.ee\/product\/kvaliteetsed-nahast-graveeritud-embleemid-mutsidele\/#primaryimage"},"image":{"@id":"https:\/\/tsargipood.ee\/product\/kvaliteetsed-nahast-graveeritud-embleemid-mutsidele\/#primaryimage"},"thumbnailUrl":"https:\/\/tsargipood.ee\/wp-content\/uploads\/2024\/09\/Kvaliteetsed-nahast-graveeritud-embleemid-mutsidele-2-scaled.png","datePublished":"2024-09-12T10:14:44+00:00","dateModified":"2025-02-13T06:23:27+00:00","description":"Osta ainulaadsed ja vastupidavad nahast graveeritud embleemid oma m\u00fctsidele. Personaalne disain, kiire tootmine ja tarnimine.","breadcrumb":{"@id":"https:\/\/tsargipood.ee\/product\/kvaliteetsed-nahast-graveeritud-embleemid-mutsidele\/#breadcrumb"},"inLanguage":"en-GB","potentialAction":[{"@type":"ReadAction","target":["https:\/\/tsargipood.ee\/product\/kvaliteetsed-nahast-graveeritud-embleemid-mutsidele\/"]}]},{"@type":"ImageObject","inLanguage":"en-GB","@id":"https:\/\/tsargipood.ee\/product\/kvaliteetsed-nahast-graveeritud-embleemid-mutsidele\/#primaryimage","url":"https:\/\/tsargipood.ee\/wp-content\/uploads\/2024\/09\/Kvaliteetsed-nahast-graveeritud-embleemid-mutsidele-2-scaled.png","contentUrl":"https:\/\/tsargipood.ee\/wp-content\/uploads\/2024\/09\/Kvaliteetsed-nahast-graveeritud-embleemid-mutsidele-2-scaled.png","width":2560,"height":2560,"caption":"Kvaliteetsed nahast graveeritud embleemid m\u00fctsidele-2"},{"@type":"BreadcrumbList","@id":"https:\/\/tsargipood.ee\/product\/kvaliteetsed-nahast-graveeritud-embleemid-mutsidele\/#breadcrumb","itemListElement":[{"@type":"ListItem","position":1,"name":"Home","item":"https:\/\/tsargipood.ee\/"},{"@type":"ListItem","position":2,"name":"T-s\u00e4rgipood","item":"https:\/\/tsargipood.ee\/"},{"@type":"ListItem","position":3,"name":"Graveeritud embleemiga m\u00fcts"}]},{"@type":"WebSite","@id":"https:\/\/tsargipood.ee\/#website","url":"https:\/\/tsargipood.ee\/","name":"T-shirt shop - Design your own T-shirt","description":"Design your own t-shirt","publisher":{"@id":"https:\/\/tsargipood.ee\/#organization"},"alternateName":"T-s\u00e4rgipood","potentialAction":[{"@type":"SearchAction","target":{"@type":"EntryPoint","urlTemplate":"https:\/\/tsargipood.ee\/?s={search_term_string}"},"query-input":{"@type":"PropertyValueSpecification","valueRequired":true,"valueName":"search_term_string"}}],"inLanguage":"en-GB"},{"@type":"Organization","@id":"https:\/\/tsargipood.ee\/#organization","name":"T-S\u00e4rgipood","alternateName":"Disaini oma t-s\u00e4rk","url":"https:\/\/tsargipood.ee\/","logo":{"@type":"ImageObject","inLanguage":"en-GB","@id":"https:\/\/tsargipood.ee\/#\/schema\/logo\/image\/","url":"https:\/\/tsargipood.ee\/wp-content\/uploads\/2023\/06\/T-sargipood-logo-1.png","contentUrl":"https:\/\/tsargipood.ee\/wp-content\/uploads\/2023\/06\/T-sargipood-logo-1.png","width":540,"height":540,"caption":"T-S\u00e4rgipood"},"image":{"@id":"https:\/\/tsargipood.ee\/#\/schema\/logo\/image\/"},"sameAs":["https:\/\/www.facebook.com\/profile.php?id=100090772812912","https:\/\/www.instagram.com\/tsargipood\/"]}]}},"_links":{"self":[{"href":"https:\/\/tsargipood.ee\/en\/wp-json\/wp\/v2\/product\/13555","targetHints":{"allow":["GET"]}}],"collection":[{"href":"https:\/\/tsargipood.ee\/en\/wp-json\/wp\/v2\/product"}],"about":[{"href":"https:\/\/tsargipood.ee\/en\/wp-json\/wp\/v2\/types\/product"}],"replies":[{"embeddable":true,"href":"https:\/\/tsargipood.ee\/en\/wp-json\/wp\/v2\/comments?post=13555"}],"version-history":[{"count":0,"href":"https:\/\/tsargipood.ee\/en\/wp-json\/wp\/v2\/product\/13555\/revisions"}],"wp:featuredmedia":[{"embeddable":true,"href":"https:\/\/tsargipood.ee\/en\/wp-json\/wp\/v2\/media\/13710"}],"wp:attachment":[{"href":"https:\/\/tsargipood.ee\/en\/wp-json\/wp\/v2\/media?parent=13555"}],"wp:term":[{"taxonomy":"product_brand","embeddable":true,"href":"https:\/\/tsargipood.ee\/en\/wp-json\/wp\/v2\/product_brand?post=13555"},{"taxonomy":"product_cat","embeddable":true,"href":"https:\/\/tsargipood.ee\/en\/wp-json\/wp\/v2\/product_cat?post=13555"},{"taxonomy":"product_tag","embeddable":true,"href":"https:\/\/tsargipood.ee\/en\/wp-json\/wp\/v2\/product_tag?post=13555"}],"curies":[{"name":"wp","href":"https:\/\/api.w.org\/{rel}","templated":true}]}}