{"id":13735,"date":"2024-09-24T13:31:14","date_gmt":"2024-09-24T13:31:14","guid":{"rendered":"https:\/\/tsargipood.ee\/?post_type=product&#038;p=13735"},"modified":"2024-09-24T13:34:20","modified_gmt":"2024-09-24T13:34:20","slug":"kui-riik-rikas-siis-rahvas-vaene","status":"publish","type":"product","link":"https:\/\/tsargipood.ee\/en\/product\/kui-riik-rikas-siis-rahvas-vaene\/","title":{"rendered":"Kui riik rikas, siis rahvas vaene"},"content":{"rendered":"<p>Humor t-shirts are a classic cut t-shirt in a uniform black or white tone, which is printed in high quality. Humor T-shirt is well suited for everyday wear. It is made of light and pleasantly soft cotton material and is easy to care for. The choice is a sleepy shirt from the iconic manufacturer Stanley\/Stella. The perfect gift for a humor lover, a beer lover or just a nice person.<\/p>","protected":false},"excerpt":{"rendered":"<p>Humor t-shirts are a classic cut t-shirt in a uniform black or white tone, which is printed in high quality. Humor T-shirt is well suited for everyday wear. It is made of light and pleasantly soft cotton material and is easy to care for. The choice is a sleepy shirt from the iconic manufacturer Stanley\/Stella. The perfect gift for a humor lover, a beer lover or just a nice person.<\/p>","protected":false},"featured_media":13737,"comment_status":"closed","ping_status":"closed","template":"","meta":{"googlesitekit_rrm_CAow0ZS_DA:productID":""},"product_brand":[],"product_cat":[202,20],"product_tag":[],"class_list":{"0":"post-13735","1":"product","2":"type-product","3":"status-publish","4":"has-post-thumbnail","6":"product_cat-huumor","7":"product_cat-t-sark","8":"fpd-variation-needed","10":"first","11":"instock","12":"taxable","13":"shipping-taxable","14":"purchasable","15":"product-type-variable"},"yoast_head":"<!-- This site is optimized with the Yoast SEO plugin v27.5 - https:\/\/yoast.com\/product\/yoast-seo-wordpress\/ -->\n<title>Kui riik rikas, siis rahvas vaene | T-s\u00e4rgipood - Disaini oma T-s\u00e4rk<\/title>\n<meta name=\"description\" content=\"t-s\u00e4rgid, pusad, kruusid, disaini ise t-s\u00e4rk\" \/>\n<meta name=\"robots\" content=\"index, follow, max-snippet:-1, max-image-preview:large, max-video-preview:-1\" \/>\n<link rel=\"canonical\" href=\"https:\/\/tsargipood.ee\/en\/product\/kui-riik-rikas-siis-rahvas-vaene\/\" \/>\n<meta property=\"og:locale\" content=\"en_GB\" \/>\n<meta property=\"og:type\" content=\"article\" \/>\n<meta property=\"og:title\" content=\"Kui riik rikas, siis rahvas vaene | T-s\u00e4rgipood - Disaini oma T-s\u00e4rk\" \/>\n<meta property=\"og:description\" content=\"t-s\u00e4rgid, pusad, kruusid, disaini ise t-s\u00e4rk\" \/>\n<meta property=\"og:url\" content=\"https:\/\/tsargipood.ee\/en\/product\/kui-riik-rikas-siis-rahvas-vaene\/\" \/>\n<meta property=\"og:site_name\" content=\"T-s\u00e4rgipood - Disaini oma T-s\u00e4rk\" \/>\n<meta property=\"article:publisher\" content=\"https:\/\/www.facebook.com\/profile.php?id=100090772812912\" \/>\n<meta property=\"article:modified_time\" content=\"2024-09-24T13:34:20+00:00\" \/>\n<meta property=\"og:image\" content=\"https:\/\/tsargipood.ee\/wp-content\/uploads\/2024\/09\/Kui-riik-rikas-siis-rahvas-vaene-2.png\" \/>\n\t<meta property=\"og:image:width\" content=\"1920\" \/>\n\t<meta property=\"og:image:height\" content=\"1920\" \/>\n\t<meta property=\"og:image:type\" content=\"image\/png\" \/>\n<meta name=\"twitter:card\" content=\"summary_large_image\" \/>\n<meta name=\"twitter:label1\" content=\"Estimated reading time\" \/>\n\t<meta name=\"twitter:data1\" content=\"1 minute\" \/>\n<script type=\"application\/ld+json\" class=\"yoast-schema-graph\">{\"@context\":\"https:\\\/\\\/schema.org\",\"@graph\":[{\"@type\":\"WebPage\",\"@id\":\"https:\\\/\\\/tsargipood.ee\\\/product\\\/kui-riik-rikas-siis-rahvas-vaene\\\/\",\"url\":\"https:\\\/\\\/tsargipood.ee\\\/product\\\/kui-riik-rikas-siis-rahvas-vaene\\\/\",\"name\":\"Kui riik rikas, siis rahvas vaene | T-s\u00e4rgipood - Disaini oma T-s\u00e4rk\",\"isPartOf\":{\"@id\":\"https:\\\/\\\/tsargipood.ee\\\/#website\"},\"primaryImageOfPage\":{\"@id\":\"https:\\\/\\\/tsargipood.ee\\\/product\\\/kui-riik-rikas-siis-rahvas-vaene\\\/#primaryimage\"},\"image\":{\"@id\":\"https:\\\/\\\/tsargipood.ee\\\/product\\\/kui-riik-rikas-siis-rahvas-vaene\\\/#primaryimage\"},\"thumbnailUrl\":\"https:\\\/\\\/tsargipood.ee\\\/wp-content\\\/uploads\\\/2024\\\/09\\\/Kui-riik-rikas-siis-rahvas-vaene-2.png\",\"datePublished\":\"2024-09-24T13:31:14+00:00\",\"dateModified\":\"2024-09-24T13:34:20+00:00\",\"description\":\"t-s\u00e4rgid, pusad, kruusid, disaini ise t-s\u00e4rk\",\"breadcrumb\":{\"@id\":\"https:\\\/\\\/tsargipood.ee\\\/product\\\/kui-riik-rikas-siis-rahvas-vaene\\\/#breadcrumb\"},\"inLanguage\":\"en-GB\",\"potentialAction\":[{\"@type\":\"ReadAction\",\"target\":[\"https:\\\/\\\/tsargipood.ee\\\/product\\\/kui-riik-rikas-siis-rahvas-vaene\\\/\"]}]},{\"@type\":\"ImageObject\",\"inLanguage\":\"en-GB\",\"@id\":\"https:\\\/\\\/tsargipood.ee\\\/product\\\/kui-riik-rikas-siis-rahvas-vaene\\\/#primaryimage\",\"url\":\"https:\\\/\\\/tsargipood.ee\\\/wp-content\\\/uploads\\\/2024\\\/09\\\/Kui-riik-rikas-siis-rahvas-vaene-2.png\",\"contentUrl\":\"https:\\\/\\\/tsargipood.ee\\\/wp-content\\\/uploads\\\/2024\\\/09\\\/Kui-riik-rikas-siis-rahvas-vaene-2.png\",\"width\":1920,\"height\":1920,\"caption\":\"Kui riik rikas, siis rahvas vaene\"},{\"@type\":\"BreadcrumbList\",\"@id\":\"https:\\\/\\\/tsargipood.ee\\\/product\\\/kui-riik-rikas-siis-rahvas-vaene\\\/#breadcrumb\",\"itemListElement\":[{\"@type\":\"ListItem\",\"position\":1,\"name\":\"Home\",\"item\":\"https:\\\/\\\/tsargipood.ee\\\/\"},{\"@type\":\"ListItem\",\"position\":2,\"name\":\"T-s\u00e4rgipood\",\"item\":\"https:\\\/\\\/tsargipood.ee\\\/\"},{\"@type\":\"ListItem\",\"position\":3,\"name\":\"Kui riik rikas, siis rahvas vaene\"}]},{\"@type\":\"WebSite\",\"@id\":\"https:\\\/\\\/tsargipood.ee\\\/#website\",\"url\":\"https:\\\/\\\/tsargipood.ee\\\/\",\"name\":\"T-s\u00e4rgipood - Disaini oma T-s\u00e4rk\",\"description\":\"Kujunda oma t-s\u00e4rk\",\"publisher\":{\"@id\":\"https:\\\/\\\/tsargipood.ee\\\/#organization\"},\"alternateName\":\"T-s\u00e4rgipood\",\"potentialAction\":[{\"@type\":\"SearchAction\",\"target\":{\"@type\":\"EntryPoint\",\"urlTemplate\":\"https:\\\/\\\/tsargipood.ee\\\/?s={search_term_string}\"},\"query-input\":{\"@type\":\"PropertyValueSpecification\",\"valueRequired\":true,\"valueName\":\"search_term_string\"}}],\"inLanguage\":\"en-GB\"},{\"@type\":\"Organization\",\"@id\":\"https:\\\/\\\/tsargipood.ee\\\/#organization\",\"name\":\"T-S\u00e4rgipood\",\"alternateName\":\"Disaini oma t-s\u00e4rk\",\"url\":\"https:\\\/\\\/tsargipood.ee\\\/\",\"logo\":{\"@type\":\"ImageObject\",\"inLanguage\":\"en-GB\",\"@id\":\"https:\\\/\\\/tsargipood.ee\\\/#\\\/schema\\\/logo\\\/image\\\/\",\"url\":\"https:\\\/\\\/tsargipood.ee\\\/wp-content\\\/uploads\\\/2023\\\/06\\\/T-sargipood-logo-1.png\",\"contentUrl\":\"https:\\\/\\\/tsargipood.ee\\\/wp-content\\\/uploads\\\/2023\\\/06\\\/T-sargipood-logo-1.png\",\"width\":540,\"height\":540,\"caption\":\"T-S\u00e4rgipood\"},\"image\":{\"@id\":\"https:\\\/\\\/tsargipood.ee\\\/#\\\/schema\\\/logo\\\/image\\\/\"},\"sameAs\":[\"https:\\\/\\\/www.facebook.com\\\/profile.php?id=100090772812912\",\"https:\\\/\\\/www.instagram.com\\\/tsargipood\\\/\"]}]}<\/script>\n<!-- \/ Yoast SEO plugin. -->","yoast_head_json":{"title":"Kui riik rikas, siis rahvas vaene | T-s\u00e4rgipood - Disaini oma T-s\u00e4rk","description":"t-s\u00e4rgid, pusad, kruusid, disaini ise t-s\u00e4rk","robots":{"index":"index","follow":"follow","max-snippet":"max-snippet:-1","max-image-preview":"max-image-preview:large","max-video-preview":"max-video-preview:-1"},"canonical":"https:\/\/tsargipood.ee\/en\/product\/kui-riik-rikas-siis-rahvas-vaene\/","og_locale":"en_GB","og_type":"article","og_title":"Kui riik rikas, siis rahvas vaene | T-s\u00e4rgipood - Disaini oma T-s\u00e4rk","og_description":"t-s\u00e4rgid, pusad, kruusid, disaini ise t-s\u00e4rk","og_url":"https:\/\/tsargipood.ee\/en\/product\/kui-riik-rikas-siis-rahvas-vaene\/","og_site_name":"T-s\u00e4rgipood - Disaini oma T-s\u00e4rk","article_publisher":"https:\/\/www.facebook.com\/profile.php?id=100090772812912","article_modified_time":"2024-09-24T13:34:20+00:00","og_image":[{"width":1920,"height":1920,"url":"https:\/\/tsargipood.ee\/wp-content\/uploads\/2024\/09\/Kui-riik-rikas-siis-rahvas-vaene-2.png","type":"image\/png"}],"twitter_card":"summary_large_image","twitter_misc":{"Estimated reading time":"1 minute"},"schema":{"@context":"https:\/\/schema.org","@graph":[{"@type":"WebPage","@id":"https:\/\/tsargipood.ee\/product\/kui-riik-rikas-siis-rahvas-vaene\/","url":"https:\/\/tsargipood.ee\/product\/kui-riik-rikas-siis-rahvas-vaene\/","name":"Kui riik rikas, siis rahvas vaene | T-s\u00e4rgipood - Disaini oma T-s\u00e4rk","isPartOf":{"@id":"https:\/\/tsargipood.ee\/#website"},"primaryImageOfPage":{"@id":"https:\/\/tsargipood.ee\/product\/kui-riik-rikas-siis-rahvas-vaene\/#primaryimage"},"image":{"@id":"https:\/\/tsargipood.ee\/product\/kui-riik-rikas-siis-rahvas-vaene\/#primaryimage"},"thumbnailUrl":"https:\/\/tsargipood.ee\/wp-content\/uploads\/2024\/09\/Kui-riik-rikas-siis-rahvas-vaene-2.png","datePublished":"2024-09-24T13:31:14+00:00","dateModified":"2024-09-24T13:34:20+00:00","description":"t-s\u00e4rgid, pusad, kruusid, disaini ise t-s\u00e4rk","breadcrumb":{"@id":"https:\/\/tsargipood.ee\/product\/kui-riik-rikas-siis-rahvas-vaene\/#breadcrumb"},"inLanguage":"en-GB","potentialAction":[{"@type":"ReadAction","target":["https:\/\/tsargipood.ee\/product\/kui-riik-rikas-siis-rahvas-vaene\/"]}]},{"@type":"ImageObject","inLanguage":"en-GB","@id":"https:\/\/tsargipood.ee\/product\/kui-riik-rikas-siis-rahvas-vaene\/#primaryimage","url":"https:\/\/tsargipood.ee\/wp-content\/uploads\/2024\/09\/Kui-riik-rikas-siis-rahvas-vaene-2.png","contentUrl":"https:\/\/tsargipood.ee\/wp-content\/uploads\/2024\/09\/Kui-riik-rikas-siis-rahvas-vaene-2.png","width":1920,"height":1920,"caption":"Kui riik rikas, siis rahvas vaene"},{"@type":"BreadcrumbList","@id":"https:\/\/tsargipood.ee\/product\/kui-riik-rikas-siis-rahvas-vaene\/#breadcrumb","itemListElement":[{"@type":"ListItem","position":1,"name":"Home","item":"https:\/\/tsargipood.ee\/"},{"@type":"ListItem","position":2,"name":"T-s\u00e4rgipood","item":"https:\/\/tsargipood.ee\/"},{"@type":"ListItem","position":3,"name":"Kui riik rikas, siis rahvas vaene"}]},{"@type":"WebSite","@id":"https:\/\/tsargipood.ee\/#website","url":"https:\/\/tsargipood.ee\/","name":"T-shirt shop - Design your own T-shirt","description":"Design your own t-shirt","publisher":{"@id":"https:\/\/tsargipood.ee\/#organization"},"alternateName":"T-s\u00e4rgipood","potentialAction":[{"@type":"SearchAction","target":{"@type":"EntryPoint","urlTemplate":"https:\/\/tsargipood.ee\/?s={search_term_string}"},"query-input":{"@type":"PropertyValueSpecification","valueRequired":true,"valueName":"search_term_string"}}],"inLanguage":"en-GB"},{"@type":"Organization","@id":"https:\/\/tsargipood.ee\/#organization","name":"T-S\u00e4rgipood","alternateName":"Disaini oma t-s\u00e4rk","url":"https:\/\/tsargipood.ee\/","logo":{"@type":"ImageObject","inLanguage":"en-GB","@id":"https:\/\/tsargipood.ee\/#\/schema\/logo\/image\/","url":"https:\/\/tsargipood.ee\/wp-content\/uploads\/2023\/06\/T-sargipood-logo-1.png","contentUrl":"https:\/\/tsargipood.ee\/wp-content\/uploads\/2023\/06\/T-sargipood-logo-1.png","width":540,"height":540,"caption":"T-S\u00e4rgipood"},"image":{"@id":"https:\/\/tsargipood.ee\/#\/schema\/logo\/image\/"},"sameAs":["https:\/\/www.facebook.com\/profile.php?id=100090772812912","https:\/\/www.instagram.com\/tsargipood\/"]}]}},"_links":{"self":[{"href":"https:\/\/tsargipood.ee\/en\/wp-json\/wp\/v2\/product\/13735","targetHints":{"allow":["GET"]}}],"collection":[{"href":"https:\/\/tsargipood.ee\/en\/wp-json\/wp\/v2\/product"}],"about":[{"href":"https:\/\/tsargipood.ee\/en\/wp-json\/wp\/v2\/types\/product"}],"replies":[{"embeddable":true,"href":"https:\/\/tsargipood.ee\/en\/wp-json\/wp\/v2\/comments?post=13735"}],"version-history":[{"count":0,"href":"https:\/\/tsargipood.ee\/en\/wp-json\/wp\/v2\/product\/13735\/revisions"}],"wp:featuredmedia":[{"embeddable":true,"href":"https:\/\/tsargipood.ee\/en\/wp-json\/wp\/v2\/media\/13737"}],"wp:attachment":[{"href":"https:\/\/tsargipood.ee\/en\/wp-json\/wp\/v2\/media?parent=13735"}],"wp:term":[{"taxonomy":"product_brand","embeddable":true,"href":"https:\/\/tsargipood.ee\/en\/wp-json\/wp\/v2\/product_brand?post=13735"},{"taxonomy":"product_cat","embeddable":true,"href":"https:\/\/tsargipood.ee\/en\/wp-json\/wp\/v2\/product_cat?post=13735"},{"taxonomy":"product_tag","embeddable":true,"href":"https:\/\/tsargipood.ee\/en\/wp-json\/wp\/v2\/product_tag?post=13735"}],"curies":[{"name":"wp","href":"https:\/\/api.w.org\/{rel}","templated":true}]}}