{"id":13785,"date":"2024-10-14T07:52:26","date_gmt":"2024-10-14T07:52:26","guid":{"rendered":"https:\/\/tsargipood.ee\/?post_type=product&#038;p=13785"},"modified":"2026-03-16T12:09:00","modified_gmt":"2026-03-16T12:09:00","slug":"oma-pildiga-seinakell","status":"publish","type":"product","link":"https:\/\/tsargipood.ee\/en\/product\/oma-pildiga-seinakell\/","title":{"rendered":"Oma pildiga seinakell"},"content":{"rendered":"<ul>\n<li>Diameeter 20cm<\/li>\n<li>Jaapani mehhanism<\/li>\n<li>Quartz kell<\/li>\n<li>Plastikust korpusega<\/li>\n<li>Kaetud klaasiga<\/li>\n<li>Musta v\u00e4rvi seierid<\/li>\n<li>Patareitoitel, AA patarei (ei kuulu komplekti)<\/li>\n<li>Vaikne<\/li>\n<\/ul>","protected":false},"excerpt":{"rendered":"<p><a href=\"https:\/\/tsargipood.ee\/wp-content\/uploads\/2024\/10\/valge-aarega-kell.jpg.webp\"><img decoding=\"async\" class=\"alignnone wp-image-13803\" src=\"https:\/\/tsargipood.ee\/wp-content\/uploads\/2024\/10\/valge-aarega-kell.jpg-150x150.webp\" alt=\"\" width=\"99\" height=\"99\" srcset=\"https:\/\/tsargipood.ee\/wp-content\/uploads\/2024\/10\/valge-aarega-kell.jpg-150x150.webp 150w, https:\/\/tsargipood.ee\/wp-content\/uploads\/2024\/10\/valge-aarega-kell.jpg-300x300.webp 300w, https:\/\/tsargipood.ee\/wp-content\/uploads\/2024\/10\/valge-aarega-kell.jpg-100x100.webp 100w, https:\/\/tsargipood.ee\/wp-content\/uploads\/2024\/10\/valge-aarega-kell.jpg-600x600.webp 600w, https:\/\/tsargipood.ee\/wp-content\/uploads\/2024\/10\/valge-aarega-kell.jpg-768x768.webp 768w, https:\/\/tsargipood.ee\/wp-content\/uploads\/2024\/10\/valge-aarega-kell.jpg.webp 800w\" sizes=\"(max-width: 99px) 100vw, 99px\" \/><\/a> <a href=\"https:\/\/tsargipood.ee\/wp-content\/uploads\/2024\/10\/musta-aarega-kell.webp\"><img decoding=\"async\" class=\"alignnone wp-image-13802\" src=\"https:\/\/tsargipood.ee\/wp-content\/uploads\/2024\/10\/musta-aarega-kell-150x150.webp\" alt=\"\" width=\"99\" height=\"99\" srcset=\"https:\/\/tsargipood.ee\/wp-content\/uploads\/2024\/10\/musta-aarega-kell-150x150.webp 150w, https:\/\/tsargipood.ee\/wp-content\/uploads\/2024\/10\/musta-aarega-kell-300x300.webp 300w, https:\/\/tsargipood.ee\/wp-content\/uploads\/2024\/10\/musta-aarega-kell-100x100.webp 100w, https:\/\/tsargipood.ee\/wp-content\/uploads\/2024\/10\/musta-aarega-kell-600x600.webp 600w, https:\/\/tsargipood.ee\/wp-content\/uploads\/2024\/10\/musta-aarega-kell-768x768.webp 768w, https:\/\/tsargipood.ee\/wp-content\/uploads\/2024\/10\/musta-aarega-kell.webp 800w\" sizes=\"(max-width: 99px) 100vw, 99px\" \/><\/a> <a href=\"https:\/\/tsargipood.ee\/wp-content\/uploads\/2024\/10\/must-kell.jpg.webp\"><img decoding=\"async\" class=\"alignnone wp-image-13801\" src=\"https:\/\/tsargipood.ee\/wp-content\/uploads\/2024\/10\/must-kell.jpg-150x150.webp\" alt=\"\" width=\"99\" height=\"99\" srcset=\"https:\/\/tsargipood.ee\/wp-content\/uploads\/2024\/10\/must-kell.jpg-150x150.webp 150w, https:\/\/tsargipood.ee\/wp-content\/uploads\/2024\/10\/must-kell.jpg-300x300.webp 300w, https:\/\/tsargipood.ee\/wp-content\/uploads\/2024\/10\/must-kell.jpg-100x100.webp 100w, https:\/\/tsargipood.ee\/wp-content\/uploads\/2024\/10\/must-kell.jpg-600x600.webp 600w, https:\/\/tsargipood.ee\/wp-content\/uploads\/2024\/10\/must-kell.jpg-768x768.webp 768w, https:\/\/tsargipood.ee\/wp-content\/uploads\/2024\/10\/must-kell.jpg.webp 800w\" sizes=\"(max-width: 99px) 100vw, 99px\" \/><\/a><\/p>\n<p class=\"p1\"><b>Oma pildiga seinakell \u2013 isikup\u00e4rane ja stiilne lisand igasse ruumi!<\/b><b><\/b><\/p>\n<p class=\"p1\">Loo oma pildiga seinakell, mis lisab igale ruumile isikup\u00e4ra ja stiili. Lisa oma lemmikfoto, kunstiteos v\u00f5i logo ning naudi kellatari funksionaalsust ja visuaalset atraktiivsust. Kvaliteetne tr\u00fckk tagab terava ja selge pildi, samal ajal kui t\u00e4psed mehhanismid hoiavad aega t\u00e4pselt. Sobib ideaalselt kingituseks, kontorisse v\u00f5i kodu kaunistamiseks.<\/p>\n<p class=\"p1\"><b>Telli oma pildiga seinakell juba t\u00e4na ja too oma isikup\u00e4ra igasse p\u00e4eva!<\/b><\/p>","protected":false},"featured_media":13787,"comment_status":"closed","ping_status":"closed","template":"","meta":{"googlesitekit_rrm_CAow0ZS_DA:productID":""},"product_brand":[],"product_cat":[217,473,293],"product_tag":[372,375,300,295,373,370,374,369,294,376,371,377],"class_list":{"0":"post-13785","1":"product","2":"type-product","3":"status-publish","4":"has-post-thumbnail","6":"product_cat-disainitavad-tooted","7":"product_cat-kellad","8":"product_cat-oma-pildiga-seinaklell","9":"product_tag-ainulaadne-seinakell","10":"product_tag-foto-seinakell","11":"product_tag-isikuparane-seinakell","12":"product_tag-kell","13":"product_tag-kingitus-seinakell","14":"product_tag-kohandatud-seinakell","15":"product_tag-kvaliteetne-seinakell","16":"product_tag-oma-pildiga-seinakell","17":"product_tag-oma-pildiga-seinaklell","18":"product_tag-personaalne-seinakell","19":"product_tag-seinakell-oma-pildiga","20":"product_tag-stiilne-seinakell","21":"fpd-variation-needed","23":"first","24":"instock","25":"taxable","26":"shipping-taxable","27":"purchasable","28":"product-type-variable"},"yoast_head":"<!-- This site is optimized with the Yoast SEO plugin v27.5 - https:\/\/yoast.com\/product\/yoast-seo-wordpress\/ -->\n<title>Oma pildiga seinakell | T-s\u00e4rgipood - Disaini oma T-s\u00e4rk<\/title>\n<meta name=\"description\" content=\"Oma pildiga seinakell, 20cm vaikne kvartsist seinakell, plastikust ja klaasist konstruktsioon, Jaapani mehhanism, patareitoide (AA), \u00fcmmargune analoogekraan\" \/>\n<meta name=\"robots\" content=\"index, follow, max-snippet:-1, max-image-preview:large, max-video-preview:-1\" \/>\n<link rel=\"canonical\" href=\"https:\/\/tsargipood.ee\/en\/product\/oma-pildiga-seinakell\/\" \/>\n<meta property=\"og:locale\" content=\"en_GB\" \/>\n<meta property=\"og:type\" content=\"article\" \/>\n<meta property=\"og:title\" content=\"Oma pildiga seinakell | T-s\u00e4rgipood - Disaini oma T-s\u00e4rk\" \/>\n<meta property=\"og:description\" content=\"Oma pildiga seinakell, 20cm vaikne kvartsist seinakell, plastikust ja klaasist konstruktsioon, Jaapani mehhanism, patareitoide (AA), \u00fcmmargune analoogekraan\" \/>\n<meta property=\"og:url\" content=\"https:\/\/tsargipood.ee\/en\/product\/oma-pildiga-seinakell\/\" \/>\n<meta property=\"og:site_name\" content=\"T-s\u00e4rgipood - Disaini oma T-s\u00e4rk\" \/>\n<meta property=\"article:publisher\" content=\"https:\/\/www.facebook.com\/profile.php?id=100090772812912\" \/>\n<meta property=\"article:modified_time\" content=\"2026-03-16T12:09:00+00:00\" \/>\n<meta property=\"og:image\" content=\"https:\/\/tsargipood.ee\/wp-content\/uploads\/2024\/10\/Oma-pildiga-seinakell.png\" \/>\n\t<meta property=\"og:image:width\" content=\"1920\" \/>\n\t<meta property=\"og:image:height\" content=\"1440\" \/>\n\t<meta property=\"og:image:type\" content=\"image\/png\" \/>\n<meta name=\"twitter:card\" content=\"summary_large_image\" \/>\n<meta name=\"twitter:label1\" content=\"Estimated reading time\" \/>\n\t<meta name=\"twitter:data1\" content=\"1 minute\" \/>\n<script type=\"application\/ld+json\" class=\"yoast-schema-graph\">{\"@context\":\"https:\\\/\\\/schema.org\",\"@graph\":[{\"@type\":\"WebPage\",\"@id\":\"https:\\\/\\\/tsargipood.ee\\\/product\\\/oma-pildiga-seinakell\\\/\",\"url\":\"https:\\\/\\\/tsargipood.ee\\\/product\\\/oma-pildiga-seinakell\\\/\",\"name\":\"Oma pildiga seinakell | T-s\u00e4rgipood - Disaini oma T-s\u00e4rk\",\"isPartOf\":{\"@id\":\"https:\\\/\\\/tsargipood.ee\\\/#website\"},\"primaryImageOfPage\":{\"@id\":\"https:\\\/\\\/tsargipood.ee\\\/product\\\/oma-pildiga-seinakell\\\/#primaryimage\"},\"image\":{\"@id\":\"https:\\\/\\\/tsargipood.ee\\\/product\\\/oma-pildiga-seinakell\\\/#primaryimage\"},\"thumbnailUrl\":\"https:\\\/\\\/tsargipood.ee\\\/wp-content\\\/uploads\\\/2024\\\/10\\\/Oma-pildiga-seinakell.png\",\"datePublished\":\"2024-10-14T07:52:26+00:00\",\"dateModified\":\"2026-03-16T12:09:00+00:00\",\"description\":\"Oma pildiga seinakell, 20cm vaikne kvartsist seinakell, plastikust ja klaasist konstruktsioon, Jaapani mehhanism, patareitoide (AA), \u00fcmmargune analoogekraan\",\"breadcrumb\":{\"@id\":\"https:\\\/\\\/tsargipood.ee\\\/product\\\/oma-pildiga-seinakell\\\/#breadcrumb\"},\"inLanguage\":\"en-GB\",\"potentialAction\":[{\"@type\":\"ReadAction\",\"target\":[\"https:\\\/\\\/tsargipood.ee\\\/product\\\/oma-pildiga-seinakell\\\/\"]}]},{\"@type\":\"ImageObject\",\"inLanguage\":\"en-GB\",\"@id\":\"https:\\\/\\\/tsargipood.ee\\\/product\\\/oma-pildiga-seinakell\\\/#primaryimage\",\"url\":\"https:\\\/\\\/tsargipood.ee\\\/wp-content\\\/uploads\\\/2024\\\/10\\\/Oma-pildiga-seinakell.png\",\"contentUrl\":\"https:\\\/\\\/tsargipood.ee\\\/wp-content\\\/uploads\\\/2024\\\/10\\\/Oma-pildiga-seinakell.png\",\"width\":1920,\"height\":1440,\"caption\":\"Oma pildiga seinakell\"},{\"@type\":\"BreadcrumbList\",\"@id\":\"https:\\\/\\\/tsargipood.ee\\\/product\\\/oma-pildiga-seinakell\\\/#breadcrumb\",\"itemListElement\":[{\"@type\":\"ListItem\",\"position\":1,\"name\":\"Home\",\"item\":\"https:\\\/\\\/tsargipood.ee\\\/\"},{\"@type\":\"ListItem\",\"position\":2,\"name\":\"T-s\u00e4rgipood\",\"item\":\"https:\\\/\\\/tsargipood.ee\\\/\"},{\"@type\":\"ListItem\",\"position\":3,\"name\":\"Oma pildiga seinakell\"}]},{\"@type\":\"WebSite\",\"@id\":\"https:\\\/\\\/tsargipood.ee\\\/#website\",\"url\":\"https:\\\/\\\/tsargipood.ee\\\/\",\"name\":\"T-s\u00e4rgipood - Disaini oma T-s\u00e4rk\",\"description\":\"Kujunda oma t-s\u00e4rk\",\"publisher\":{\"@id\":\"https:\\\/\\\/tsargipood.ee\\\/#organization\"},\"alternateName\":\"T-s\u00e4rgipood\",\"potentialAction\":[{\"@type\":\"SearchAction\",\"target\":{\"@type\":\"EntryPoint\",\"urlTemplate\":\"https:\\\/\\\/tsargipood.ee\\\/?s={search_term_string}\"},\"query-input\":{\"@type\":\"PropertyValueSpecification\",\"valueRequired\":true,\"valueName\":\"search_term_string\"}}],\"inLanguage\":\"en-GB\"},{\"@type\":\"Organization\",\"@id\":\"https:\\\/\\\/tsargipood.ee\\\/#organization\",\"name\":\"T-S\u00e4rgipood\",\"alternateName\":\"Disaini oma t-s\u00e4rk\",\"url\":\"https:\\\/\\\/tsargipood.ee\\\/\",\"logo\":{\"@type\":\"ImageObject\",\"inLanguage\":\"en-GB\",\"@id\":\"https:\\\/\\\/tsargipood.ee\\\/#\\\/schema\\\/logo\\\/image\\\/\",\"url\":\"https:\\\/\\\/tsargipood.ee\\\/wp-content\\\/uploads\\\/2023\\\/06\\\/T-sargipood-logo-1.png\",\"contentUrl\":\"https:\\\/\\\/tsargipood.ee\\\/wp-content\\\/uploads\\\/2023\\\/06\\\/T-sargipood-logo-1.png\",\"width\":540,\"height\":540,\"caption\":\"T-S\u00e4rgipood\"},\"image\":{\"@id\":\"https:\\\/\\\/tsargipood.ee\\\/#\\\/schema\\\/logo\\\/image\\\/\"},\"sameAs\":[\"https:\\\/\\\/www.facebook.com\\\/profile.php?id=100090772812912\",\"https:\\\/\\\/www.instagram.com\\\/tsargipood\\\/\"]}]}<\/script>\n<!-- \/ Yoast SEO plugin. -->","yoast_head_json":{"title":"Oma pildiga seinakell | T-s\u00e4rgipood - Disaini oma T-s\u00e4rk","description":"Oma pildiga seinakell, 20cm vaikne kvartsist seinakell, plastikust ja klaasist konstruktsioon, Jaapani mehhanism, patareitoide (AA), \u00fcmmargune analoogekraan","robots":{"index":"index","follow":"follow","max-snippet":"max-snippet:-1","max-image-preview":"max-image-preview:large","max-video-preview":"max-video-preview:-1"},"canonical":"https:\/\/tsargipood.ee\/en\/product\/oma-pildiga-seinakell\/","og_locale":"en_GB","og_type":"article","og_title":"Oma pildiga seinakell | T-s\u00e4rgipood - Disaini oma T-s\u00e4rk","og_description":"Oma pildiga seinakell, 20cm vaikne kvartsist seinakell, plastikust ja klaasist konstruktsioon, Jaapani mehhanism, patareitoide (AA), \u00fcmmargune analoogekraan","og_url":"https:\/\/tsargipood.ee\/en\/product\/oma-pildiga-seinakell\/","og_site_name":"T-s\u00e4rgipood - Disaini oma T-s\u00e4rk","article_publisher":"https:\/\/www.facebook.com\/profile.php?id=100090772812912","article_modified_time":"2026-03-16T12:09:00+00:00","og_image":[{"width":1920,"height":1440,"url":"https:\/\/tsargipood.ee\/wp-content\/uploads\/2024\/10\/Oma-pildiga-seinakell.png","type":"image\/png"}],"twitter_card":"summary_large_image","twitter_misc":{"Estimated reading time":"1 minute"},"schema":{"@context":"https:\/\/schema.org","@graph":[{"@type":"WebPage","@id":"https:\/\/tsargipood.ee\/product\/oma-pildiga-seinakell\/","url":"https:\/\/tsargipood.ee\/product\/oma-pildiga-seinakell\/","name":"Oma pildiga seinakell | T-s\u00e4rgipood - Disaini oma T-s\u00e4rk","isPartOf":{"@id":"https:\/\/tsargipood.ee\/#website"},"primaryImageOfPage":{"@id":"https:\/\/tsargipood.ee\/product\/oma-pildiga-seinakell\/#primaryimage"},"image":{"@id":"https:\/\/tsargipood.ee\/product\/oma-pildiga-seinakell\/#primaryimage"},"thumbnailUrl":"https:\/\/tsargipood.ee\/wp-content\/uploads\/2024\/10\/Oma-pildiga-seinakell.png","datePublished":"2024-10-14T07:52:26+00:00","dateModified":"2026-03-16T12:09:00+00:00","description":"Oma pildiga seinakell, 20cm vaikne kvartsist seinakell, plastikust ja klaasist konstruktsioon, Jaapani mehhanism, patareitoide (AA), \u00fcmmargune analoogekraan","breadcrumb":{"@id":"https:\/\/tsargipood.ee\/product\/oma-pildiga-seinakell\/#breadcrumb"},"inLanguage":"en-GB","potentialAction":[{"@type":"ReadAction","target":["https:\/\/tsargipood.ee\/product\/oma-pildiga-seinakell\/"]}]},{"@type":"ImageObject","inLanguage":"en-GB","@id":"https:\/\/tsargipood.ee\/product\/oma-pildiga-seinakell\/#primaryimage","url":"https:\/\/tsargipood.ee\/wp-content\/uploads\/2024\/10\/Oma-pildiga-seinakell.png","contentUrl":"https:\/\/tsargipood.ee\/wp-content\/uploads\/2024\/10\/Oma-pildiga-seinakell.png","width":1920,"height":1440,"caption":"Oma pildiga seinakell"},{"@type":"BreadcrumbList","@id":"https:\/\/tsargipood.ee\/product\/oma-pildiga-seinakell\/#breadcrumb","itemListElement":[{"@type":"ListItem","position":1,"name":"Home","item":"https:\/\/tsargipood.ee\/"},{"@type":"ListItem","position":2,"name":"T-s\u00e4rgipood","item":"https:\/\/tsargipood.ee\/"},{"@type":"ListItem","position":3,"name":"Oma pildiga seinakell"}]},{"@type":"WebSite","@id":"https:\/\/tsargipood.ee\/#website","url":"https:\/\/tsargipood.ee\/","name":"T-shirt shop - Design your own T-shirt","description":"Design your own t-shirt","publisher":{"@id":"https:\/\/tsargipood.ee\/#organization"},"alternateName":"T-s\u00e4rgipood","potentialAction":[{"@type":"SearchAction","target":{"@type":"EntryPoint","urlTemplate":"https:\/\/tsargipood.ee\/?s={search_term_string}"},"query-input":{"@type":"PropertyValueSpecification","valueRequired":true,"valueName":"search_term_string"}}],"inLanguage":"en-GB"},{"@type":"Organization","@id":"https:\/\/tsargipood.ee\/#organization","name":"T-S\u00e4rgipood","alternateName":"Disaini oma t-s\u00e4rk","url":"https:\/\/tsargipood.ee\/","logo":{"@type":"ImageObject","inLanguage":"en-GB","@id":"https:\/\/tsargipood.ee\/#\/schema\/logo\/image\/","url":"https:\/\/tsargipood.ee\/wp-content\/uploads\/2023\/06\/T-sargipood-logo-1.png","contentUrl":"https:\/\/tsargipood.ee\/wp-content\/uploads\/2023\/06\/T-sargipood-logo-1.png","width":540,"height":540,"caption":"T-S\u00e4rgipood"},"image":{"@id":"https:\/\/tsargipood.ee\/#\/schema\/logo\/image\/"},"sameAs":["https:\/\/www.facebook.com\/profile.php?id=100090772812912","https:\/\/www.instagram.com\/tsargipood\/"]}]}},"_links":{"self":[{"href":"https:\/\/tsargipood.ee\/en\/wp-json\/wp\/v2\/product\/13785","targetHints":{"allow":["GET"]}}],"collection":[{"href":"https:\/\/tsargipood.ee\/en\/wp-json\/wp\/v2\/product"}],"about":[{"href":"https:\/\/tsargipood.ee\/en\/wp-json\/wp\/v2\/types\/product"}],"replies":[{"embeddable":true,"href":"https:\/\/tsargipood.ee\/en\/wp-json\/wp\/v2\/comments?post=13785"}],"version-history":[{"count":0,"href":"https:\/\/tsargipood.ee\/en\/wp-json\/wp\/v2\/product\/13785\/revisions"}],"wp:featuredmedia":[{"embeddable":true,"href":"https:\/\/tsargipood.ee\/en\/wp-json\/wp\/v2\/media\/13787"}],"wp:attachment":[{"href":"https:\/\/tsargipood.ee\/en\/wp-json\/wp\/v2\/media?parent=13785"}],"wp:term":[{"taxonomy":"product_brand","embeddable":true,"href":"https:\/\/tsargipood.ee\/en\/wp-json\/wp\/v2\/product_brand?post=13785"},{"taxonomy":"product_cat","embeddable":true,"href":"https:\/\/tsargipood.ee\/en\/wp-json\/wp\/v2\/product_cat?post=13785"},{"taxonomy":"product_tag","embeddable":true,"href":"https:\/\/tsargipood.ee\/en\/wp-json\/wp\/v2\/product_tag?post=13785"}],"curies":[{"name":"wp","href":"https:\/\/api.w.org\/{rel}","templated":true}]}}