{"id":13813,"date":"2024-10-15T08:17:00","date_gmt":"2024-10-15T08:17:00","guid":{"rendered":"https:\/\/tsargipood.ee\/?post_type=product&#038;p=13813"},"modified":"2026-01-12T13:06:33","modified_gmt":"2026-01-12T13:06:33","slug":"kujunda-oma-plasku","status":"publish","type":"product","link":"https:\/\/tsargipood.ee\/en\/product\/kujunda-oma-plasku\/","title":{"rendered":"Kujunda oma pl\u00e4sku"},"content":{"rendered":"<p>Toote suurus 12,5 x 9,5 x 2 cm<br \/>\nKaal 0,141 kg<br \/>\nMaterjal metall, roostevaba teras<br \/>\nV\u00e4rvus (07) hall<br \/>\nLasergraveeringuga kujundus.<br \/>\nMahutavusega 237 ml<\/p>","protected":false},"excerpt":{"rendered":"<p><a href=\"https:\/\/tsargipood.ee\/wp-content\/uploads\/2024\/10\/plasku.jpg\"><img decoding=\"async\" class=\"alignleft wp-image-18854\" src=\"https:\/\/tsargipood.ee\/wp-content\/uploads\/2024\/10\/plasku-300x300.jpg\" alt=\"\" width=\"96\" height=\"96\" srcset=\"https:\/\/tsargipood.ee\/wp-content\/uploads\/2024\/10\/plasku-300x300.jpg 300w, https:\/\/tsargipood.ee\/wp-content\/uploads\/2024\/10\/plasku-100x100.jpg 100w, https:\/\/tsargipood.ee\/wp-content\/uploads\/2024\/10\/plasku-600x600.jpg 600w, https:\/\/tsargipood.ee\/wp-content\/uploads\/2024\/10\/plasku-150x150.jpg 150w, https:\/\/tsargipood.ee\/wp-content\/uploads\/2024\/10\/plasku-768x768.jpg 768w, https:\/\/tsargipood.ee\/wp-content\/uploads\/2024\/10\/plasku.jpg 1000w\" sizes=\"(max-width: 96px) 100vw, 96px\" \/><\/a><\/p>\n<p>&nbsp;<\/p>\n<p>&nbsp;<\/p>\n<p>&nbsp;<\/p>\n<p class=\"p1\"><b>Kujunda oma unikaalne pl\u00e4sku lasergraveeringuga!<\/b><b><\/b><\/p>\n<p class=\"p1\">Muuda klassikaline pl\u00e4sku isikup\u00e4raseks ja eriliseks. Lisa sellele oma logo, nimi, eriline s\u00f5num v\u00f5i mustrid \u2013 t\u00e4pne ja kauakestev lasergraveering tagab professionaalse ja stiilse tulemuse. Ideaalne kingituseks, reklaamtooteks v\u00f5i erilisteks hetkedeks.<\/p>\n<p class=\"p1\">\u2714 <b>Kvaliteetne materjal<\/b> \u2013 vastupidav ja elegantne.<\/p>\n<p class=\"p1\">\u2714 <b>Isikup\u00e4rane disain<\/b> \u2013 kingituseks, ettev\u00f5ttele v\u00f5i iseendale.<\/p>\n<p class=\"p1\">\u2714 <b>Lasergraveering<\/b> \u2013 t\u00e4pne, detailne ja ajatu viimistlus.<\/p>\n<p class=\"p1\"><b>Telli juba t\u00e4na ja loo ainulaadne pl\u00e4sku!<\/b><\/p>","protected":false},"featured_media":13814,"comment_status":"closed","ping_status":"closed","template":"","meta":{"googlesitekit_rrm_CAow0ZS_DA:productID":""},"product_brand":[],"product_cat":[217,296],"product_tag":[361,362,359,366,368,360,363,367,365,364],"class_list":{"0":"post-13813","1":"product","2":"type-product","3":"status-publish","4":"has-post-thumbnail","6":"product_cat-disainitavad-tooted","7":"product_cat-toidunoud","8":"product_tag-isikuparane-plasku","9":"product_tag-kohandatud-plasku","10":"product_tag-kujunda-oma-plasku","11":"product_tag-kvaliteetne-plasku","12":"product_tag-oma-plasku-disain","13":"product_tag-plasku-disain","14":"product_tag-plasku-kingitus","15":"product_tag-plasku-kujundus","16":"product_tag-stiilne-plasku","17":"product_tag-unikaalne-plasku","18":"fpd-variation-needed","20":"first","21":"instock","22":"taxable","23":"shipping-taxable","24":"purchasable","25":"product-type-simple"},"yoast_head":"<!-- This site is optimized with the Yoast SEO plugin v27.5 - https:\/\/yoast.com\/product\/yoast-seo-wordpress\/ -->\n<title>Kujunda oma pl\u00e4sku | T-s\u00e4rgipood - Disaini oma T-s\u00e4rk<\/title>\n<meta name=\"description\" content=\"Kujunda oma pl\u00e4sku ja v\u00f5ta lonks millal iganes soovid. Hea br\u00e4ndi on alati maitsev, eriti k\u00fclmal aastaajal. Roostevabast terasest pl\u00e4sku.\" \/>\n<meta name=\"robots\" content=\"index, follow, max-snippet:-1, max-image-preview:large, max-video-preview:-1\" \/>\n<link rel=\"canonical\" href=\"https:\/\/tsargipood.ee\/en\/product\/kujunda-oma-plasku\/\" \/>\n<meta property=\"og:locale\" content=\"en_GB\" \/>\n<meta property=\"og:type\" content=\"article\" \/>\n<meta property=\"og:title\" content=\"Kujunda oma pl\u00e4sku | T-s\u00e4rgipood - Disaini oma T-s\u00e4rk\" \/>\n<meta property=\"og:description\" content=\"Kujunda oma pl\u00e4sku ja v\u00f5ta lonks millal iganes soovid. Hea br\u00e4ndi on alati maitsev, eriti k\u00fclmal aastaajal. Roostevabast terasest pl\u00e4sku.\" \/>\n<meta property=\"og:url\" content=\"https:\/\/tsargipood.ee\/en\/product\/kujunda-oma-plasku\/\" \/>\n<meta property=\"og:site_name\" content=\"T-s\u00e4rgipood - Disaini oma T-s\u00e4rk\" \/>\n<meta property=\"article:publisher\" content=\"https:\/\/www.facebook.com\/profile.php?id=100090772812912\" \/>\n<meta property=\"article:modified_time\" content=\"2026-01-12T13:06:33+00:00\" \/>\n<meta property=\"og:image\" content=\"https:\/\/tsargipood.ee\/wp-content\/uploads\/2024\/10\/plasku-t.png\" \/>\n\t<meta property=\"og:image:width\" content=\"2560\" \/>\n\t<meta property=\"og:image:height\" content=\"2560\" \/>\n\t<meta property=\"og:image:type\" content=\"image\/png\" \/>\n<meta name=\"twitter:card\" content=\"summary_large_image\" \/>\n<meta name=\"twitter:label1\" content=\"Estimated reading time\" \/>\n\t<meta name=\"twitter:data1\" content=\"1 minute\" \/>\n<script type=\"application\/ld+json\" class=\"yoast-schema-graph\">{\"@context\":\"https:\\\/\\\/schema.org\",\"@graph\":[{\"@type\":\"WebPage\",\"@id\":\"https:\\\/\\\/tsargipood.ee\\\/product\\\/kujunda-oma-plasku\\\/\",\"url\":\"https:\\\/\\\/tsargipood.ee\\\/product\\\/kujunda-oma-plasku\\\/\",\"name\":\"Kujunda oma pl\u00e4sku | T-s\u00e4rgipood - Disaini oma T-s\u00e4rk\",\"isPartOf\":{\"@id\":\"https:\\\/\\\/tsargipood.ee\\\/#website\"},\"primaryImageOfPage\":{\"@id\":\"https:\\\/\\\/tsargipood.ee\\\/product\\\/kujunda-oma-plasku\\\/#primaryimage\"},\"image\":{\"@id\":\"https:\\\/\\\/tsargipood.ee\\\/product\\\/kujunda-oma-plasku\\\/#primaryimage\"},\"thumbnailUrl\":\"https:\\\/\\\/tsargipood.ee\\\/wp-content\\\/uploads\\\/2024\\\/10\\\/plasku-t.png\",\"datePublished\":\"2024-10-15T08:17:00+00:00\",\"dateModified\":\"2026-01-12T13:06:33+00:00\",\"description\":\"Kujunda oma pl\u00e4sku ja v\u00f5ta lonks millal iganes soovid. Hea br\u00e4ndi on alati maitsev, eriti k\u00fclmal aastaajal. Roostevabast terasest pl\u00e4sku.\",\"breadcrumb\":{\"@id\":\"https:\\\/\\\/tsargipood.ee\\\/product\\\/kujunda-oma-plasku\\\/#breadcrumb\"},\"inLanguage\":\"en-GB\",\"potentialAction\":[{\"@type\":\"ReadAction\",\"target\":[\"https:\\\/\\\/tsargipood.ee\\\/product\\\/kujunda-oma-plasku\\\/\"]}]},{\"@type\":\"ImageObject\",\"inLanguage\":\"en-GB\",\"@id\":\"https:\\\/\\\/tsargipood.ee\\\/product\\\/kujunda-oma-plasku\\\/#primaryimage\",\"url\":\"https:\\\/\\\/tsargipood.ee\\\/wp-content\\\/uploads\\\/2024\\\/10\\\/plasku-t.png\",\"contentUrl\":\"https:\\\/\\\/tsargipood.ee\\\/wp-content\\\/uploads\\\/2024\\\/10\\\/plasku-t.png\",\"width\":2560,\"height\":2560,\"caption\":\"Kujunda oma pl\u00e4sku\"},{\"@type\":\"BreadcrumbList\",\"@id\":\"https:\\\/\\\/tsargipood.ee\\\/product\\\/kujunda-oma-plasku\\\/#breadcrumb\",\"itemListElement\":[{\"@type\":\"ListItem\",\"position\":1,\"name\":\"Home\",\"item\":\"https:\\\/\\\/tsargipood.ee\\\/\"},{\"@type\":\"ListItem\",\"position\":2,\"name\":\"T-s\u00e4rgipood\",\"item\":\"https:\\\/\\\/tsargipood.ee\\\/\"},{\"@type\":\"ListItem\",\"position\":3,\"name\":\"Kujunda oma pl\u00e4sku\"}]},{\"@type\":\"WebSite\",\"@id\":\"https:\\\/\\\/tsargipood.ee\\\/#website\",\"url\":\"https:\\\/\\\/tsargipood.ee\\\/\",\"name\":\"T-s\u00e4rgipood - Disaini oma T-s\u00e4rk\",\"description\":\"Kujunda oma t-s\u00e4rk\",\"publisher\":{\"@id\":\"https:\\\/\\\/tsargipood.ee\\\/#organization\"},\"alternateName\":\"T-s\u00e4rgipood\",\"potentialAction\":[{\"@type\":\"SearchAction\",\"target\":{\"@type\":\"EntryPoint\",\"urlTemplate\":\"https:\\\/\\\/tsargipood.ee\\\/?s={search_term_string}\"},\"query-input\":{\"@type\":\"PropertyValueSpecification\",\"valueRequired\":true,\"valueName\":\"search_term_string\"}}],\"inLanguage\":\"en-GB\"},{\"@type\":\"Organization\",\"@id\":\"https:\\\/\\\/tsargipood.ee\\\/#organization\",\"name\":\"T-S\u00e4rgipood\",\"alternateName\":\"Disaini oma t-s\u00e4rk\",\"url\":\"https:\\\/\\\/tsargipood.ee\\\/\",\"logo\":{\"@type\":\"ImageObject\",\"inLanguage\":\"en-GB\",\"@id\":\"https:\\\/\\\/tsargipood.ee\\\/#\\\/schema\\\/logo\\\/image\\\/\",\"url\":\"https:\\\/\\\/tsargipood.ee\\\/wp-content\\\/uploads\\\/2023\\\/06\\\/T-sargipood-logo-1.png\",\"contentUrl\":\"https:\\\/\\\/tsargipood.ee\\\/wp-content\\\/uploads\\\/2023\\\/06\\\/T-sargipood-logo-1.png\",\"width\":540,\"height\":540,\"caption\":\"T-S\u00e4rgipood\"},\"image\":{\"@id\":\"https:\\\/\\\/tsargipood.ee\\\/#\\\/schema\\\/logo\\\/image\\\/\"},\"sameAs\":[\"https:\\\/\\\/www.facebook.com\\\/profile.php?id=100090772812912\",\"https:\\\/\\\/www.instagram.com\\\/tsargipood\\\/\"]}]}<\/script>\n<!-- \/ Yoast SEO plugin. -->","yoast_head_json":{"title":"Kujunda oma pl\u00e4sku | T-s\u00e4rgipood - Disaini oma T-s\u00e4rk","description":"Kujunda oma pl\u00e4sku ja v\u00f5ta lonks millal iganes soovid. Hea br\u00e4ndi on alati maitsev, eriti k\u00fclmal aastaajal. Roostevabast terasest pl\u00e4sku.","robots":{"index":"index","follow":"follow","max-snippet":"max-snippet:-1","max-image-preview":"max-image-preview:large","max-video-preview":"max-video-preview:-1"},"canonical":"https:\/\/tsargipood.ee\/en\/product\/kujunda-oma-plasku\/","og_locale":"en_GB","og_type":"article","og_title":"Kujunda oma pl\u00e4sku | T-s\u00e4rgipood - Disaini oma T-s\u00e4rk","og_description":"Kujunda oma pl\u00e4sku ja v\u00f5ta lonks millal iganes soovid. Hea br\u00e4ndi on alati maitsev, eriti k\u00fclmal aastaajal. Roostevabast terasest pl\u00e4sku.","og_url":"https:\/\/tsargipood.ee\/en\/product\/kujunda-oma-plasku\/","og_site_name":"T-s\u00e4rgipood - Disaini oma T-s\u00e4rk","article_publisher":"https:\/\/www.facebook.com\/profile.php?id=100090772812912","article_modified_time":"2026-01-12T13:06:33+00:00","og_image":[{"width":2560,"height":2560,"url":"https:\/\/tsargipood.ee\/wp-content\/uploads\/2024\/10\/plasku-t.png","type":"image\/png"}],"twitter_card":"summary_large_image","twitter_misc":{"Estimated reading time":"1 minute"},"schema":{"@context":"https:\/\/schema.org","@graph":[{"@type":"WebPage","@id":"https:\/\/tsargipood.ee\/product\/kujunda-oma-plasku\/","url":"https:\/\/tsargipood.ee\/product\/kujunda-oma-plasku\/","name":"Kujunda oma pl\u00e4sku | T-s\u00e4rgipood - Disaini oma T-s\u00e4rk","isPartOf":{"@id":"https:\/\/tsargipood.ee\/#website"},"primaryImageOfPage":{"@id":"https:\/\/tsargipood.ee\/product\/kujunda-oma-plasku\/#primaryimage"},"image":{"@id":"https:\/\/tsargipood.ee\/product\/kujunda-oma-plasku\/#primaryimage"},"thumbnailUrl":"https:\/\/tsargipood.ee\/wp-content\/uploads\/2024\/10\/plasku-t.png","datePublished":"2024-10-15T08:17:00+00:00","dateModified":"2026-01-12T13:06:33+00:00","description":"Kujunda oma pl\u00e4sku ja v\u00f5ta lonks millal iganes soovid. Hea br\u00e4ndi on alati maitsev, eriti k\u00fclmal aastaajal. Roostevabast terasest pl\u00e4sku.","breadcrumb":{"@id":"https:\/\/tsargipood.ee\/product\/kujunda-oma-plasku\/#breadcrumb"},"inLanguage":"en-GB","potentialAction":[{"@type":"ReadAction","target":["https:\/\/tsargipood.ee\/product\/kujunda-oma-plasku\/"]}]},{"@type":"ImageObject","inLanguage":"en-GB","@id":"https:\/\/tsargipood.ee\/product\/kujunda-oma-plasku\/#primaryimage","url":"https:\/\/tsargipood.ee\/wp-content\/uploads\/2024\/10\/plasku-t.png","contentUrl":"https:\/\/tsargipood.ee\/wp-content\/uploads\/2024\/10\/plasku-t.png","width":2560,"height":2560,"caption":"Kujunda oma pl\u00e4sku"},{"@type":"BreadcrumbList","@id":"https:\/\/tsargipood.ee\/product\/kujunda-oma-plasku\/#breadcrumb","itemListElement":[{"@type":"ListItem","position":1,"name":"Home","item":"https:\/\/tsargipood.ee\/"},{"@type":"ListItem","position":2,"name":"T-s\u00e4rgipood","item":"https:\/\/tsargipood.ee\/"},{"@type":"ListItem","position":3,"name":"Kujunda oma pl\u00e4sku"}]},{"@type":"WebSite","@id":"https:\/\/tsargipood.ee\/#website","url":"https:\/\/tsargipood.ee\/","name":"T-shirt shop - Design your own T-shirt","description":"Design your own t-shirt","publisher":{"@id":"https:\/\/tsargipood.ee\/#organization"},"alternateName":"T-s\u00e4rgipood","potentialAction":[{"@type":"SearchAction","target":{"@type":"EntryPoint","urlTemplate":"https:\/\/tsargipood.ee\/?s={search_term_string}"},"query-input":{"@type":"PropertyValueSpecification","valueRequired":true,"valueName":"search_term_string"}}],"inLanguage":"en-GB"},{"@type":"Organization","@id":"https:\/\/tsargipood.ee\/#organization","name":"T-S\u00e4rgipood","alternateName":"Disaini oma t-s\u00e4rk","url":"https:\/\/tsargipood.ee\/","logo":{"@type":"ImageObject","inLanguage":"en-GB","@id":"https:\/\/tsargipood.ee\/#\/schema\/logo\/image\/","url":"https:\/\/tsargipood.ee\/wp-content\/uploads\/2023\/06\/T-sargipood-logo-1.png","contentUrl":"https:\/\/tsargipood.ee\/wp-content\/uploads\/2023\/06\/T-sargipood-logo-1.png","width":540,"height":540,"caption":"T-S\u00e4rgipood"},"image":{"@id":"https:\/\/tsargipood.ee\/#\/schema\/logo\/image\/"},"sameAs":["https:\/\/www.facebook.com\/profile.php?id=100090772812912","https:\/\/www.instagram.com\/tsargipood\/"]}]}},"_links":{"self":[{"href":"https:\/\/tsargipood.ee\/en\/wp-json\/wp\/v2\/product\/13813","targetHints":{"allow":["GET"]}}],"collection":[{"href":"https:\/\/tsargipood.ee\/en\/wp-json\/wp\/v2\/product"}],"about":[{"href":"https:\/\/tsargipood.ee\/en\/wp-json\/wp\/v2\/types\/product"}],"replies":[{"embeddable":true,"href":"https:\/\/tsargipood.ee\/en\/wp-json\/wp\/v2\/comments?post=13813"}],"version-history":[{"count":0,"href":"https:\/\/tsargipood.ee\/en\/wp-json\/wp\/v2\/product\/13813\/revisions"}],"wp:featuredmedia":[{"embeddable":true,"href":"https:\/\/tsargipood.ee\/en\/wp-json\/wp\/v2\/media\/13814"}],"wp:attachment":[{"href":"https:\/\/tsargipood.ee\/en\/wp-json\/wp\/v2\/media?parent=13813"}],"wp:term":[{"taxonomy":"product_brand","embeddable":true,"href":"https:\/\/tsargipood.ee\/en\/wp-json\/wp\/v2\/product_brand?post=13813"},{"taxonomy":"product_cat","embeddable":true,"href":"https:\/\/tsargipood.ee\/en\/wp-json\/wp\/v2\/product_cat?post=13813"},{"taxonomy":"product_tag","embeddable":true,"href":"https:\/\/tsargipood.ee\/en\/wp-json\/wp\/v2\/product_tag?post=13813"}],"curies":[{"name":"wp","href":"https:\/\/api.w.org\/{rel}","templated":true}]}}