{"id":13944,"date":"2024-11-07T08:14:37","date_gmt":"2024-11-07T08:14:37","guid":{"rendered":"https:\/\/tsargipood.ee\/?post_type=product&#038;p=13944"},"modified":"2026-02-06T12:06:40","modified_gmt":"2026-02-06T12:06:40","slug":"basic-kvaliteetne-t-sark","status":"publish","type":"product","link":"https:\/\/tsargipood.ee\/en\/product\/basic-kvaliteetne-t-sark\/","title":{"rendered":"Basic Kvaliteetne T-s\u00e4rk"},"content":{"rendered":"<p><strong>KIRJELDUS<\/strong><\/p>\n<p>1\u00d71 soonik kaeluses<br \/>\nSama materjaliga kaeluse sisemine teip<br \/>\n\u00d5mmeldud (set-in) varrukad<br \/>\nKahekordne pealis\u00f5mblus varruka otstes ja all\u00e4\u00e4res<\/p>\n<p><strong>KOOSTIS<\/strong><\/p>\n<p>Pealmine materjal: single jersey, 100% puuvill \u2013 orgaaniline, ringspinnatud ja kammitud, kangas pestud<\/p>\n<p><strong>HOOLDUSJUHEND<\/strong><\/p>\n<p>Pese koos sarnaste v\u00e4rvidega, \u00e4ra triigi tr\u00fckipinda, pese ja triigi pahupidi.<br \/>\nPesu \u2013 30 \u00b0C<br \/>\nPleegitamine \u2013 keelatud<br \/>\nKuivatamine \u2013 trummelkuivatus keelatud<br \/>\nTriikimine \u2013 kuni 110 \u00b0C<br \/>\nKeemiline puhastus \u2013 keelatud<\/p>\n<div class=\"mb-3\">\n<div class=\"flex flex-col md:flex-row gap-4 items-start\">\n<div class=\"flex flex-1 items-center flex-wrap gap-3\"><img decoding=\"async\" class=\"w-8 h-8 shrink-0\" title=\"Washing - 30\u00b0\" src=\"https:\/\/stanleystella.com\/media\/amasty\/shopby\/option_images\/slider\/was_30.png\" alt=\"Washing - 30\u00b0\" width=\"32\" height=\"32\" \/><img decoding=\"async\" class=\"w-8 h-8 shrink-0\" title=\"Bleaching - No\" src=\"https:\/\/stanleystella.com\/media\/amasty\/shopby\/option_images\/slider\/ble_not.png\" alt=\"Bleaching - No\" width=\"32\" height=\"32\" \/><img decoding=\"async\" class=\"w-8 h-8 shrink-0\" title=\"Drying - Tumble Dry No\" src=\"https:\/\/stanleystella.com\/media\/amasty\/shopby\/option_images\/slider\/dry_not.png\" alt=\"Drying - Tumble Dry No\" width=\"32\" height=\"32\" \/><img loading=\"lazy\" decoding=\"async\" class=\"w-8 h-8 shrink-0\" title=\"Ironing - 110\u00b0\" src=\"https:\/\/stanleystella.com\/media\/amasty\/shopby\/option_images\/slider\/iro_max_110.png\" alt=\"Ironing - 110\u00b0\" width=\"32\" height=\"32\" \/><img loading=\"lazy\" decoding=\"async\" class=\"w-8 h-8 shrink-0\" title=\"Cleaning - No\" src=\"https:\/\/stanleystella.com\/media\/amasty\/shopby\/option_images\/slider\/EU-Symbol_DryCleaning.svg\" alt=\"Cleaning - No\" width=\"32\" height=\"32\" \/><\/div>\n<\/div>\n<\/div>","protected":false},"excerpt":{"rendered":"<div class=\"mb-3\">\n<div class=\"flex flex-col md:flex-row gap-4 items-start\">\n<div class=\"flex flex-1 items-center flex-wrap gap-3\">\n<p class=\"p1\"><b>Disaini ise Basic T-s\u00e4rk \u2013 lihtne, mugav ja t\u00e4pselt sinu moodi!<\/b><b><\/b><\/p>\n<p class=\"p3\">Loo oma isiklik Basic T-s\u00e4rk vaid paari klikiga. Lisa oma logo, tekst v\u00f5i pilt ning tee s\u00e4rk, mis r\u00e4\u00e4gib sinu lugu. Kvaliteetne puuvill on nahas\u00f5bralik ja mugav kanda ning vastupidav tr\u00fckk hoiab disaini kaunina ka p\u00e4rast mitmeid pesukordi.<\/p>\n<p class=\"p3\">See s\u00e4rk sobib suurep\u00e4raselt igap\u00e4evaseks kandmiseks, armsaks kingituseks v\u00f5i sinu br\u00e4ndi n\u00e4htavaks tegemiseks.<\/p>\n<p class=\"p1\"><b>Pane oma idee s\u00e4rgile ja telli Basic T-s\u00e4rk juba t\u00e4na!<\/b><span class=\"s1\"> \ud83d\udc55\u2728<\/span><\/p>\n<\/div>\n<div><\/div>\n<\/div>\n<\/div>\n<div>\n<div class=\"min-h-[72px] my-6\">\n<div class=\"grid grid-cols-4 items-center justify-items-center gap-4\"><img loading=\"lazy\" decoding=\"async\" class=\"object-contain h-[72px] alignleft\" title=\"GOTS\" src=\"https:\/\/stanleystella.com\/media\/amasty\/shopby\/option_images\/slider\/GOTSOrganic.png\" alt=\"GOTS Organic\" width=\"74\" height=\"75\" \/><img loading=\"lazy\" decoding=\"async\" class=\"object-contain h-[72px] alignleft\" title=\"OEKO-TEX organic garments\" src=\"https:\/\/stanleystella.com\/media\/amasty\/shopby\/option_images\/slider\/OekoTex2012163_2.png\" alt=\"OEKO-TEX organic garments\" width=\"69\" height=\"75\" \/><img loading=\"lazy\" decoding=\"async\" class=\"object-contain h-[72px] alignleft\" title=\"Vegan\" src=\"https:\/\/stanleystella.com\/media\/amasty\/shopby\/option_images\/slider\/PETAVegan_1.png\" alt=\"Vegan\" width=\"205\" height=\"75\" \/><img loading=\"lazy\" decoding=\"async\" class=\"object-contain h-[72px] alignleft\" title=\"Fairwear\" src=\"https:\/\/stanleystella.com\/media\/amasty\/shopby\/option_images\/slider\/Fairwear_1.png\" alt=\"Fairwear\" width=\"127\" height=\"75\" \/><\/div>\n<\/div>\n<\/div>\n","protected":false},"featured_media":13967,"comment_status":"closed","ping_status":"closed","template":"","meta":{"googlesitekit_rrm_CAow0ZS_DA:productID":""},"product_brand":[],"product_cat":[217],"product_tag":[327,130,326,297,319,324,321,320,318,322,325,26,323],"class_list":{"0":"post-13944","1":"product","2":"type-product","3":"status-publish","4":"has-post-thumbnail","6":"product_cat-disainitavad-tooted","7":"product_tag-disaini-oma-riided","8":"product_tag-disaini-oma-t-sark","9":"product_tag-isikuparane-riietus","10":"product_tag-kujunda-ise","11":"product_tag-kujunda-ise-oma-t-sark","12":"product_tag-kustomiseeritud-t-sargid","13":"product_tag-loo-oma-t-sark","14":"product_tag-personaalne-t-sargi-trukk","15":"product_tag-t-sargi-disainimine","16":"product_tag-t-sargi-kujundamine","17":"product_tag-t-sargi-trukkimine","18":"product_tag-t-sark","19":"product_tag-unikaalsed-t-sargid","20":"fpd-variation-needed","21":"wcpa_has_options","23":"first","24":"instock","25":"taxable","26":"shipping-taxable","27":"purchasable","28":"product-type-variable"},"yoast_head":"<!-- This site is optimized with the Yoast SEO plugin v27.5 - https:\/\/yoast.com\/product\/yoast-seo-wordpress\/ -->\n<title>Basic Kvaliteetne T-s\u00e4rk | T-s\u00e4rgipood - Disaini oma T-s\u00e4rk<\/title>\n<meta name=\"description\" content=\"Kujunda oma unikaalne T-s\u00e4rk! Vali v\u00e4rv, lisa pilt v\u00f5i tekst ja loo isikup\u00e4rane r\u00f5ivaese. Ideaalne kingituseks v\u00f5i enesev\u00e4ljenduseks.\" \/>\n<meta name=\"robots\" content=\"index, follow, max-snippet:-1, max-image-preview:large, max-video-preview:-1\" \/>\n<link rel=\"canonical\" href=\"https:\/\/tsargipood.ee\/en\/product\/basic-kvaliteetne-t-sark\/\" \/>\n<meta property=\"og:locale\" content=\"en_GB\" \/>\n<meta property=\"og:type\" content=\"article\" \/>\n<meta property=\"og:title\" content=\"Basic Kvaliteetne T-s\u00e4rk | T-s\u00e4rgipood - Disaini oma T-s\u00e4rk\" \/>\n<meta property=\"og:description\" content=\"Kujunda oma unikaalne T-s\u00e4rk! Vali v\u00e4rv, lisa pilt v\u00f5i tekst ja loo isikup\u00e4rane r\u00f5ivaese. Ideaalne kingituseks v\u00f5i enesev\u00e4ljenduseks.\" \/>\n<meta property=\"og:url\" content=\"https:\/\/tsargipood.ee\/en\/product\/basic-kvaliteetne-t-sark\/\" \/>\n<meta property=\"og:site_name\" content=\"T-s\u00e4rgipood - Disaini oma T-s\u00e4rk\" \/>\n<meta property=\"article:publisher\" content=\"https:\/\/www.facebook.com\/profile.php?id=100090772812912\" \/>\n<meta property=\"article:modified_time\" content=\"2026-02-06T12:06:40+00:00\" \/>\n<meta property=\"og:image\" content=\"https:\/\/tsargipood.ee\/wp-content\/uploads\/2024\/11\/Basic-Kvaliteetne-T-sark.png\" \/>\n\t<meta property=\"og:image:width\" content=\"1920\" \/>\n\t<meta property=\"og:image:height\" content=\"2002\" \/>\n\t<meta property=\"og:image:type\" content=\"image\/png\" \/>\n<meta name=\"twitter:card\" content=\"summary_large_image\" \/>\n<meta name=\"twitter:label1\" content=\"Estimated reading time\" \/>\n\t<meta name=\"twitter:data1\" content=\"2 minutes\" \/>\n<script type=\"application\/ld+json\" class=\"yoast-schema-graph\">{\"@context\":\"https:\\\/\\\/schema.org\",\"@graph\":[{\"@type\":\"WebPage\",\"@id\":\"https:\\\/\\\/tsargipood.ee\\\/product\\\/basic-kvaliteetne-t-sark\\\/\",\"url\":\"https:\\\/\\\/tsargipood.ee\\\/product\\\/basic-kvaliteetne-t-sark\\\/\",\"name\":\"Basic Kvaliteetne T-s\u00e4rk | T-s\u00e4rgipood - Disaini oma T-s\u00e4rk\",\"isPartOf\":{\"@id\":\"https:\\\/\\\/tsargipood.ee\\\/#website\"},\"primaryImageOfPage\":{\"@id\":\"https:\\\/\\\/tsargipood.ee\\\/product\\\/basic-kvaliteetne-t-sark\\\/#primaryimage\"},\"image\":{\"@id\":\"https:\\\/\\\/tsargipood.ee\\\/product\\\/basic-kvaliteetne-t-sark\\\/#primaryimage\"},\"thumbnailUrl\":\"https:\\\/\\\/tsargipood.ee\\\/wp-content\\\/uploads\\\/2024\\\/11\\\/Basic-Kvaliteetne-T-sark.png\",\"datePublished\":\"2024-11-07T08:14:37+00:00\",\"dateModified\":\"2026-02-06T12:06:40+00:00\",\"description\":\"Kujunda oma unikaalne T-s\u00e4rk! Vali v\u00e4rv, lisa pilt v\u00f5i tekst ja loo isikup\u00e4rane r\u00f5ivaese. Ideaalne kingituseks v\u00f5i enesev\u00e4ljenduseks.\",\"breadcrumb\":{\"@id\":\"https:\\\/\\\/tsargipood.ee\\\/product\\\/basic-kvaliteetne-t-sark\\\/#breadcrumb\"},\"inLanguage\":\"en-GB\",\"potentialAction\":[{\"@type\":\"ReadAction\",\"target\":[\"https:\\\/\\\/tsargipood.ee\\\/product\\\/basic-kvaliteetne-t-sark\\\/\"]}]},{\"@type\":\"ImageObject\",\"inLanguage\":\"en-GB\",\"@id\":\"https:\\\/\\\/tsargipood.ee\\\/product\\\/basic-kvaliteetne-t-sark\\\/#primaryimage\",\"url\":\"https:\\\/\\\/tsargipood.ee\\\/wp-content\\\/uploads\\\/2024\\\/11\\\/Basic-Kvaliteetne-T-sark.png\",\"contentUrl\":\"https:\\\/\\\/tsargipood.ee\\\/wp-content\\\/uploads\\\/2024\\\/11\\\/Basic-Kvaliteetne-T-sark.png\",\"width\":1920,\"height\":2002,\"caption\":\"Basic Kvaliteetne T-s\u00e4rk\"},{\"@type\":\"BreadcrumbList\",\"@id\":\"https:\\\/\\\/tsargipood.ee\\\/product\\\/basic-kvaliteetne-t-sark\\\/#breadcrumb\",\"itemListElement\":[{\"@type\":\"ListItem\",\"position\":1,\"name\":\"Home\",\"item\":\"https:\\\/\\\/tsargipood.ee\\\/\"},{\"@type\":\"ListItem\",\"position\":2,\"name\":\"T-s\u00e4rgipood\",\"item\":\"https:\\\/\\\/tsargipood.ee\\\/\"},{\"@type\":\"ListItem\",\"position\":3,\"name\":\"Basic Kvaliteetne T-s\u00e4rk\"}]},{\"@type\":\"WebSite\",\"@id\":\"https:\\\/\\\/tsargipood.ee\\\/#website\",\"url\":\"https:\\\/\\\/tsargipood.ee\\\/\",\"name\":\"T-s\u00e4rgipood - Disaini oma T-s\u00e4rk\",\"description\":\"Kujunda oma t-s\u00e4rk\",\"publisher\":{\"@id\":\"https:\\\/\\\/tsargipood.ee\\\/#organization\"},\"alternateName\":\"T-s\u00e4rgipood\",\"potentialAction\":[{\"@type\":\"SearchAction\",\"target\":{\"@type\":\"EntryPoint\",\"urlTemplate\":\"https:\\\/\\\/tsargipood.ee\\\/?s={search_term_string}\"},\"query-input\":{\"@type\":\"PropertyValueSpecification\",\"valueRequired\":true,\"valueName\":\"search_term_string\"}}],\"inLanguage\":\"en-GB\"},{\"@type\":\"Organization\",\"@id\":\"https:\\\/\\\/tsargipood.ee\\\/#organization\",\"name\":\"T-S\u00e4rgipood\",\"alternateName\":\"Disaini oma t-s\u00e4rk\",\"url\":\"https:\\\/\\\/tsargipood.ee\\\/\",\"logo\":{\"@type\":\"ImageObject\",\"inLanguage\":\"en-GB\",\"@id\":\"https:\\\/\\\/tsargipood.ee\\\/#\\\/schema\\\/logo\\\/image\\\/\",\"url\":\"https:\\\/\\\/tsargipood.ee\\\/wp-content\\\/uploads\\\/2023\\\/06\\\/T-sargipood-logo-1.png\",\"contentUrl\":\"https:\\\/\\\/tsargipood.ee\\\/wp-content\\\/uploads\\\/2023\\\/06\\\/T-sargipood-logo-1.png\",\"width\":540,\"height\":540,\"caption\":\"T-S\u00e4rgipood\"},\"image\":{\"@id\":\"https:\\\/\\\/tsargipood.ee\\\/#\\\/schema\\\/logo\\\/image\\\/\"},\"sameAs\":[\"https:\\\/\\\/www.facebook.com\\\/profile.php?id=100090772812912\",\"https:\\\/\\\/www.instagram.com\\\/tsargipood\\\/\"]}]}<\/script>\n<!-- \/ Yoast SEO plugin. -->","yoast_head_json":{"title":"Basic Kvaliteetne T-s\u00e4rk | T-s\u00e4rgipood - Disaini oma T-s\u00e4rk","description":"Kujunda oma unikaalne T-s\u00e4rk! Vali v\u00e4rv, lisa pilt v\u00f5i tekst ja loo isikup\u00e4rane r\u00f5ivaese. Ideaalne kingituseks v\u00f5i enesev\u00e4ljenduseks.","robots":{"index":"index","follow":"follow","max-snippet":"max-snippet:-1","max-image-preview":"max-image-preview:large","max-video-preview":"max-video-preview:-1"},"canonical":"https:\/\/tsargipood.ee\/en\/product\/basic-kvaliteetne-t-sark\/","og_locale":"en_GB","og_type":"article","og_title":"Basic Kvaliteetne T-s\u00e4rk | T-s\u00e4rgipood - Disaini oma T-s\u00e4rk","og_description":"Kujunda oma unikaalne T-s\u00e4rk! Vali v\u00e4rv, lisa pilt v\u00f5i tekst ja loo isikup\u00e4rane r\u00f5ivaese. Ideaalne kingituseks v\u00f5i enesev\u00e4ljenduseks.","og_url":"https:\/\/tsargipood.ee\/en\/product\/basic-kvaliteetne-t-sark\/","og_site_name":"T-s\u00e4rgipood - Disaini oma T-s\u00e4rk","article_publisher":"https:\/\/www.facebook.com\/profile.php?id=100090772812912","article_modified_time":"2026-02-06T12:06:40+00:00","og_image":[{"width":1920,"height":2002,"url":"https:\/\/tsargipood.ee\/wp-content\/uploads\/2024\/11\/Basic-Kvaliteetne-T-sark.png","type":"image\/png"}],"twitter_card":"summary_large_image","twitter_misc":{"Estimated reading time":"2 minutes"},"schema":{"@context":"https:\/\/schema.org","@graph":[{"@type":"WebPage","@id":"https:\/\/tsargipood.ee\/product\/basic-kvaliteetne-t-sark\/","url":"https:\/\/tsargipood.ee\/product\/basic-kvaliteetne-t-sark\/","name":"Basic Kvaliteetne T-s\u00e4rk | T-s\u00e4rgipood - Disaini oma T-s\u00e4rk","isPartOf":{"@id":"https:\/\/tsargipood.ee\/#website"},"primaryImageOfPage":{"@id":"https:\/\/tsargipood.ee\/product\/basic-kvaliteetne-t-sark\/#primaryimage"},"image":{"@id":"https:\/\/tsargipood.ee\/product\/basic-kvaliteetne-t-sark\/#primaryimage"},"thumbnailUrl":"https:\/\/tsargipood.ee\/wp-content\/uploads\/2024\/11\/Basic-Kvaliteetne-T-sark.png","datePublished":"2024-11-07T08:14:37+00:00","dateModified":"2026-02-06T12:06:40+00:00","description":"Kujunda oma unikaalne T-s\u00e4rk! Vali v\u00e4rv, lisa pilt v\u00f5i tekst ja loo isikup\u00e4rane r\u00f5ivaese. Ideaalne kingituseks v\u00f5i enesev\u00e4ljenduseks.","breadcrumb":{"@id":"https:\/\/tsargipood.ee\/product\/basic-kvaliteetne-t-sark\/#breadcrumb"},"inLanguage":"en-GB","potentialAction":[{"@type":"ReadAction","target":["https:\/\/tsargipood.ee\/product\/basic-kvaliteetne-t-sark\/"]}]},{"@type":"ImageObject","inLanguage":"en-GB","@id":"https:\/\/tsargipood.ee\/product\/basic-kvaliteetne-t-sark\/#primaryimage","url":"https:\/\/tsargipood.ee\/wp-content\/uploads\/2024\/11\/Basic-Kvaliteetne-T-sark.png","contentUrl":"https:\/\/tsargipood.ee\/wp-content\/uploads\/2024\/11\/Basic-Kvaliteetne-T-sark.png","width":1920,"height":2002,"caption":"Basic Kvaliteetne T-s\u00e4rk"},{"@type":"BreadcrumbList","@id":"https:\/\/tsargipood.ee\/product\/basic-kvaliteetne-t-sark\/#breadcrumb","itemListElement":[{"@type":"ListItem","position":1,"name":"Home","item":"https:\/\/tsargipood.ee\/"},{"@type":"ListItem","position":2,"name":"T-s\u00e4rgipood","item":"https:\/\/tsargipood.ee\/"},{"@type":"ListItem","position":3,"name":"Basic Kvaliteetne T-s\u00e4rk"}]},{"@type":"WebSite","@id":"https:\/\/tsargipood.ee\/#website","url":"https:\/\/tsargipood.ee\/","name":"T-shirt shop - Design your own T-shirt","description":"Design your own t-shirt","publisher":{"@id":"https:\/\/tsargipood.ee\/#organization"},"alternateName":"T-s\u00e4rgipood","potentialAction":[{"@type":"SearchAction","target":{"@type":"EntryPoint","urlTemplate":"https:\/\/tsargipood.ee\/?s={search_term_string}"},"query-input":{"@type":"PropertyValueSpecification","valueRequired":true,"valueName":"search_term_string"}}],"inLanguage":"en-GB"},{"@type":"Organization","@id":"https:\/\/tsargipood.ee\/#organization","name":"T-S\u00e4rgipood","alternateName":"Disaini oma t-s\u00e4rk","url":"https:\/\/tsargipood.ee\/","logo":{"@type":"ImageObject","inLanguage":"en-GB","@id":"https:\/\/tsargipood.ee\/#\/schema\/logo\/image\/","url":"https:\/\/tsargipood.ee\/wp-content\/uploads\/2023\/06\/T-sargipood-logo-1.png","contentUrl":"https:\/\/tsargipood.ee\/wp-content\/uploads\/2023\/06\/T-sargipood-logo-1.png","width":540,"height":540,"caption":"T-S\u00e4rgipood"},"image":{"@id":"https:\/\/tsargipood.ee\/#\/schema\/logo\/image\/"},"sameAs":["https:\/\/www.facebook.com\/profile.php?id=100090772812912","https:\/\/www.instagram.com\/tsargipood\/"]}]}},"_links":{"self":[{"href":"https:\/\/tsargipood.ee\/en\/wp-json\/wp\/v2\/product\/13944","targetHints":{"allow":["GET"]}}],"collection":[{"href":"https:\/\/tsargipood.ee\/en\/wp-json\/wp\/v2\/product"}],"about":[{"href":"https:\/\/tsargipood.ee\/en\/wp-json\/wp\/v2\/types\/product"}],"replies":[{"embeddable":true,"href":"https:\/\/tsargipood.ee\/en\/wp-json\/wp\/v2\/comments?post=13944"}],"version-history":[{"count":0,"href":"https:\/\/tsargipood.ee\/en\/wp-json\/wp\/v2\/product\/13944\/revisions"}],"wp:featuredmedia":[{"embeddable":true,"href":"https:\/\/tsargipood.ee\/en\/wp-json\/wp\/v2\/media\/13967"}],"wp:attachment":[{"href":"https:\/\/tsargipood.ee\/en\/wp-json\/wp\/v2\/media?parent=13944"}],"wp:term":[{"taxonomy":"product_brand","embeddable":true,"href":"https:\/\/tsargipood.ee\/en\/wp-json\/wp\/v2\/product_brand?post=13944"},{"taxonomy":"product_cat","embeddable":true,"href":"https:\/\/tsargipood.ee\/en\/wp-json\/wp\/v2\/product_cat?post=13944"},{"taxonomy":"product_tag","embeddable":true,"href":"https:\/\/tsargipood.ee\/en\/wp-json\/wp\/v2\/product_tag?post=13944"}],"curies":[{"name":"wp","href":"https:\/\/api.w.org\/{rel}","templated":true}]}}