{"id":14057,"date":"2024-11-20T07:47:02","date_gmt":"2024-11-20T07:47:02","guid":{"rendered":"https:\/\/tsargipood.ee\/?post_type=product&#038;p=14057"},"modified":"2026-01-12T15:59:32","modified_gmt":"2026-01-12T15:59:32","slug":"seinakell-graveeringuga","status":"publish","type":"product","link":"https:\/\/tsargipood.ee\/en\/product\/seinakell-graveeringuga\/","title":{"rendered":"Seinakell graveeringuga"},"content":{"rendered":"<ul>\n<li>Diameeter 30cm<\/li>\n<li>Jaapani mehhanism<\/li>\n<li>Quartz kell<\/li>\n<li>Bambusest seinakell,<\/li>\n<li>M\u00f5\u00f5dud:\u00d830 x 0,8 cm<\/li>\n<li>Materjal: bambus<\/li>\n<li>Patareitoitel, AA patarei (ei kuulu komplekti)<\/li>\n<li>Vaikne<\/li>\n<\/ul>","protected":false},"excerpt":{"rendered":"<p><a href=\"https:\/\/tsargipood.ee\/wp-content\/uploads\/2024\/11\/Kell-pambus-1.png\"><img decoding=\"async\" class=\"alignnone wp-image-14061\" src=\"https:\/\/tsargipood.ee\/wp-content\/uploads\/2024\/11\/Kell-pambus-1-300x300.png\" alt=\"\" width=\"99\" height=\"99\" srcset=\"https:\/\/tsargipood.ee\/wp-content\/uploads\/2024\/11\/Kell-pambus-1-300x300.png 300w, https:\/\/tsargipood.ee\/wp-content\/uploads\/2024\/11\/Kell-pambus-1-100x100.png 100w, https:\/\/tsargipood.ee\/wp-content\/uploads\/2024\/11\/Kell-pambus-1-150x150.png 150w, https:\/\/tsargipood.ee\/wp-content\/uploads\/2024\/11\/Kell-pambus-1.png 400w\" sizes=\"(max-width: 99px) 100vw, 99px\" \/><\/a> <a href=\"https:\/\/tsargipood.ee\/wp-content\/uploads\/2024\/11\/pambus-1.jpg\"><img decoding=\"async\" class=\"alignnone wp-image-14062\" src=\"https:\/\/tsargipood.ee\/wp-content\/uploads\/2024\/11\/pambus-1-300x300.jpg\" alt=\"\" width=\"99\" height=\"99\" srcset=\"https:\/\/tsargipood.ee\/wp-content\/uploads\/2024\/11\/pambus-1-300x300.jpg 300w, https:\/\/tsargipood.ee\/wp-content\/uploads\/2024\/11\/pambus-1-100x100.jpg 100w, https:\/\/tsargipood.ee\/wp-content\/uploads\/2024\/11\/pambus-1-150x150.jpg 150w, https:\/\/tsargipood.ee\/wp-content\/uploads\/2024\/11\/pambus-1.jpg 400w\" sizes=\"(max-width: 99px) 100vw, 99px\" \/><\/a> <a href=\"https:\/\/tsargipood.ee\/wp-content\/uploads\/2024\/11\/pambus-2.jpg\"><img decoding=\"async\" class=\"alignnone wp-image-14063\" src=\"https:\/\/tsargipood.ee\/wp-content\/uploads\/2024\/11\/pambus-2.jpg\" alt=\"\" width=\"99\" height=\"99\" srcset=\"https:\/\/tsargipood.ee\/wp-content\/uploads\/2024\/11\/pambus-2.jpg 300w, https:\/\/tsargipood.ee\/wp-content\/uploads\/2024\/11\/pambus-2-100x100.jpg 100w, https:\/\/tsargipood.ee\/wp-content\/uploads\/2024\/11\/pambus-2-200x200.jpg 200w, https:\/\/tsargipood.ee\/wp-content\/uploads\/2024\/11\/pambus-2-150x150.jpg 150w\" sizes=\"(max-width: 99px) 100vw, 99px\" \/><\/a><\/p>\n<p>&nbsp;<\/p>\n<p class=\"p1\"><b>Disaini oma unikaalne seinakell lasergraveeringuga!<\/b><b><\/b><\/p>\n<p class=\"p1\">Loo isikup\u00e4rane ja stiilne sisustuselement, mis sobib ideaalselt koju, kontorisse v\u00f5i kingituseks. Meie kvaliteetne pambuskell koos lasergraveeringu v\u00f5imalusega annab sulle vabaduse lisada kella pinnale oma logo, teksti, mustri v\u00f5i erilise s\u00f5numi.<\/p>\n<p class=\"p1\">\u2714 <b>Naturaalne bambus<\/b> \u2013 keskkonnas\u00f5bralik ja elegantne.<\/p>\n<p class=\"p1\">\u2714 <b>Lasergraveering<\/b> \u2013 t\u00e4pne ja kauakestev viimistlus.<\/p>\n<p class=\"p1\">\u2714 <b>Isikup\u00e4rane disain<\/b> \u2013 ideaalne kingitus v\u00f5i reklaamtoode.<\/p>\n<p class=\"p1\"><b>Telli juba t\u00e4na ja tee oma visioon teoks!<\/b><\/p>","protected":false},"featured_media":14066,"comment_status":"closed","ping_status":"closed","template":"","meta":{"googlesitekit_rrm_CAow0ZS_DA:productID":""},"product_brand":[],"product_cat":[217,473,293],"product_tag":[302,301,300,295,303,299,294,298,305,306,307,304],"class_list":{"0":"post-14057","1":"product","2":"type-product","3":"status-publish","4":"has-post-thumbnail","6":"product_cat-disainitavad-tooted","7":"product_cat-kellad","8":"product_cat-oma-pildiga-seinaklell","9":"product_tag-bambuskell-graveeringuga","10":"product_tag-disaini-oma-kell","11":"product_tag-isikuparane-seinakell","12":"product_tag-kell","13":"product_tag-keskkonnasobralik-kell","14":"product_tag-lasergraveering","15":"product_tag-oma-pildiga-seinaklell","16":"product_tag-pambuskell","17":"product_tag-reklaamtooted-lasergraveeringuga","18":"product_tag-seinakell-logoga","19":"product_tag-stiilne-sisustuselement","20":"product_tag-unikaalne-kingitus","21":"fpd-variation-needed","23":"first","24":"instock","25":"taxable","26":"shipping-taxable","27":"purchasable","28":"product-type-simple"},"yoast_head":"<!-- This site is optimized with the Yoast SEO plugin v27.5 - https:\/\/yoast.com\/product\/yoast-seo-wordpress\/ -->\n<title>Seinakell graveeringuga | T-s\u00e4rgipood - Disaini oma T-s\u00e4rk<\/title>\n<meta name=\"description\" content=\"Elegantselt disainitud pambuskell koos lasergraveeringuga. Ideaalne kingitus v\u00f5i ainulaadne sisustuselement. Tellimine lihtne ja kiire!\" \/>\n<meta name=\"robots\" content=\"index, follow, max-snippet:-1, max-image-preview:large, max-video-preview:-1\" \/>\n<link rel=\"canonical\" href=\"https:\/\/tsargipood.ee\/en\/product\/seinakell-graveeringuga\/\" \/>\n<meta property=\"og:locale\" content=\"en_GB\" \/>\n<meta property=\"og:type\" content=\"article\" \/>\n<meta property=\"og:title\" content=\"Seinakell graveeringuga | T-s\u00e4rgipood - Disaini oma T-s\u00e4rk\" \/>\n<meta property=\"og:description\" content=\"Elegantselt disainitud pambuskell koos lasergraveeringuga. Ideaalne kingitus v\u00f5i ainulaadne sisustuselement. Tellimine lihtne ja kiire!\" \/>\n<meta property=\"og:url\" content=\"https:\/\/tsargipood.ee\/en\/product\/seinakell-graveeringuga\/\" \/>\n<meta property=\"og:site_name\" content=\"T-s\u00e4rgipood - Disaini oma T-s\u00e4rk\" \/>\n<meta property=\"article:publisher\" content=\"https:\/\/www.facebook.com\/profile.php?id=100090772812912\" \/>\n<meta property=\"article:modified_time\" content=\"2026-01-12T15:59:32+00:00\" \/>\n<meta property=\"og:image\" content=\"https:\/\/tsargipood.ee\/wp-content\/uploads\/2024\/11\/seinakell-graveeringuga.jpg\" \/>\n\t<meta property=\"og:image:width\" content=\"2164\" \/>\n\t<meta property=\"og:image:height\" content=\"2163\" \/>\n\t<meta property=\"og:image:type\" content=\"image\/jpeg\" \/>\n<meta name=\"twitter:card\" content=\"summary_large_image\" \/>\n<meta name=\"twitter:label1\" content=\"Estimated reading time\" \/>\n\t<meta name=\"twitter:data1\" content=\"1 minute\" \/>\n<script type=\"application\/ld+json\" class=\"yoast-schema-graph\">{\"@context\":\"https:\\\/\\\/schema.org\",\"@graph\":[{\"@type\":\"WebPage\",\"@id\":\"https:\\\/\\\/tsargipood.ee\\\/product\\\/seinakell-graveeringuga\\\/\",\"url\":\"https:\\\/\\\/tsargipood.ee\\\/product\\\/seinakell-graveeringuga\\\/\",\"name\":\"Seinakell graveeringuga | T-s\u00e4rgipood - Disaini oma T-s\u00e4rk\",\"isPartOf\":{\"@id\":\"https:\\\/\\\/tsargipood.ee\\\/#website\"},\"primaryImageOfPage\":{\"@id\":\"https:\\\/\\\/tsargipood.ee\\\/product\\\/seinakell-graveeringuga\\\/#primaryimage\"},\"image\":{\"@id\":\"https:\\\/\\\/tsargipood.ee\\\/product\\\/seinakell-graveeringuga\\\/#primaryimage\"},\"thumbnailUrl\":\"https:\\\/\\\/tsargipood.ee\\\/wp-content\\\/uploads\\\/2024\\\/11\\\/seinakell-graveeringuga.jpg\",\"datePublished\":\"2024-11-20T07:47:02+00:00\",\"dateModified\":\"2026-01-12T15:59:32+00:00\",\"description\":\"Elegantselt disainitud pambuskell koos lasergraveeringuga. Ideaalne kingitus v\u00f5i ainulaadne sisustuselement. Tellimine lihtne ja kiire!\",\"breadcrumb\":{\"@id\":\"https:\\\/\\\/tsargipood.ee\\\/product\\\/seinakell-graveeringuga\\\/#breadcrumb\"},\"inLanguage\":\"en-GB\",\"potentialAction\":[{\"@type\":\"ReadAction\",\"target\":[\"https:\\\/\\\/tsargipood.ee\\\/product\\\/seinakell-graveeringuga\\\/\"]}]},{\"@type\":\"ImageObject\",\"inLanguage\":\"en-GB\",\"@id\":\"https:\\\/\\\/tsargipood.ee\\\/product\\\/seinakell-graveeringuga\\\/#primaryimage\",\"url\":\"https:\\\/\\\/tsargipood.ee\\\/wp-content\\\/uploads\\\/2024\\\/11\\\/seinakell-graveeringuga.jpg\",\"contentUrl\":\"https:\\\/\\\/tsargipood.ee\\\/wp-content\\\/uploads\\\/2024\\\/11\\\/seinakell-graveeringuga.jpg\",\"width\":2164,\"height\":2163,\"caption\":\"seinakell graveeringuga\"},{\"@type\":\"BreadcrumbList\",\"@id\":\"https:\\\/\\\/tsargipood.ee\\\/product\\\/seinakell-graveeringuga\\\/#breadcrumb\",\"itemListElement\":[{\"@type\":\"ListItem\",\"position\":1,\"name\":\"Home\",\"item\":\"https:\\\/\\\/tsargipood.ee\\\/\"},{\"@type\":\"ListItem\",\"position\":2,\"name\":\"T-s\u00e4rgipood\",\"item\":\"https:\\\/\\\/tsargipood.ee\\\/\"},{\"@type\":\"ListItem\",\"position\":3,\"name\":\"Seinakell graveeringuga\"}]},{\"@type\":\"WebSite\",\"@id\":\"https:\\\/\\\/tsargipood.ee\\\/#website\",\"url\":\"https:\\\/\\\/tsargipood.ee\\\/\",\"name\":\"T-s\u00e4rgipood - Disaini oma T-s\u00e4rk\",\"description\":\"Kujunda oma t-s\u00e4rk\",\"publisher\":{\"@id\":\"https:\\\/\\\/tsargipood.ee\\\/#organization\"},\"alternateName\":\"T-s\u00e4rgipood\",\"potentialAction\":[{\"@type\":\"SearchAction\",\"target\":{\"@type\":\"EntryPoint\",\"urlTemplate\":\"https:\\\/\\\/tsargipood.ee\\\/?s={search_term_string}\"},\"query-input\":{\"@type\":\"PropertyValueSpecification\",\"valueRequired\":true,\"valueName\":\"search_term_string\"}}],\"inLanguage\":\"en-GB\"},{\"@type\":\"Organization\",\"@id\":\"https:\\\/\\\/tsargipood.ee\\\/#organization\",\"name\":\"T-S\u00e4rgipood\",\"alternateName\":\"Disaini oma t-s\u00e4rk\",\"url\":\"https:\\\/\\\/tsargipood.ee\\\/\",\"logo\":{\"@type\":\"ImageObject\",\"inLanguage\":\"en-GB\",\"@id\":\"https:\\\/\\\/tsargipood.ee\\\/#\\\/schema\\\/logo\\\/image\\\/\",\"url\":\"https:\\\/\\\/tsargipood.ee\\\/wp-content\\\/uploads\\\/2023\\\/06\\\/T-sargipood-logo-1.png\",\"contentUrl\":\"https:\\\/\\\/tsargipood.ee\\\/wp-content\\\/uploads\\\/2023\\\/06\\\/T-sargipood-logo-1.png\",\"width\":540,\"height\":540,\"caption\":\"T-S\u00e4rgipood\"},\"image\":{\"@id\":\"https:\\\/\\\/tsargipood.ee\\\/#\\\/schema\\\/logo\\\/image\\\/\"},\"sameAs\":[\"https:\\\/\\\/www.facebook.com\\\/profile.php?id=100090772812912\",\"https:\\\/\\\/www.instagram.com\\\/tsargipood\\\/\"]}]}<\/script>\n<!-- \/ Yoast SEO plugin. -->","yoast_head_json":{"title":"Seinakell graveeringuga | T-s\u00e4rgipood - Disaini oma T-s\u00e4rk","description":"Elegantselt disainitud pambuskell koos lasergraveeringuga. Ideaalne kingitus v\u00f5i ainulaadne sisustuselement. Tellimine lihtne ja kiire!","robots":{"index":"index","follow":"follow","max-snippet":"max-snippet:-1","max-image-preview":"max-image-preview:large","max-video-preview":"max-video-preview:-1"},"canonical":"https:\/\/tsargipood.ee\/en\/product\/seinakell-graveeringuga\/","og_locale":"en_GB","og_type":"article","og_title":"Seinakell graveeringuga | T-s\u00e4rgipood - Disaini oma T-s\u00e4rk","og_description":"Elegantselt disainitud pambuskell koos lasergraveeringuga. Ideaalne kingitus v\u00f5i ainulaadne sisustuselement. Tellimine lihtne ja kiire!","og_url":"https:\/\/tsargipood.ee\/en\/product\/seinakell-graveeringuga\/","og_site_name":"T-s\u00e4rgipood - Disaini oma T-s\u00e4rk","article_publisher":"https:\/\/www.facebook.com\/profile.php?id=100090772812912","article_modified_time":"2026-01-12T15:59:32+00:00","og_image":[{"width":2164,"height":2163,"url":"https:\/\/tsargipood.ee\/wp-content\/uploads\/2024\/11\/seinakell-graveeringuga.jpg","type":"image\/jpeg"}],"twitter_card":"summary_large_image","twitter_misc":{"Estimated reading time":"1 minute"},"schema":{"@context":"https:\/\/schema.org","@graph":[{"@type":"WebPage","@id":"https:\/\/tsargipood.ee\/product\/seinakell-graveeringuga\/","url":"https:\/\/tsargipood.ee\/product\/seinakell-graveeringuga\/","name":"Seinakell graveeringuga | T-s\u00e4rgipood - Disaini oma T-s\u00e4rk","isPartOf":{"@id":"https:\/\/tsargipood.ee\/#website"},"primaryImageOfPage":{"@id":"https:\/\/tsargipood.ee\/product\/seinakell-graveeringuga\/#primaryimage"},"image":{"@id":"https:\/\/tsargipood.ee\/product\/seinakell-graveeringuga\/#primaryimage"},"thumbnailUrl":"https:\/\/tsargipood.ee\/wp-content\/uploads\/2024\/11\/seinakell-graveeringuga.jpg","datePublished":"2024-11-20T07:47:02+00:00","dateModified":"2026-01-12T15:59:32+00:00","description":"Elegantselt disainitud pambuskell koos lasergraveeringuga. Ideaalne kingitus v\u00f5i ainulaadne sisustuselement. Tellimine lihtne ja kiire!","breadcrumb":{"@id":"https:\/\/tsargipood.ee\/product\/seinakell-graveeringuga\/#breadcrumb"},"inLanguage":"en-GB","potentialAction":[{"@type":"ReadAction","target":["https:\/\/tsargipood.ee\/product\/seinakell-graveeringuga\/"]}]},{"@type":"ImageObject","inLanguage":"en-GB","@id":"https:\/\/tsargipood.ee\/product\/seinakell-graveeringuga\/#primaryimage","url":"https:\/\/tsargipood.ee\/wp-content\/uploads\/2024\/11\/seinakell-graveeringuga.jpg","contentUrl":"https:\/\/tsargipood.ee\/wp-content\/uploads\/2024\/11\/seinakell-graveeringuga.jpg","width":2164,"height":2163,"caption":"seinakell graveeringuga"},{"@type":"BreadcrumbList","@id":"https:\/\/tsargipood.ee\/product\/seinakell-graveeringuga\/#breadcrumb","itemListElement":[{"@type":"ListItem","position":1,"name":"Home","item":"https:\/\/tsargipood.ee\/"},{"@type":"ListItem","position":2,"name":"T-s\u00e4rgipood","item":"https:\/\/tsargipood.ee\/"},{"@type":"ListItem","position":3,"name":"Seinakell graveeringuga"}]},{"@type":"WebSite","@id":"https:\/\/tsargipood.ee\/#website","url":"https:\/\/tsargipood.ee\/","name":"T-shirt shop - Design your own T-shirt","description":"Design your own t-shirt","publisher":{"@id":"https:\/\/tsargipood.ee\/#organization"},"alternateName":"T-s\u00e4rgipood","potentialAction":[{"@type":"SearchAction","target":{"@type":"EntryPoint","urlTemplate":"https:\/\/tsargipood.ee\/?s={search_term_string}"},"query-input":{"@type":"PropertyValueSpecification","valueRequired":true,"valueName":"search_term_string"}}],"inLanguage":"en-GB"},{"@type":"Organization","@id":"https:\/\/tsargipood.ee\/#organization","name":"T-S\u00e4rgipood","alternateName":"Disaini oma t-s\u00e4rk","url":"https:\/\/tsargipood.ee\/","logo":{"@type":"ImageObject","inLanguage":"en-GB","@id":"https:\/\/tsargipood.ee\/#\/schema\/logo\/image\/","url":"https:\/\/tsargipood.ee\/wp-content\/uploads\/2023\/06\/T-sargipood-logo-1.png","contentUrl":"https:\/\/tsargipood.ee\/wp-content\/uploads\/2023\/06\/T-sargipood-logo-1.png","width":540,"height":540,"caption":"T-S\u00e4rgipood"},"image":{"@id":"https:\/\/tsargipood.ee\/#\/schema\/logo\/image\/"},"sameAs":["https:\/\/www.facebook.com\/profile.php?id=100090772812912","https:\/\/www.instagram.com\/tsargipood\/"]}]}},"_links":{"self":[{"href":"https:\/\/tsargipood.ee\/en\/wp-json\/wp\/v2\/product\/14057","targetHints":{"allow":["GET"]}}],"collection":[{"href":"https:\/\/tsargipood.ee\/en\/wp-json\/wp\/v2\/product"}],"about":[{"href":"https:\/\/tsargipood.ee\/en\/wp-json\/wp\/v2\/types\/product"}],"replies":[{"embeddable":true,"href":"https:\/\/tsargipood.ee\/en\/wp-json\/wp\/v2\/comments?post=14057"}],"version-history":[{"count":0,"href":"https:\/\/tsargipood.ee\/en\/wp-json\/wp\/v2\/product\/14057\/revisions"}],"wp:featuredmedia":[{"embeddable":true,"href":"https:\/\/tsargipood.ee\/en\/wp-json\/wp\/v2\/media\/14066"}],"wp:attachment":[{"href":"https:\/\/tsargipood.ee\/en\/wp-json\/wp\/v2\/media?parent=14057"}],"wp:term":[{"taxonomy":"product_brand","embeddable":true,"href":"https:\/\/tsargipood.ee\/en\/wp-json\/wp\/v2\/product_brand?post=14057"},{"taxonomy":"product_cat","embeddable":true,"href":"https:\/\/tsargipood.ee\/en\/wp-json\/wp\/v2\/product_cat?post=14057"},{"taxonomy":"product_tag","embeddable":true,"href":"https:\/\/tsargipood.ee\/en\/wp-json\/wp\/v2\/product_tag?post=14057"}],"curies":[{"name":"wp","href":"https:\/\/api.w.org\/{rel}","templated":true}]}}