{"id":14151,"date":"2024-11-28T09:21:09","date_gmt":"2024-11-28T09:21:09","guid":{"rendered":"https:\/\/tsargipood.ee\/?post_type=product&#038;p=14151"},"modified":"2026-02-05T14:52:50","modified_gmt":"2026-02-05T14:52:50","slug":"naiste-standard-t-sark","status":"publish","type":"product","link":"https:\/\/tsargipood.ee\/en\/product\/naiste-standard-t-sark\/","title":{"rendered":"Naiste standard T-s\u00e4rk"},"content":{"rendered":"<div><strong>L\u00fchikirjeldus<\/strong><\/div>\n<div><\/div>\n<div>Klassikaline ja mugav naiste fitted t-s\u00e4rk, valmistatud 100% orgaanilisest puuvillast. Ideaalne igap\u00e4evaseks kandmiseks, minimalistlik disain tagab stiilse ja ajatu v\u00e4limuse.<\/div>\n<div><\/div>\n<div><strong>Omadused<\/strong><\/div>\n<div>\u20221&#215;1 rib detail kaeluses<\/div>\n<div>\u2022Samast kangast kaelalint seljaosas<\/div>\n<div>\u2022Set-in varrukad mugavaks liikumiseks<\/div>\n<div>\u2022Kitsas kahe-n\u00f5elaga \u00f5mblus varrukate ja all\u00e4\u00e4re juures<\/div>\n<div>\u2022Mid-light, figuuri j\u00e4rgnev l\u00f5ige<\/div>\n<div><\/div>\n<div><strong>Materjal<\/strong><\/div>\n<div>\u2022100% orgaaniline puuvill (Single Jersey)<\/div>\n<div>\u2022Ringkedratud, kammitud l\u00f5ng<\/div>\n<div>\u2022Kangas eelnevalt pestud<\/div>\n<div><\/div>\n<div><strong>Hooldusjuhised<\/strong><\/div>\n<div>\u2022Pesta koos sarnaste v\u00e4rvidega<\/div>\n<div>\u2022Tr\u00fckipinnale mitte triikida<\/div>\n<div>\u2022Pesta ja triikida pahempidi<\/div>\n<div>\u2022Pesu: 30 \u00b0C<\/div>\n<div>\u2022Pleegitamine: ei<\/div>\n<div>\u2022Trummelkuivatus: ei<\/div>\n<div>\u2022Triikimine: kuni 110 \u00b0C<\/div>\n<div>\u2022Keemiline puhastus: ei<\/div>\n<div><\/div>\n<div><img decoding=\"async\" class=\"w-8 h-8 shrink-0 alignleft\" title=\"Washing - 30\u00b0\" src=\"https:\/\/stanleystella.com\/media\/amasty\/shopby\/option_images\/slider\/was_30.png\" alt=\"Washing - 30\u00b0\" width=\"32\" height=\"32\" \/><img decoding=\"async\" class=\"w-8 h-8 shrink-0 alignleft\" title=\"Bleaching - No\" src=\"https:\/\/stanleystella.com\/media\/amasty\/shopby\/option_images\/slider\/ble_not.png\" alt=\"Bleaching - No\" width=\"32\" height=\"32\" \/><img decoding=\"async\" class=\"w-8 h-8 shrink-0 alignleft\" title=\"Drying - Tumble Dry No\" src=\"https:\/\/stanleystella.com\/media\/amasty\/shopby\/option_images\/slider\/dry_not.png\" alt=\"Drying - Tumble Dry No\" width=\"32\" height=\"32\" \/><img loading=\"lazy\" decoding=\"async\" class=\"w-8 h-8 shrink-0 alignleft\" title=\"Ironing - 110\u00b0\" src=\"https:\/\/stanleystella.com\/media\/amasty\/shopby\/option_images\/slider\/iro_max_110.png\" alt=\"Ironing - 110\u00b0\" width=\"32\" height=\"32\" \/><img loading=\"lazy\" decoding=\"async\" class=\"w-8 h-8 shrink-0 alignleft\" title=\"Cleaning - No\" src=\"https:\/\/stanleystella.com\/media\/amasty\/shopby\/option_images\/slider\/EU-Symbol_DryCleaning.svg\" alt=\"Cleaning - No\" width=\"32\" height=\"32\" \/><\/div>","protected":false},"excerpt":{"rendered":"<p><strong>Stella Expresser 2.0 \u2013 naiste fitted t-s\u00e4rk<\/strong><\/p>\n<p>Astuge igap\u00e4eva stiilselt ja mugavalt Stella Expresser 2.0 fitted t-s\u00e4rgiga! See s\u00e4rk on valmistatud pehmest 100% orgaanilisest puuvillast, mis on m\u00f5nus keha vastas ja kestab kaua. Mid-light l\u00f5ige j\u00e4rgib naise figuuri, pakkudes samal ajal mugavust ja liikumisvabadust, nii et tunned end h\u00e4sti nii kodus, linnas kui ka t\u00f6\u00f6l.<\/p>\n<p>Minimalistlik ja ajatu disain teeb sellest s\u00e4rgist t\u00f5elise igap\u00e4eva lemmiku \u2013 kanda \u00fcksi v\u00f5i kihina teiste r\u00f5ivastega. S\u00e4rgi kvaliteetsed detailid, nagu rib detail kaeluses, hoolikalt viimistletud varrukad ja all\u00e4\u00e4r, tagavad stiilse v\u00e4limuse igas olukorras.<\/p>\n<p>Stella Expresser 2.0 on rohkem kui lihtsalt s\u00e4rk \u2013 see on v\u00f5imalus v\u00e4ljendada oma unikaalset stiili ja mugavust, samal ajal toetades keskkonnas\u00f5bralikku valikut. Pehme, orgaaniline puuvill, sertifikaadid GOTS ja OEKO-TEX, vegan ja Fair Wear \u2013 k\u00f5ik see teeb sellest s\u00e4rgist valiku, mille \u00fcle saad uhke olla.<\/p>\n<p>Haarake oma uus lemmik kohe ja lisage oma garderoobile s\u00e4rtsu ja mugavust \u2013 see s\u00e4rk j\u00e4\u00e4b sind r\u00f5\u00f5mustama iga p\u00e4ev!<\/p>\n<p>&nbsp;<\/p>\n<p><img loading=\"lazy\" decoding=\"async\" class=\"object-contain h-[72px] alignleft\" title=\"GOTS\" src=\"https:\/\/stanleystella.com\/media\/amasty\/shopby\/option_images\/slider\/GOTSOrganic.png\" alt=\"GOTS Organic\" width=\"74\" height=\"75\" \/><img loading=\"lazy\" decoding=\"async\" class=\"object-contain h-[72px] alignleft\" title=\"OEKO-TEX organic garments\" src=\"https:\/\/stanleystella.com\/media\/amasty\/shopby\/option_images\/slider\/OekoTex2012163_2.png\" alt=\"OEKO-TEX organic garments\" width=\"69\" height=\"75\" \/><img loading=\"lazy\" decoding=\"async\" class=\"object-contain h-[72px] alignleft\" title=\"Vegan\" src=\"https:\/\/stanleystella.com\/media\/amasty\/shopby\/option_images\/slider\/PETAVegan_1.png\" alt=\"Vegan\" width=\"205\" height=\"75\" \/><img loading=\"lazy\" decoding=\"async\" class=\"object-contain h-[72px] alignleft\" title=\"Fairwear\" src=\"https:\/\/stanleystella.com\/media\/amasty\/shopby\/option_images\/slider\/Fairwear_1.png\" alt=\"Fairwear\" width=\"126\" height=\"75\" \/><\/p>\n","protected":false},"featured_media":14152,"comment_status":"closed","ping_status":"closed","template":"","meta":{"googlesitekit_rrm_CAow0ZS_DA:productID":""},"product_brand":[],"product_cat":[217,338],"product_tag":[332,330,328,337,329,335,333,334,336,331],"class_list":{"0":"post-14151","1":"product","2":"type-product","3":"status-publish","4":"has-post-thumbnail","6":"product_cat-disainitavad-tooted","7":"product_cat-naiste-t-sark","8":"product_tag-isikuparased-t-sargid","9":"product_tag-kohandatav-t-sark","10":"product_tag-kujunda-ise-t-sark","11":"product_tag-mugav-ja-kvaliteetne-t-sark","12":"product_tag-naiste-t-sark-disain","13":"product_tag-stiilne-naiste-t-sark","14":"product_tag-t-sargi-disain-internetis","15":"product_tag-t-sargi-kohandamine-naistele","16":"product_tag-t-sargid-oma-logoga","17":"product_tag-unikaalne-t-sargi-kujundus","18":"fpd-variation-needed","19":"wcpa_has_options","21":"first","22":"instock","23":"taxable","24":"shipping-taxable","25":"purchasable","26":"product-type-variable"},"yoast_head":"<!-- This site is optimized with the Yoast SEO plugin v27.5 - https:\/\/yoast.com\/product\/yoast-seo-wordpress\/ -->\n<title>Naiste standard T-s\u00e4rk | T-s\u00e4rgipood - Disaini oma T-s\u00e4rk<\/title>\n<meta name=\"description\" content=\"Kujunda ise oma naiste standard T-s\u00e4rk! Loo unikaalne disain, lisa graafika, tekst v\u00f5i logo. Kvaliteetne ja mugav igap\u00e4evaseks kandmiseks!\" \/>\n<meta name=\"robots\" content=\"index, follow, max-snippet:-1, max-image-preview:large, max-video-preview:-1\" \/>\n<link rel=\"canonical\" href=\"https:\/\/tsargipood.ee\/en\/product\/naiste-standard-t-sark\/\" \/>\n<meta property=\"og:locale\" content=\"en_GB\" \/>\n<meta property=\"og:type\" content=\"article\" \/>\n<meta property=\"og:title\" content=\"Naiste standard T-s\u00e4rk | T-s\u00e4rgipood - Disaini oma T-s\u00e4rk\" \/>\n<meta property=\"og:description\" content=\"Kujunda ise oma naiste standard T-s\u00e4rk! Loo unikaalne disain, lisa graafika, tekst v\u00f5i logo. Kvaliteetne ja mugav igap\u00e4evaseks kandmiseks!\" \/>\n<meta property=\"og:url\" content=\"https:\/\/tsargipood.ee\/en\/product\/naiste-standard-t-sark\/\" \/>\n<meta property=\"og:site_name\" content=\"T-s\u00e4rgipood - Disaini oma T-s\u00e4rk\" \/>\n<meta property=\"article:publisher\" content=\"https:\/\/www.facebook.com\/profile.php?id=100090772812912\" \/>\n<meta property=\"article:modified_time\" content=\"2026-02-05T14:52:50+00:00\" \/>\n<meta property=\"og:image\" content=\"https:\/\/tsargipood.ee\/wp-content\/uploads\/2024\/11\/Naiste-standard-T-sark-disaini-ise.jpg\" \/>\n\t<meta property=\"og:image:width\" content=\"1280\" \/>\n\t<meta property=\"og:image:height\" content=\"1280\" \/>\n\t<meta property=\"og:image:type\" content=\"image\/jpeg\" \/>\n<meta name=\"twitter:card\" content=\"summary_large_image\" \/>\n<meta name=\"twitter:label1\" content=\"Estimated reading time\" \/>\n\t<meta name=\"twitter:data1\" content=\"2 minutes\" \/>\n<script type=\"application\/ld+json\" class=\"yoast-schema-graph\">{\"@context\":\"https:\\\/\\\/schema.org\",\"@graph\":[{\"@type\":\"WebPage\",\"@id\":\"https:\\\/\\\/tsargipood.ee\\\/product\\\/naiste-standard-t-sark\\\/\",\"url\":\"https:\\\/\\\/tsargipood.ee\\\/product\\\/naiste-standard-t-sark\\\/\",\"name\":\"Naiste standard T-s\u00e4rk | T-s\u00e4rgipood - Disaini oma T-s\u00e4rk\",\"isPartOf\":{\"@id\":\"https:\\\/\\\/tsargipood.ee\\\/#website\"},\"primaryImageOfPage\":{\"@id\":\"https:\\\/\\\/tsargipood.ee\\\/product\\\/naiste-standard-t-sark\\\/#primaryimage\"},\"image\":{\"@id\":\"https:\\\/\\\/tsargipood.ee\\\/product\\\/naiste-standard-t-sark\\\/#primaryimage\"},\"thumbnailUrl\":\"https:\\\/\\\/tsargipood.ee\\\/wp-content\\\/uploads\\\/2024\\\/11\\\/Naiste-standard-T-sark-disaini-ise.jpg\",\"datePublished\":\"2024-11-28T09:21:09+00:00\",\"dateModified\":\"2026-02-05T14:52:50+00:00\",\"description\":\"Kujunda ise oma naiste standard T-s\u00e4rk! Loo unikaalne disain, lisa graafika, tekst v\u00f5i logo. Kvaliteetne ja mugav igap\u00e4evaseks kandmiseks!\",\"breadcrumb\":{\"@id\":\"https:\\\/\\\/tsargipood.ee\\\/product\\\/naiste-standard-t-sark\\\/#breadcrumb\"},\"inLanguage\":\"en-GB\",\"potentialAction\":[{\"@type\":\"ReadAction\",\"target\":[\"https:\\\/\\\/tsargipood.ee\\\/product\\\/naiste-standard-t-sark\\\/\"]}]},{\"@type\":\"ImageObject\",\"inLanguage\":\"en-GB\",\"@id\":\"https:\\\/\\\/tsargipood.ee\\\/product\\\/naiste-standard-t-sark\\\/#primaryimage\",\"url\":\"https:\\\/\\\/tsargipood.ee\\\/wp-content\\\/uploads\\\/2024\\\/11\\\/Naiste-standard-T-sark-disaini-ise.jpg\",\"contentUrl\":\"https:\\\/\\\/tsargipood.ee\\\/wp-content\\\/uploads\\\/2024\\\/11\\\/Naiste-standard-T-sark-disaini-ise.jpg\",\"width\":1280,\"height\":1280,\"caption\":\"Naiste standard T-s\u00e4rk disaini ise\"},{\"@type\":\"BreadcrumbList\",\"@id\":\"https:\\\/\\\/tsargipood.ee\\\/product\\\/naiste-standard-t-sark\\\/#breadcrumb\",\"itemListElement\":[{\"@type\":\"ListItem\",\"position\":1,\"name\":\"Home\",\"item\":\"https:\\\/\\\/tsargipood.ee\\\/\"},{\"@type\":\"ListItem\",\"position\":2,\"name\":\"T-s\u00e4rgipood\",\"item\":\"https:\\\/\\\/tsargipood.ee\\\/\"},{\"@type\":\"ListItem\",\"position\":3,\"name\":\"Naiste standard T-s\u00e4rk\"}]},{\"@type\":\"WebSite\",\"@id\":\"https:\\\/\\\/tsargipood.ee\\\/#website\",\"url\":\"https:\\\/\\\/tsargipood.ee\\\/\",\"name\":\"T-s\u00e4rgipood - Disaini oma T-s\u00e4rk\",\"description\":\"Kujunda oma t-s\u00e4rk\",\"publisher\":{\"@id\":\"https:\\\/\\\/tsargipood.ee\\\/#organization\"},\"alternateName\":\"T-s\u00e4rgipood\",\"potentialAction\":[{\"@type\":\"SearchAction\",\"target\":{\"@type\":\"EntryPoint\",\"urlTemplate\":\"https:\\\/\\\/tsargipood.ee\\\/?s={search_term_string}\"},\"query-input\":{\"@type\":\"PropertyValueSpecification\",\"valueRequired\":true,\"valueName\":\"search_term_string\"}}],\"inLanguage\":\"en-GB\"},{\"@type\":\"Organization\",\"@id\":\"https:\\\/\\\/tsargipood.ee\\\/#organization\",\"name\":\"T-S\u00e4rgipood\",\"alternateName\":\"Disaini oma t-s\u00e4rk\",\"url\":\"https:\\\/\\\/tsargipood.ee\\\/\",\"logo\":{\"@type\":\"ImageObject\",\"inLanguage\":\"en-GB\",\"@id\":\"https:\\\/\\\/tsargipood.ee\\\/#\\\/schema\\\/logo\\\/image\\\/\",\"url\":\"https:\\\/\\\/tsargipood.ee\\\/wp-content\\\/uploads\\\/2023\\\/06\\\/T-sargipood-logo-1.png\",\"contentUrl\":\"https:\\\/\\\/tsargipood.ee\\\/wp-content\\\/uploads\\\/2023\\\/06\\\/T-sargipood-logo-1.png\",\"width\":540,\"height\":540,\"caption\":\"T-S\u00e4rgipood\"},\"image\":{\"@id\":\"https:\\\/\\\/tsargipood.ee\\\/#\\\/schema\\\/logo\\\/image\\\/\"},\"sameAs\":[\"https:\\\/\\\/www.facebook.com\\\/profile.php?id=100090772812912\",\"https:\\\/\\\/www.instagram.com\\\/tsargipood\\\/\"]}]}<\/script>\n<!-- \/ Yoast SEO plugin. -->","yoast_head_json":{"title":"Naiste standard T-s\u00e4rk | T-s\u00e4rgipood - Disaini oma T-s\u00e4rk","description":"Kujunda ise oma naiste standard T-s\u00e4rk! Loo unikaalne disain, lisa graafika, tekst v\u00f5i logo. Kvaliteetne ja mugav igap\u00e4evaseks kandmiseks!","robots":{"index":"index","follow":"follow","max-snippet":"max-snippet:-1","max-image-preview":"max-image-preview:large","max-video-preview":"max-video-preview:-1"},"canonical":"https:\/\/tsargipood.ee\/en\/product\/naiste-standard-t-sark\/","og_locale":"en_GB","og_type":"article","og_title":"Naiste standard T-s\u00e4rk | T-s\u00e4rgipood - Disaini oma T-s\u00e4rk","og_description":"Kujunda ise oma naiste standard T-s\u00e4rk! Loo unikaalne disain, lisa graafika, tekst v\u00f5i logo. Kvaliteetne ja mugav igap\u00e4evaseks kandmiseks!","og_url":"https:\/\/tsargipood.ee\/en\/product\/naiste-standard-t-sark\/","og_site_name":"T-s\u00e4rgipood - Disaini oma T-s\u00e4rk","article_publisher":"https:\/\/www.facebook.com\/profile.php?id=100090772812912","article_modified_time":"2026-02-05T14:52:50+00:00","og_image":[{"width":1280,"height":1280,"url":"https:\/\/tsargipood.ee\/wp-content\/uploads\/2024\/11\/Naiste-standard-T-sark-disaini-ise.jpg","type":"image\/jpeg"}],"twitter_card":"summary_large_image","twitter_misc":{"Estimated reading time":"2 minutes"},"schema":{"@context":"https:\/\/schema.org","@graph":[{"@type":"WebPage","@id":"https:\/\/tsargipood.ee\/product\/naiste-standard-t-sark\/","url":"https:\/\/tsargipood.ee\/product\/naiste-standard-t-sark\/","name":"Naiste standard T-s\u00e4rk | T-s\u00e4rgipood - Disaini oma T-s\u00e4rk","isPartOf":{"@id":"https:\/\/tsargipood.ee\/#website"},"primaryImageOfPage":{"@id":"https:\/\/tsargipood.ee\/product\/naiste-standard-t-sark\/#primaryimage"},"image":{"@id":"https:\/\/tsargipood.ee\/product\/naiste-standard-t-sark\/#primaryimage"},"thumbnailUrl":"https:\/\/tsargipood.ee\/wp-content\/uploads\/2024\/11\/Naiste-standard-T-sark-disaini-ise.jpg","datePublished":"2024-11-28T09:21:09+00:00","dateModified":"2026-02-05T14:52:50+00:00","description":"Kujunda ise oma naiste standard T-s\u00e4rk! Loo unikaalne disain, lisa graafika, tekst v\u00f5i logo. Kvaliteetne ja mugav igap\u00e4evaseks kandmiseks!","breadcrumb":{"@id":"https:\/\/tsargipood.ee\/product\/naiste-standard-t-sark\/#breadcrumb"},"inLanguage":"en-GB","potentialAction":[{"@type":"ReadAction","target":["https:\/\/tsargipood.ee\/product\/naiste-standard-t-sark\/"]}]},{"@type":"ImageObject","inLanguage":"en-GB","@id":"https:\/\/tsargipood.ee\/product\/naiste-standard-t-sark\/#primaryimage","url":"https:\/\/tsargipood.ee\/wp-content\/uploads\/2024\/11\/Naiste-standard-T-sark-disaini-ise.jpg","contentUrl":"https:\/\/tsargipood.ee\/wp-content\/uploads\/2024\/11\/Naiste-standard-T-sark-disaini-ise.jpg","width":1280,"height":1280,"caption":"Naiste standard T-s\u00e4rk disaini ise"},{"@type":"BreadcrumbList","@id":"https:\/\/tsargipood.ee\/product\/naiste-standard-t-sark\/#breadcrumb","itemListElement":[{"@type":"ListItem","position":1,"name":"Home","item":"https:\/\/tsargipood.ee\/"},{"@type":"ListItem","position":2,"name":"T-s\u00e4rgipood","item":"https:\/\/tsargipood.ee\/"},{"@type":"ListItem","position":3,"name":"Naiste standard T-s\u00e4rk"}]},{"@type":"WebSite","@id":"https:\/\/tsargipood.ee\/#website","url":"https:\/\/tsargipood.ee\/","name":"T-shirt shop - Design your own T-shirt","description":"Design your own t-shirt","publisher":{"@id":"https:\/\/tsargipood.ee\/#organization"},"alternateName":"T-s\u00e4rgipood","potentialAction":[{"@type":"SearchAction","target":{"@type":"EntryPoint","urlTemplate":"https:\/\/tsargipood.ee\/?s={search_term_string}"},"query-input":{"@type":"PropertyValueSpecification","valueRequired":true,"valueName":"search_term_string"}}],"inLanguage":"en-GB"},{"@type":"Organization","@id":"https:\/\/tsargipood.ee\/#organization","name":"T-S\u00e4rgipood","alternateName":"Disaini oma t-s\u00e4rk","url":"https:\/\/tsargipood.ee\/","logo":{"@type":"ImageObject","inLanguage":"en-GB","@id":"https:\/\/tsargipood.ee\/#\/schema\/logo\/image\/","url":"https:\/\/tsargipood.ee\/wp-content\/uploads\/2023\/06\/T-sargipood-logo-1.png","contentUrl":"https:\/\/tsargipood.ee\/wp-content\/uploads\/2023\/06\/T-sargipood-logo-1.png","width":540,"height":540,"caption":"T-S\u00e4rgipood"},"image":{"@id":"https:\/\/tsargipood.ee\/#\/schema\/logo\/image\/"},"sameAs":["https:\/\/www.facebook.com\/profile.php?id=100090772812912","https:\/\/www.instagram.com\/tsargipood\/"]}]}},"_links":{"self":[{"href":"https:\/\/tsargipood.ee\/en\/wp-json\/wp\/v2\/product\/14151","targetHints":{"allow":["GET"]}}],"collection":[{"href":"https:\/\/tsargipood.ee\/en\/wp-json\/wp\/v2\/product"}],"about":[{"href":"https:\/\/tsargipood.ee\/en\/wp-json\/wp\/v2\/types\/product"}],"replies":[{"embeddable":true,"href":"https:\/\/tsargipood.ee\/en\/wp-json\/wp\/v2\/comments?post=14151"}],"version-history":[{"count":0,"href":"https:\/\/tsargipood.ee\/en\/wp-json\/wp\/v2\/product\/14151\/revisions"}],"wp:featuredmedia":[{"embeddable":true,"href":"https:\/\/tsargipood.ee\/en\/wp-json\/wp\/v2\/media\/14152"}],"wp:attachment":[{"href":"https:\/\/tsargipood.ee\/en\/wp-json\/wp\/v2\/media?parent=14151"}],"wp:term":[{"taxonomy":"product_brand","embeddable":true,"href":"https:\/\/tsargipood.ee\/en\/wp-json\/wp\/v2\/product_brand?post=14151"},{"taxonomy":"product_cat","embeddable":true,"href":"https:\/\/tsargipood.ee\/en\/wp-json\/wp\/v2\/product_cat?post=14151"},{"taxonomy":"product_tag","embeddable":true,"href":"https:\/\/tsargipood.ee\/en\/wp-json\/wp\/v2\/product_tag?post=14151"}],"curies":[{"name":"wp","href":"https:\/\/api.w.org\/{rel}","templated":true}]}}