{"id":14424,"date":"2024-12-13T14:29:38","date_gmt":"2024-12-13T14:29:38","guid":{"rendered":"https:\/\/tsargipood.ee\/?post_type=product&#038;p=14424"},"modified":"2026-01-19T14:11:06","modified_gmt":"2026-01-19T14:11:06","slug":"bambusest-seinakell-hampton","status":"publish","type":"product","link":"https:\/\/tsargipood.ee\/en\/product\/bambusest-seinakell-hampton\/","title":{"rendered":"Bambusest seinakell HAMPTON"},"content":{"rendered":"<p class=\"p1\"><b>Bambusest seinakell HAMPTON<\/b><b><\/b><\/p>\n<p class=\"p1\">Stiilne ja keskkonnas\u00f5bralik bambusest seinakell, mis toob loodusl\u00e4hedust ja soojust igasse interj\u00f6\u00f6ri. Minimalistlik disain koos kvaliteetsete materjalidega muudab selle kellaks, mis sobib nii koju kui kontorisse. T\u00e4iuslik kombinatsioon praktilisusest ja esteetikast.<\/p>\n<p>L\u00e4bim\u00f5\u00f5t- 1 x \u2300 30 cm<br \/>\nKaal- 0,867 kg<br \/>\nV\u00e4rvus- (13) beige<\/p>\n<p>&nbsp;<\/p>","protected":false},"excerpt":{"rendered":"<p><a href=\"https:\/\/tsargipood.ee\/wp-content\/uploads\/2024\/12\/373813_d.jpg\"><img decoding=\"async\" class=\"alignleft wp-image-14425\" src=\"https:\/\/tsargipood.ee\/wp-content\/uploads\/2024\/12\/373813_d-300x300.jpg\" alt=\"seinakell\" width=\"99\" height=\"99\" srcset=\"https:\/\/tsargipood.ee\/wp-content\/uploads\/2024\/12\/373813_d-300x300.jpg 300w, https:\/\/tsargipood.ee\/wp-content\/uploads\/2024\/12\/373813_d-100x100.jpg 100w, https:\/\/tsargipood.ee\/wp-content\/uploads\/2024\/12\/373813_d-416x416.jpg 416w, https:\/\/tsargipood.ee\/wp-content\/uploads\/2024\/12\/373813_d-150x150.jpg 150w, https:\/\/tsargipood.ee\/wp-content\/uploads\/2024\/12\/373813_d.jpg 600w\" sizes=\"(max-width: 99px) 100vw, 99px\" \/><\/a><a href=\"https:\/\/tsargipood.ee\/wp-content\/uploads\/2024\/12\/373813_a.jpg\"><img decoding=\"async\" class=\"alignleft wp-image-14422\" src=\"https:\/\/tsargipood.ee\/wp-content\/uploads\/2024\/12\/373813_a-300x300.jpg\" alt=\"Bambusest seinakell\" width=\"99\" height=\"99\" srcset=\"https:\/\/tsargipood.ee\/wp-content\/uploads\/2024\/12\/373813_a-300x300.jpg 300w, https:\/\/tsargipood.ee\/wp-content\/uploads\/2024\/12\/373813_a-100x100.jpg 100w, https:\/\/tsargipood.ee\/wp-content\/uploads\/2024\/12\/373813_a-416x416.jpg 416w, https:\/\/tsargipood.ee\/wp-content\/uploads\/2024\/12\/373813_a-150x150.jpg 150w, https:\/\/tsargipood.ee\/wp-content\/uploads\/2024\/12\/373813_a.jpg 600w\" sizes=\"(max-width: 99px) 100vw, 99px\" \/><\/a><a href=\"https:\/\/tsargipood.ee\/wp-content\/uploads\/2024\/12\/373813_b.jpg\"><img decoding=\"async\" class=\"alignleft wp-image-14421\" src=\"https:\/\/tsargipood.ee\/wp-content\/uploads\/2024\/12\/373813_b-300x300.jpg\" alt=\"Bambusest seinakell HAMPTON\" width=\"99\" height=\"99\" srcset=\"https:\/\/tsargipood.ee\/wp-content\/uploads\/2024\/12\/373813_b-300x300.jpg 300w, https:\/\/tsargipood.ee\/wp-content\/uploads\/2024\/12\/373813_b-100x100.jpg 100w, https:\/\/tsargipood.ee\/wp-content\/uploads\/2024\/12\/373813_b-416x416.jpg 416w, https:\/\/tsargipood.ee\/wp-content\/uploads\/2024\/12\/373813_b-150x150.jpg 150w, https:\/\/tsargipood.ee\/wp-content\/uploads\/2024\/12\/373813_b.jpg 600w\" sizes=\"(max-width: 99px) 100vw, 99px\" \/><\/a><\/p>\n<p>&nbsp;<\/p>\n<p>&nbsp;<\/p>\n<p>&nbsp;<\/p>\n<p class=\"p1\"><b>Lasergraveeritav Bambusest Seinakell HAMPTON<\/b> \u2013<\/p>\n<p class=\"p1\">Stiilne ja keskkonnas\u00f5bralik bambusest seinakell, ideaalne kodu v\u00f5i kontori sisekujunduseks. Lisa isikup\u00e4ra lasergraveeringuga.<\/p>","protected":false},"featured_media":16547,"comment_status":"closed","ping_status":"closed","template":"","meta":{"googlesitekit_rrm_CAow0ZS_DA:productID":""},"product_brand":[],"product_cat":[217,473,293],"product_tag":[479,474,303,477,476,478,465,471,469,475,377,463,462],"class_list":{"0":"post-14424","1":"product","2":"type-product","3":"status-publish","4":"has-post-thumbnail","6":"product_cat-disainitavad-tooted","7":"product_cat-kellad","8":"product_cat-oma-pildiga-seinaklell","9":"product_tag-ainulaadne-kell","10":"product_tag-bambusest-seinakell","11":"product_tag-keskkonnasobralik-kell","12":"product_tag-kodu-sisustus","13":"product_tag-kohandatav-seinakell","14":"product_tag-kontori-kell","15":"product_tag-lasergraveeritav-seinakell","16":"product_tag-minimalistlik-kell","17":"product_tag-naturaalsed-materjalid","18":"product_tag-sisekujundus","19":"product_tag-stiilne-seinakell","20":"product_tag-t-sargipood","21":"product_tag-tsargipood","22":"fpd-variation-needed","24":"first","25":"instock","26":"taxable","27":"shipping-taxable","28":"purchasable","29":"product-type-simple"},"yoast_head":"<!-- This site is optimized with the Yoast SEO plugin v27.5 - https:\/\/yoast.com\/product\/yoast-seo-wordpress\/ -->\n<title>Lasergraveeritav Seinakell \u2013 Keskkonnas\u00f5bralik Sisekujundus<\/title>\n<meta name=\"description\" content=\"Lasergraveeritav bambusest seinakell HAMPTON on stiilne ja keskkonnas\u00f5bralik valik igasse interj\u00f6\u00f6ri. Minimalistlik disain ja sinu enda kohandamisv\u00f5imalus.\" \/>\n<meta name=\"robots\" content=\"index, follow, max-snippet:-1, max-image-preview:large, max-video-preview:-1\" \/>\n<link rel=\"canonical\" href=\"https:\/\/tsargipood.ee\/en\/product\/bambusest-seinakell-hampton\/\" \/>\n<meta property=\"og:locale\" content=\"en_GB\" \/>\n<meta property=\"og:type\" content=\"article\" \/>\n<meta property=\"og:title\" content=\"Lasergraveeritav Seinakell \u2013 Keskkonnas\u00f5bralik Sisekujundus\" \/>\n<meta property=\"og:description\" content=\"Lasergraveeritav bambusest seinakell HAMPTON on stiilne ja keskkonnas\u00f5bralik valik igasse interj\u00f6\u00f6ri. Minimalistlik disain ja sinu enda kohandamisv\u00f5imalus.\" \/>\n<meta property=\"og:url\" content=\"https:\/\/tsargipood.ee\/en\/product\/bambusest-seinakell-hampton\/\" \/>\n<meta property=\"og:site_name\" content=\"T-s\u00e4rgipood - Disaini oma T-s\u00e4rk\" \/>\n<meta property=\"article:publisher\" content=\"https:\/\/www.facebook.com\/profile.php?id=100090772812912\" \/>\n<meta property=\"article:modified_time\" content=\"2026-01-19T14:11:06+00:00\" \/>\n<meta property=\"og:image\" content=\"https:\/\/tsargipood.ee\/wp-content\/uploads\/2024\/12\/Kell_pambus.jpg\" \/>\n\t<meta property=\"og:image:width\" content=\"828\" \/>\n\t<meta property=\"og:image:height\" content=\"828\" \/>\n\t<meta property=\"og:image:type\" content=\"image\/jpeg\" \/>\n<meta name=\"twitter:card\" content=\"summary_large_image\" \/>\n<meta name=\"twitter:label1\" content=\"Estimated reading time\" \/>\n\t<meta name=\"twitter:data1\" content=\"1 minute\" \/>\n<script type=\"application\/ld+json\" class=\"yoast-schema-graph\">{\"@context\":\"https:\\\/\\\/schema.org\",\"@graph\":[{\"@type\":\"WebPage\",\"@id\":\"https:\\\/\\\/tsargipood.ee\\\/product\\\/bambusest-seinakell-hampton\\\/\",\"url\":\"https:\\\/\\\/tsargipood.ee\\\/product\\\/bambusest-seinakell-hampton\\\/\",\"name\":\"Lasergraveeritav Seinakell \u2013 Keskkonnas\u00f5bralik Sisekujundus\",\"isPartOf\":{\"@id\":\"https:\\\/\\\/tsargipood.ee\\\/#website\"},\"primaryImageOfPage\":{\"@id\":\"https:\\\/\\\/tsargipood.ee\\\/product\\\/bambusest-seinakell-hampton\\\/#primaryimage\"},\"image\":{\"@id\":\"https:\\\/\\\/tsargipood.ee\\\/product\\\/bambusest-seinakell-hampton\\\/#primaryimage\"},\"thumbnailUrl\":\"https:\\\/\\\/tsargipood.ee\\\/wp-content\\\/uploads\\\/2024\\\/12\\\/Kell_pambus.jpg\",\"datePublished\":\"2024-12-13T14:29:38+00:00\",\"dateModified\":\"2026-01-19T14:11:06+00:00\",\"description\":\"Lasergraveeritav bambusest seinakell HAMPTON on stiilne ja keskkonnas\u00f5bralik valik igasse interj\u00f6\u00f6ri. Minimalistlik disain ja sinu enda kohandamisv\u00f5imalus.\",\"breadcrumb\":{\"@id\":\"https:\\\/\\\/tsargipood.ee\\\/product\\\/bambusest-seinakell-hampton\\\/#breadcrumb\"},\"inLanguage\":\"en-GB\",\"potentialAction\":[{\"@type\":\"ReadAction\",\"target\":[\"https:\\\/\\\/tsargipood.ee\\\/product\\\/bambusest-seinakell-hampton\\\/\"]}]},{\"@type\":\"ImageObject\",\"inLanguage\":\"en-GB\",\"@id\":\"https:\\\/\\\/tsargipood.ee\\\/product\\\/bambusest-seinakell-hampton\\\/#primaryimage\",\"url\":\"https:\\\/\\\/tsargipood.ee\\\/wp-content\\\/uploads\\\/2024\\\/12\\\/Kell_pambus.jpg\",\"contentUrl\":\"https:\\\/\\\/tsargipood.ee\\\/wp-content\\\/uploads\\\/2024\\\/12\\\/Kell_pambus.jpg\",\"width\":828,\"height\":828},{\"@type\":\"BreadcrumbList\",\"@id\":\"https:\\\/\\\/tsargipood.ee\\\/product\\\/bambusest-seinakell-hampton\\\/#breadcrumb\",\"itemListElement\":[{\"@type\":\"ListItem\",\"position\":1,\"name\":\"Home\",\"item\":\"https:\\\/\\\/tsargipood.ee\\\/\"},{\"@type\":\"ListItem\",\"position\":2,\"name\":\"T-s\u00e4rgipood\",\"item\":\"https:\\\/\\\/tsargipood.ee\\\/\"},{\"@type\":\"ListItem\",\"position\":3,\"name\":\"Bambusest seinakell HAMPTON\"}]},{\"@type\":\"WebSite\",\"@id\":\"https:\\\/\\\/tsargipood.ee\\\/#website\",\"url\":\"https:\\\/\\\/tsargipood.ee\\\/\",\"name\":\"T-s\u00e4rgipood - Disaini oma T-s\u00e4rk\",\"description\":\"Kujunda oma t-s\u00e4rk\",\"publisher\":{\"@id\":\"https:\\\/\\\/tsargipood.ee\\\/#organization\"},\"alternateName\":\"T-s\u00e4rgipood\",\"potentialAction\":[{\"@type\":\"SearchAction\",\"target\":{\"@type\":\"EntryPoint\",\"urlTemplate\":\"https:\\\/\\\/tsargipood.ee\\\/?s={search_term_string}\"},\"query-input\":{\"@type\":\"PropertyValueSpecification\",\"valueRequired\":true,\"valueName\":\"search_term_string\"}}],\"inLanguage\":\"en-GB\"},{\"@type\":\"Organization\",\"@id\":\"https:\\\/\\\/tsargipood.ee\\\/#organization\",\"name\":\"T-S\u00e4rgipood\",\"alternateName\":\"Disaini oma t-s\u00e4rk\",\"url\":\"https:\\\/\\\/tsargipood.ee\\\/\",\"logo\":{\"@type\":\"ImageObject\",\"inLanguage\":\"en-GB\",\"@id\":\"https:\\\/\\\/tsargipood.ee\\\/#\\\/schema\\\/logo\\\/image\\\/\",\"url\":\"https:\\\/\\\/tsargipood.ee\\\/wp-content\\\/uploads\\\/2023\\\/06\\\/T-sargipood-logo-1.png\",\"contentUrl\":\"https:\\\/\\\/tsargipood.ee\\\/wp-content\\\/uploads\\\/2023\\\/06\\\/T-sargipood-logo-1.png\",\"width\":540,\"height\":540,\"caption\":\"T-S\u00e4rgipood\"},\"image\":{\"@id\":\"https:\\\/\\\/tsargipood.ee\\\/#\\\/schema\\\/logo\\\/image\\\/\"},\"sameAs\":[\"https:\\\/\\\/www.facebook.com\\\/profile.php?id=100090772812912\",\"https:\\\/\\\/www.instagram.com\\\/tsargipood\\\/\"]}]}<\/script>\n<!-- \/ Yoast SEO plugin. -->","yoast_head_json":{"title":"Lasergraveeritav Seinakell \u2013 Keskkonnas\u00f5bralik Sisekujundus","description":"Lasergraveeritav bambusest seinakell HAMPTON on stiilne ja keskkonnas\u00f5bralik valik igasse interj\u00f6\u00f6ri. Minimalistlik disain ja sinu enda kohandamisv\u00f5imalus.","robots":{"index":"index","follow":"follow","max-snippet":"max-snippet:-1","max-image-preview":"max-image-preview:large","max-video-preview":"max-video-preview:-1"},"canonical":"https:\/\/tsargipood.ee\/en\/product\/bambusest-seinakell-hampton\/","og_locale":"en_GB","og_type":"article","og_title":"Lasergraveeritav Seinakell \u2013 Keskkonnas\u00f5bralik Sisekujundus","og_description":"Lasergraveeritav bambusest seinakell HAMPTON on stiilne ja keskkonnas\u00f5bralik valik igasse interj\u00f6\u00f6ri. Minimalistlik disain ja sinu enda kohandamisv\u00f5imalus.","og_url":"https:\/\/tsargipood.ee\/en\/product\/bambusest-seinakell-hampton\/","og_site_name":"T-s\u00e4rgipood - Disaini oma T-s\u00e4rk","article_publisher":"https:\/\/www.facebook.com\/profile.php?id=100090772812912","article_modified_time":"2026-01-19T14:11:06+00:00","og_image":[{"width":828,"height":828,"url":"https:\/\/tsargipood.ee\/wp-content\/uploads\/2024\/12\/Kell_pambus.jpg","type":"image\/jpeg"}],"twitter_card":"summary_large_image","twitter_misc":{"Estimated reading time":"1 minute"},"schema":{"@context":"https:\/\/schema.org","@graph":[{"@type":"WebPage","@id":"https:\/\/tsargipood.ee\/product\/bambusest-seinakell-hampton\/","url":"https:\/\/tsargipood.ee\/product\/bambusest-seinakell-hampton\/","name":"Lasergraveeritav Seinakell \u2013 Keskkonnas\u00f5bralik Sisekujundus","isPartOf":{"@id":"https:\/\/tsargipood.ee\/#website"},"primaryImageOfPage":{"@id":"https:\/\/tsargipood.ee\/product\/bambusest-seinakell-hampton\/#primaryimage"},"image":{"@id":"https:\/\/tsargipood.ee\/product\/bambusest-seinakell-hampton\/#primaryimage"},"thumbnailUrl":"https:\/\/tsargipood.ee\/wp-content\/uploads\/2024\/12\/Kell_pambus.jpg","datePublished":"2024-12-13T14:29:38+00:00","dateModified":"2026-01-19T14:11:06+00:00","description":"Lasergraveeritav bambusest seinakell HAMPTON on stiilne ja keskkonnas\u00f5bralik valik igasse interj\u00f6\u00f6ri. Minimalistlik disain ja sinu enda kohandamisv\u00f5imalus.","breadcrumb":{"@id":"https:\/\/tsargipood.ee\/product\/bambusest-seinakell-hampton\/#breadcrumb"},"inLanguage":"en-GB","potentialAction":[{"@type":"ReadAction","target":["https:\/\/tsargipood.ee\/product\/bambusest-seinakell-hampton\/"]}]},{"@type":"ImageObject","inLanguage":"en-GB","@id":"https:\/\/tsargipood.ee\/product\/bambusest-seinakell-hampton\/#primaryimage","url":"https:\/\/tsargipood.ee\/wp-content\/uploads\/2024\/12\/Kell_pambus.jpg","contentUrl":"https:\/\/tsargipood.ee\/wp-content\/uploads\/2024\/12\/Kell_pambus.jpg","width":828,"height":828},{"@type":"BreadcrumbList","@id":"https:\/\/tsargipood.ee\/product\/bambusest-seinakell-hampton\/#breadcrumb","itemListElement":[{"@type":"ListItem","position":1,"name":"Home","item":"https:\/\/tsargipood.ee\/"},{"@type":"ListItem","position":2,"name":"T-s\u00e4rgipood","item":"https:\/\/tsargipood.ee\/"},{"@type":"ListItem","position":3,"name":"Bambusest seinakell HAMPTON"}]},{"@type":"WebSite","@id":"https:\/\/tsargipood.ee\/#website","url":"https:\/\/tsargipood.ee\/","name":"T-shirt shop - Design your own T-shirt","description":"Design your own t-shirt","publisher":{"@id":"https:\/\/tsargipood.ee\/#organization"},"alternateName":"T-s\u00e4rgipood","potentialAction":[{"@type":"SearchAction","target":{"@type":"EntryPoint","urlTemplate":"https:\/\/tsargipood.ee\/?s={search_term_string}"},"query-input":{"@type":"PropertyValueSpecification","valueRequired":true,"valueName":"search_term_string"}}],"inLanguage":"en-GB"},{"@type":"Organization","@id":"https:\/\/tsargipood.ee\/#organization","name":"T-S\u00e4rgipood","alternateName":"Disaini oma t-s\u00e4rk","url":"https:\/\/tsargipood.ee\/","logo":{"@type":"ImageObject","inLanguage":"en-GB","@id":"https:\/\/tsargipood.ee\/#\/schema\/logo\/image\/","url":"https:\/\/tsargipood.ee\/wp-content\/uploads\/2023\/06\/T-sargipood-logo-1.png","contentUrl":"https:\/\/tsargipood.ee\/wp-content\/uploads\/2023\/06\/T-sargipood-logo-1.png","width":540,"height":540,"caption":"T-S\u00e4rgipood"},"image":{"@id":"https:\/\/tsargipood.ee\/#\/schema\/logo\/image\/"},"sameAs":["https:\/\/www.facebook.com\/profile.php?id=100090772812912","https:\/\/www.instagram.com\/tsargipood\/"]}]}},"_links":{"self":[{"href":"https:\/\/tsargipood.ee\/en\/wp-json\/wp\/v2\/product\/14424","targetHints":{"allow":["GET"]}}],"collection":[{"href":"https:\/\/tsargipood.ee\/en\/wp-json\/wp\/v2\/product"}],"about":[{"href":"https:\/\/tsargipood.ee\/en\/wp-json\/wp\/v2\/types\/product"}],"replies":[{"embeddable":true,"href":"https:\/\/tsargipood.ee\/en\/wp-json\/wp\/v2\/comments?post=14424"}],"version-history":[{"count":0,"href":"https:\/\/tsargipood.ee\/en\/wp-json\/wp\/v2\/product\/14424\/revisions"}],"wp:featuredmedia":[{"embeddable":true,"href":"https:\/\/tsargipood.ee\/en\/wp-json\/wp\/v2\/media\/16547"}],"wp:attachment":[{"href":"https:\/\/tsargipood.ee\/en\/wp-json\/wp\/v2\/media?parent=14424"}],"wp:term":[{"taxonomy":"product_brand","embeddable":true,"href":"https:\/\/tsargipood.ee\/en\/wp-json\/wp\/v2\/product_brand?post=14424"},{"taxonomy":"product_cat","embeddable":true,"href":"https:\/\/tsargipood.ee\/en\/wp-json\/wp\/v2\/product_cat?post=14424"},{"taxonomy":"product_tag","embeddable":true,"href":"https:\/\/tsargipood.ee\/en\/wp-json\/wp\/v2\/product_tag?post=14424"}],"curies":[{"name":"wp","href":"https:\/\/api.w.org\/{rel}","templated":true}]}}