{"id":14599,"date":"2025-01-15T14:28:43","date_gmt":"2025-01-15T14:28:43","guid":{"rendered":"https:\/\/tsargipood.ee\/?post_type=product&#038;p=14599"},"modified":"2026-02-04T07:10:08","modified_gmt":"2026-02-04T07:10:08","slug":"oma-padi-isikuparane-ja-mugav-uni","status":"publish","type":"product","link":"https:\/\/tsargipood.ee\/en\/product\/oma-padi-isikuparane-ja-mugav-uni\/","title":{"rendered":"Oma Padi \u2013 isikup\u00e4rane ja mugav uni"},"content":{"rendered":"<div class=\"attribute\">\n<div class=\"col data\">T\u00f5mblukuga padja kate.<\/div>\n<\/div>\n<div class=\"attribute\">\n<div class=\"col label\">VALGENDAMINE &#8211; Valgendamine on keelatud<\/div>\n<\/div>\n<div class=\"attribute\">\n<div class=\"col label\">HOOLDUS &#8211; Enne pesemist sulgeda t\u00f5mblukk<\/div>\n<\/div>\n<div class=\"attribute\">\n<div class=\"col label\">SERTIFIKAAT &#8211; Keskkonna- ja tervisesertifikaat: OEKO-TEX\u00ae standard 100<\/div>\n<\/div>\n<div class=\"attribute\">\n<div class=\"col label\">KEEMILINE PUHASTUS &#8211; Keemilinepuhastus on keelatud<\/div>\n<\/div>\n<div class=\"attribute\">\n<div class=\"col label\">MATERJAL &#8211; 100% pol\u00fcester<\/div>\n<\/div>\n<div class=\"attribute\">\n<div class=\"col label\">KANGA TIHEDUS &#8211; 100 g\/m\u00b2<\/div>\n<\/div>\n<div class=\"attribute\">\n<div class=\"col label\">TRUMMELKUIVATUS &#8211; Trummelkuivatus on keelatud<\/div>\n<\/div>\n<div class=\"attribute\">\n<div class=\"col label\">PESU &#8211; 30\u00b0C<\/div>\n<div>\n<div class=\"attribute\">\n<div class=\"col label\">T\u00c4ITEMATERJAL &#8211; 100% taaskasutatud pol\u00fcester \u00f5\u00f5neskiud, 200 g<\/div>\n<\/div>\n<\/div>\n<\/div>","protected":false},"excerpt":{"rendered":"<div class=\"additional-info-tables-wrapper\">\n<div class=\"additional-info-data-wrapper\">\n<div class=\"data table attributes-table additional-info-table\">\n<div class=\"attributes-wrapper\">\n<div class=\"attribute\"><a href=\"https:\/\/tsargipood.ee\/wp-content\/uploads\/2025\/01\/84307e4e90c94fa7cab1d81cfb91379abdb810d3___131136.jpg\"><img decoding=\"async\" class=\"alignnone wp-image-14613\" src=\"https:\/\/tsargipood.ee\/wp-content\/uploads\/2025\/01\/84307e4e90c94fa7cab1d81cfb91379abdb810d3___131136-300x300.jpg\" alt=\"\" width=\"99\" height=\"99\" srcset=\"https:\/\/tsargipood.ee\/wp-content\/uploads\/2025\/01\/84307e4e90c94fa7cab1d81cfb91379abdb810d3___131136-300x300.jpg 300w, https:\/\/tsargipood.ee\/wp-content\/uploads\/2025\/01\/84307e4e90c94fa7cab1d81cfb91379abdb810d3___131136-100x100.jpg 100w, https:\/\/tsargipood.ee\/wp-content\/uploads\/2025\/01\/84307e4e90c94fa7cab1d81cfb91379abdb810d3___131136-600x600.jpg 600w, https:\/\/tsargipood.ee\/wp-content\/uploads\/2025\/01\/84307e4e90c94fa7cab1d81cfb91379abdb810d3___131136-150x150.jpg 150w, https:\/\/tsargipood.ee\/wp-content\/uploads\/2025\/01\/84307e4e90c94fa7cab1d81cfb91379abdb810d3___131136-768x768.jpg 768w, https:\/\/tsargipood.ee\/wp-content\/uploads\/2025\/01\/84307e4e90c94fa7cab1d81cfb91379abdb810d3___131136.jpg 1000w\" sizes=\"(max-width: 99px) 100vw, 99px\" \/><\/a> <a href=\"https:\/\/tsargipood.ee\/wp-content\/uploads\/2025\/01\/f10a2ce14e36ac7790eb1bf09e9faee3ff2389c9___131134.jpg\"><img decoding=\"async\" class=\"alignnone wp-image-14614\" src=\"https:\/\/tsargipood.ee\/wp-content\/uploads\/2025\/01\/f10a2ce14e36ac7790eb1bf09e9faee3ff2389c9___131134-300x300.jpg\" alt=\"\" width=\"99\" height=\"99\" srcset=\"https:\/\/tsargipood.ee\/wp-content\/uploads\/2025\/01\/f10a2ce14e36ac7790eb1bf09e9faee3ff2389c9___131134-300x300.jpg 300w, https:\/\/tsargipood.ee\/wp-content\/uploads\/2025\/01\/f10a2ce14e36ac7790eb1bf09e9faee3ff2389c9___131134-100x100.jpg 100w, https:\/\/tsargipood.ee\/wp-content\/uploads\/2025\/01\/f10a2ce14e36ac7790eb1bf09e9faee3ff2389c9___131134-600x600.jpg 600w, https:\/\/tsargipood.ee\/wp-content\/uploads\/2025\/01\/f10a2ce14e36ac7790eb1bf09e9faee3ff2389c9___131134-150x150.jpg 150w, https:\/\/tsargipood.ee\/wp-content\/uploads\/2025\/01\/f10a2ce14e36ac7790eb1bf09e9faee3ff2389c9___131134-768x768.jpg 768w, https:\/\/tsargipood.ee\/wp-content\/uploads\/2025\/01\/f10a2ce14e36ac7790eb1bf09e9faee3ff2389c9___131134.jpg 1000w\" sizes=\"(max-width: 99px) 100vw, 99px\" \/><\/a> <a href=\"https:\/\/tsargipood.ee\/wp-content\/uploads\/2025\/01\/fc5c197523bef4342a94de318c3ec77873caede5___131135.jpg\"><img decoding=\"async\" class=\"alignnone wp-image-14615\" src=\"https:\/\/tsargipood.ee\/wp-content\/uploads\/2025\/01\/fc5c197523bef4342a94de318c3ec77873caede5___131135-300x300.jpg\" alt=\"\" width=\"99\" height=\"99\" srcset=\"https:\/\/tsargipood.ee\/wp-content\/uploads\/2025\/01\/fc5c197523bef4342a94de318c3ec77873caede5___131135-300x300.jpg 300w, https:\/\/tsargipood.ee\/wp-content\/uploads\/2025\/01\/fc5c197523bef4342a94de318c3ec77873caede5___131135-100x100.jpg 100w, https:\/\/tsargipood.ee\/wp-content\/uploads\/2025\/01\/fc5c197523bef4342a94de318c3ec77873caede5___131135-600x600.jpg 600w, https:\/\/tsargipood.ee\/wp-content\/uploads\/2025\/01\/fc5c197523bef4342a94de318c3ec77873caede5___131135-150x150.jpg 150w, https:\/\/tsargipood.ee\/wp-content\/uploads\/2025\/01\/fc5c197523bef4342a94de318c3ec77873caede5___131135-768x768.jpg 768w, https:\/\/tsargipood.ee\/wp-content\/uploads\/2025\/01\/fc5c197523bef4342a94de318c3ec77873caede5___131135.jpg 1000w\" sizes=\"(max-width: 99px) 100vw, 99px\" \/><\/a><\/div>\n<div class=\"attribute\">\n<div><\/div>\n<div class=\"col label\">\u201cOma Padi\u201d \u2013 40&#215;40 cm isikup\u00e4rane mugavus<\/div>\n<\/div>\n<div>\n<div><\/div>\n<div>Lisa oma kodusisustusele unikaalne stiil ja mugavus \u201cOma Padjaga\u201d. See 40&#215;40 cm suurune padi on ideaalne nii diivanile, tugitoolile kui ka voodile.<\/div>\n<div><\/div>\n<div>Features:<\/div>\n<div>\u2022Suurus: 40&#215;40 cm, ideaalne universaalne m\u00f5\u00f5t igasse ruumi.<\/div>\n<div>\u2022Materjal: Pehme ja vastupidav kate, t\u00e4idetud kvaliteetse t\u00e4itematerjaliga, mis tagab mugavuse ja vormi s\u00e4ilimise.<\/div>\n<div>\u2022Disain: Saadaval erinevates v\u00e4rvitoonides ja mustrites, et sobituda Sinu sisekujundusega.<\/div>\n<div>\u2022Kohandatav: V\u00f5imalus lisada personaalne tikand, print v\u00f5i muu eriline detail, et muuta padi ainulaadseks.<\/div>\n<div><\/div>\n<div>Sobib ideaalselt kingituseks v\u00f5i kodu isikup\u00e4raseks t\u00e4ienduseks!<\/div>\n<\/div>\n<\/div>\n<\/div>\n<\/div>\n<\/div>","protected":false},"featured_media":14601,"comment_status":"closed","ping_status":"closed","template":"","meta":{"googlesitekit_rrm_CAow0ZS_DA:productID":""},"product_brand":[],"product_cat":[217,486],"product_tag":[489,488,495,492,494,491,493,490,487,475],"class_list":{"0":"post-14599","1":"product","2":"type-product","3":"status-publish","4":"has-post-thumbnail","6":"product_cat-disainitavad-tooted","7":"product_cat-padi","8":"product_tag-40x40-cm","9":"product_tag-dekoratiivpadi","10":"product_tag-diivanipadi","11":"product_tag-isikuparane-disain","12":"product_tag-kingiidee","13":"product_tag-kohandatav-padi","14":"product_tag-kvaliteetne-materjal","15":"product_tag-mugav-padi","16":"product_tag-oma-padi","17":"product_tag-sisekujundus","18":"fpd-variation-needed","20":"first","21":"instock","22":"taxable","23":"shipping-taxable","24":"purchasable","25":"product-type-variable"},"yoast_head":"<!-- This site is optimized with the Yoast SEO plugin v27.5 - https:\/\/yoast.com\/product\/yoast-seo-wordpress\/ -->\n<title>Oma Padi \u2013 isikup\u00e4rane ja mugav uni<\/title>\n<meta name=\"description\" content=\"Oma Padi \u2013 40x40 cm dekoratiivpadi, mis lisab stiili ja mugavust Sinu koju. Vastupidav materjal ja kohandatav disain teevad sellest ideaalse valiku!\" \/>\n<meta name=\"robots\" content=\"index, follow, max-snippet:-1, max-image-preview:large, max-video-preview:-1\" \/>\n<link rel=\"canonical\" href=\"https:\/\/tsargipood.ee\/en\/product\/oma-padi-isikuparane-ja-mugav-uni\/\" \/>\n<meta property=\"og:locale\" content=\"en_GB\" \/>\n<meta property=\"og:type\" content=\"article\" \/>\n<meta property=\"og:title\" content=\"Oma Padi \u2013 isikup\u00e4rane ja mugav uni\" \/>\n<meta property=\"og:description\" content=\"Oma Padi \u2013 40x40 cm dekoratiivpadi, mis lisab stiili ja mugavust Sinu koju. Vastupidav materjal ja kohandatav disain teevad sellest ideaalse valiku!\" \/>\n<meta property=\"og:url\" content=\"https:\/\/tsargipood.ee\/en\/product\/oma-padi-isikuparane-ja-mugav-uni\/\" \/>\n<meta property=\"og:site_name\" content=\"T-s\u00e4rgipood - Disaini oma T-s\u00e4rk\" \/>\n<meta property=\"article:publisher\" content=\"https:\/\/www.facebook.com\/profile.php?id=100090772812912\" \/>\n<meta property=\"article:modified_time\" content=\"2026-02-04T07:10:08+00:00\" \/>\n<meta property=\"og:image\" content=\"https:\/\/tsargipood.ee\/wp-content\/uploads\/2025\/01\/oma-padi.png\" \/>\n\t<meta property=\"og:image:width\" content=\"1920\" \/>\n\t<meta property=\"og:image:height\" content=\"1920\" \/>\n\t<meta property=\"og:image:type\" content=\"image\/png\" \/>\n<meta name=\"twitter:card\" content=\"summary_large_image\" \/>\n<meta name=\"twitter:label1\" content=\"Estimated reading time\" \/>\n\t<meta name=\"twitter:data1\" content=\"1 minute\" \/>\n<script type=\"application\/ld+json\" class=\"yoast-schema-graph\">{\"@context\":\"https:\\\/\\\/schema.org\",\"@graph\":[{\"@type\":\"WebPage\",\"@id\":\"https:\\\/\\\/tsargipood.ee\\\/product\\\/oma-padi-isikuparane-ja-mugav-uni\\\/\",\"url\":\"https:\\\/\\\/tsargipood.ee\\\/product\\\/oma-padi-isikuparane-ja-mugav-uni\\\/\",\"name\":\"Oma Padi \u2013 isikup\u00e4rane ja mugav uni\",\"isPartOf\":{\"@id\":\"https:\\\/\\\/tsargipood.ee\\\/#website\"},\"primaryImageOfPage\":{\"@id\":\"https:\\\/\\\/tsargipood.ee\\\/product\\\/oma-padi-isikuparane-ja-mugav-uni\\\/#primaryimage\"},\"image\":{\"@id\":\"https:\\\/\\\/tsargipood.ee\\\/product\\\/oma-padi-isikuparane-ja-mugav-uni\\\/#primaryimage\"},\"thumbnailUrl\":\"https:\\\/\\\/tsargipood.ee\\\/wp-content\\\/uploads\\\/2025\\\/01\\\/oma-padi.png\",\"datePublished\":\"2025-01-15T14:28:43+00:00\",\"dateModified\":\"2026-02-04T07:10:08+00:00\",\"description\":\"Oma Padi \u2013 40x40 cm dekoratiivpadi, mis lisab stiili ja mugavust Sinu koju. Vastupidav materjal ja kohandatav disain teevad sellest ideaalse valiku!\",\"breadcrumb\":{\"@id\":\"https:\\\/\\\/tsargipood.ee\\\/product\\\/oma-padi-isikuparane-ja-mugav-uni\\\/#breadcrumb\"},\"inLanguage\":\"en-GB\",\"potentialAction\":[{\"@type\":\"ReadAction\",\"target\":[\"https:\\\/\\\/tsargipood.ee\\\/product\\\/oma-padi-isikuparane-ja-mugav-uni\\\/\"]}]},{\"@type\":\"ImageObject\",\"inLanguage\":\"en-GB\",\"@id\":\"https:\\\/\\\/tsargipood.ee\\\/product\\\/oma-padi-isikuparane-ja-mugav-uni\\\/#primaryimage\",\"url\":\"https:\\\/\\\/tsargipood.ee\\\/wp-content\\\/uploads\\\/2025\\\/01\\\/oma-padi.png\",\"contentUrl\":\"https:\\\/\\\/tsargipood.ee\\\/wp-content\\\/uploads\\\/2025\\\/01\\\/oma-padi.png\",\"width\":1920,\"height\":1920,\"caption\":\"oma padi\"},{\"@type\":\"BreadcrumbList\",\"@id\":\"https:\\\/\\\/tsargipood.ee\\\/product\\\/oma-padi-isikuparane-ja-mugav-uni\\\/#breadcrumb\",\"itemListElement\":[{\"@type\":\"ListItem\",\"position\":1,\"name\":\"Home\",\"item\":\"https:\\\/\\\/tsargipood.ee\\\/\"},{\"@type\":\"ListItem\",\"position\":2,\"name\":\"T-s\u00e4rgipood\",\"item\":\"https:\\\/\\\/tsargipood.ee\\\/\"},{\"@type\":\"ListItem\",\"position\":3,\"name\":\"Oma Padi \u2013 isikup\u00e4rane ja mugav uni\"}]},{\"@type\":\"WebSite\",\"@id\":\"https:\\\/\\\/tsargipood.ee\\\/#website\",\"url\":\"https:\\\/\\\/tsargipood.ee\\\/\",\"name\":\"T-s\u00e4rgipood - Disaini oma T-s\u00e4rk\",\"description\":\"Kujunda oma t-s\u00e4rk\",\"publisher\":{\"@id\":\"https:\\\/\\\/tsargipood.ee\\\/#organization\"},\"alternateName\":\"T-s\u00e4rgipood\",\"potentialAction\":[{\"@type\":\"SearchAction\",\"target\":{\"@type\":\"EntryPoint\",\"urlTemplate\":\"https:\\\/\\\/tsargipood.ee\\\/?s={search_term_string}\"},\"query-input\":{\"@type\":\"PropertyValueSpecification\",\"valueRequired\":true,\"valueName\":\"search_term_string\"}}],\"inLanguage\":\"en-GB\"},{\"@type\":\"Organization\",\"@id\":\"https:\\\/\\\/tsargipood.ee\\\/#organization\",\"name\":\"T-S\u00e4rgipood\",\"alternateName\":\"Disaini oma t-s\u00e4rk\",\"url\":\"https:\\\/\\\/tsargipood.ee\\\/\",\"logo\":{\"@type\":\"ImageObject\",\"inLanguage\":\"en-GB\",\"@id\":\"https:\\\/\\\/tsargipood.ee\\\/#\\\/schema\\\/logo\\\/image\\\/\",\"url\":\"https:\\\/\\\/tsargipood.ee\\\/wp-content\\\/uploads\\\/2023\\\/06\\\/T-sargipood-logo-1.png\",\"contentUrl\":\"https:\\\/\\\/tsargipood.ee\\\/wp-content\\\/uploads\\\/2023\\\/06\\\/T-sargipood-logo-1.png\",\"width\":540,\"height\":540,\"caption\":\"T-S\u00e4rgipood\"},\"image\":{\"@id\":\"https:\\\/\\\/tsargipood.ee\\\/#\\\/schema\\\/logo\\\/image\\\/\"},\"sameAs\":[\"https:\\\/\\\/www.facebook.com\\\/profile.php?id=100090772812912\",\"https:\\\/\\\/www.instagram.com\\\/tsargipood\\\/\"]}]}<\/script>\n<!-- \/ Yoast SEO plugin. -->","yoast_head_json":{"title":"Oma Padi \u2013 isikup\u00e4rane ja mugav uni","description":"Oma Padi \u2013 40x40 cm dekoratiivpadi, mis lisab stiili ja mugavust Sinu koju. Vastupidav materjal ja kohandatav disain teevad sellest ideaalse valiku!","robots":{"index":"index","follow":"follow","max-snippet":"max-snippet:-1","max-image-preview":"max-image-preview:large","max-video-preview":"max-video-preview:-1"},"canonical":"https:\/\/tsargipood.ee\/en\/product\/oma-padi-isikuparane-ja-mugav-uni\/","og_locale":"en_GB","og_type":"article","og_title":"Oma Padi \u2013 isikup\u00e4rane ja mugav uni","og_description":"Oma Padi \u2013 40x40 cm dekoratiivpadi, mis lisab stiili ja mugavust Sinu koju. Vastupidav materjal ja kohandatav disain teevad sellest ideaalse valiku!","og_url":"https:\/\/tsargipood.ee\/en\/product\/oma-padi-isikuparane-ja-mugav-uni\/","og_site_name":"T-s\u00e4rgipood - Disaini oma T-s\u00e4rk","article_publisher":"https:\/\/www.facebook.com\/profile.php?id=100090772812912","article_modified_time":"2026-02-04T07:10:08+00:00","og_image":[{"width":1920,"height":1920,"url":"https:\/\/tsargipood.ee\/wp-content\/uploads\/2025\/01\/oma-padi.png","type":"image\/png"}],"twitter_card":"summary_large_image","twitter_misc":{"Estimated reading time":"1 minute"},"schema":{"@context":"https:\/\/schema.org","@graph":[{"@type":"WebPage","@id":"https:\/\/tsargipood.ee\/product\/oma-padi-isikuparane-ja-mugav-uni\/","url":"https:\/\/tsargipood.ee\/product\/oma-padi-isikuparane-ja-mugav-uni\/","name":"Oma Padi \u2013 isikup\u00e4rane ja mugav uni","isPartOf":{"@id":"https:\/\/tsargipood.ee\/#website"},"primaryImageOfPage":{"@id":"https:\/\/tsargipood.ee\/product\/oma-padi-isikuparane-ja-mugav-uni\/#primaryimage"},"image":{"@id":"https:\/\/tsargipood.ee\/product\/oma-padi-isikuparane-ja-mugav-uni\/#primaryimage"},"thumbnailUrl":"https:\/\/tsargipood.ee\/wp-content\/uploads\/2025\/01\/oma-padi.png","datePublished":"2025-01-15T14:28:43+00:00","dateModified":"2026-02-04T07:10:08+00:00","description":"Oma Padi \u2013 40x40 cm dekoratiivpadi, mis lisab stiili ja mugavust Sinu koju. Vastupidav materjal ja kohandatav disain teevad sellest ideaalse valiku!","breadcrumb":{"@id":"https:\/\/tsargipood.ee\/product\/oma-padi-isikuparane-ja-mugav-uni\/#breadcrumb"},"inLanguage":"en-GB","potentialAction":[{"@type":"ReadAction","target":["https:\/\/tsargipood.ee\/product\/oma-padi-isikuparane-ja-mugav-uni\/"]}]},{"@type":"ImageObject","inLanguage":"en-GB","@id":"https:\/\/tsargipood.ee\/product\/oma-padi-isikuparane-ja-mugav-uni\/#primaryimage","url":"https:\/\/tsargipood.ee\/wp-content\/uploads\/2025\/01\/oma-padi.png","contentUrl":"https:\/\/tsargipood.ee\/wp-content\/uploads\/2025\/01\/oma-padi.png","width":1920,"height":1920,"caption":"oma padi"},{"@type":"BreadcrumbList","@id":"https:\/\/tsargipood.ee\/product\/oma-padi-isikuparane-ja-mugav-uni\/#breadcrumb","itemListElement":[{"@type":"ListItem","position":1,"name":"Home","item":"https:\/\/tsargipood.ee\/"},{"@type":"ListItem","position":2,"name":"T-s\u00e4rgipood","item":"https:\/\/tsargipood.ee\/"},{"@type":"ListItem","position":3,"name":"Oma Padi \u2013 isikup\u00e4rane ja mugav uni"}]},{"@type":"WebSite","@id":"https:\/\/tsargipood.ee\/#website","url":"https:\/\/tsargipood.ee\/","name":"T-shirt shop - Design your own T-shirt","description":"Design your own t-shirt","publisher":{"@id":"https:\/\/tsargipood.ee\/#organization"},"alternateName":"T-s\u00e4rgipood","potentialAction":[{"@type":"SearchAction","target":{"@type":"EntryPoint","urlTemplate":"https:\/\/tsargipood.ee\/?s={search_term_string}"},"query-input":{"@type":"PropertyValueSpecification","valueRequired":true,"valueName":"search_term_string"}}],"inLanguage":"en-GB"},{"@type":"Organization","@id":"https:\/\/tsargipood.ee\/#organization","name":"T-S\u00e4rgipood","alternateName":"Disaini oma t-s\u00e4rk","url":"https:\/\/tsargipood.ee\/","logo":{"@type":"ImageObject","inLanguage":"en-GB","@id":"https:\/\/tsargipood.ee\/#\/schema\/logo\/image\/","url":"https:\/\/tsargipood.ee\/wp-content\/uploads\/2023\/06\/T-sargipood-logo-1.png","contentUrl":"https:\/\/tsargipood.ee\/wp-content\/uploads\/2023\/06\/T-sargipood-logo-1.png","width":540,"height":540,"caption":"T-S\u00e4rgipood"},"image":{"@id":"https:\/\/tsargipood.ee\/#\/schema\/logo\/image\/"},"sameAs":["https:\/\/www.facebook.com\/profile.php?id=100090772812912","https:\/\/www.instagram.com\/tsargipood\/"]}]}},"_links":{"self":[{"href":"https:\/\/tsargipood.ee\/en\/wp-json\/wp\/v2\/product\/14599","targetHints":{"allow":["GET"]}}],"collection":[{"href":"https:\/\/tsargipood.ee\/en\/wp-json\/wp\/v2\/product"}],"about":[{"href":"https:\/\/tsargipood.ee\/en\/wp-json\/wp\/v2\/types\/product"}],"replies":[{"embeddable":true,"href":"https:\/\/tsargipood.ee\/en\/wp-json\/wp\/v2\/comments?post=14599"}],"version-history":[{"count":0,"href":"https:\/\/tsargipood.ee\/en\/wp-json\/wp\/v2\/product\/14599\/revisions"}],"wp:featuredmedia":[{"embeddable":true,"href":"https:\/\/tsargipood.ee\/en\/wp-json\/wp\/v2\/media\/14601"}],"wp:attachment":[{"href":"https:\/\/tsargipood.ee\/en\/wp-json\/wp\/v2\/media?parent=14599"}],"wp:term":[{"taxonomy":"product_brand","embeddable":true,"href":"https:\/\/tsargipood.ee\/en\/wp-json\/wp\/v2\/product_brand?post=14599"},{"taxonomy":"product_cat","embeddable":true,"href":"https:\/\/tsargipood.ee\/en\/wp-json\/wp\/v2\/product_cat?post=14599"},{"taxonomy":"product_tag","embeddable":true,"href":"https:\/\/tsargipood.ee\/en\/wp-json\/wp\/v2\/product_tag?post=14599"}],"curies":[{"name":"wp","href":"https:\/\/api.w.org\/{rel}","templated":true}]}}