{"id":15908,"date":"2025-05-29T16:48:50","date_gmt":"2025-05-29T16:48:50","guid":{"rendered":"https:\/\/tsargipood.ee\/?post_type=product&#038;p=15908"},"modified":"2025-06-03T10:09:16","modified_gmt":"2025-06-03T10:09:16","slug":"hoodie-vaade-seestpoolt","status":"publish","type":"product","link":"https:\/\/tsargipood.ee\/en\/product\/hoodie-vaade-seestpoolt\/","title":{"rendered":"Design hoodie \u201eEye\u201c"},"content":{"rendered":"<p class=\"p1\"><span class=\"s1\"><b>Hoodie Vaade seestpoolt<\/b><\/span> on Piletilevi eridisainiga hoodie, mis r\u00e4\u00e4gib loo t\u00e4helepanust ja sisemisest vaatlusest. Pilk v\u00f5tmeaugus s\u00fcmboliseerib hetki, mil publik piilub lava taha, kulisside vahele v\u00f5i kogeb kunsti s\u00fcgavamat kihti. See s\u00e4rk on austusavaldus neile, kes otsivad alati rohkemat \u2013 p\u00e4ris kogemust, ausust ja emotsiooni.<\/p>","protected":false},"excerpt":{"rendered":"<p><strong>MEDIUM FIT<\/strong><\/p>\n<p>BODY: BRUSHED, 85% COTTON - ORGANIC RING SPIN COMBED, 15% POLYESTER - RECYCLED, FABRIC WASHED, 280 G\/M\u00b2<\/p>\n<p><a href=\"https:\/\/tsargipood.ee\/en\/product\/disaini-oma-pusa\/\" target=\"_blank\" rel=\"noopener\">You can find more information about the jacket here.<\/a><\/p>\n<picture class=\"size-full wp-image-7539 alignleft entered lazyloaded\" data-ll-status=\"loaded\"><source srcset=\"https:\/\/tsargipood.ee\/wp-content\/uploads\/2023\/08\/PETAVegan-1.png\" type=\"image\/webp\" data-lazy-srcset=\"https:\/\/tsargipood.ee\/wp-content\/uploads\/2023\/08\/PETAVegan-1.png.webp\" \/><img decoding=\"async\" src=\"https:\/\/tsargipood.ee\/wp-content\/uploads\/2023\/08\/PETAVegan-1.png\" alt=\"\" width=\"137\" height=\"50\" data-lazy-src=\"https:\/\/tsargipood.ee\/wp-content\/uploads\/2023\/08\/PETAVegan-1.png\" data-ll-status=\"loaded\" \/><\/picture><picture class=\"size-full wp-image-7538 alignleft entered lazyloaded\" data-ll-status=\"loaded\"><source srcset=\"https:\/\/tsargipood.ee\/wp-content\/uploads\/2023\/08\/OekoTex2012163-1.png\" type=\"image\/webp\" data-lazy-srcset=\"https:\/\/tsargipood.ee\/wp-content\/uploads\/2023\/08\/OekoTex2012163-1.png.webp\" \/><img decoding=\"async\" src=\"https:\/\/tsargipood.ee\/wp-content\/uploads\/2023\/08\/OekoTex2012163-1.png\" alt=\"\" width=\"46\" height=\"50\" data-lazy-src=\"https:\/\/tsargipood.ee\/wp-content\/uploads\/2023\/08\/OekoTex2012163-1.png\" data-ll-status=\"loaded\" \/><\/picture><picture class=\"size-full wp-image-7537 alignleft entered lazyloaded\" data-ll-status=\"loaded\"><source srcset=\"https:\/\/tsargipood.ee\/wp-content\/uploads\/2023\/08\/GOTSOrganic-1.png\" type=\"image\/webp\" data-lazy-srcset=\"https:\/\/tsargipood.ee\/wp-content\/uploads\/2023\/08\/GOTSOrganic-1.png.webp\" \/><img decoding=\"async\" src=\"https:\/\/tsargipood.ee\/wp-content\/uploads\/2023\/08\/GOTSOrganic-1.png\" alt=\"\" width=\"49\" height=\"50\" data-lazy-src=\"https:\/\/tsargipood.ee\/wp-content\/uploads\/2023\/08\/GOTSOrganic-1.png\" data-ll-status=\"loaded\" \/><\/picture><picture class=\"size-full wp-image-7536 alignleft entered lazyloaded\" data-ll-status=\"loaded\"><source srcset=\"https:\/\/tsargipood.ee\/wp-content\/uploads\/2023\/08\/Fairwear-1.png\" type=\"image\/webp\" data-lazy-srcset=\"https:\/\/tsargipood.ee\/wp-content\/uploads\/2023\/08\/Fairwear-1.png.webp\" \/><img loading=\"lazy\" decoding=\"async\" src=\"https:\/\/tsargipood.ee\/wp-content\/uploads\/2023\/08\/Fairwear-1.png\" alt=\"\" width=\"85\" height=\"50\" data-lazy-src=\"https:\/\/tsargipood.ee\/wp-content\/uploads\/2023\/08\/Fairwear-1.png\" data-ll-status=\"loaded\" \/><\/picture>\n<p>&nbsp;<\/p>\n<p>&nbsp;<\/p>","protected":false},"featured_media":15764,"comment_status":"open","ping_status":"closed","template":"","meta":{"googlesitekit_rrm_CAow0ZS_DA:productID":""},"product_brand":[],"product_cat":[511,509],"product_tag":[510],"class_list":{"0":"post-15908","1":"product","2":"type-product","3":"status-publish","4":"has-post-thumbnail","6":"product_cat-piletilevi-hoodie","7":"product_cat-piletilevi","8":"product_tag-piletilevi","9":"fpd-variation-needed","11":"first","12":"instock","13":"taxable","14":"shipping-taxable","15":"purchasable","16":"product-type-variable"},"yoast_head":"<!-- This site is optimized with the Yoast SEO plugin v27.5 - https:\/\/yoast.com\/product\/yoast-seo-wordpress\/ -->\n<title>Design hoodie \u201eEye\u201c | T-s\u00e4rgipood - Disaini oma T-s\u00e4rk<\/title>\n<meta name=\"description\" content=\"Hoodie Vaade seestpoolt on Piletilevi eridisainiga hoodie, mis r\u00e4\u00e4gib loo t\u00e4helepanust ja sisemisest vaatlusest. Pilk v\u00f5tmeaugus s\u00fcmboliseerib hetki,\" \/>\n<meta name=\"robots\" content=\"index, follow, max-snippet:-1, max-image-preview:large, max-video-preview:-1\" \/>\n<link rel=\"canonical\" href=\"https:\/\/tsargipood.ee\/en\/product\/hoodie-vaade-seestpoolt\/\" \/>\n<meta property=\"og:locale\" content=\"en_GB\" \/>\n<meta property=\"og:type\" content=\"article\" \/>\n<meta property=\"og:title\" content=\"Design hoodie \u201eEye\u201c | T-s\u00e4rgipood - Disaini oma T-s\u00e4rk\" \/>\n<meta property=\"og:description\" content=\"Hoodie Vaade seestpoolt on Piletilevi eridisainiga hoodie, mis r\u00e4\u00e4gib loo t\u00e4helepanust ja sisemisest vaatlusest. Pilk v\u00f5tmeaugus s\u00fcmboliseerib hetki,\" \/>\n<meta property=\"og:url\" content=\"https:\/\/tsargipood.ee\/en\/product\/hoodie-vaade-seestpoolt\/\" \/>\n<meta property=\"og:site_name\" content=\"T-s\u00e4rgipood - Disaini oma T-s\u00e4rk\" \/>\n<meta property=\"article:publisher\" content=\"https:\/\/www.facebook.com\/profile.php?id=100090772812912\" \/>\n<meta property=\"article:modified_time\" content=\"2025-06-03T10:09:16+00:00\" \/>\n<meta property=\"og:image\" content=\"https:\/\/tsargipood.ee\/wp-content\/uploads\/2025\/05\/7.jpg\" \/>\n\t<meta property=\"og:image:width\" content=\"1857\" \/>\n\t<meta property=\"og:image:height\" content=\"2322\" \/>\n\t<meta property=\"og:image:type\" content=\"image\/jpeg\" \/>\n<meta name=\"twitter:card\" content=\"summary_large_image\" \/>\n<meta name=\"twitter:label1\" content=\"Estimated reading time\" \/>\n\t<meta name=\"twitter:data1\" content=\"1 minute\" \/>\n<script type=\"application\/ld+json\" class=\"yoast-schema-graph\">{\"@context\":\"https:\\\/\\\/schema.org\",\"@graph\":[{\"@type\":\"WebPage\",\"@id\":\"https:\\\/\\\/tsargipood.ee\\\/product\\\/hoodie-vaade-seestpoolt\\\/\",\"url\":\"https:\\\/\\\/tsargipood.ee\\\/product\\\/hoodie-vaade-seestpoolt\\\/\",\"name\":\"Design hoodie \u201eEye\u201c | T-s\u00e4rgipood - Disaini oma T-s\u00e4rk\",\"isPartOf\":{\"@id\":\"https:\\\/\\\/tsargipood.ee\\\/#website\"},\"primaryImageOfPage\":{\"@id\":\"https:\\\/\\\/tsargipood.ee\\\/product\\\/hoodie-vaade-seestpoolt\\\/#primaryimage\"},\"image\":{\"@id\":\"https:\\\/\\\/tsargipood.ee\\\/product\\\/hoodie-vaade-seestpoolt\\\/#primaryimage\"},\"thumbnailUrl\":\"https:\\\/\\\/tsargipood.ee\\\/wp-content\\\/uploads\\\/2025\\\/05\\\/7.jpg\",\"datePublished\":\"2025-05-29T16:48:50+00:00\",\"dateModified\":\"2025-06-03T10:09:16+00:00\",\"description\":\"Hoodie Vaade seestpoolt on Piletilevi eridisainiga hoodie, mis r\u00e4\u00e4gib loo t\u00e4helepanust ja sisemisest vaatlusest. Pilk v\u00f5tmeaugus s\u00fcmboliseerib hetki,\",\"breadcrumb\":{\"@id\":\"https:\\\/\\\/tsargipood.ee\\\/product\\\/hoodie-vaade-seestpoolt\\\/#breadcrumb\"},\"inLanguage\":\"en-GB\",\"potentialAction\":[{\"@type\":\"ReadAction\",\"target\":[\"https:\\\/\\\/tsargipood.ee\\\/product\\\/hoodie-vaade-seestpoolt\\\/\"]}]},{\"@type\":\"ImageObject\",\"inLanguage\":\"en-GB\",\"@id\":\"https:\\\/\\\/tsargipood.ee\\\/product\\\/hoodie-vaade-seestpoolt\\\/#primaryimage\",\"url\":\"https:\\\/\\\/tsargipood.ee\\\/wp-content\\\/uploads\\\/2025\\\/05\\\/7.jpg\",\"contentUrl\":\"https:\\\/\\\/tsargipood.ee\\\/wp-content\\\/uploads\\\/2025\\\/05\\\/7.jpg\",\"width\":1857,\"height\":2322},{\"@type\":\"BreadcrumbList\",\"@id\":\"https:\\\/\\\/tsargipood.ee\\\/product\\\/hoodie-vaade-seestpoolt\\\/#breadcrumb\",\"itemListElement\":[{\"@type\":\"ListItem\",\"position\":1,\"name\":\"Home\",\"item\":\"https:\\\/\\\/tsargipood.ee\\\/\"},{\"@type\":\"ListItem\",\"position\":2,\"name\":\"T-s\u00e4rgipood\",\"item\":\"https:\\\/\\\/tsargipood.ee\\\/\"},{\"@type\":\"ListItem\",\"position\":3,\"name\":\"Design hoodie \u201eEye\u201c\"}]},{\"@type\":\"WebSite\",\"@id\":\"https:\\\/\\\/tsargipood.ee\\\/#website\",\"url\":\"https:\\\/\\\/tsargipood.ee\\\/\",\"name\":\"T-s\u00e4rgipood - Disaini oma T-s\u00e4rk\",\"description\":\"Kujunda oma t-s\u00e4rk\",\"publisher\":{\"@id\":\"https:\\\/\\\/tsargipood.ee\\\/#organization\"},\"alternateName\":\"T-s\u00e4rgipood\",\"potentialAction\":[{\"@type\":\"SearchAction\",\"target\":{\"@type\":\"EntryPoint\",\"urlTemplate\":\"https:\\\/\\\/tsargipood.ee\\\/?s={search_term_string}\"},\"query-input\":{\"@type\":\"PropertyValueSpecification\",\"valueRequired\":true,\"valueName\":\"search_term_string\"}}],\"inLanguage\":\"en-GB\"},{\"@type\":\"Organization\",\"@id\":\"https:\\\/\\\/tsargipood.ee\\\/#organization\",\"name\":\"T-S\u00e4rgipood\",\"alternateName\":\"Disaini oma t-s\u00e4rk\",\"url\":\"https:\\\/\\\/tsargipood.ee\\\/\",\"logo\":{\"@type\":\"ImageObject\",\"inLanguage\":\"en-GB\",\"@id\":\"https:\\\/\\\/tsargipood.ee\\\/#\\\/schema\\\/logo\\\/image\\\/\",\"url\":\"https:\\\/\\\/tsargipood.ee\\\/wp-content\\\/uploads\\\/2023\\\/06\\\/T-sargipood-logo-1.png\",\"contentUrl\":\"https:\\\/\\\/tsargipood.ee\\\/wp-content\\\/uploads\\\/2023\\\/06\\\/T-sargipood-logo-1.png\",\"width\":540,\"height\":540,\"caption\":\"T-S\u00e4rgipood\"},\"image\":{\"@id\":\"https:\\\/\\\/tsargipood.ee\\\/#\\\/schema\\\/logo\\\/image\\\/\"},\"sameAs\":[\"https:\\\/\\\/www.facebook.com\\\/profile.php?id=100090772812912\",\"https:\\\/\\\/www.instagram.com\\\/tsargipood\\\/\"]}]}<\/script>\n<!-- \/ Yoast SEO plugin. -->","yoast_head_json":{"title":"Design hoodie \u201eEye\u201c | T-s\u00e4rgipood - Disaini oma T-s\u00e4rk","description":"Hoodie Vaade seestpoolt on Piletilevi eridisainiga hoodie, mis r\u00e4\u00e4gib loo t\u00e4helepanust ja sisemisest vaatlusest. Pilk v\u00f5tmeaugus s\u00fcmboliseerib hetki,","robots":{"index":"index","follow":"follow","max-snippet":"max-snippet:-1","max-image-preview":"max-image-preview:large","max-video-preview":"max-video-preview:-1"},"canonical":"https:\/\/tsargipood.ee\/en\/product\/hoodie-vaade-seestpoolt\/","og_locale":"en_GB","og_type":"article","og_title":"Design hoodie \u201eEye\u201c | T-s\u00e4rgipood - Disaini oma T-s\u00e4rk","og_description":"Hoodie Vaade seestpoolt on Piletilevi eridisainiga hoodie, mis r\u00e4\u00e4gib loo t\u00e4helepanust ja sisemisest vaatlusest. Pilk v\u00f5tmeaugus s\u00fcmboliseerib hetki,","og_url":"https:\/\/tsargipood.ee\/en\/product\/hoodie-vaade-seestpoolt\/","og_site_name":"T-s\u00e4rgipood - Disaini oma T-s\u00e4rk","article_publisher":"https:\/\/www.facebook.com\/profile.php?id=100090772812912","article_modified_time":"2025-06-03T10:09:16+00:00","og_image":[{"width":1857,"height":2322,"url":"https:\/\/tsargipood.ee\/wp-content\/uploads\/2025\/05\/7.jpg","type":"image\/jpeg"}],"twitter_card":"summary_large_image","twitter_misc":{"Estimated reading time":"1 minute"},"schema":{"@context":"https:\/\/schema.org","@graph":[{"@type":"WebPage","@id":"https:\/\/tsargipood.ee\/product\/hoodie-vaade-seestpoolt\/","url":"https:\/\/tsargipood.ee\/product\/hoodie-vaade-seestpoolt\/","name":"Design hoodie \u201eEye\u201c | T-s\u00e4rgipood - Disaini oma T-s\u00e4rk","isPartOf":{"@id":"https:\/\/tsargipood.ee\/#website"},"primaryImageOfPage":{"@id":"https:\/\/tsargipood.ee\/product\/hoodie-vaade-seestpoolt\/#primaryimage"},"image":{"@id":"https:\/\/tsargipood.ee\/product\/hoodie-vaade-seestpoolt\/#primaryimage"},"thumbnailUrl":"https:\/\/tsargipood.ee\/wp-content\/uploads\/2025\/05\/7.jpg","datePublished":"2025-05-29T16:48:50+00:00","dateModified":"2025-06-03T10:09:16+00:00","description":"Hoodie Vaade seestpoolt on Piletilevi eridisainiga hoodie, mis r\u00e4\u00e4gib loo t\u00e4helepanust ja sisemisest vaatlusest. Pilk v\u00f5tmeaugus s\u00fcmboliseerib hetki,","breadcrumb":{"@id":"https:\/\/tsargipood.ee\/product\/hoodie-vaade-seestpoolt\/#breadcrumb"},"inLanguage":"en-GB","potentialAction":[{"@type":"ReadAction","target":["https:\/\/tsargipood.ee\/product\/hoodie-vaade-seestpoolt\/"]}]},{"@type":"ImageObject","inLanguage":"en-GB","@id":"https:\/\/tsargipood.ee\/product\/hoodie-vaade-seestpoolt\/#primaryimage","url":"https:\/\/tsargipood.ee\/wp-content\/uploads\/2025\/05\/7.jpg","contentUrl":"https:\/\/tsargipood.ee\/wp-content\/uploads\/2025\/05\/7.jpg","width":1857,"height":2322},{"@type":"BreadcrumbList","@id":"https:\/\/tsargipood.ee\/product\/hoodie-vaade-seestpoolt\/#breadcrumb","itemListElement":[{"@type":"ListItem","position":1,"name":"Home","item":"https:\/\/tsargipood.ee\/"},{"@type":"ListItem","position":2,"name":"T-s\u00e4rgipood","item":"https:\/\/tsargipood.ee\/"},{"@type":"ListItem","position":3,"name":"Design hoodie \u201eEye\u201c"}]},{"@type":"WebSite","@id":"https:\/\/tsargipood.ee\/#website","url":"https:\/\/tsargipood.ee\/","name":"T-shirt shop - Design your own T-shirt","description":"Design your own t-shirt","publisher":{"@id":"https:\/\/tsargipood.ee\/#organization"},"alternateName":"T-s\u00e4rgipood","potentialAction":[{"@type":"SearchAction","target":{"@type":"EntryPoint","urlTemplate":"https:\/\/tsargipood.ee\/?s={search_term_string}"},"query-input":{"@type":"PropertyValueSpecification","valueRequired":true,"valueName":"search_term_string"}}],"inLanguage":"en-GB"},{"@type":"Organization","@id":"https:\/\/tsargipood.ee\/#organization","name":"T-S\u00e4rgipood","alternateName":"Disaini oma t-s\u00e4rk","url":"https:\/\/tsargipood.ee\/","logo":{"@type":"ImageObject","inLanguage":"en-GB","@id":"https:\/\/tsargipood.ee\/#\/schema\/logo\/image\/","url":"https:\/\/tsargipood.ee\/wp-content\/uploads\/2023\/06\/T-sargipood-logo-1.png","contentUrl":"https:\/\/tsargipood.ee\/wp-content\/uploads\/2023\/06\/T-sargipood-logo-1.png","width":540,"height":540,"caption":"T-S\u00e4rgipood"},"image":{"@id":"https:\/\/tsargipood.ee\/#\/schema\/logo\/image\/"},"sameAs":["https:\/\/www.facebook.com\/profile.php?id=100090772812912","https:\/\/www.instagram.com\/tsargipood\/"]}]}},"_links":{"self":[{"href":"https:\/\/tsargipood.ee\/en\/wp-json\/wp\/v2\/product\/15908","targetHints":{"allow":["GET"]}}],"collection":[{"href":"https:\/\/tsargipood.ee\/en\/wp-json\/wp\/v2\/product"}],"about":[{"href":"https:\/\/tsargipood.ee\/en\/wp-json\/wp\/v2\/types\/product"}],"replies":[{"embeddable":true,"href":"https:\/\/tsargipood.ee\/en\/wp-json\/wp\/v2\/comments?post=15908"}],"version-history":[{"count":0,"href":"https:\/\/tsargipood.ee\/en\/wp-json\/wp\/v2\/product\/15908\/revisions"}],"wp:featuredmedia":[{"embeddable":true,"href":"https:\/\/tsargipood.ee\/en\/wp-json\/wp\/v2\/media\/15764"}],"wp:attachment":[{"href":"https:\/\/tsargipood.ee\/en\/wp-json\/wp\/v2\/media?parent=15908"}],"wp:term":[{"taxonomy":"product_brand","embeddable":true,"href":"https:\/\/tsargipood.ee\/en\/wp-json\/wp\/v2\/product_brand?post=15908"},{"taxonomy":"product_cat","embeddable":true,"href":"https:\/\/tsargipood.ee\/en\/wp-json\/wp\/v2\/product_cat?post=15908"},{"taxonomy":"product_tag","embeddable":true,"href":"https:\/\/tsargipood.ee\/en\/wp-json\/wp\/v2\/product_tag?post=15908"}],"curies":[{"name":"wp","href":"https:\/\/api.w.org\/{rel}","templated":true}]}}