{"id":16062,"date":"2025-06-02T15:28:11","date_gmt":"2025-06-02T15:28:11","guid":{"rendered":"https:\/\/tsargipood.ee\/?post_type=product&#038;p=16062"},"modified":"2025-06-04T13:45:17","modified_gmt":"2025-06-04T13:45:17","slug":"design-sweatshirt-smiley-kopeeri","status":"publish","type":"product","link":"https:\/\/tsargipood.ee\/en\/product\/design-sweatshirt-smiley-kopeeri\/","title":{"rendered":"Design Sweatshirt \u201eEye\u201c"},"content":{"rendered":"<p class=\"p1\">Piletilevi n\u00e4gusad sweatshirtid on kohal \u2013 just nii m\u00e4ngulised ja julged nagu meie s\u00fcndmused!<\/p>\n<p class=\"p1\">Stiilne graafika, m\u00f5nus pehme matejal ja suur naeratus \u2013 sobib ideaalselt nii kontserdile, kontorisse kui ka n\u00e4dalavahetuse vibe\u2019i.<\/p>","protected":false},"excerpt":{"rendered":"<p>ESSENTIAL UNISEX CREWNECK DRESSING<br \/>\nBuilt-in sleeve<br \/>\n1\u00d71 soonik kaeluse krae, varruka ja all\u00e4\u00e4re all<br \/>\nInside fishtail back neck tape<br \/>\nFlatlock topstitching on all seams<br \/>\nMaterial: BRUSHED, 85% COTTON 15% POLYESTER - RECYCLED, 280 G\/M\u00b2<\/p>\n<picture class=\"alignnone wp-image-7539 alignleft\"><source srcset=\"https:\/\/tsargipood.ee\/wp-content\/uploads\/2023\/08\/PETAVegan-1.png.webp\" type=\"image\/webp\" \/><img decoding=\"async\" src=\"https:\/\/tsargipood.ee\/wp-content\/uploads\/2023\/08\/PETAVegan-1.png\" alt=\"\" width=\"99\" height=\"36\" \/><\/picture><picture class=\"alignnone wp-image-7538 alignleft\"><source srcset=\"https:\/\/tsargipood.ee\/wp-content\/uploads\/2023\/08\/OekoTex2012163-1.png.webp\" type=\"image\/webp\" \/><img decoding=\"async\" src=\"https:\/\/tsargipood.ee\/wp-content\/uploads\/2023\/08\/OekoTex2012163-1.png\" alt=\"\" width=\"47\" height=\"51\" \/><\/picture><picture class=\"alignnone size-full wp-image-7537 alignleft\"><source srcset=\"https:\/\/tsargipood.ee\/wp-content\/uploads\/2023\/08\/GOTSOrganic-1.png.webp\" type=\"image\/webp\" \/><img decoding=\"async\" src=\"https:\/\/tsargipood.ee\/wp-content\/uploads\/2023\/08\/GOTSOrganic-1.png\" alt=\"\" width=\"49\" height=\"50\" \/><\/picture><picture class=\"alignnone size-full wp-image-7536 alignleft\"><source srcset=\"https:\/\/tsargipood.ee\/wp-content\/uploads\/2023\/08\/Fairwear-1.png.webp\" type=\"image\/webp\" \/><img loading=\"lazy\" decoding=\"async\" src=\"https:\/\/tsargipood.ee\/wp-content\/uploads\/2023\/08\/Fairwear-1.png\" alt=\"\" width=\"85\" height=\"50\" \/><\/picture>","protected":false},"featured_media":16032,"comment_status":"open","ping_status":"closed","template":"","meta":{"googlesitekit_rrm_CAow0ZS_DA:productID":""},"product_brand":[514],"product_cat":[511,509,513],"product_tag":[510],"class_list":{"0":"post-16062","1":"product","2":"type-product","3":"status-publish","4":"has-post-thumbnail","6":"product_brand-stanley-stella","7":"product_cat-piletilevi-hoodie","8":"product_cat-piletilevi","9":"product_cat-sweatshirt","10":"product_tag-piletilevi","11":"fpd-variation-needed","13":"first","14":"instock","15":"taxable","16":"shipping-taxable","17":"purchasable","18":"product-type-variable"},"yoast_head":"<!-- This site is optimized with the Yoast SEO plugin v27.5 - https:\/\/yoast.com\/product\/yoast-seo-wordpress\/ -->\n<title>Design Sweatshirt \u201eEye\u201c | T-s\u00e4rgipood - Disaini oma T-s\u00e4rk<\/title>\n<meta name=\"description\" content=\"Design swetshirt \u201eEye\u201c stiil ja elamus \u00fches s\u00e4rgis. Piletilevi T-s\u00e4rk \u2013 kunstipilk, mis avab ukse maailma, kus iga hetk on v\u00e4\u00e4rt kogemist. #elamusalgabsiit\" \/>\n<meta name=\"robots\" content=\"index, follow, max-snippet:-1, max-image-preview:large, max-video-preview:-1\" \/>\n<link rel=\"canonical\" href=\"https:\/\/tsargipood.ee\/en\/product\/design-sweatshirt-smiley-kopeeri\/\" \/>\n<meta property=\"og:locale\" content=\"en_GB\" \/>\n<meta property=\"og:type\" content=\"article\" \/>\n<meta property=\"og:title\" content=\"Design Sweatshirt \u201eEye\u201c | T-s\u00e4rgipood - Disaini oma T-s\u00e4rk\" \/>\n<meta property=\"og:description\" content=\"Design swetshirt \u201eEye\u201c stiil ja elamus \u00fches s\u00e4rgis. Piletilevi T-s\u00e4rk \u2013 kunstipilk, mis avab ukse maailma, kus iga hetk on v\u00e4\u00e4rt kogemist. #elamusalgabsiit\" \/>\n<meta property=\"og:url\" content=\"https:\/\/tsargipood.ee\/en\/product\/design-sweatshirt-smiley-kopeeri\/\" \/>\n<meta property=\"og:site_name\" content=\"T-s\u00e4rgipood - Disaini oma T-s\u00e4rk\" \/>\n<meta property=\"article:publisher\" content=\"https:\/\/www.facebook.com\/profile.php?id=100090772812912\" \/>\n<meta property=\"article:modified_time\" content=\"2025-06-04T13:45:17+00:00\" \/>\n<meta property=\"og:image\" content=\"https:\/\/tsargipood.ee\/wp-content\/uploads\/2025\/06\/27.jpg\" \/>\n\t<meta property=\"og:image:width\" content=\"1858\" \/>\n\t<meta property=\"og:image:height\" content=\"2321\" \/>\n\t<meta property=\"og:image:type\" content=\"image\/jpeg\" \/>\n<meta name=\"twitter:card\" content=\"summary_large_image\" \/>\n<meta name=\"twitter:label1\" content=\"Estimated reading time\" \/>\n\t<meta name=\"twitter:data1\" content=\"1 minute\" \/>\n<script type=\"application\/ld+json\" class=\"yoast-schema-graph\">{\"@context\":\"https:\\\/\\\/schema.org\",\"@graph\":[{\"@type\":\"WebPage\",\"@id\":\"https:\\\/\\\/tsargipood.ee\\\/product\\\/design-sweatshirt-smiley-kopeeri\\\/\",\"url\":\"https:\\\/\\\/tsargipood.ee\\\/product\\\/design-sweatshirt-smiley-kopeeri\\\/\",\"name\":\"Design Sweatshirt \u201eEye\u201c | T-s\u00e4rgipood - Disaini oma T-s\u00e4rk\",\"isPartOf\":{\"@id\":\"https:\\\/\\\/tsargipood.ee\\\/#website\"},\"primaryImageOfPage\":{\"@id\":\"https:\\\/\\\/tsargipood.ee\\\/product\\\/design-sweatshirt-smiley-kopeeri\\\/#primaryimage\"},\"image\":{\"@id\":\"https:\\\/\\\/tsargipood.ee\\\/product\\\/design-sweatshirt-smiley-kopeeri\\\/#primaryimage\"},\"thumbnailUrl\":\"https:\\\/\\\/tsargipood.ee\\\/wp-content\\\/uploads\\\/2025\\\/06\\\/27.jpg\",\"datePublished\":\"2025-06-02T15:28:11+00:00\",\"dateModified\":\"2025-06-04T13:45:17+00:00\",\"description\":\"Design swetshirt \u201eEye\u201c stiil ja elamus \u00fches s\u00e4rgis. Piletilevi T-s\u00e4rk \u2013 kunstipilk, mis avab ukse maailma, kus iga hetk on v\u00e4\u00e4rt kogemist. #elamusalgabsiit\",\"breadcrumb\":{\"@id\":\"https:\\\/\\\/tsargipood.ee\\\/product\\\/design-sweatshirt-smiley-kopeeri\\\/#breadcrumb\"},\"inLanguage\":\"en-GB\",\"potentialAction\":[{\"@type\":\"ReadAction\",\"target\":[\"https:\\\/\\\/tsargipood.ee\\\/product\\\/design-sweatshirt-smiley-kopeeri\\\/\"]}]},{\"@type\":\"ImageObject\",\"inLanguage\":\"en-GB\",\"@id\":\"https:\\\/\\\/tsargipood.ee\\\/product\\\/design-sweatshirt-smiley-kopeeri\\\/#primaryimage\",\"url\":\"https:\\\/\\\/tsargipood.ee\\\/wp-content\\\/uploads\\\/2025\\\/06\\\/27.jpg\",\"contentUrl\":\"https:\\\/\\\/tsargipood.ee\\\/wp-content\\\/uploads\\\/2025\\\/06\\\/27.jpg\",\"width\":1858,\"height\":2321},{\"@type\":\"BreadcrumbList\",\"@id\":\"https:\\\/\\\/tsargipood.ee\\\/product\\\/design-sweatshirt-smiley-kopeeri\\\/#breadcrumb\",\"itemListElement\":[{\"@type\":\"ListItem\",\"position\":1,\"name\":\"Home\",\"item\":\"https:\\\/\\\/tsargipood.ee\\\/\"},{\"@type\":\"ListItem\",\"position\":2,\"name\":\"T-s\u00e4rgipood\",\"item\":\"https:\\\/\\\/tsargipood.ee\\\/\"},{\"@type\":\"ListItem\",\"position\":3,\"name\":\"Design Sweatshirt \u201eEye\u201c\"}]},{\"@type\":\"WebSite\",\"@id\":\"https:\\\/\\\/tsargipood.ee\\\/#website\",\"url\":\"https:\\\/\\\/tsargipood.ee\\\/\",\"name\":\"T-s\u00e4rgipood - Disaini oma T-s\u00e4rk\",\"description\":\"Kujunda oma t-s\u00e4rk\",\"publisher\":{\"@id\":\"https:\\\/\\\/tsargipood.ee\\\/#organization\"},\"alternateName\":\"T-s\u00e4rgipood\",\"potentialAction\":[{\"@type\":\"SearchAction\",\"target\":{\"@type\":\"EntryPoint\",\"urlTemplate\":\"https:\\\/\\\/tsargipood.ee\\\/?s={search_term_string}\"},\"query-input\":{\"@type\":\"PropertyValueSpecification\",\"valueRequired\":true,\"valueName\":\"search_term_string\"}}],\"inLanguage\":\"en-GB\"},{\"@type\":\"Organization\",\"@id\":\"https:\\\/\\\/tsargipood.ee\\\/#organization\",\"name\":\"T-S\u00e4rgipood\",\"alternateName\":\"Disaini oma t-s\u00e4rk\",\"url\":\"https:\\\/\\\/tsargipood.ee\\\/\",\"logo\":{\"@type\":\"ImageObject\",\"inLanguage\":\"en-GB\",\"@id\":\"https:\\\/\\\/tsargipood.ee\\\/#\\\/schema\\\/logo\\\/image\\\/\",\"url\":\"https:\\\/\\\/tsargipood.ee\\\/wp-content\\\/uploads\\\/2023\\\/06\\\/T-sargipood-logo-1.png\",\"contentUrl\":\"https:\\\/\\\/tsargipood.ee\\\/wp-content\\\/uploads\\\/2023\\\/06\\\/T-sargipood-logo-1.png\",\"width\":540,\"height\":540,\"caption\":\"T-S\u00e4rgipood\"},\"image\":{\"@id\":\"https:\\\/\\\/tsargipood.ee\\\/#\\\/schema\\\/logo\\\/image\\\/\"},\"sameAs\":[\"https:\\\/\\\/www.facebook.com\\\/profile.php?id=100090772812912\",\"https:\\\/\\\/www.instagram.com\\\/tsargipood\\\/\"]}]}<\/script>\n<!-- \/ Yoast SEO plugin. -->","yoast_head_json":{"title":"Design Sweatshirt \u201eEye\u201c | T-s\u00e4rgipood - Disaini oma T-s\u00e4rk","description":"Design swetshirt \u201eEye\u201c stiil ja elamus \u00fches s\u00e4rgis. Piletilevi T-s\u00e4rk \u2013 kunstipilk, mis avab ukse maailma, kus iga hetk on v\u00e4\u00e4rt kogemist. #elamusalgabsiit","robots":{"index":"index","follow":"follow","max-snippet":"max-snippet:-1","max-image-preview":"max-image-preview:large","max-video-preview":"max-video-preview:-1"},"canonical":"https:\/\/tsargipood.ee\/en\/product\/design-sweatshirt-smiley-kopeeri\/","og_locale":"en_GB","og_type":"article","og_title":"Design Sweatshirt \u201eEye\u201c | T-s\u00e4rgipood - Disaini oma T-s\u00e4rk","og_description":"Design swetshirt \u201eEye\u201c stiil ja elamus \u00fches s\u00e4rgis. Piletilevi T-s\u00e4rk \u2013 kunstipilk, mis avab ukse maailma, kus iga hetk on v\u00e4\u00e4rt kogemist. #elamusalgabsiit","og_url":"https:\/\/tsargipood.ee\/en\/product\/design-sweatshirt-smiley-kopeeri\/","og_site_name":"T-s\u00e4rgipood - Disaini oma T-s\u00e4rk","article_publisher":"https:\/\/www.facebook.com\/profile.php?id=100090772812912","article_modified_time":"2025-06-04T13:45:17+00:00","og_image":[{"width":1858,"height":2321,"url":"https:\/\/tsargipood.ee\/wp-content\/uploads\/2025\/06\/27.jpg","type":"image\/jpeg"}],"twitter_card":"summary_large_image","twitter_misc":{"Estimated reading time":"1 minute"},"schema":{"@context":"https:\/\/schema.org","@graph":[{"@type":"WebPage","@id":"https:\/\/tsargipood.ee\/product\/design-sweatshirt-smiley-kopeeri\/","url":"https:\/\/tsargipood.ee\/product\/design-sweatshirt-smiley-kopeeri\/","name":"Design Sweatshirt \u201eEye\u201c | T-s\u00e4rgipood - Disaini oma T-s\u00e4rk","isPartOf":{"@id":"https:\/\/tsargipood.ee\/#website"},"primaryImageOfPage":{"@id":"https:\/\/tsargipood.ee\/product\/design-sweatshirt-smiley-kopeeri\/#primaryimage"},"image":{"@id":"https:\/\/tsargipood.ee\/product\/design-sweatshirt-smiley-kopeeri\/#primaryimage"},"thumbnailUrl":"https:\/\/tsargipood.ee\/wp-content\/uploads\/2025\/06\/27.jpg","datePublished":"2025-06-02T15:28:11+00:00","dateModified":"2025-06-04T13:45:17+00:00","description":"Design swetshirt \u201eEye\u201c stiil ja elamus \u00fches s\u00e4rgis. Piletilevi T-s\u00e4rk \u2013 kunstipilk, mis avab ukse maailma, kus iga hetk on v\u00e4\u00e4rt kogemist. #elamusalgabsiit","breadcrumb":{"@id":"https:\/\/tsargipood.ee\/product\/design-sweatshirt-smiley-kopeeri\/#breadcrumb"},"inLanguage":"en-GB","potentialAction":[{"@type":"ReadAction","target":["https:\/\/tsargipood.ee\/product\/design-sweatshirt-smiley-kopeeri\/"]}]},{"@type":"ImageObject","inLanguage":"en-GB","@id":"https:\/\/tsargipood.ee\/product\/design-sweatshirt-smiley-kopeeri\/#primaryimage","url":"https:\/\/tsargipood.ee\/wp-content\/uploads\/2025\/06\/27.jpg","contentUrl":"https:\/\/tsargipood.ee\/wp-content\/uploads\/2025\/06\/27.jpg","width":1858,"height":2321},{"@type":"BreadcrumbList","@id":"https:\/\/tsargipood.ee\/product\/design-sweatshirt-smiley-kopeeri\/#breadcrumb","itemListElement":[{"@type":"ListItem","position":1,"name":"Home","item":"https:\/\/tsargipood.ee\/"},{"@type":"ListItem","position":2,"name":"T-s\u00e4rgipood","item":"https:\/\/tsargipood.ee\/"},{"@type":"ListItem","position":3,"name":"Design Sweatshirt \u201eEye\u201c"}]},{"@type":"WebSite","@id":"https:\/\/tsargipood.ee\/#website","url":"https:\/\/tsargipood.ee\/","name":"T-shirt shop - Design your own T-shirt","description":"Design your own t-shirt","publisher":{"@id":"https:\/\/tsargipood.ee\/#organization"},"alternateName":"T-s\u00e4rgipood","potentialAction":[{"@type":"SearchAction","target":{"@type":"EntryPoint","urlTemplate":"https:\/\/tsargipood.ee\/?s={search_term_string}"},"query-input":{"@type":"PropertyValueSpecification","valueRequired":true,"valueName":"search_term_string"}}],"inLanguage":"en-GB"},{"@type":"Organization","@id":"https:\/\/tsargipood.ee\/#organization","name":"T-S\u00e4rgipood","alternateName":"Disaini oma t-s\u00e4rk","url":"https:\/\/tsargipood.ee\/","logo":{"@type":"ImageObject","inLanguage":"en-GB","@id":"https:\/\/tsargipood.ee\/#\/schema\/logo\/image\/","url":"https:\/\/tsargipood.ee\/wp-content\/uploads\/2023\/06\/T-sargipood-logo-1.png","contentUrl":"https:\/\/tsargipood.ee\/wp-content\/uploads\/2023\/06\/T-sargipood-logo-1.png","width":540,"height":540,"caption":"T-S\u00e4rgipood"},"image":{"@id":"https:\/\/tsargipood.ee\/#\/schema\/logo\/image\/"},"sameAs":["https:\/\/www.facebook.com\/profile.php?id=100090772812912","https:\/\/www.instagram.com\/tsargipood\/"]}]}},"_links":{"self":[{"href":"https:\/\/tsargipood.ee\/en\/wp-json\/wp\/v2\/product\/16062","targetHints":{"allow":["GET"]}}],"collection":[{"href":"https:\/\/tsargipood.ee\/en\/wp-json\/wp\/v2\/product"}],"about":[{"href":"https:\/\/tsargipood.ee\/en\/wp-json\/wp\/v2\/types\/product"}],"replies":[{"embeddable":true,"href":"https:\/\/tsargipood.ee\/en\/wp-json\/wp\/v2\/comments?post=16062"}],"version-history":[{"count":0,"href":"https:\/\/tsargipood.ee\/en\/wp-json\/wp\/v2\/product\/16062\/revisions"}],"wp:featuredmedia":[{"embeddable":true,"href":"https:\/\/tsargipood.ee\/en\/wp-json\/wp\/v2\/media\/16032"}],"wp:attachment":[{"href":"https:\/\/tsargipood.ee\/en\/wp-json\/wp\/v2\/media?parent=16062"}],"wp:term":[{"taxonomy":"product_brand","embeddable":true,"href":"https:\/\/tsargipood.ee\/en\/wp-json\/wp\/v2\/product_brand?post=16062"},{"taxonomy":"product_cat","embeddable":true,"href":"https:\/\/tsargipood.ee\/en\/wp-json\/wp\/v2\/product_cat?post=16062"},{"taxonomy":"product_tag","embeddable":true,"href":"https:\/\/tsargipood.ee\/en\/wp-json\/wp\/v2\/product_tag?post=16062"}],"curies":[{"name":"wp","href":"https:\/\/api.w.org\/{rel}","templated":true}]}}