{"id":16451,"date":"2025-06-30T09:00:27","date_gmt":"2025-06-30T09:00:27","guid":{"rendered":"https:\/\/tsargipood.ee\/?post_type=product&#038;p=16451"},"modified":"2025-06-30T10:41:49","modified_gmt":"2025-06-30T10:41:49","slug":"angel-rose-crew","status":"publish","type":"product","link":"https:\/\/tsargipood.ee\/en\/product\/angel-rose-crew\/","title":{"rendered":"Angel Rose Crew"},"content":{"rendered":"<p class=\"p1\"><b>Angel Rose Crew \u2013 purjetamise stiilis meeskonnas\u00e4rk<\/b><b><\/b><\/p>\n<p class=\"p2\">Elegantne ja sportlik s\u00e4rk, mis sobib ideaalselt nii merel kui kaldal. Angel Rose Crew disain on inspireeritud purjetamise vabadusest ja meeskonnavaimust \u2013 ideaalne valik tiimidele, kes liiguvad \u00fches suunas. Kvaliteetne materjal tagab mugavuse ka pikkadel p\u00e4evadel p\u00e4ikese ja tuule k\u00e4es.<\/p>","protected":false},"excerpt":{"rendered":"<p>Iconic\u00a0<strong>UNISEX T-SHIRT<\/strong><br \/>\nSewn-in sleeve<br \/>\n1\u00d71 rib at the collar<br \/>\nNeck tape for reinforcement in the back<br \/>\nSleeve hem and hem with wide double stitching<br \/>\nMATERIAL: 100% COTTON - ORGANIC - 180 G\/M\u00b2 - MEDIUM FIT<\/p>\n<picture class=\"size-full wp-image-7539 alignleft entered lazyloaded\" data-ll-status=\"loaded\"><source srcset=\"https:\/\/tsargipood.ee\/wp-content\/uploads\/2023\/08\/PETAVegan-1.png\" type=\"image\/webp\" data-lazy-srcset=\"https:\/\/tsargipood.ee\/wp-content\/uploads\/2023\/08\/PETAVegan-1.png.webp\" \/><img decoding=\"async\" src=\"https:\/\/tsargipood.ee\/wp-content\/uploads\/2023\/08\/PETAVegan-1.png\" alt=\"\" width=\"137\" height=\"50\" data-lazy-src=\"https:\/\/tsargipood.ee\/wp-content\/uploads\/2023\/08\/PETAVegan-1.png\" data-ll-status=\"loaded\" \/><\/picture><picture class=\"size-full wp-image-7538 alignleft entered lazyloaded\" data-ll-status=\"loaded\"><source srcset=\"https:\/\/tsargipood.ee\/wp-content\/uploads\/2023\/08\/OekoTex2012163-1.png\" type=\"image\/webp\" data-lazy-srcset=\"https:\/\/tsargipood.ee\/wp-content\/uploads\/2023\/08\/OekoTex2012163-1.png.webp\" \/><img decoding=\"async\" src=\"https:\/\/tsargipood.ee\/wp-content\/uploads\/2023\/08\/OekoTex2012163-1.png\" alt=\"\" width=\"46\" height=\"50\" data-lazy-src=\"https:\/\/tsargipood.ee\/wp-content\/uploads\/2023\/08\/OekoTex2012163-1.png\" data-ll-status=\"loaded\" \/><\/picture><picture class=\"size-full wp-image-7537 alignleft entered lazyloaded\" data-ll-status=\"loaded\"><source srcset=\"https:\/\/tsargipood.ee\/wp-content\/uploads\/2023\/08\/GOTSOrganic-1.png\" type=\"image\/webp\" data-lazy-srcset=\"https:\/\/tsargipood.ee\/wp-content\/uploads\/2023\/08\/GOTSOrganic-1.png.webp\" \/><img decoding=\"async\" src=\"https:\/\/tsargipood.ee\/wp-content\/uploads\/2023\/08\/GOTSOrganic-1.png\" alt=\"\" width=\"49\" height=\"50\" data-lazy-src=\"https:\/\/tsargipood.ee\/wp-content\/uploads\/2023\/08\/GOTSOrganic-1.png\" data-ll-status=\"loaded\" \/><\/picture><picture class=\"size-full wp-image-7536 alignleft entered lazyloaded\" data-ll-status=\"loaded\"><source srcset=\"https:\/\/tsargipood.ee\/wp-content\/uploads\/2023\/08\/Fairwear-1.png\" type=\"image\/webp\" data-lazy-srcset=\"https:\/\/tsargipood.ee\/wp-content\/uploads\/2023\/08\/Fairwear-1.png.webp\" \/><img loading=\"lazy\" decoding=\"async\" src=\"https:\/\/tsargipood.ee\/wp-content\/uploads\/2023\/08\/Fairwear-1.png\" alt=\"\" width=\"85\" height=\"50\" data-lazy-src=\"https:\/\/tsargipood.ee\/wp-content\/uploads\/2023\/08\/Fairwear-1.png\" data-ll-status=\"loaded\" \/><\/picture>","protected":false},"featured_media":16496,"comment_status":"open","ping_status":"closed","template":"","meta":{"googlesitekit_rrm_CAow0ZS_DA:productID":""},"product_brand":[514],"product_cat":[517],"product_tag":[],"class_list":{"0":"post-16451","1":"product","2":"type-product","3":"status-publish","4":"has-post-thumbnail","6":"product_brand-stanley-stella","7":"product_cat-angel-rose","8":"fpd-variation-needed","10":"first","11":"instock","12":"taxable","13":"shipping-taxable","14":"purchasable","15":"product-type-variable"},"yoast_head":"<!-- This site is optimized with the Yoast SEO plugin v27.5 - https:\/\/yoast.com\/product\/yoast-seo-wordpress\/ -->\n<title>Angel Rose Crew | T-s\u00e4rgipood - Disaini oma T-s\u00e4rk<\/title>\n<meta name=\"description\" content=\"Angel Rose Crew purjetamiss\u00e4rk \u2013 mugav ja stiilne valik merel ja maal. Ideaalne meeskonnale, kes hindab kvaliteeti ja \u00fchtset v\u00e4limust.\" \/>\n<meta name=\"robots\" content=\"index, follow, max-snippet:-1, max-image-preview:large, max-video-preview:-1\" \/>\n<link rel=\"canonical\" href=\"https:\/\/tsargipood.ee\/en\/product\/angel-rose-crew\/\" \/>\n<meta property=\"og:locale\" content=\"en_GB\" \/>\n<meta property=\"og:type\" content=\"article\" \/>\n<meta property=\"og:title\" content=\"Angel Rose Crew | T-s\u00e4rgipood - Disaini oma T-s\u00e4rk\" \/>\n<meta property=\"og:description\" content=\"Angel Rose Crew purjetamiss\u00e4rk \u2013 mugav ja stiilne valik merel ja maal. Ideaalne meeskonnale, kes hindab kvaliteeti ja \u00fchtset v\u00e4limust.\" \/>\n<meta property=\"og:url\" content=\"https:\/\/tsargipood.ee\/en\/product\/angel-rose-crew\/\" \/>\n<meta property=\"og:site_name\" content=\"T-s\u00e4rgipood - Disaini oma T-s\u00e4rk\" \/>\n<meta property=\"article:publisher\" content=\"https:\/\/www.facebook.com\/profile.php?id=100090772812912\" \/>\n<meta property=\"article:modified_time\" content=\"2025-06-30T10:41:49+00:00\" \/>\n<meta property=\"og:image\" content=\"https:\/\/tsargipood.ee\/wp-content\/uploads\/2025\/06\/Rose_t_modell.jpg\" \/>\n\t<meta property=\"og:image:width\" content=\"1772\" \/>\n\t<meta property=\"og:image:height\" content=\"2215\" \/>\n\t<meta property=\"og:image:type\" content=\"image\/jpeg\" \/>\n<meta name=\"twitter:card\" content=\"summary_large_image\" \/>\n<meta name=\"twitter:label1\" content=\"Estimated reading time\" \/>\n\t<meta name=\"twitter:data1\" content=\"1 minute\" \/>\n<script type=\"application\/ld+json\" class=\"yoast-schema-graph\">{\"@context\":\"https:\\\/\\\/schema.org\",\"@graph\":[{\"@type\":\"WebPage\",\"@id\":\"https:\\\/\\\/tsargipood.ee\\\/product\\\/angel-rose-crew\\\/\",\"url\":\"https:\\\/\\\/tsargipood.ee\\\/product\\\/angel-rose-crew\\\/\",\"name\":\"Angel Rose Crew | T-s\u00e4rgipood - Disaini oma T-s\u00e4rk\",\"isPartOf\":{\"@id\":\"https:\\\/\\\/tsargipood.ee\\\/#website\"},\"primaryImageOfPage\":{\"@id\":\"https:\\\/\\\/tsargipood.ee\\\/product\\\/angel-rose-crew\\\/#primaryimage\"},\"image\":{\"@id\":\"https:\\\/\\\/tsargipood.ee\\\/product\\\/angel-rose-crew\\\/#primaryimage\"},\"thumbnailUrl\":\"https:\\\/\\\/tsargipood.ee\\\/wp-content\\\/uploads\\\/2025\\\/06\\\/Rose_t_modell.jpg\",\"datePublished\":\"2025-06-30T09:00:27+00:00\",\"dateModified\":\"2025-06-30T10:41:49+00:00\",\"description\":\"Angel Rose Crew purjetamiss\u00e4rk \u2013 mugav ja stiilne valik merel ja maal. Ideaalne meeskonnale, kes hindab kvaliteeti ja \u00fchtset v\u00e4limust.\",\"breadcrumb\":{\"@id\":\"https:\\\/\\\/tsargipood.ee\\\/product\\\/angel-rose-crew\\\/#breadcrumb\"},\"inLanguage\":\"en-GB\",\"potentialAction\":[{\"@type\":\"ReadAction\",\"target\":[\"https:\\\/\\\/tsargipood.ee\\\/product\\\/angel-rose-crew\\\/\"]}]},{\"@type\":\"ImageObject\",\"inLanguage\":\"en-GB\",\"@id\":\"https:\\\/\\\/tsargipood.ee\\\/product\\\/angel-rose-crew\\\/#primaryimage\",\"url\":\"https:\\\/\\\/tsargipood.ee\\\/wp-content\\\/uploads\\\/2025\\\/06\\\/Rose_t_modell.jpg\",\"contentUrl\":\"https:\\\/\\\/tsargipood.ee\\\/wp-content\\\/uploads\\\/2025\\\/06\\\/Rose_t_modell.jpg\",\"width\":1772,\"height\":2215},{\"@type\":\"BreadcrumbList\",\"@id\":\"https:\\\/\\\/tsargipood.ee\\\/product\\\/angel-rose-crew\\\/#breadcrumb\",\"itemListElement\":[{\"@type\":\"ListItem\",\"position\":1,\"name\":\"Home\",\"item\":\"https:\\\/\\\/tsargipood.ee\\\/\"},{\"@type\":\"ListItem\",\"position\":2,\"name\":\"T-s\u00e4rgipood\",\"item\":\"https:\\\/\\\/tsargipood.ee\\\/\"},{\"@type\":\"ListItem\",\"position\":3,\"name\":\"Angel Rose Crew\"}]},{\"@type\":\"WebSite\",\"@id\":\"https:\\\/\\\/tsargipood.ee\\\/#website\",\"url\":\"https:\\\/\\\/tsargipood.ee\\\/\",\"name\":\"T-s\u00e4rgipood - Disaini oma T-s\u00e4rk\",\"description\":\"Kujunda oma t-s\u00e4rk\",\"publisher\":{\"@id\":\"https:\\\/\\\/tsargipood.ee\\\/#organization\"},\"alternateName\":\"T-s\u00e4rgipood\",\"potentialAction\":[{\"@type\":\"SearchAction\",\"target\":{\"@type\":\"EntryPoint\",\"urlTemplate\":\"https:\\\/\\\/tsargipood.ee\\\/?s={search_term_string}\"},\"query-input\":{\"@type\":\"PropertyValueSpecification\",\"valueRequired\":true,\"valueName\":\"search_term_string\"}}],\"inLanguage\":\"en-GB\"},{\"@type\":\"Organization\",\"@id\":\"https:\\\/\\\/tsargipood.ee\\\/#organization\",\"name\":\"T-S\u00e4rgipood\",\"alternateName\":\"Disaini oma t-s\u00e4rk\",\"url\":\"https:\\\/\\\/tsargipood.ee\\\/\",\"logo\":{\"@type\":\"ImageObject\",\"inLanguage\":\"en-GB\",\"@id\":\"https:\\\/\\\/tsargipood.ee\\\/#\\\/schema\\\/logo\\\/image\\\/\",\"url\":\"https:\\\/\\\/tsargipood.ee\\\/wp-content\\\/uploads\\\/2023\\\/06\\\/T-sargipood-logo-1.png\",\"contentUrl\":\"https:\\\/\\\/tsargipood.ee\\\/wp-content\\\/uploads\\\/2023\\\/06\\\/T-sargipood-logo-1.png\",\"width\":540,\"height\":540,\"caption\":\"T-S\u00e4rgipood\"},\"image\":{\"@id\":\"https:\\\/\\\/tsargipood.ee\\\/#\\\/schema\\\/logo\\\/image\\\/\"},\"sameAs\":[\"https:\\\/\\\/www.facebook.com\\\/profile.php?id=100090772812912\",\"https:\\\/\\\/www.instagram.com\\\/tsargipood\\\/\"]}]}<\/script>\n<!-- \/ Yoast SEO plugin. -->","yoast_head_json":{"title":"Angel Rose Crew | T-s\u00e4rgipood - Disaini oma T-s\u00e4rk","description":"Angel Rose Crew purjetamiss\u00e4rk \u2013 mugav ja stiilne valik merel ja maal. Ideaalne meeskonnale, kes hindab kvaliteeti ja \u00fchtset v\u00e4limust.","robots":{"index":"index","follow":"follow","max-snippet":"max-snippet:-1","max-image-preview":"max-image-preview:large","max-video-preview":"max-video-preview:-1"},"canonical":"https:\/\/tsargipood.ee\/en\/product\/angel-rose-crew\/","og_locale":"en_GB","og_type":"article","og_title":"Angel Rose Crew | T-s\u00e4rgipood - Disaini oma T-s\u00e4rk","og_description":"Angel Rose Crew purjetamiss\u00e4rk \u2013 mugav ja stiilne valik merel ja maal. Ideaalne meeskonnale, kes hindab kvaliteeti ja \u00fchtset v\u00e4limust.","og_url":"https:\/\/tsargipood.ee\/en\/product\/angel-rose-crew\/","og_site_name":"T-s\u00e4rgipood - Disaini oma T-s\u00e4rk","article_publisher":"https:\/\/www.facebook.com\/profile.php?id=100090772812912","article_modified_time":"2025-06-30T10:41:49+00:00","og_image":[{"width":1772,"height":2215,"url":"https:\/\/tsargipood.ee\/wp-content\/uploads\/2025\/06\/Rose_t_modell.jpg","type":"image\/jpeg"}],"twitter_card":"summary_large_image","twitter_misc":{"Estimated reading time":"1 minute"},"schema":{"@context":"https:\/\/schema.org","@graph":[{"@type":"WebPage","@id":"https:\/\/tsargipood.ee\/product\/angel-rose-crew\/","url":"https:\/\/tsargipood.ee\/product\/angel-rose-crew\/","name":"Angel Rose Crew | T-s\u00e4rgipood - Disaini oma T-s\u00e4rk","isPartOf":{"@id":"https:\/\/tsargipood.ee\/#website"},"primaryImageOfPage":{"@id":"https:\/\/tsargipood.ee\/product\/angel-rose-crew\/#primaryimage"},"image":{"@id":"https:\/\/tsargipood.ee\/product\/angel-rose-crew\/#primaryimage"},"thumbnailUrl":"https:\/\/tsargipood.ee\/wp-content\/uploads\/2025\/06\/Rose_t_modell.jpg","datePublished":"2025-06-30T09:00:27+00:00","dateModified":"2025-06-30T10:41:49+00:00","description":"Angel Rose Crew purjetamiss\u00e4rk \u2013 mugav ja stiilne valik merel ja maal. Ideaalne meeskonnale, kes hindab kvaliteeti ja \u00fchtset v\u00e4limust.","breadcrumb":{"@id":"https:\/\/tsargipood.ee\/product\/angel-rose-crew\/#breadcrumb"},"inLanguage":"en-GB","potentialAction":[{"@type":"ReadAction","target":["https:\/\/tsargipood.ee\/product\/angel-rose-crew\/"]}]},{"@type":"ImageObject","inLanguage":"en-GB","@id":"https:\/\/tsargipood.ee\/product\/angel-rose-crew\/#primaryimage","url":"https:\/\/tsargipood.ee\/wp-content\/uploads\/2025\/06\/Rose_t_modell.jpg","contentUrl":"https:\/\/tsargipood.ee\/wp-content\/uploads\/2025\/06\/Rose_t_modell.jpg","width":1772,"height":2215},{"@type":"BreadcrumbList","@id":"https:\/\/tsargipood.ee\/product\/angel-rose-crew\/#breadcrumb","itemListElement":[{"@type":"ListItem","position":1,"name":"Home","item":"https:\/\/tsargipood.ee\/"},{"@type":"ListItem","position":2,"name":"T-s\u00e4rgipood","item":"https:\/\/tsargipood.ee\/"},{"@type":"ListItem","position":3,"name":"Angel Rose Crew"}]},{"@type":"WebSite","@id":"https:\/\/tsargipood.ee\/#website","url":"https:\/\/tsargipood.ee\/","name":"T-shirt shop - Design your own T-shirt","description":"Design your own t-shirt","publisher":{"@id":"https:\/\/tsargipood.ee\/#organization"},"alternateName":"T-s\u00e4rgipood","potentialAction":[{"@type":"SearchAction","target":{"@type":"EntryPoint","urlTemplate":"https:\/\/tsargipood.ee\/?s={search_term_string}"},"query-input":{"@type":"PropertyValueSpecification","valueRequired":true,"valueName":"search_term_string"}}],"inLanguage":"en-GB"},{"@type":"Organization","@id":"https:\/\/tsargipood.ee\/#organization","name":"T-S\u00e4rgipood","alternateName":"Disaini oma t-s\u00e4rk","url":"https:\/\/tsargipood.ee\/","logo":{"@type":"ImageObject","inLanguage":"en-GB","@id":"https:\/\/tsargipood.ee\/#\/schema\/logo\/image\/","url":"https:\/\/tsargipood.ee\/wp-content\/uploads\/2023\/06\/T-sargipood-logo-1.png","contentUrl":"https:\/\/tsargipood.ee\/wp-content\/uploads\/2023\/06\/T-sargipood-logo-1.png","width":540,"height":540,"caption":"T-S\u00e4rgipood"},"image":{"@id":"https:\/\/tsargipood.ee\/#\/schema\/logo\/image\/"},"sameAs":["https:\/\/www.facebook.com\/profile.php?id=100090772812912","https:\/\/www.instagram.com\/tsargipood\/"]}]}},"_links":{"self":[{"href":"https:\/\/tsargipood.ee\/en\/wp-json\/wp\/v2\/product\/16451","targetHints":{"allow":["GET"]}}],"collection":[{"href":"https:\/\/tsargipood.ee\/en\/wp-json\/wp\/v2\/product"}],"about":[{"href":"https:\/\/tsargipood.ee\/en\/wp-json\/wp\/v2\/types\/product"}],"replies":[{"embeddable":true,"href":"https:\/\/tsargipood.ee\/en\/wp-json\/wp\/v2\/comments?post=16451"}],"version-history":[{"count":0,"href":"https:\/\/tsargipood.ee\/en\/wp-json\/wp\/v2\/product\/16451\/revisions"}],"wp:featuredmedia":[{"embeddable":true,"href":"https:\/\/tsargipood.ee\/en\/wp-json\/wp\/v2\/media\/16496"}],"wp:attachment":[{"href":"https:\/\/tsargipood.ee\/en\/wp-json\/wp\/v2\/media?parent=16451"}],"wp:term":[{"taxonomy":"product_brand","embeddable":true,"href":"https:\/\/tsargipood.ee\/en\/wp-json\/wp\/v2\/product_brand?post=16451"},{"taxonomy":"product_cat","embeddable":true,"href":"https:\/\/tsargipood.ee\/en\/wp-json\/wp\/v2\/product_cat?post=16451"},{"taxonomy":"product_tag","embeddable":true,"href":"https:\/\/tsargipood.ee\/en\/wp-json\/wp\/v2\/product_tag?post=16451"}],"curies":[{"name":"wp","href":"https:\/\/api.w.org\/{rel}","templated":true}]}}