{"id":16497,"date":"2025-06-30T10:52:46","date_gmt":"2025-06-30T10:52:46","guid":{"rendered":"https:\/\/tsargipood.ee\/?post_type=product&#038;p=16497"},"modified":"2026-02-06T11:55:08","modified_gmt":"2026-02-06T11:55:08","slug":"premium-laste-t-sark","status":"publish","type":"product","link":"https:\/\/tsargipood.ee\/en\/product\/premium-laste-t-sark\/","title":{"rendered":"Premium laste T-s\u00e4rk"},"content":{"rendered":"<div><b>Disaini Oma T-s\u00e4rk \u2013 Laste Premium S\u00e4rk<\/b><\/div>\n<div>\n<p class=\"p2\">Tee ise oma lahe s\u00e4rk! \ud83c\udfa8\ud83d\udc55<\/p>\n<p class=\"p2\">Vali lemmikv\u00e4rv, lisa \u00e4ge pilt v\u00f5i kirjuta midagi naljakat \u2013 just selline s\u00e4rk, nagu SINA tahad! See s\u00e4rk on pehme ja mugav, sobib ideaalselt m\u00e4ngimiseks, kooliks v\u00f5i kingituseks. Ja tr\u00fckk p\u00fcsib ilus ka p\u00e4rast mitut pesu!<\/p>\n<\/div>\n<div><\/div>\n<div>Alusta t\u00e4na ja kanna s\u00e4rki, mis r\u00e4\u00e4gib Sinu lugu! \ud83c\udfa8\ud83d\udc55<\/div>\n<p><strong>KIRJELDUS<\/strong><\/p>\n<p>1\u00d71 soonik kaeluses<br \/>\nSama materjaliga kaeluse sisemine teip<br \/>\n\u00d5mmeldud (set-in) varrukad<br \/>\nKitsas kahekordne pealis\u00f5mblus varruka \u00e4\u00e4rtes<\/p>\n<p><strong>KOOSTIS<\/strong><\/p>\n<p>Pealmine materjal: single jersey, 100% puuvill \u2013 orgaaniline, ringspinnatud ja kammitud, kangas pestud<\/p>\n<p><strong>HOOLDUSJUHEND<\/strong><\/p>\n<p>Pese koos sarnaste v\u00e4rvidega, \u00e4ra triigi tr\u00fckipinda, pese ja triigi pahupidi.<br \/>\nPesu \u2013 30 \u00b0C<br \/>\nPleegitamine \u2013 keelatud<br \/>\nKuivatamine \u2013 trummelkuivatus keelatud<br \/>\nTriikimine \u2013 kuni 110 \u00b0C<br \/>\nKeemiline puhastus \u2013 keelatud<\/p>\n<p><img decoding=\"async\" class=\"w-8 h-8 shrink-0\" title=\"Washing - 30\u00b0\" src=\"https:\/\/stanleystella.com\/media\/amasty\/shopby\/option_images\/slider\/was_30.png\" alt=\"Washing - 30\u00b0\" width=\"32\" height=\"32\" \/><img decoding=\"async\" class=\"w-8 h-8 shrink-0\" title=\"Bleaching - No\" src=\"https:\/\/stanleystella.com\/media\/amasty\/shopby\/option_images\/slider\/ble_not.png\" alt=\"Bleaching - No\" width=\"32\" height=\"32\" \/><img decoding=\"async\" class=\"w-8 h-8 shrink-0\" title=\"Drying - Tumble Dry No\" src=\"https:\/\/stanleystella.com\/media\/amasty\/shopby\/option_images\/slider\/dry_not.png\" alt=\"Drying - Tumble Dry No\" width=\"32\" height=\"32\" \/><img loading=\"lazy\" decoding=\"async\" class=\"w-8 h-8 shrink-0\" title=\"Ironing - 110\u00b0\" src=\"https:\/\/stanleystella.com\/media\/amasty\/shopby\/option_images\/slider\/iro_max_110.png\" alt=\"Ironing - 110\u00b0\" width=\"32\" height=\"32\" \/><img loading=\"lazy\" decoding=\"async\" class=\"w-8 h-8 shrink-0\" title=\"Cleaning - No\" src=\"https:\/\/stanleystella.com\/media\/amasty\/shopby\/option_images\/slider\/EU-Symbol_DryCleaning.svg\" alt=\"Cleaning - No\" width=\"32\" height=\"32\" \/><\/p>\n<p><img loading=\"lazy\" decoding=\"async\" class=\"size-full wp-image-7539 alignleft entered lazyloaded\" src=\"https:\/\/tsargipood.ee\/wp-content\/uploads\/2023\/08\/PETAVegan-1.png\" alt=\"\" width=\"137\" height=\"50\" data-lazy-src=\"https:\/\/tsargipood.ee\/wp-content\/uploads\/2023\/08\/PETAVegan-1.png\" data-ll-status=\"loaded\" \/><img loading=\"lazy\" decoding=\"async\" class=\"size-full wp-image-7538 alignleft entered lazyloaded\" src=\"https:\/\/tsargipood.ee\/wp-content\/uploads\/2023\/08\/OekoTex2012163-1.png\" alt=\"\" width=\"46\" height=\"50\" data-lazy-src=\"https:\/\/tsargipood.ee\/wp-content\/uploads\/2023\/08\/OekoTex2012163-1.png\" data-ll-status=\"loaded\" \/><img loading=\"lazy\" decoding=\"async\" class=\"size-full wp-image-7537 alignleft entered lazyloaded\" src=\"https:\/\/tsargipood.ee\/wp-content\/uploads\/2023\/08\/GOTSOrganic-1.png\" alt=\"\" width=\"49\" height=\"50\" data-lazy-src=\"https:\/\/tsargipood.ee\/wp-content\/uploads\/2023\/08\/GOTSOrganic-1.png\" data-ll-status=\"loaded\" \/><img loading=\"lazy\" decoding=\"async\" class=\"size-full wp-image-7536 alignleft entered lazyloaded\" src=\"https:\/\/tsargipood.ee\/wp-content\/uploads\/2023\/08\/Fairwear-1.png\" alt=\"\" width=\"85\" height=\"50\" data-lazy-src=\"https:\/\/tsargipood.ee\/wp-content\/uploads\/2023\/08\/Fairwear-1.png\" data-ll-status=\"loaded\" \/><\/p>\n<p>&nbsp;<\/p>\n<p>&nbsp;<\/p>\n<p>&nbsp;<\/p>\n<p><strong>Upload image requirements:<br \/>\n<\/strong>Min resolution 72dpi<br \/>\nMin size 500x500px<br \/>\nMax size 3500x3500px<\/p>","protected":false},"excerpt":{"rendered":"<div>\ud83c\udf89 <strong>Tere tulemast s\u00e4rgimaailma!<\/strong> \ud83c\udf89<\/div>\n<div><\/div>\n<div>Kas sa tead, mis on k\u00f5ige lahedam asi maailmas? Sule pehme ja oman\u00e4oline T-s\u00e4rk, mille saad ise disainida! \ud83d\ude0e\ud83d\udc55<\/div>\n<div>Just Premium laste T-s\u00e4rk teeb su p\u00e4eva r\u00f5\u00f5msamaks ja m\u00e4ngulisemaks!\u00a0 \ufffc<\/div>\n<div><\/div>\n<div>\ud83c\udf6d <strong>Miks see nii \u00e4ge on?<\/strong><\/div>\n<div>\ud83c\udf08 Saad valida lemmikv\u00e4rvi ja suuruse \ud83c\udfa8<\/div>\n<div>\ud83d\uddbc\ufe0f Lisa pilt, nali v\u00f5i s\u00f5num \u2014 just nii nagu sinu unistustes! \ud83d\ude0d<\/div>\n<div>\ud83d\udee1\ufe0f Tr\u00fckk p\u00fcsib ilus ka p\u00e4rast palju pesukordi \ud83d\udc55\u2728<\/div>\n<div>\ud83c\udf3f S\u00e4rk on pehme ja mugav \u2013 ideaalne nii m\u00e4ngimiseks kui koolis kandmiseks!\u00a0 \ufffc<\/div>\n<div><\/div>\n<div>\ud83d\udccf <strong>Ja see pole veel k\u00f5ik!<\/strong><\/div>\n<div>S\u00e4rk on saadaval suurustes 3\u20134 kuni 12\u201313, nii et k\u00f5ik saavad leida just enda jaoks \u00f5ige!\u00a0 \ufffc<\/div>\n<div><\/div>\n<div>\ud83d\udc49 <strong>Kuidas alustada?<\/strong><\/div>\n<div>1.Vali v\u00e4rv ja suurus \ud83d\udc55<\/div>\n<div>2.Lisa oma \u00e4ge disain \ud83c\udfa8<\/div>\n<div>3.Kl\u00f5psa \u201cLisa korvi\u201d ja oota, kuni sai su ideaalne s\u00e4rk k\u00e4tte! \ud83d\udecd\ufe0f\u00a0 \ufffc<\/div>\n<div><\/div>\n<div><\/div>\n<div>\ud83d\udca1 Tee oma s\u00e4rk, mis r\u00e4\u00e4gib t\u00e4pselt sinu lugu \u2014 sest iga laps on eriline! \u2b50\ud83d\udc66\ud83d\udc67\u00a0 \ufffc<\/div>\n<p><strong>S\u00e4rkide originaal v\u00e4rvid leiad siit:<\/strong><\/p>\n<p><a href=\"https:\/\/tsargipood.ee\/wp-content\/uploads\/2025\/06\/PFM0_STTK184_C005.jpg.avif\"><img loading=\"lazy\" decoding=\"async\" class=\"alignleft wp-image-17557\" src=\"https:\/\/tsargipood.ee\/wp-content\/uploads\/2025\/06\/PFM0_STTK184_C005.jpg-240x300.avif\" alt=\"\" width=\"99\" height=\"124\" srcset=\"https:\/\/tsargipood.ee\/wp-content\/uploads\/2025\/06\/PFM0_STTK184_C005.jpg-240x300.avif 240w, https:\/\/tsargipood.ee\/wp-content\/uploads\/2025\/06\/PFM0_STTK184_C005.jpg-600x750.avif 600w, https:\/\/tsargipood.ee\/wp-content\/uploads\/2025\/06\/PFM0_STTK184_C005.jpg-819x1024.avif 819w, https:\/\/tsargipood.ee\/wp-content\/uploads\/2025\/06\/PFM0_STTK184_C005.jpg-768x960.avif 768w, https:\/\/tsargipood.ee\/wp-content\/uploads\/2025\/06\/PFM0_STTK184_C005.jpg.avif 1200w\" sizes=\"(max-width: 99px) 100vw, 99px\" \/><\/a><a href=\"https:\/\/tsargipood.ee\/wp-content\/uploads\/2025\/06\/PBM0_STTK184_C002.jpg.avif\"><img loading=\"lazy\" decoding=\"async\" class=\"alignleft wp-image-17558\" src=\"https:\/\/tsargipood.ee\/wp-content\/uploads\/2025\/06\/PBM0_STTK184_C002.jpg-240x300.avif\" alt=\"\" width=\"99\" height=\"124\" srcset=\"https:\/\/tsargipood.ee\/wp-content\/uploads\/2025\/06\/PBM0_STTK184_C002.jpg-240x300.avif 240w, https:\/\/tsargipood.ee\/wp-content\/uploads\/2025\/06\/PBM0_STTK184_C002.jpg-600x750.avif 600w, https:\/\/tsargipood.ee\/wp-content\/uploads\/2025\/06\/PBM0_STTK184_C002.jpg-819x1024.avif 819w, https:\/\/tsargipood.ee\/wp-content\/uploads\/2025\/06\/PBM0_STTK184_C002.jpg-768x960.avif 768w, https:\/\/tsargipood.ee\/wp-content\/uploads\/2025\/06\/PBM0_STTK184_C002.jpg.avif 1200w\" sizes=\"(max-width: 99px) 100vw, 99px\" \/><\/a><a href=\"https:\/\/tsargipood.ee\/wp-content\/uploads\/2025\/06\/PFM0_STTK184_C001.jpg.avif\"><img loading=\"lazy\" decoding=\"async\" class=\"alignleft wp-image-17559\" src=\"https:\/\/tsargipood.ee\/wp-content\/uploads\/2025\/06\/PFM0_STTK184_C001.jpg-240x300.avif\" alt=\"\" width=\"99\" height=\"124\" srcset=\"https:\/\/tsargipood.ee\/wp-content\/uploads\/2025\/06\/PFM0_STTK184_C001.jpg-240x300.avif 240w, https:\/\/tsargipood.ee\/wp-content\/uploads\/2025\/06\/PFM0_STTK184_C001.jpg-600x750.avif 600w, https:\/\/tsargipood.ee\/wp-content\/uploads\/2025\/06\/PFM0_STTK184_C001.jpg-819x1024.avif 819w, https:\/\/tsargipood.ee\/wp-content\/uploads\/2025\/06\/PFM0_STTK184_C001.jpg-768x960.avif 768w, https:\/\/tsargipood.ee\/wp-content\/uploads\/2025\/06\/PFM0_STTK184_C001.jpg.avif 1200w\" sizes=\"(max-width: 99px) 100vw, 99px\" \/><\/a><a href=\"https:\/\/tsargipood.ee\/wp-content\/uploads\/2025\/06\/PFM0_STTK184_C250.jpg.avif\"><img loading=\"lazy\" decoding=\"async\" class=\"alignleft wp-image-17560\" src=\"https:\/\/tsargipood.ee\/wp-content\/uploads\/2025\/06\/PFM0_STTK184_C250.jpg-240x300.avif\" alt=\"\" width=\"99\" height=\"124\" srcset=\"https:\/\/tsargipood.ee\/wp-content\/uploads\/2025\/06\/PFM0_STTK184_C250.jpg-240x300.avif 240w, https:\/\/tsargipood.ee\/wp-content\/uploads\/2025\/06\/PFM0_STTK184_C250.jpg-600x750.avif 600w, https:\/\/tsargipood.ee\/wp-content\/uploads\/2025\/06\/PFM0_STTK184_C250.jpg-819x1024.avif 819w, https:\/\/tsargipood.ee\/wp-content\/uploads\/2025\/06\/PFM0_STTK184_C250.jpg-768x960.avif 768w, https:\/\/tsargipood.ee\/wp-content\/uploads\/2025\/06\/PFM0_STTK184_C250.jpg.avif 1200w\" sizes=\"(max-width: 99px) 100vw, 99px\" \/><\/a><\/p>\n<p><a href=\"https:\/\/tsargipood.ee\/wp-content\/uploads\/2025\/06\/PFM0_STTK184_C724.jpg.avif\"><img loading=\"lazy\" decoding=\"async\" class=\"alignleft wp-image-17563\" src=\"https:\/\/tsargipood.ee\/wp-content\/uploads\/2025\/06\/PFM0_STTK184_C724.jpg-240x300.avif\" alt=\"\" width=\"99\" height=\"124\" srcset=\"https:\/\/tsargipood.ee\/wp-content\/uploads\/2025\/06\/PFM0_STTK184_C724.jpg-240x300.avif 240w, https:\/\/tsargipood.ee\/wp-content\/uploads\/2025\/06\/PFM0_STTK184_C724.jpg-600x750.avif 600w, https:\/\/tsargipood.ee\/wp-content\/uploads\/2025\/06\/PFM0_STTK184_C724.jpg-819x1024.avif 819w, https:\/\/tsargipood.ee\/wp-content\/uploads\/2025\/06\/PFM0_STTK184_C724.jpg-768x960.avif 768w, https:\/\/tsargipood.ee\/wp-content\/uploads\/2025\/06\/PFM0_STTK184_C724.jpg.avif 1200w\" sizes=\"(max-width: 99px) 100vw, 99px\" \/><\/a><a href=\"https:\/\/tsargipood.ee\/wp-content\/uploads\/2025\/06\/PBM0_STTK184_C230.jpg.avif\"><img loading=\"lazy\" decoding=\"async\" class=\"alignleft wp-image-17562\" src=\"https:\/\/tsargipood.ee\/wp-content\/uploads\/2025\/06\/PBM0_STTK184_C230.jpg-240x300.avif\" alt=\"\" width=\"99\" height=\"124\" srcset=\"https:\/\/tsargipood.ee\/wp-content\/uploads\/2025\/06\/PBM0_STTK184_C230.jpg-240x300.avif 240w, https:\/\/tsargipood.ee\/wp-content\/uploads\/2025\/06\/PBM0_STTK184_C230.jpg-600x750.avif 600w, https:\/\/tsargipood.ee\/wp-content\/uploads\/2025\/06\/PBM0_STTK184_C230.jpg-819x1024.avif 819w, https:\/\/tsargipood.ee\/wp-content\/uploads\/2025\/06\/PBM0_STTK184_C230.jpg-768x960.avif 768w, https:\/\/tsargipood.ee\/wp-content\/uploads\/2025\/06\/PBM0_STTK184_C230.jpg.avif 1200w\" sizes=\"(max-width: 99px) 100vw, 99px\" \/><\/a><\/p>\n<p>&nbsp;<\/p>\n<p>&nbsp;<\/p>\n<div><\/div>\n<p>&nbsp;<\/p>","protected":false},"featured_media":16543,"comment_status":"closed","ping_status":"closed","template":"","meta":{"googlesitekit_rrm_CAow0ZS_DA:productID":""},"product_brand":[514],"product_cat":[217,524],"product_tag":[327,130,326,319,324,321,320,318,322,325,26,323],"class_list":{"0":"post-16497","1":"product","2":"type-product","3":"status-publish","4":"has-post-thumbnail","6":"product_brand-stanley-stella","7":"product_cat-disainitavad-tooted","8":"product_cat-laste-t-sark","9":"product_tag-disaini-oma-riided","10":"product_tag-disaini-oma-t-sark","11":"product_tag-isikuparane-riietus","12":"product_tag-kujunda-ise-oma-t-sark","13":"product_tag-kustomiseeritud-t-sargid","14":"product_tag-loo-oma-t-sark","15":"product_tag-personaalne-t-sargi-trukk","16":"product_tag-t-sargi-disainimine","17":"product_tag-t-sargi-kujundamine","18":"product_tag-t-sargi-trukkimine","19":"product_tag-t-sark","20":"product_tag-unikaalsed-t-sargid","21":"fpd-variation-needed","22":"wcpa_has_options","24":"first","25":"instock","26":"taxable","27":"shipping-taxable","28":"purchasable","29":"product-type-variable"},"yoast_head":"<!-- This site is optimized with the Yoast SEO plugin v27.5 - https:\/\/yoast.com\/product\/yoast-seo-wordpress\/ -->\n<title>T-s\u00e4rgipood - Disaini oma T-s\u00e4rk | Enda disainiga t-s\u00e4rk<\/title>\n<meta name=\"description\" content=\"Disaini ise oma \u00e4ge laste T-s\u00e4rk! Vali pilt, lisa tekst ja kanna uhkusega. Pehme, vastupidav ja just sinu moodi s\u00e4rk! See on lihtne.\" \/>\n<meta name=\"robots\" content=\"index, follow, max-snippet:-1, max-image-preview:large, max-video-preview:-1\" \/>\n<link rel=\"canonical\" href=\"https:\/\/tsargipood.ee\/en\/product\/premium-laste-t-sark\/\" \/>\n<meta property=\"og:locale\" content=\"en_GB\" \/>\n<meta property=\"og:type\" content=\"article\" \/>\n<meta property=\"og:title\" content=\"T-s\u00e4rgipood - Disaini oma T-s\u00e4rk | Enda disainiga t-s\u00e4rk\" \/>\n<meta property=\"og:description\" content=\"Disaini ise oma \u00e4ge laste T-s\u00e4rk! Vali pilt, lisa tekst ja kanna uhkusega. Pehme, vastupidav ja just sinu moodi s\u00e4rk! See on lihtne.\" \/>\n<meta property=\"og:url\" content=\"https:\/\/tsargipood.ee\/en\/product\/premium-laste-t-sark\/\" \/>\n<meta property=\"og:site_name\" content=\"T-s\u00e4rgipood - Disaini oma T-s\u00e4rk\" \/>\n<meta property=\"article:publisher\" content=\"https:\/\/www.facebook.com\/profile.php?id=100090772812912\" \/>\n<meta property=\"article:modified_time\" content=\"2026-02-06T11:55:08+00:00\" \/>\n<meta property=\"og:image\" content=\"https:\/\/tsargipood.ee\/wp-content\/uploads\/2025\/06\/laste-t-sark-premium.jpg\" \/>\n\t<meta property=\"og:image:width\" content=\"1440\" \/>\n\t<meta property=\"og:image:height\" content=\"1440\" \/>\n\t<meta property=\"og:image:type\" content=\"image\/jpeg\" \/>\n<meta name=\"twitter:card\" content=\"summary_large_image\" \/>\n<meta name=\"twitter:label1\" content=\"Estimated reading time\" \/>\n\t<meta name=\"twitter:data1\" content=\"3 minutes\" \/>\n<script type=\"application\/ld+json\" class=\"yoast-schema-graph\">{\"@context\":\"https:\\\/\\\/schema.org\",\"@graph\":[{\"@type\":\"WebPage\",\"@id\":\"https:\\\/\\\/tsargipood.ee\\\/product\\\/premium-laste-t-sark\\\/\",\"url\":\"https:\\\/\\\/tsargipood.ee\\\/product\\\/premium-laste-t-sark\\\/\",\"name\":\"T-s\u00e4rgipood - Disaini oma T-s\u00e4rk | Enda disainiga t-s\u00e4rk\",\"isPartOf\":{\"@id\":\"https:\\\/\\\/tsargipood.ee\\\/#website\"},\"primaryImageOfPage\":{\"@id\":\"https:\\\/\\\/tsargipood.ee\\\/product\\\/premium-laste-t-sark\\\/#primaryimage\"},\"image\":{\"@id\":\"https:\\\/\\\/tsargipood.ee\\\/product\\\/premium-laste-t-sark\\\/#primaryimage\"},\"thumbnailUrl\":\"https:\\\/\\\/tsargipood.ee\\\/wp-content\\\/uploads\\\/2025\\\/06\\\/laste-t-sark-premium.jpg\",\"datePublished\":\"2025-06-30T10:52:46+00:00\",\"dateModified\":\"2026-02-06T11:55:08+00:00\",\"description\":\"Disaini ise oma \u00e4ge laste T-s\u00e4rk! Vali pilt, lisa tekst ja kanna uhkusega. Pehme, vastupidav ja just sinu moodi s\u00e4rk! See on lihtne.\",\"breadcrumb\":{\"@id\":\"https:\\\/\\\/tsargipood.ee\\\/product\\\/premium-laste-t-sark\\\/#breadcrumb\"},\"inLanguage\":\"en-GB\",\"potentialAction\":[{\"@type\":\"ReadAction\",\"target\":[\"https:\\\/\\\/tsargipood.ee\\\/product\\\/premium-laste-t-sark\\\/\"]}]},{\"@type\":\"ImageObject\",\"inLanguage\":\"en-GB\",\"@id\":\"https:\\\/\\\/tsargipood.ee\\\/product\\\/premium-laste-t-sark\\\/#primaryimage\",\"url\":\"https:\\\/\\\/tsargipood.ee\\\/wp-content\\\/uploads\\\/2025\\\/06\\\/laste-t-sark-premium.jpg\",\"contentUrl\":\"https:\\\/\\\/tsargipood.ee\\\/wp-content\\\/uploads\\\/2025\\\/06\\\/laste-t-sark-premium.jpg\",\"width\":1440,\"height\":1440,\"caption\":\"laste t-s\u00e4rk premium\"},{\"@type\":\"BreadcrumbList\",\"@id\":\"https:\\\/\\\/tsargipood.ee\\\/product\\\/premium-laste-t-sark\\\/#breadcrumb\",\"itemListElement\":[{\"@type\":\"ListItem\",\"position\":1,\"name\":\"Home\",\"item\":\"https:\\\/\\\/tsargipood.ee\\\/\"},{\"@type\":\"ListItem\",\"position\":2,\"name\":\"T-s\u00e4rgipood\",\"item\":\"https:\\\/\\\/tsargipood.ee\\\/\"},{\"@type\":\"ListItem\",\"position\":3,\"name\":\"Premium laste T-s\u00e4rk\"}]},{\"@type\":\"WebSite\",\"@id\":\"https:\\\/\\\/tsargipood.ee\\\/#website\",\"url\":\"https:\\\/\\\/tsargipood.ee\\\/\",\"name\":\"T-s\u00e4rgipood - Disaini oma T-s\u00e4rk\",\"description\":\"Kujunda oma t-s\u00e4rk\",\"publisher\":{\"@id\":\"https:\\\/\\\/tsargipood.ee\\\/#organization\"},\"alternateName\":\"T-s\u00e4rgipood\",\"potentialAction\":[{\"@type\":\"SearchAction\",\"target\":{\"@type\":\"EntryPoint\",\"urlTemplate\":\"https:\\\/\\\/tsargipood.ee\\\/?s={search_term_string}\"},\"query-input\":{\"@type\":\"PropertyValueSpecification\",\"valueRequired\":true,\"valueName\":\"search_term_string\"}}],\"inLanguage\":\"en-GB\"},{\"@type\":\"Organization\",\"@id\":\"https:\\\/\\\/tsargipood.ee\\\/#organization\",\"name\":\"T-S\u00e4rgipood\",\"alternateName\":\"Disaini oma t-s\u00e4rk\",\"url\":\"https:\\\/\\\/tsargipood.ee\\\/\",\"logo\":{\"@type\":\"ImageObject\",\"inLanguage\":\"en-GB\",\"@id\":\"https:\\\/\\\/tsargipood.ee\\\/#\\\/schema\\\/logo\\\/image\\\/\",\"url\":\"https:\\\/\\\/tsargipood.ee\\\/wp-content\\\/uploads\\\/2023\\\/06\\\/T-sargipood-logo-1.png\",\"contentUrl\":\"https:\\\/\\\/tsargipood.ee\\\/wp-content\\\/uploads\\\/2023\\\/06\\\/T-sargipood-logo-1.png\",\"width\":540,\"height\":540,\"caption\":\"T-S\u00e4rgipood\"},\"image\":{\"@id\":\"https:\\\/\\\/tsargipood.ee\\\/#\\\/schema\\\/logo\\\/image\\\/\"},\"sameAs\":[\"https:\\\/\\\/www.facebook.com\\\/profile.php?id=100090772812912\",\"https:\\\/\\\/www.instagram.com\\\/tsargipood\\\/\"]}]}<\/script>\n<!-- \/ Yoast SEO plugin. -->","yoast_head_json":{"title":"T-s\u00e4rgipood - Disaini oma T-s\u00e4rk | Enda disainiga t-s\u00e4rk","description":"Disaini ise oma \u00e4ge laste T-s\u00e4rk! Vali pilt, lisa tekst ja kanna uhkusega. Pehme, vastupidav ja just sinu moodi s\u00e4rk! See on lihtne.","robots":{"index":"index","follow":"follow","max-snippet":"max-snippet:-1","max-image-preview":"max-image-preview:large","max-video-preview":"max-video-preview:-1"},"canonical":"https:\/\/tsargipood.ee\/en\/product\/premium-laste-t-sark\/","og_locale":"en_GB","og_type":"article","og_title":"T-s\u00e4rgipood - Disaini oma T-s\u00e4rk | Enda disainiga t-s\u00e4rk","og_description":"Disaini ise oma \u00e4ge laste T-s\u00e4rk! Vali pilt, lisa tekst ja kanna uhkusega. Pehme, vastupidav ja just sinu moodi s\u00e4rk! See on lihtne.","og_url":"https:\/\/tsargipood.ee\/en\/product\/premium-laste-t-sark\/","og_site_name":"T-s\u00e4rgipood - Disaini oma T-s\u00e4rk","article_publisher":"https:\/\/www.facebook.com\/profile.php?id=100090772812912","article_modified_time":"2026-02-06T11:55:08+00:00","og_image":[{"width":1440,"height":1440,"url":"https:\/\/tsargipood.ee\/wp-content\/uploads\/2025\/06\/laste-t-sark-premium.jpg","type":"image\/jpeg"}],"twitter_card":"summary_large_image","twitter_misc":{"Estimated reading time":"3 minutes"},"schema":{"@context":"https:\/\/schema.org","@graph":[{"@type":"WebPage","@id":"https:\/\/tsargipood.ee\/product\/premium-laste-t-sark\/","url":"https:\/\/tsargipood.ee\/product\/premium-laste-t-sark\/","name":"T-s\u00e4rgipood - Disaini oma T-s\u00e4rk | Enda disainiga t-s\u00e4rk","isPartOf":{"@id":"https:\/\/tsargipood.ee\/#website"},"primaryImageOfPage":{"@id":"https:\/\/tsargipood.ee\/product\/premium-laste-t-sark\/#primaryimage"},"image":{"@id":"https:\/\/tsargipood.ee\/product\/premium-laste-t-sark\/#primaryimage"},"thumbnailUrl":"https:\/\/tsargipood.ee\/wp-content\/uploads\/2025\/06\/laste-t-sark-premium.jpg","datePublished":"2025-06-30T10:52:46+00:00","dateModified":"2026-02-06T11:55:08+00:00","description":"Disaini ise oma \u00e4ge laste T-s\u00e4rk! Vali pilt, lisa tekst ja kanna uhkusega. Pehme, vastupidav ja just sinu moodi s\u00e4rk! See on lihtne.","breadcrumb":{"@id":"https:\/\/tsargipood.ee\/product\/premium-laste-t-sark\/#breadcrumb"},"inLanguage":"en-GB","potentialAction":[{"@type":"ReadAction","target":["https:\/\/tsargipood.ee\/product\/premium-laste-t-sark\/"]}]},{"@type":"ImageObject","inLanguage":"en-GB","@id":"https:\/\/tsargipood.ee\/product\/premium-laste-t-sark\/#primaryimage","url":"https:\/\/tsargipood.ee\/wp-content\/uploads\/2025\/06\/laste-t-sark-premium.jpg","contentUrl":"https:\/\/tsargipood.ee\/wp-content\/uploads\/2025\/06\/laste-t-sark-premium.jpg","width":1440,"height":1440,"caption":"laste t-s\u00e4rk premium"},{"@type":"BreadcrumbList","@id":"https:\/\/tsargipood.ee\/product\/premium-laste-t-sark\/#breadcrumb","itemListElement":[{"@type":"ListItem","position":1,"name":"Home","item":"https:\/\/tsargipood.ee\/"},{"@type":"ListItem","position":2,"name":"T-s\u00e4rgipood","item":"https:\/\/tsargipood.ee\/"},{"@type":"ListItem","position":3,"name":"Premium laste T-s\u00e4rk"}]},{"@type":"WebSite","@id":"https:\/\/tsargipood.ee\/#website","url":"https:\/\/tsargipood.ee\/","name":"T-shirt shop - Design your own T-shirt","description":"Design your own t-shirt","publisher":{"@id":"https:\/\/tsargipood.ee\/#organization"},"alternateName":"T-s\u00e4rgipood","potentialAction":[{"@type":"SearchAction","target":{"@type":"EntryPoint","urlTemplate":"https:\/\/tsargipood.ee\/?s={search_term_string}"},"query-input":{"@type":"PropertyValueSpecification","valueRequired":true,"valueName":"search_term_string"}}],"inLanguage":"en-GB"},{"@type":"Organization","@id":"https:\/\/tsargipood.ee\/#organization","name":"T-S\u00e4rgipood","alternateName":"Disaini oma t-s\u00e4rk","url":"https:\/\/tsargipood.ee\/","logo":{"@type":"ImageObject","inLanguage":"en-GB","@id":"https:\/\/tsargipood.ee\/#\/schema\/logo\/image\/","url":"https:\/\/tsargipood.ee\/wp-content\/uploads\/2023\/06\/T-sargipood-logo-1.png","contentUrl":"https:\/\/tsargipood.ee\/wp-content\/uploads\/2023\/06\/T-sargipood-logo-1.png","width":540,"height":540,"caption":"T-S\u00e4rgipood"},"image":{"@id":"https:\/\/tsargipood.ee\/#\/schema\/logo\/image\/"},"sameAs":["https:\/\/www.facebook.com\/profile.php?id=100090772812912","https:\/\/www.instagram.com\/tsargipood\/"]}]}},"_links":{"self":[{"href":"https:\/\/tsargipood.ee\/en\/wp-json\/wp\/v2\/product\/16497","targetHints":{"allow":["GET"]}}],"collection":[{"href":"https:\/\/tsargipood.ee\/en\/wp-json\/wp\/v2\/product"}],"about":[{"href":"https:\/\/tsargipood.ee\/en\/wp-json\/wp\/v2\/types\/product"}],"replies":[{"embeddable":true,"href":"https:\/\/tsargipood.ee\/en\/wp-json\/wp\/v2\/comments?post=16497"}],"version-history":[{"count":0,"href":"https:\/\/tsargipood.ee\/en\/wp-json\/wp\/v2\/product\/16497\/revisions"}],"wp:featuredmedia":[{"embeddable":true,"href":"https:\/\/tsargipood.ee\/en\/wp-json\/wp\/v2\/media\/16543"}],"wp:attachment":[{"href":"https:\/\/tsargipood.ee\/en\/wp-json\/wp\/v2\/media?parent=16497"}],"wp:term":[{"taxonomy":"product_brand","embeddable":true,"href":"https:\/\/tsargipood.ee\/en\/wp-json\/wp\/v2\/product_brand?post=16497"},{"taxonomy":"product_cat","embeddable":true,"href":"https:\/\/tsargipood.ee\/en\/wp-json\/wp\/v2\/product_cat?post=16497"},{"taxonomy":"product_tag","embeddable":true,"href":"https:\/\/tsargipood.ee\/en\/wp-json\/wp\/v2\/product_tag?post=16497"}],"curies":[{"name":"wp","href":"https:\/\/api.w.org\/{rel}","templated":true}]}}