{"id":16833,"date":"2025-07-02T09:40:08","date_gmt":"2025-07-02T09:40:08","guid":{"rendered":"https:\/\/tsargipood.ee\/?post_type=product&#038;p=16833"},"modified":"2026-01-29T07:48:36","modified_gmt":"2026-01-29T07:48:36","slug":"disaini-ise-laste-pusa","status":"publish","type":"product","link":"https:\/\/tsargipood.ee\/en\/product\/disaini-ise-laste-pusa\/","title":{"rendered":"Disaini ise laste pusa"},"content":{"rendered":"<p class=\"p1\"><b>Disaini ise laste pusa \u2013 just nii nagu sina soovid!<\/b><b><\/b><\/p>\n<p class=\"p2\">Siin saab iga laps olla oma r\u00f5ivaste disainer! Vali lemmikv\u00e4rv, lisa l\u00f5bus pilt v\u00f5i vahva tekst, ja disaini pusa, mis on t\u00e4pselt sinu n\u00e4gu. Ilma kapuutsita, pehme ja m\u00f5nus \u2013 ideaalne m\u00e4ngimiseks, kooli minemiseks v\u00f5i lihtsalt olemiseks. Tee loovusest m\u00e4ng ja loo ise oma unistuste pusa!<\/p>","protected":false},"excerpt":{"rendered":"<h3><b>Kirjeldus<\/b><\/h3>\n<p class=\"p3\">\ud83d\udc55 <span class=\"s2\"><b>Mugavad varrukad<\/b><\/span> \u2013 \u00f5mmeldud h\u00e4sti istuma ja mugavad m\u00e4ngimiseks!<\/p>\n<p class=\"p4\"><span class=\"s3\">\ud83e\udde5 <\/span><b>Soonik kaeluses, varruka- ja all\u00e4\u00e4rtes<\/b><span class=\"s3\"> \u2013 pusa p\u00fcsib h\u00e4sti vormis<\/span><\/p>\n<p class=\"p3\">\ud83c\udf80 <span class=\"s2\"><b>Kaela tagaosas pehme kangast tugevdus<\/b><\/span> \u2013 teeb pusa tugevamaks ja m\u00f5nusamaks<\/p>\n<p class=\"p3\">\ud83e\uddf5 <span class=\"s2\"><b>Tugevad ja korrektsed \u00f5mblused<\/b><\/span> \u2013 k\u00f5ik peab ilusti koos p\u00fcsima<\/p>\n<h3><b>Koostis<\/b><\/h3>\n<p class=\"p3\">\ud83c\udf3f Pealiskangas: harjatud, 100% orgaaniline kammitud puuvill (paneelpestud) \u2013 eriti pehme ja kvaliteetne!<\/p>\n<h3><b>Hooldusjuhised<\/b><\/h3>\n<p class=\"p3\">\ud83e\uddfc Pese sarnaste v\u00e4rvidega koos<\/p>\n<p class=\"p3\">\ud83d\udd25 \u00c4ra triigi tr\u00fckki peal<\/p>\n<p class=\"p3\">\ud83d\udd04 Pese ja triigi alati s\u00e4rk tagurpidi keeratult<\/p>\n<p><img decoding=\"async\" class=\"w-8 h-8 shrink-0\" title=\"Washing - 30\u00b0\" src=\"https:\/\/stanleystella.com\/media\/amasty\/shopby\/option_images\/slider\/was_30.png\" alt=\"Washing - 30\u00b0\" width=\"32\" height=\"32\" \/><img decoding=\"async\" class=\"w-8 h-8 shrink-0\" title=\"Bleaching - No\" src=\"https:\/\/stanleystella.com\/media\/amasty\/shopby\/option_images\/slider\/ble_not.png\" alt=\"Bleaching - No\" width=\"32\" height=\"32\" \/><img decoding=\"async\" class=\"w-8 h-8 shrink-0\" title=\"Drying - Tumble Dry No\" src=\"https:\/\/stanleystella.com\/media\/amasty\/shopby\/option_images\/slider\/dry_not.png\" alt=\"Drying - Tumble Dry No\" width=\"32\" height=\"32\" \/><img loading=\"lazy\" decoding=\"async\" class=\"w-8 h-8 shrink-0\" title=\"Ironing - 110\u00b0\" src=\"https:\/\/stanleystella.com\/media\/amasty\/shopby\/option_images\/slider\/iro_max_110.png\" alt=\"Ironing - 110\u00b0\" width=\"32\" height=\"32\" \/><img loading=\"lazy\" decoding=\"async\" class=\"w-8 h-8 shrink-0\" title=\"Cleaning - No\" src=\"https:\/\/stanleystella.com\/media\/amasty\/shopby\/option_images\/slider\/EU-Symbol_DryCleaning.svg\" alt=\"Cleaning - No\" width=\"32\" height=\"32\" \/><\/p>","protected":false},"featured_media":16834,"comment_status":"open","ping_status":"closed","template":"","meta":{"googlesitekit_rrm_CAow0ZS_DA:productID":""},"product_brand":[514],"product_cat":[217,525],"product_tag":[529,253],"class_list":{"0":"post-16833","1":"product","2":"type-product","3":"status-publish","4":"has-post-thumbnail","6":"product_brand-stanley-stella","7":"product_cat-disainitavad-tooted","8":"product_cat-laste-pusad","9":"product_tag-laste-pusa","10":"product_tag-nimepusa","11":"fpd-variation-needed","13":"first","14":"instock","15":"taxable","16":"shipping-taxable","17":"purchasable","18":"product-type-variable"},"yoast_head":"<!-- This site is optimized with the Yoast SEO plugin v27.5 - https:\/\/yoast.com\/product\/yoast-seo-wordpress\/ -->\n<title>Disaini ise laste pusa | T-s\u00e4rgipood - Disaini oma T-s\u00e4rk<\/title>\n<meta name=\"description\" content=\"disaini ise laste pusa, ilma kapuutsita pusa, laste pusa tr\u00fckiga, mugav pusa lastele, personaalne laste pusa, pusade disainimine\" \/>\n<meta name=\"robots\" content=\"index, follow, max-snippet:-1, max-image-preview:large, max-video-preview:-1\" \/>\n<link rel=\"canonical\" href=\"https:\/\/tsargipood.ee\/en\/product\/disaini-ise-laste-pusa\/\" \/>\n<meta property=\"og:locale\" content=\"en_GB\" \/>\n<meta property=\"og:type\" content=\"article\" \/>\n<meta property=\"og:title\" content=\"Disaini ise laste pusa | T-s\u00e4rgipood - Disaini oma T-s\u00e4rk\" \/>\n<meta property=\"og:description\" content=\"disaini ise laste pusa, ilma kapuutsita pusa, laste pusa tr\u00fckiga, mugav pusa lastele, personaalne laste pusa, pusade disainimine\" \/>\n<meta property=\"og:url\" content=\"https:\/\/tsargipood.ee\/en\/product\/disaini-ise-laste-pusa\/\" \/>\n<meta property=\"og:site_name\" content=\"T-s\u00e4rgipood - Disaini oma T-s\u00e4rk\" \/>\n<meta property=\"article:publisher\" content=\"https:\/\/www.facebook.com\/profile.php?id=100090772812912\" \/>\n<meta property=\"article:modified_time\" content=\"2026-01-29T07:48:36+00:00\" \/>\n<meta property=\"og:image\" content=\"https:\/\/tsargipood.ee\/wp-content\/uploads\/2025\/07\/Laste-nimepusa-scaled.jpg\" \/>\n\t<meta property=\"og:image:width\" content=\"2560\" \/>\n\t<meta property=\"og:image:height\" content=\"2560\" \/>\n\t<meta property=\"og:image:type\" content=\"image\/jpeg\" \/>\n<meta name=\"twitter:card\" content=\"summary_large_image\" \/>\n<meta name=\"twitter:label1\" content=\"Estimated reading time\" \/>\n\t<meta name=\"twitter:data1\" content=\"1 minute\" \/>\n<script type=\"application\/ld+json\" class=\"yoast-schema-graph\">{\"@context\":\"https:\\\/\\\/schema.org\",\"@graph\":[{\"@type\":\"WebPage\",\"@id\":\"https:\\\/\\\/tsargipood.ee\\\/product\\\/disaini-ise-laste-pusa\\\/\",\"url\":\"https:\\\/\\\/tsargipood.ee\\\/product\\\/disaini-ise-laste-pusa\\\/\",\"name\":\"Disaini ise laste pusa | T-s\u00e4rgipood - Disaini oma T-s\u00e4rk\",\"isPartOf\":{\"@id\":\"https:\\\/\\\/tsargipood.ee\\\/#website\"},\"primaryImageOfPage\":{\"@id\":\"https:\\\/\\\/tsargipood.ee\\\/product\\\/disaini-ise-laste-pusa\\\/#primaryimage\"},\"image\":{\"@id\":\"https:\\\/\\\/tsargipood.ee\\\/product\\\/disaini-ise-laste-pusa\\\/#primaryimage\"},\"thumbnailUrl\":\"https:\\\/\\\/tsargipood.ee\\\/wp-content\\\/uploads\\\/2025\\\/07\\\/Laste-nimepusa-scaled.jpg\",\"datePublished\":\"2025-07-02T09:40:08+00:00\",\"dateModified\":\"2026-01-29T07:48:36+00:00\",\"description\":\"disaini ise laste pusa, ilma kapuutsita pusa, laste pusa tr\u00fckiga, mugav pusa lastele, personaalne laste pusa, pusade disainimine\",\"breadcrumb\":{\"@id\":\"https:\\\/\\\/tsargipood.ee\\\/product\\\/disaini-ise-laste-pusa\\\/#breadcrumb\"},\"inLanguage\":\"en-GB\",\"potentialAction\":[{\"@type\":\"ReadAction\",\"target\":[\"https:\\\/\\\/tsargipood.ee\\\/product\\\/disaini-ise-laste-pusa\\\/\"]}]},{\"@type\":\"ImageObject\",\"inLanguage\":\"en-GB\",\"@id\":\"https:\\\/\\\/tsargipood.ee\\\/product\\\/disaini-ise-laste-pusa\\\/#primaryimage\",\"url\":\"https:\\\/\\\/tsargipood.ee\\\/wp-content\\\/uploads\\\/2025\\\/07\\\/Laste-nimepusa-scaled.jpg\",\"contentUrl\":\"https:\\\/\\\/tsargipood.ee\\\/wp-content\\\/uploads\\\/2025\\\/07\\\/Laste-nimepusa-scaled.jpg\",\"width\":2560,\"height\":2560,\"caption\":\"Laste nimepusa\"},{\"@type\":\"BreadcrumbList\",\"@id\":\"https:\\\/\\\/tsargipood.ee\\\/product\\\/disaini-ise-laste-pusa\\\/#breadcrumb\",\"itemListElement\":[{\"@type\":\"ListItem\",\"position\":1,\"name\":\"Home\",\"item\":\"https:\\\/\\\/tsargipood.ee\\\/\"},{\"@type\":\"ListItem\",\"position\":2,\"name\":\"T-s\u00e4rgipood\",\"item\":\"https:\\\/\\\/tsargipood.ee\\\/\"},{\"@type\":\"ListItem\",\"position\":3,\"name\":\"Disaini ise laste pusa\"}]},{\"@type\":\"WebSite\",\"@id\":\"https:\\\/\\\/tsargipood.ee\\\/#website\",\"url\":\"https:\\\/\\\/tsargipood.ee\\\/\",\"name\":\"T-s\u00e4rgipood - Disaini oma T-s\u00e4rk\",\"description\":\"Kujunda oma t-s\u00e4rk\",\"publisher\":{\"@id\":\"https:\\\/\\\/tsargipood.ee\\\/#organization\"},\"alternateName\":\"T-s\u00e4rgipood\",\"potentialAction\":[{\"@type\":\"SearchAction\",\"target\":{\"@type\":\"EntryPoint\",\"urlTemplate\":\"https:\\\/\\\/tsargipood.ee\\\/?s={search_term_string}\"},\"query-input\":{\"@type\":\"PropertyValueSpecification\",\"valueRequired\":true,\"valueName\":\"search_term_string\"}}],\"inLanguage\":\"en-GB\"},{\"@type\":\"Organization\",\"@id\":\"https:\\\/\\\/tsargipood.ee\\\/#organization\",\"name\":\"T-S\u00e4rgipood\",\"alternateName\":\"Disaini oma t-s\u00e4rk\",\"url\":\"https:\\\/\\\/tsargipood.ee\\\/\",\"logo\":{\"@type\":\"ImageObject\",\"inLanguage\":\"en-GB\",\"@id\":\"https:\\\/\\\/tsargipood.ee\\\/#\\\/schema\\\/logo\\\/image\\\/\",\"url\":\"https:\\\/\\\/tsargipood.ee\\\/wp-content\\\/uploads\\\/2023\\\/06\\\/T-sargipood-logo-1.png\",\"contentUrl\":\"https:\\\/\\\/tsargipood.ee\\\/wp-content\\\/uploads\\\/2023\\\/06\\\/T-sargipood-logo-1.png\",\"width\":540,\"height\":540,\"caption\":\"T-S\u00e4rgipood\"},\"image\":{\"@id\":\"https:\\\/\\\/tsargipood.ee\\\/#\\\/schema\\\/logo\\\/image\\\/\"},\"sameAs\":[\"https:\\\/\\\/www.facebook.com\\\/profile.php?id=100090772812912\",\"https:\\\/\\\/www.instagram.com\\\/tsargipood\\\/\"]}]}<\/script>\n<!-- \/ Yoast SEO plugin. -->","yoast_head_json":{"title":"Disaini ise laste pusa | T-s\u00e4rgipood - Disaini oma T-s\u00e4rk","description":"disaini ise laste pusa, ilma kapuutsita pusa, laste pusa tr\u00fckiga, mugav pusa lastele, personaalne laste pusa, pusade disainimine","robots":{"index":"index","follow":"follow","max-snippet":"max-snippet:-1","max-image-preview":"max-image-preview:large","max-video-preview":"max-video-preview:-1"},"canonical":"https:\/\/tsargipood.ee\/en\/product\/disaini-ise-laste-pusa\/","og_locale":"en_GB","og_type":"article","og_title":"Disaini ise laste pusa | T-s\u00e4rgipood - Disaini oma T-s\u00e4rk","og_description":"disaini ise laste pusa, ilma kapuutsita pusa, laste pusa tr\u00fckiga, mugav pusa lastele, personaalne laste pusa, pusade disainimine","og_url":"https:\/\/tsargipood.ee\/en\/product\/disaini-ise-laste-pusa\/","og_site_name":"T-s\u00e4rgipood - Disaini oma T-s\u00e4rk","article_publisher":"https:\/\/www.facebook.com\/profile.php?id=100090772812912","article_modified_time":"2026-01-29T07:48:36+00:00","og_image":[{"width":2560,"height":2560,"url":"https:\/\/tsargipood.ee\/wp-content\/uploads\/2025\/07\/Laste-nimepusa-scaled.jpg","type":"image\/jpeg"}],"twitter_card":"summary_large_image","twitter_misc":{"Estimated reading time":"1 minute"},"schema":{"@context":"https:\/\/schema.org","@graph":[{"@type":"WebPage","@id":"https:\/\/tsargipood.ee\/product\/disaini-ise-laste-pusa\/","url":"https:\/\/tsargipood.ee\/product\/disaini-ise-laste-pusa\/","name":"Disaini ise laste pusa | T-s\u00e4rgipood - Disaini oma T-s\u00e4rk","isPartOf":{"@id":"https:\/\/tsargipood.ee\/#website"},"primaryImageOfPage":{"@id":"https:\/\/tsargipood.ee\/product\/disaini-ise-laste-pusa\/#primaryimage"},"image":{"@id":"https:\/\/tsargipood.ee\/product\/disaini-ise-laste-pusa\/#primaryimage"},"thumbnailUrl":"https:\/\/tsargipood.ee\/wp-content\/uploads\/2025\/07\/Laste-nimepusa-scaled.jpg","datePublished":"2025-07-02T09:40:08+00:00","dateModified":"2026-01-29T07:48:36+00:00","description":"disaini ise laste pusa, ilma kapuutsita pusa, laste pusa tr\u00fckiga, mugav pusa lastele, personaalne laste pusa, pusade disainimine","breadcrumb":{"@id":"https:\/\/tsargipood.ee\/product\/disaini-ise-laste-pusa\/#breadcrumb"},"inLanguage":"en-GB","potentialAction":[{"@type":"ReadAction","target":["https:\/\/tsargipood.ee\/product\/disaini-ise-laste-pusa\/"]}]},{"@type":"ImageObject","inLanguage":"en-GB","@id":"https:\/\/tsargipood.ee\/product\/disaini-ise-laste-pusa\/#primaryimage","url":"https:\/\/tsargipood.ee\/wp-content\/uploads\/2025\/07\/Laste-nimepusa-scaled.jpg","contentUrl":"https:\/\/tsargipood.ee\/wp-content\/uploads\/2025\/07\/Laste-nimepusa-scaled.jpg","width":2560,"height":2560,"caption":"Laste nimepusa"},{"@type":"BreadcrumbList","@id":"https:\/\/tsargipood.ee\/product\/disaini-ise-laste-pusa\/#breadcrumb","itemListElement":[{"@type":"ListItem","position":1,"name":"Home","item":"https:\/\/tsargipood.ee\/"},{"@type":"ListItem","position":2,"name":"T-s\u00e4rgipood","item":"https:\/\/tsargipood.ee\/"},{"@type":"ListItem","position":3,"name":"Disaini ise laste pusa"}]},{"@type":"WebSite","@id":"https:\/\/tsargipood.ee\/#website","url":"https:\/\/tsargipood.ee\/","name":"T-shirt shop - Design your own T-shirt","description":"Design your own t-shirt","publisher":{"@id":"https:\/\/tsargipood.ee\/#organization"},"alternateName":"T-s\u00e4rgipood","potentialAction":[{"@type":"SearchAction","target":{"@type":"EntryPoint","urlTemplate":"https:\/\/tsargipood.ee\/?s={search_term_string}"},"query-input":{"@type":"PropertyValueSpecification","valueRequired":true,"valueName":"search_term_string"}}],"inLanguage":"en-GB"},{"@type":"Organization","@id":"https:\/\/tsargipood.ee\/#organization","name":"T-S\u00e4rgipood","alternateName":"Disaini oma t-s\u00e4rk","url":"https:\/\/tsargipood.ee\/","logo":{"@type":"ImageObject","inLanguage":"en-GB","@id":"https:\/\/tsargipood.ee\/#\/schema\/logo\/image\/","url":"https:\/\/tsargipood.ee\/wp-content\/uploads\/2023\/06\/T-sargipood-logo-1.png","contentUrl":"https:\/\/tsargipood.ee\/wp-content\/uploads\/2023\/06\/T-sargipood-logo-1.png","width":540,"height":540,"caption":"T-S\u00e4rgipood"},"image":{"@id":"https:\/\/tsargipood.ee\/#\/schema\/logo\/image\/"},"sameAs":["https:\/\/www.facebook.com\/profile.php?id=100090772812912","https:\/\/www.instagram.com\/tsargipood\/"]}]}},"_links":{"self":[{"href":"https:\/\/tsargipood.ee\/en\/wp-json\/wp\/v2\/product\/16833","targetHints":{"allow":["GET"]}}],"collection":[{"href":"https:\/\/tsargipood.ee\/en\/wp-json\/wp\/v2\/product"}],"about":[{"href":"https:\/\/tsargipood.ee\/en\/wp-json\/wp\/v2\/types\/product"}],"replies":[{"embeddable":true,"href":"https:\/\/tsargipood.ee\/en\/wp-json\/wp\/v2\/comments?post=16833"}],"version-history":[{"count":0,"href":"https:\/\/tsargipood.ee\/en\/wp-json\/wp\/v2\/product\/16833\/revisions"}],"wp:featuredmedia":[{"embeddable":true,"href":"https:\/\/tsargipood.ee\/en\/wp-json\/wp\/v2\/media\/16834"}],"wp:attachment":[{"href":"https:\/\/tsargipood.ee\/en\/wp-json\/wp\/v2\/media?parent=16833"}],"wp:term":[{"taxonomy":"product_brand","embeddable":true,"href":"https:\/\/tsargipood.ee\/en\/wp-json\/wp\/v2\/product_brand?post=16833"},{"taxonomy":"product_cat","embeddable":true,"href":"https:\/\/tsargipood.ee\/en\/wp-json\/wp\/v2\/product_cat?post=16833"},{"taxonomy":"product_tag","embeddable":true,"href":"https:\/\/tsargipood.ee\/en\/wp-json\/wp\/v2\/product_tag?post=16833"}],"curies":[{"name":"wp","href":"https:\/\/api.w.org\/{rel}","templated":true}]}}