{"id":16964,"date":"2025-07-03T06:50:45","date_gmt":"2025-07-03T06:50:45","guid":{"rendered":"https:\/\/tsargipood.ee\/?post_type=product&#038;p=16964"},"modified":"2025-07-03T08:49:42","modified_gmt":"2025-07-03T08:49:42","slug":"angel-rose-crew-meeskonna-softshell-vest","status":"publish","type":"product","link":"https:\/\/tsargipood.ee\/en\/product\/angel-rose-crew-meeskonna-softshell-vest\/","title":{"rendered":"Angel Rose Crew \u2013 Meeskonna softshell-vest"},"content":{"rendered":"<p class=\"p1\">Funktsionaalne ja esinduslik softshell-vest, loodud spetsiaalselt <span class=\"s1\"><b>Angel Rose purjemeeskonnale<\/b><\/span>. Kolmekihiline <span class=\"s1\"><b>ID Tech\u00ae materjal<\/b><\/span> pakub usaldusv\u00e4\u00e4rset kaitset tuule ja kerge vihma eest, s\u00e4ilitades samas hea hingavuse ja liikumisvabaduse.<\/p>\n<p class=\"p1\">T\u00e4nu <span class=\"s1\"><b>venivale ja vastupidavale kangale<\/b><\/span> ning <span class=\"s1\"><b>kergelt vooderdatud v\u00f5rksisule<\/b><\/span> sobib see vest ideaalselt aktiivseks liikumiseks \u2013 nii vee peal kui kaldal. <span class=\"s1\"><b>K\u00f5rge krae<\/b><\/span> kaitseb tuule eest, <span class=\"s1\"><b>elastne all\u00e4\u00e4r ja varrukaavad<\/b><\/span> tagavad t\u00e4pse istuvuse. Suured <span class=\"s1\"><b>k\u00fcljetaskud<\/b><\/span> on praktilised ja mahukad.<\/p>","protected":false},"excerpt":{"rendered":"<p><strong>Pese hoolikalt<\/strong><\/p>\n<p>Enne pesemist kontrolli alati hooldussilti ja j\u00e4rgi seal toodud juhiseid. \u00d5ige pesu, kuivatamise ja hooldusega saad oma riiete eluiga m\u00e4rkimisv\u00e4\u00e4rselt pikendada.<\/p>\n<div><strong>Tehniline info<\/strong><\/div>\n<div><\/div>\n<div>\u2022Koostis: 100% pol\u00fcester<\/div>\n<div>\u2022Kanga kaal: 290 g\/m\u00b2<\/div>\n<div>\u2022Istuvus: Regular (tavaline l\u00f5ige)<\/div>\n<div>\u2022Suurused: S, M, L, XL, 2XL, 3XL<\/div>\n<div>\u2022Br\u00e4ndikood: ID\u00ae<\/div>\n<div><\/div>\n<div>K\u00f5ik materjalid:<\/div>\n<div>\u2022Pealiskangas (Shell): 100% pol\u00fcester<\/div>\n<div>\u2022Teine pealiskangas (Shell 2): 100% pol\u00fcester<\/div>\n<div>\u2022Taskute vooder: 100% pol\u00fcester<\/div>","protected":false},"featured_media":16965,"comment_status":"open","ping_status":"closed","template":"","meta":{"googlesitekit_rrm_CAow0ZS_DA:productID":""},"product_brand":[],"product_cat":[517],"product_tag":[],"class_list":{"0":"post-16964","1":"product","2":"type-product","3":"status-publish","4":"has-post-thumbnail","6":"product_cat-angel-rose","7":"fpd-variation-needed","8":"wcpa_has_options","10":"first","11":"instock","12":"taxable","13":"shipping-taxable","14":"purchasable","15":"product-type-variable"},"yoast_head":"<!-- This site is optimized with the Yoast SEO plugin v27.5 - https:\/\/yoast.com\/product\/yoast-seo-wordpress\/ -->\n<title>Angel Rose Crew \u2013 Meeskonna softshell-vest | T-s\u00e4rgipood - Disaini oma T-s\u00e4rk<\/title>\n<meta name=\"description\" content=\"Angel Rose meeskonna softshell-vest \u2013 tuulekindel, hingav ja stiilne. Kolmekihiline ID Tech\u00ae kangas, ideaalne purjetamiseks ja meeskonnale tr\u00fckiks.\" \/>\n<meta name=\"robots\" content=\"index, follow, max-snippet:-1, max-image-preview:large, max-video-preview:-1\" \/>\n<link rel=\"canonical\" href=\"https:\/\/tsargipood.ee\/en\/product\/angel-rose-crew-meeskonna-softshell-vest\/\" \/>\n<meta property=\"og:locale\" content=\"en_GB\" \/>\n<meta property=\"og:type\" content=\"article\" \/>\n<meta property=\"og:title\" content=\"Angel Rose Crew \u2013 Meeskonna softshell-vest | T-s\u00e4rgipood - Disaini oma T-s\u00e4rk\" \/>\n<meta property=\"og:description\" content=\"Angel Rose meeskonna softshell-vest \u2013 tuulekindel, hingav ja stiilne. Kolmekihiline ID Tech\u00ae kangas, ideaalne purjetamiseks ja meeskonnale tr\u00fckiks.\" \/>\n<meta property=\"og:url\" content=\"https:\/\/tsargipood.ee\/en\/product\/angel-rose-crew-meeskonna-softshell-vest\/\" \/>\n<meta property=\"og:site_name\" content=\"T-s\u00e4rgipood - Disaini oma T-s\u00e4rk\" \/>\n<meta property=\"article:publisher\" content=\"https:\/\/www.facebook.com\/profile.php?id=100090772812912\" \/>\n<meta property=\"article:modified_time\" content=\"2025-07-03T08:49:42+00:00\" \/>\n<meta property=\"og:image\" content=\"https:\/\/tsargipood.ee\/wp-content\/uploads\/2025\/07\/vest_navy_eest_meeste.jpg\" \/>\n\t<meta property=\"og:image:width\" content=\"1772\" \/>\n\t<meta property=\"og:image:height\" content=\"1919\" \/>\n\t<meta property=\"og:image:type\" content=\"image\/jpeg\" \/>\n<meta name=\"twitter:card\" content=\"summary_large_image\" \/>\n<meta name=\"twitter:label1\" content=\"Estimated reading time\" \/>\n\t<meta name=\"twitter:data1\" content=\"1 minute\" \/>\n<script type=\"application\/ld+json\" class=\"yoast-schema-graph\">{\"@context\":\"https:\\\/\\\/schema.org\",\"@graph\":[{\"@type\":\"WebPage\",\"@id\":\"https:\\\/\\\/tsargipood.ee\\\/product\\\/angel-rose-crew-meeskonna-softshell-vest\\\/\",\"url\":\"https:\\\/\\\/tsargipood.ee\\\/product\\\/angel-rose-crew-meeskonna-softshell-vest\\\/\",\"name\":\"Angel Rose Crew \u2013 Meeskonna softshell-vest | T-s\u00e4rgipood - Disaini oma T-s\u00e4rk\",\"isPartOf\":{\"@id\":\"https:\\\/\\\/tsargipood.ee\\\/#website\"},\"primaryImageOfPage\":{\"@id\":\"https:\\\/\\\/tsargipood.ee\\\/product\\\/angel-rose-crew-meeskonna-softshell-vest\\\/#primaryimage\"},\"image\":{\"@id\":\"https:\\\/\\\/tsargipood.ee\\\/product\\\/angel-rose-crew-meeskonna-softshell-vest\\\/#primaryimage\"},\"thumbnailUrl\":\"https:\\\/\\\/tsargipood.ee\\\/wp-content\\\/uploads\\\/2025\\\/07\\\/vest_navy_eest_meeste.jpg\",\"datePublished\":\"2025-07-03T06:50:45+00:00\",\"dateModified\":\"2025-07-03T08:49:42+00:00\",\"description\":\"Angel Rose meeskonna softshell-vest \u2013 tuulekindel, hingav ja stiilne. Kolmekihiline ID Tech\u00ae kangas, ideaalne purjetamiseks ja meeskonnale tr\u00fckiks.\",\"breadcrumb\":{\"@id\":\"https:\\\/\\\/tsargipood.ee\\\/product\\\/angel-rose-crew-meeskonna-softshell-vest\\\/#breadcrumb\"},\"inLanguage\":\"en-GB\",\"potentialAction\":[{\"@type\":\"ReadAction\",\"target\":[\"https:\\\/\\\/tsargipood.ee\\\/product\\\/angel-rose-crew-meeskonna-softshell-vest\\\/\"]}]},{\"@type\":\"ImageObject\",\"inLanguage\":\"en-GB\",\"@id\":\"https:\\\/\\\/tsargipood.ee\\\/product\\\/angel-rose-crew-meeskonna-softshell-vest\\\/#primaryimage\",\"url\":\"https:\\\/\\\/tsargipood.ee\\\/wp-content\\\/uploads\\\/2025\\\/07\\\/vest_navy_eest_meeste.jpg\",\"contentUrl\":\"https:\\\/\\\/tsargipood.ee\\\/wp-content\\\/uploads\\\/2025\\\/07\\\/vest_navy_eest_meeste.jpg\",\"width\":1772,\"height\":1919,\"caption\":\"vest_navy_eest_meeste\"},{\"@type\":\"BreadcrumbList\",\"@id\":\"https:\\\/\\\/tsargipood.ee\\\/product\\\/angel-rose-crew-meeskonna-softshell-vest\\\/#breadcrumb\",\"itemListElement\":[{\"@type\":\"ListItem\",\"position\":1,\"name\":\"Home\",\"item\":\"https:\\\/\\\/tsargipood.ee\\\/\"},{\"@type\":\"ListItem\",\"position\":2,\"name\":\"T-s\u00e4rgipood\",\"item\":\"https:\\\/\\\/tsargipood.ee\\\/\"},{\"@type\":\"ListItem\",\"position\":3,\"name\":\"Angel Rose Crew \u2013 Meeskonna softshell-vest\"}]},{\"@type\":\"WebSite\",\"@id\":\"https:\\\/\\\/tsargipood.ee\\\/#website\",\"url\":\"https:\\\/\\\/tsargipood.ee\\\/\",\"name\":\"T-s\u00e4rgipood - Disaini oma T-s\u00e4rk\",\"description\":\"Kujunda oma t-s\u00e4rk\",\"publisher\":{\"@id\":\"https:\\\/\\\/tsargipood.ee\\\/#organization\"},\"alternateName\":\"T-s\u00e4rgipood\",\"potentialAction\":[{\"@type\":\"SearchAction\",\"target\":{\"@type\":\"EntryPoint\",\"urlTemplate\":\"https:\\\/\\\/tsargipood.ee\\\/?s={search_term_string}\"},\"query-input\":{\"@type\":\"PropertyValueSpecification\",\"valueRequired\":true,\"valueName\":\"search_term_string\"}}],\"inLanguage\":\"en-GB\"},{\"@type\":\"Organization\",\"@id\":\"https:\\\/\\\/tsargipood.ee\\\/#organization\",\"name\":\"T-S\u00e4rgipood\",\"alternateName\":\"Disaini oma t-s\u00e4rk\",\"url\":\"https:\\\/\\\/tsargipood.ee\\\/\",\"logo\":{\"@type\":\"ImageObject\",\"inLanguage\":\"en-GB\",\"@id\":\"https:\\\/\\\/tsargipood.ee\\\/#\\\/schema\\\/logo\\\/image\\\/\",\"url\":\"https:\\\/\\\/tsargipood.ee\\\/wp-content\\\/uploads\\\/2023\\\/06\\\/T-sargipood-logo-1.png\",\"contentUrl\":\"https:\\\/\\\/tsargipood.ee\\\/wp-content\\\/uploads\\\/2023\\\/06\\\/T-sargipood-logo-1.png\",\"width\":540,\"height\":540,\"caption\":\"T-S\u00e4rgipood\"},\"image\":{\"@id\":\"https:\\\/\\\/tsargipood.ee\\\/#\\\/schema\\\/logo\\\/image\\\/\"},\"sameAs\":[\"https:\\\/\\\/www.facebook.com\\\/profile.php?id=100090772812912\",\"https:\\\/\\\/www.instagram.com\\\/tsargipood\\\/\"]}]}<\/script>\n<!-- \/ Yoast SEO plugin. -->","yoast_head_json":{"title":"Angel Rose Crew \u2013 Meeskonna softshell-vest | T-s\u00e4rgipood - Disaini oma T-s\u00e4rk","description":"Angel Rose meeskonna softshell-vest \u2013 tuulekindel, hingav ja stiilne. Kolmekihiline ID Tech\u00ae kangas, ideaalne purjetamiseks ja meeskonnale tr\u00fckiks.","robots":{"index":"index","follow":"follow","max-snippet":"max-snippet:-1","max-image-preview":"max-image-preview:large","max-video-preview":"max-video-preview:-1"},"canonical":"https:\/\/tsargipood.ee\/en\/product\/angel-rose-crew-meeskonna-softshell-vest\/","og_locale":"en_GB","og_type":"article","og_title":"Angel Rose Crew \u2013 Meeskonna softshell-vest | T-s\u00e4rgipood - Disaini oma T-s\u00e4rk","og_description":"Angel Rose meeskonna softshell-vest \u2013 tuulekindel, hingav ja stiilne. Kolmekihiline ID Tech\u00ae kangas, ideaalne purjetamiseks ja meeskonnale tr\u00fckiks.","og_url":"https:\/\/tsargipood.ee\/en\/product\/angel-rose-crew-meeskonna-softshell-vest\/","og_site_name":"T-s\u00e4rgipood - Disaini oma T-s\u00e4rk","article_publisher":"https:\/\/www.facebook.com\/profile.php?id=100090772812912","article_modified_time":"2025-07-03T08:49:42+00:00","og_image":[{"width":1772,"height":1919,"url":"https:\/\/tsargipood.ee\/wp-content\/uploads\/2025\/07\/vest_navy_eest_meeste.jpg","type":"image\/jpeg"}],"twitter_card":"summary_large_image","twitter_misc":{"Estimated reading time":"1 minute"},"schema":{"@context":"https:\/\/schema.org","@graph":[{"@type":"WebPage","@id":"https:\/\/tsargipood.ee\/product\/angel-rose-crew-meeskonna-softshell-vest\/","url":"https:\/\/tsargipood.ee\/product\/angel-rose-crew-meeskonna-softshell-vest\/","name":"Angel Rose Crew \u2013 Meeskonna softshell-vest | T-s\u00e4rgipood - Disaini oma T-s\u00e4rk","isPartOf":{"@id":"https:\/\/tsargipood.ee\/#website"},"primaryImageOfPage":{"@id":"https:\/\/tsargipood.ee\/product\/angel-rose-crew-meeskonna-softshell-vest\/#primaryimage"},"image":{"@id":"https:\/\/tsargipood.ee\/product\/angel-rose-crew-meeskonna-softshell-vest\/#primaryimage"},"thumbnailUrl":"https:\/\/tsargipood.ee\/wp-content\/uploads\/2025\/07\/vest_navy_eest_meeste.jpg","datePublished":"2025-07-03T06:50:45+00:00","dateModified":"2025-07-03T08:49:42+00:00","description":"Angel Rose meeskonna softshell-vest \u2013 tuulekindel, hingav ja stiilne. Kolmekihiline ID Tech\u00ae kangas, ideaalne purjetamiseks ja meeskonnale tr\u00fckiks.","breadcrumb":{"@id":"https:\/\/tsargipood.ee\/product\/angel-rose-crew-meeskonna-softshell-vest\/#breadcrumb"},"inLanguage":"en-GB","potentialAction":[{"@type":"ReadAction","target":["https:\/\/tsargipood.ee\/product\/angel-rose-crew-meeskonna-softshell-vest\/"]}]},{"@type":"ImageObject","inLanguage":"en-GB","@id":"https:\/\/tsargipood.ee\/product\/angel-rose-crew-meeskonna-softshell-vest\/#primaryimage","url":"https:\/\/tsargipood.ee\/wp-content\/uploads\/2025\/07\/vest_navy_eest_meeste.jpg","contentUrl":"https:\/\/tsargipood.ee\/wp-content\/uploads\/2025\/07\/vest_navy_eest_meeste.jpg","width":1772,"height":1919,"caption":"vest_navy_eest_meeste"},{"@type":"BreadcrumbList","@id":"https:\/\/tsargipood.ee\/product\/angel-rose-crew-meeskonna-softshell-vest\/#breadcrumb","itemListElement":[{"@type":"ListItem","position":1,"name":"Home","item":"https:\/\/tsargipood.ee\/"},{"@type":"ListItem","position":2,"name":"T-s\u00e4rgipood","item":"https:\/\/tsargipood.ee\/"},{"@type":"ListItem","position":3,"name":"Angel Rose Crew \u2013 Meeskonna softshell-vest"}]},{"@type":"WebSite","@id":"https:\/\/tsargipood.ee\/#website","url":"https:\/\/tsargipood.ee\/","name":"T-shirt shop - Design your own T-shirt","description":"Design your own t-shirt","publisher":{"@id":"https:\/\/tsargipood.ee\/#organization"},"alternateName":"T-s\u00e4rgipood","potentialAction":[{"@type":"SearchAction","target":{"@type":"EntryPoint","urlTemplate":"https:\/\/tsargipood.ee\/?s={search_term_string}"},"query-input":{"@type":"PropertyValueSpecification","valueRequired":true,"valueName":"search_term_string"}}],"inLanguage":"en-GB"},{"@type":"Organization","@id":"https:\/\/tsargipood.ee\/#organization","name":"T-S\u00e4rgipood","alternateName":"Disaini oma t-s\u00e4rk","url":"https:\/\/tsargipood.ee\/","logo":{"@type":"ImageObject","inLanguage":"en-GB","@id":"https:\/\/tsargipood.ee\/#\/schema\/logo\/image\/","url":"https:\/\/tsargipood.ee\/wp-content\/uploads\/2023\/06\/T-sargipood-logo-1.png","contentUrl":"https:\/\/tsargipood.ee\/wp-content\/uploads\/2023\/06\/T-sargipood-logo-1.png","width":540,"height":540,"caption":"T-S\u00e4rgipood"},"image":{"@id":"https:\/\/tsargipood.ee\/#\/schema\/logo\/image\/"},"sameAs":["https:\/\/www.facebook.com\/profile.php?id=100090772812912","https:\/\/www.instagram.com\/tsargipood\/"]}]}},"_links":{"self":[{"href":"https:\/\/tsargipood.ee\/en\/wp-json\/wp\/v2\/product\/16964","targetHints":{"allow":["GET"]}}],"collection":[{"href":"https:\/\/tsargipood.ee\/en\/wp-json\/wp\/v2\/product"}],"about":[{"href":"https:\/\/tsargipood.ee\/en\/wp-json\/wp\/v2\/types\/product"}],"replies":[{"embeddable":true,"href":"https:\/\/tsargipood.ee\/en\/wp-json\/wp\/v2\/comments?post=16964"}],"version-history":[{"count":0,"href":"https:\/\/tsargipood.ee\/en\/wp-json\/wp\/v2\/product\/16964\/revisions"}],"wp:featuredmedia":[{"embeddable":true,"href":"https:\/\/tsargipood.ee\/en\/wp-json\/wp\/v2\/media\/16965"}],"wp:attachment":[{"href":"https:\/\/tsargipood.ee\/en\/wp-json\/wp\/v2\/media?parent=16964"}],"wp:term":[{"taxonomy":"product_brand","embeddable":true,"href":"https:\/\/tsargipood.ee\/en\/wp-json\/wp\/v2\/product_brand?post=16964"},{"taxonomy":"product_cat","embeddable":true,"href":"https:\/\/tsargipood.ee\/en\/wp-json\/wp\/v2\/product_cat?post=16964"},{"taxonomy":"product_tag","embeddable":true,"href":"https:\/\/tsargipood.ee\/en\/wp-json\/wp\/v2\/product_tag?post=16964"}],"curies":[{"name":"wp","href":"https:\/\/api.w.org\/{rel}","templated":true}]}}