{"id":17002,"date":"2025-07-03T08:31:25","date_gmt":"2025-07-03T08:31:25","guid":{"rendered":"https:\/\/tsargipood.ee\/?post_type=product&#038;p=17002"},"modified":"2025-07-03T08:33:42","modified_gmt":"2025-07-03T08:33:42","slug":"angel-rose-meeskonna-nokamuts","status":"publish","type":"product","link":"https:\/\/tsargipood.ee\/en\/product\/angel-rose-meeskonna-nokamuts\/","title":{"rendered":"Angel Rose meeskonna nokam\u00fcts"},"content":{"rendered":"<p class=\"p1\"><strong>Angel Rose meeskonna nokam\u00fcts \u2013 stiilne ja praktiline tiimim\u00fcts<\/strong><\/p>","protected":false},"excerpt":{"rendered":"<p>Angel Rose meeskonna nokam\u00fcts \u2013 stiilne ja praktiline tiimim\u00fcts<\/p>","protected":false},"featured_media":17003,"comment_status":"open","ping_status":"closed","template":"","meta":{"googlesitekit_rrm_CAow0ZS_DA:productID":""},"product_brand":[],"product_cat":[517],"product_tag":[],"class_list":{"0":"post-17002","1":"product","2":"type-product","3":"status-publish","4":"has-post-thumbnail","6":"product_cat-angel-rose","7":"fpd-variation-needed","9":"first","10":"instock","11":"taxable","12":"shipping-taxable","13":"purchasable","14":"product-type-simple"},"yoast_head":"<!-- This site is optimized with the Yoast SEO plugin v27.5 - https:\/\/yoast.com\/product\/yoast-seo-wordpress\/ -->\n<title>Angel Rose meeskonna nokam\u00fcts | T-s\u00e4rgipood - Disaini oma T-s\u00e4rk<\/title>\n<meta name=\"description\" content=\"Angel Rose meeskonna nokam\u00fcts \u2013 kerge, reguleeritav ja p\u00e4ikesekaitsega tiimim\u00fcts purjetamiseks ja igap\u00e4evaks. Stiilne ja praktiline tiimim\u00fcts\" \/>\n<meta name=\"robots\" content=\"index, follow, max-snippet:-1, max-image-preview:large, max-video-preview:-1\" \/>\n<link rel=\"canonical\" href=\"https:\/\/tsargipood.ee\/en\/product\/angel-rose-meeskonna-nokamuts\/\" \/>\n<meta property=\"og:locale\" content=\"en_GB\" \/>\n<meta property=\"og:type\" content=\"article\" \/>\n<meta property=\"og:title\" content=\"Angel Rose meeskonna nokam\u00fcts | T-s\u00e4rgipood - Disaini oma T-s\u00e4rk\" \/>\n<meta property=\"og:description\" content=\"Angel Rose meeskonna nokam\u00fcts \u2013 kerge, reguleeritav ja p\u00e4ikesekaitsega tiimim\u00fcts purjetamiseks ja igap\u00e4evaks. Stiilne ja praktiline tiimim\u00fcts\" \/>\n<meta property=\"og:url\" content=\"https:\/\/tsargipood.ee\/en\/product\/angel-rose-meeskonna-nokamuts\/\" \/>\n<meta property=\"og:site_name\" content=\"T-s\u00e4rgipood - Disaini oma T-s\u00e4rk\" \/>\n<meta property=\"article:publisher\" content=\"https:\/\/www.facebook.com\/profile.php?id=100090772812912\" \/>\n<meta property=\"article:modified_time\" content=\"2025-07-03T08:33:42+00:00\" \/>\n<meta property=\"og:image\" content=\"https:\/\/tsargipood.ee\/wp-content\/uploads\/2025\/07\/Muts_angelrose_eest.jpg\" \/>\n\t<meta property=\"og:image:width\" content=\"1772\" \/>\n\t<meta property=\"og:image:height\" content=\"1312\" \/>\n\t<meta property=\"og:image:type\" content=\"image\/jpeg\" \/>\n<meta name=\"twitter:card\" content=\"summary_large_image\" \/>\n<meta name=\"twitter:label1\" content=\"Estimated reading time\" \/>\n\t<meta name=\"twitter:data1\" content=\"1 minute\" \/>\n<script type=\"application\/ld+json\" class=\"yoast-schema-graph\">{\"@context\":\"https:\\\/\\\/schema.org\",\"@graph\":[{\"@type\":\"WebPage\",\"@id\":\"https:\\\/\\\/tsargipood.ee\\\/product\\\/angel-rose-meeskonna-nokamuts\\\/\",\"url\":\"https:\\\/\\\/tsargipood.ee\\\/product\\\/angel-rose-meeskonna-nokamuts\\\/\",\"name\":\"Angel Rose meeskonna nokam\u00fcts | T-s\u00e4rgipood - Disaini oma T-s\u00e4rk\",\"isPartOf\":{\"@id\":\"https:\\\/\\\/tsargipood.ee\\\/#website\"},\"primaryImageOfPage\":{\"@id\":\"https:\\\/\\\/tsargipood.ee\\\/product\\\/angel-rose-meeskonna-nokamuts\\\/#primaryimage\"},\"image\":{\"@id\":\"https:\\\/\\\/tsargipood.ee\\\/product\\\/angel-rose-meeskonna-nokamuts\\\/#primaryimage\"},\"thumbnailUrl\":\"https:\\\/\\\/tsargipood.ee\\\/wp-content\\\/uploads\\\/2025\\\/07\\\/Muts_angelrose_eest.jpg\",\"datePublished\":\"2025-07-03T08:31:25+00:00\",\"dateModified\":\"2025-07-03T08:33:42+00:00\",\"description\":\"Angel Rose meeskonna nokam\u00fcts \u2013 kerge, reguleeritav ja p\u00e4ikesekaitsega tiimim\u00fcts purjetamiseks ja igap\u00e4evaks. Stiilne ja praktiline tiimim\u00fcts\",\"breadcrumb\":{\"@id\":\"https:\\\/\\\/tsargipood.ee\\\/product\\\/angel-rose-meeskonna-nokamuts\\\/#breadcrumb\"},\"inLanguage\":\"en-GB\",\"potentialAction\":[{\"@type\":\"ReadAction\",\"target\":[\"https:\\\/\\\/tsargipood.ee\\\/product\\\/angel-rose-meeskonna-nokamuts\\\/\"]}]},{\"@type\":\"ImageObject\",\"inLanguage\":\"en-GB\",\"@id\":\"https:\\\/\\\/tsargipood.ee\\\/product\\\/angel-rose-meeskonna-nokamuts\\\/#primaryimage\",\"url\":\"https:\\\/\\\/tsargipood.ee\\\/wp-content\\\/uploads\\\/2025\\\/07\\\/Muts_angelrose_eest.jpg\",\"contentUrl\":\"https:\\\/\\\/tsargipood.ee\\\/wp-content\\\/uploads\\\/2025\\\/07\\\/Muts_angelrose_eest.jpg\",\"width\":1772,\"height\":1312,\"caption\":\"M\u00fcts_angelrose_eest\"},{\"@type\":\"BreadcrumbList\",\"@id\":\"https:\\\/\\\/tsargipood.ee\\\/product\\\/angel-rose-meeskonna-nokamuts\\\/#breadcrumb\",\"itemListElement\":[{\"@type\":\"ListItem\",\"position\":1,\"name\":\"Home\",\"item\":\"https:\\\/\\\/tsargipood.ee\\\/\"},{\"@type\":\"ListItem\",\"position\":2,\"name\":\"T-s\u00e4rgipood\",\"item\":\"https:\\\/\\\/tsargipood.ee\\\/\"},{\"@type\":\"ListItem\",\"position\":3,\"name\":\"Angel Rose meeskonna nokam\u00fcts\"}]},{\"@type\":\"WebSite\",\"@id\":\"https:\\\/\\\/tsargipood.ee\\\/#website\",\"url\":\"https:\\\/\\\/tsargipood.ee\\\/\",\"name\":\"T-s\u00e4rgipood - Disaini oma T-s\u00e4rk\",\"description\":\"Kujunda oma t-s\u00e4rk\",\"publisher\":{\"@id\":\"https:\\\/\\\/tsargipood.ee\\\/#organization\"},\"alternateName\":\"T-s\u00e4rgipood\",\"potentialAction\":[{\"@type\":\"SearchAction\",\"target\":{\"@type\":\"EntryPoint\",\"urlTemplate\":\"https:\\\/\\\/tsargipood.ee\\\/?s={search_term_string}\"},\"query-input\":{\"@type\":\"PropertyValueSpecification\",\"valueRequired\":true,\"valueName\":\"search_term_string\"}}],\"inLanguage\":\"en-GB\"},{\"@type\":\"Organization\",\"@id\":\"https:\\\/\\\/tsargipood.ee\\\/#organization\",\"name\":\"T-S\u00e4rgipood\",\"alternateName\":\"Disaini oma t-s\u00e4rk\",\"url\":\"https:\\\/\\\/tsargipood.ee\\\/\",\"logo\":{\"@type\":\"ImageObject\",\"inLanguage\":\"en-GB\",\"@id\":\"https:\\\/\\\/tsargipood.ee\\\/#\\\/schema\\\/logo\\\/image\\\/\",\"url\":\"https:\\\/\\\/tsargipood.ee\\\/wp-content\\\/uploads\\\/2023\\\/06\\\/T-sargipood-logo-1.png\",\"contentUrl\":\"https:\\\/\\\/tsargipood.ee\\\/wp-content\\\/uploads\\\/2023\\\/06\\\/T-sargipood-logo-1.png\",\"width\":540,\"height\":540,\"caption\":\"T-S\u00e4rgipood\"},\"image\":{\"@id\":\"https:\\\/\\\/tsargipood.ee\\\/#\\\/schema\\\/logo\\\/image\\\/\"},\"sameAs\":[\"https:\\\/\\\/www.facebook.com\\\/profile.php?id=100090772812912\",\"https:\\\/\\\/www.instagram.com\\\/tsargipood\\\/\"]}]}<\/script>\n<!-- \/ Yoast SEO plugin. -->","yoast_head_json":{"title":"Angel Rose meeskonna nokam\u00fcts | T-s\u00e4rgipood - Disaini oma T-s\u00e4rk","description":"Angel Rose meeskonna nokam\u00fcts \u2013 kerge, reguleeritav ja p\u00e4ikesekaitsega tiimim\u00fcts purjetamiseks ja igap\u00e4evaks. Stiilne ja praktiline tiimim\u00fcts","robots":{"index":"index","follow":"follow","max-snippet":"max-snippet:-1","max-image-preview":"max-image-preview:large","max-video-preview":"max-video-preview:-1"},"canonical":"https:\/\/tsargipood.ee\/en\/product\/angel-rose-meeskonna-nokamuts\/","og_locale":"en_GB","og_type":"article","og_title":"Angel Rose meeskonna nokam\u00fcts | T-s\u00e4rgipood - Disaini oma T-s\u00e4rk","og_description":"Angel Rose meeskonna nokam\u00fcts \u2013 kerge, reguleeritav ja p\u00e4ikesekaitsega tiimim\u00fcts purjetamiseks ja igap\u00e4evaks. Stiilne ja praktiline tiimim\u00fcts","og_url":"https:\/\/tsargipood.ee\/en\/product\/angel-rose-meeskonna-nokamuts\/","og_site_name":"T-s\u00e4rgipood - Disaini oma T-s\u00e4rk","article_publisher":"https:\/\/www.facebook.com\/profile.php?id=100090772812912","article_modified_time":"2025-07-03T08:33:42+00:00","og_image":[{"width":1772,"height":1312,"url":"https:\/\/tsargipood.ee\/wp-content\/uploads\/2025\/07\/Muts_angelrose_eest.jpg","type":"image\/jpeg"}],"twitter_card":"summary_large_image","twitter_misc":{"Estimated reading time":"1 minute"},"schema":{"@context":"https:\/\/schema.org","@graph":[{"@type":"WebPage","@id":"https:\/\/tsargipood.ee\/product\/angel-rose-meeskonna-nokamuts\/","url":"https:\/\/tsargipood.ee\/product\/angel-rose-meeskonna-nokamuts\/","name":"Angel Rose meeskonna nokam\u00fcts | T-s\u00e4rgipood - Disaini oma T-s\u00e4rk","isPartOf":{"@id":"https:\/\/tsargipood.ee\/#website"},"primaryImageOfPage":{"@id":"https:\/\/tsargipood.ee\/product\/angel-rose-meeskonna-nokamuts\/#primaryimage"},"image":{"@id":"https:\/\/tsargipood.ee\/product\/angel-rose-meeskonna-nokamuts\/#primaryimage"},"thumbnailUrl":"https:\/\/tsargipood.ee\/wp-content\/uploads\/2025\/07\/Muts_angelrose_eest.jpg","datePublished":"2025-07-03T08:31:25+00:00","dateModified":"2025-07-03T08:33:42+00:00","description":"Angel Rose meeskonna nokam\u00fcts \u2013 kerge, reguleeritav ja p\u00e4ikesekaitsega tiimim\u00fcts purjetamiseks ja igap\u00e4evaks. Stiilne ja praktiline tiimim\u00fcts","breadcrumb":{"@id":"https:\/\/tsargipood.ee\/product\/angel-rose-meeskonna-nokamuts\/#breadcrumb"},"inLanguage":"en-GB","potentialAction":[{"@type":"ReadAction","target":["https:\/\/tsargipood.ee\/product\/angel-rose-meeskonna-nokamuts\/"]}]},{"@type":"ImageObject","inLanguage":"en-GB","@id":"https:\/\/tsargipood.ee\/product\/angel-rose-meeskonna-nokamuts\/#primaryimage","url":"https:\/\/tsargipood.ee\/wp-content\/uploads\/2025\/07\/Muts_angelrose_eest.jpg","contentUrl":"https:\/\/tsargipood.ee\/wp-content\/uploads\/2025\/07\/Muts_angelrose_eest.jpg","width":1772,"height":1312,"caption":"M\u00fcts_angelrose_eest"},{"@type":"BreadcrumbList","@id":"https:\/\/tsargipood.ee\/product\/angel-rose-meeskonna-nokamuts\/#breadcrumb","itemListElement":[{"@type":"ListItem","position":1,"name":"Home","item":"https:\/\/tsargipood.ee\/"},{"@type":"ListItem","position":2,"name":"T-s\u00e4rgipood","item":"https:\/\/tsargipood.ee\/"},{"@type":"ListItem","position":3,"name":"Angel Rose meeskonna nokam\u00fcts"}]},{"@type":"WebSite","@id":"https:\/\/tsargipood.ee\/#website","url":"https:\/\/tsargipood.ee\/","name":"T-shirt shop - Design your own T-shirt","description":"Design your own t-shirt","publisher":{"@id":"https:\/\/tsargipood.ee\/#organization"},"alternateName":"T-s\u00e4rgipood","potentialAction":[{"@type":"SearchAction","target":{"@type":"EntryPoint","urlTemplate":"https:\/\/tsargipood.ee\/?s={search_term_string}"},"query-input":{"@type":"PropertyValueSpecification","valueRequired":true,"valueName":"search_term_string"}}],"inLanguage":"en-GB"},{"@type":"Organization","@id":"https:\/\/tsargipood.ee\/#organization","name":"T-S\u00e4rgipood","alternateName":"Disaini oma t-s\u00e4rk","url":"https:\/\/tsargipood.ee\/","logo":{"@type":"ImageObject","inLanguage":"en-GB","@id":"https:\/\/tsargipood.ee\/#\/schema\/logo\/image\/","url":"https:\/\/tsargipood.ee\/wp-content\/uploads\/2023\/06\/T-sargipood-logo-1.png","contentUrl":"https:\/\/tsargipood.ee\/wp-content\/uploads\/2023\/06\/T-sargipood-logo-1.png","width":540,"height":540,"caption":"T-S\u00e4rgipood"},"image":{"@id":"https:\/\/tsargipood.ee\/#\/schema\/logo\/image\/"},"sameAs":["https:\/\/www.facebook.com\/profile.php?id=100090772812912","https:\/\/www.instagram.com\/tsargipood\/"]}]}},"_links":{"self":[{"href":"https:\/\/tsargipood.ee\/en\/wp-json\/wp\/v2\/product\/17002","targetHints":{"allow":["GET"]}}],"collection":[{"href":"https:\/\/tsargipood.ee\/en\/wp-json\/wp\/v2\/product"}],"about":[{"href":"https:\/\/tsargipood.ee\/en\/wp-json\/wp\/v2\/types\/product"}],"replies":[{"embeddable":true,"href":"https:\/\/tsargipood.ee\/en\/wp-json\/wp\/v2\/comments?post=17002"}],"version-history":[{"count":0,"href":"https:\/\/tsargipood.ee\/en\/wp-json\/wp\/v2\/product\/17002\/revisions"}],"wp:featuredmedia":[{"embeddable":true,"href":"https:\/\/tsargipood.ee\/en\/wp-json\/wp\/v2\/media\/17003"}],"wp:attachment":[{"href":"https:\/\/tsargipood.ee\/en\/wp-json\/wp\/v2\/media?parent=17002"}],"wp:term":[{"taxonomy":"product_brand","embeddable":true,"href":"https:\/\/tsargipood.ee\/en\/wp-json\/wp\/v2\/product_brand?post=17002"},{"taxonomy":"product_cat","embeddable":true,"href":"https:\/\/tsargipood.ee\/en\/wp-json\/wp\/v2\/product_cat?post=17002"},{"taxonomy":"product_tag","embeddable":true,"href":"https:\/\/tsargipood.ee\/en\/wp-json\/wp\/v2\/product_tag?post=17002"}],"curies":[{"name":"wp","href":"https:\/\/api.w.org\/{rel}","templated":true}]}}