{"id":17327,"date":"2025-07-23T10:57:18","date_gmt":"2025-07-23T10:57:18","guid":{"rendered":"https:\/\/tsargipood.ee\/?post_type=product&#038;p=17327"},"modified":"2025-07-23T11:06:40","modified_gmt":"2025-07-23T11:06:40","slug":"legendaarne-politseinik","status":"publish","type":"product","link":"https:\/\/tsargipood.ee\/en\/product\/legendaarne-politseinik\/","title":{"rendered":"Legendaarne politseinik"},"content":{"rendered":"<p class=\"p1\"><b>Legendaarne politseinik \u2013 n\u00fc\u00fcd patrullin ainult aias<\/b><b><\/b><\/p>\n<p class=\"p2\">Varem t\u00e4navatel, n\u00fc\u00fcd tomatite vahel! See s\u00e4rk on loodud t\u00f5elisele korravalvurile, kes on l\u00e4inud teenitud puhkusele, kuid hoiab endiselt silma peal\u2026 tigudel ja umbrohul. Ideaalne kingitus pensionil politseinikule, kelle uus sektor on aiamaa.<\/p>\n<p class=\"p2\">\ud83d\udc55 100% orgaaniline puuvill \u2013 pehme ja vastupidav<\/p>\n<p class=\"p2\">\ud83c\udf31 S\u00f5bralik loodusele ja nahale<\/p>\n<p class=\"p2\">\ud83c\uddea\ud83c\uddfa Tr\u00fckitud Euroopas<\/p>\n<p class=\"p2\">\ud83c\udf81 T\u00e4iuslik huumoriga kingitus \u2013 naer on garanteeritud!<\/p>","protected":false},"excerpt":{"rendered":"<p>Iconic\u00a0<strong>UNISEX T-SHIRT<\/strong><br \/>\nSewn-in sleeve<br \/>\n1\u00d71 rib at the collar<br \/>\nNeck tape for reinforcement in the back<br \/>\nSleeve hem and hem with wide double stitching<br \/>\nMATERIAL: 100% COTTON - ORGANIC - 180 G\/M\u00b2 - MEDIUM FIT<\/p>\n<p><img decoding=\"async\" class=\"size-full wp-image-7539 alignleft entered lazyloaded\" src=\"https:\/\/tsargipood.ee\/wp-content\/uploads\/2023\/08\/PETAVegan-1.png\" alt=\"\" width=\"137\" height=\"50\" data-lazy-src=\"https:\/\/tsargipood.ee\/wp-content\/uploads\/2023\/08\/PETAVegan-1.png\" data-ll-status=\"loaded\" \/><img decoding=\"async\" class=\"size-full wp-image-7538 alignleft entered lazyloaded\" src=\"https:\/\/tsargipood.ee\/wp-content\/uploads\/2023\/08\/OekoTex2012163-1.png\" alt=\"\" width=\"46\" height=\"50\" data-lazy-src=\"https:\/\/tsargipood.ee\/wp-content\/uploads\/2023\/08\/OekoTex2012163-1.png\" data-ll-status=\"loaded\" \/><img decoding=\"async\" class=\"size-full wp-image-7537 alignleft entered lazyloaded\" src=\"https:\/\/tsargipood.ee\/wp-content\/uploads\/2023\/08\/GOTSOrganic-1.png\" alt=\"\" width=\"49\" height=\"50\" data-lazy-src=\"https:\/\/tsargipood.ee\/wp-content\/uploads\/2023\/08\/GOTSOrganic-1.png\" data-ll-status=\"loaded\" \/><img loading=\"lazy\" decoding=\"async\" class=\"size-full wp-image-7536 alignleft entered lazyloaded\" src=\"https:\/\/tsargipood.ee\/wp-content\/uploads\/2023\/08\/Fairwear-1.png\" alt=\"\" width=\"85\" height=\"50\" data-lazy-src=\"https:\/\/tsargipood.ee\/wp-content\/uploads\/2023\/08\/Fairwear-1.png\" data-ll-status=\"loaded\" \/><\/p>","protected":false},"featured_media":17323,"comment_status":"closed","ping_status":"closed","template":"","meta":{"googlesitekit_rrm_CAow0ZS_DA:productID":""},"product_brand":[514],"product_cat":[275,20],"product_tag":[279,276,277,26],"class_list":{"0":"post-17327","1":"product","2":"type-product","3":"status-publish","4":"has-post-thumbnail","6":"product_brand-stanley-stella","7":"product_cat-patrioot","8":"product_cat-t-sark","9":"product_tag-hoitud-eesti","10":"product_tag-kaitsetahe","11":"product_tag-patrioot","12":"product_tag-t-sark","13":"fpd-variation-needed","15":"first","16":"instock","17":"taxable","18":"shipping-taxable","19":"purchasable","20":"product-type-variable"},"yoast_head":"<!-- This site is optimized with the Yoast SEO plugin v27.5 - https:\/\/yoast.com\/product\/yoast-seo-wordpress\/ -->\n<title>Legendaarne politseinik | T-s\u00e4rgipood - Disaini oma T-s\u00e4rk | Patrioot<\/title>\n<meta name=\"description\" content=\"Legendaarne politseinik, kes patrullib n\u00fc\u00fcd ainult aias. Orgaanilisest puuvillast T-s\u00e4rk \u2013 ideaalne kingitus politseipension\u00e4rile huumoriga.\" \/>\n<meta name=\"robots\" content=\"index, follow, max-snippet:-1, max-image-preview:large, max-video-preview:-1\" \/>\n<link rel=\"canonical\" href=\"https:\/\/tsargipood.ee\/en\/product\/legendaarne-politseinik\/\" \/>\n<meta property=\"og:locale\" content=\"en_GB\" \/>\n<meta property=\"og:type\" content=\"article\" \/>\n<meta property=\"og:title\" content=\"Legendaarne politseinik | T-s\u00e4rgipood - Disaini oma T-s\u00e4rk | Patrioot\" \/>\n<meta property=\"og:description\" content=\"Legendaarne politseinik, kes patrullib n\u00fc\u00fcd ainult aias. Orgaanilisest puuvillast T-s\u00e4rk \u2013 ideaalne kingitus politseipension\u00e4rile huumoriga.\" \/>\n<meta property=\"og:url\" content=\"https:\/\/tsargipood.ee\/en\/product\/legendaarne-politseinik\/\" \/>\n<meta property=\"og:site_name\" content=\"T-s\u00e4rgipood - Disaini oma T-s\u00e4rk\" \/>\n<meta property=\"article:publisher\" content=\"https:\/\/www.facebook.com\/profile.php?id=100090772812912\" \/>\n<meta property=\"article:modified_time\" content=\"2025-07-23T11:06:40+00:00\" \/>\n<meta property=\"og:image\" content=\"https:\/\/tsargipood.ee\/wp-content\/uploads\/2025\/07\/pension_2-scaled.jpg\" \/>\n\t<meta property=\"og:image:width\" content=\"2560\" \/>\n\t<meta property=\"og:image:height\" content=\"2480\" \/>\n\t<meta property=\"og:image:type\" content=\"image\/jpeg\" \/>\n<meta name=\"twitter:card\" content=\"summary_large_image\" \/>\n<meta name=\"twitter:label1\" content=\"Estimated reading time\" \/>\n\t<meta name=\"twitter:data1\" content=\"1 minute\" \/>\n<script type=\"application\/ld+json\" class=\"yoast-schema-graph\">{\"@context\":\"https:\\\/\\\/schema.org\",\"@graph\":[{\"@type\":\"WebPage\",\"@id\":\"https:\\\/\\\/tsargipood.ee\\\/product\\\/legendaarne-politseinik\\\/\",\"url\":\"https:\\\/\\\/tsargipood.ee\\\/product\\\/legendaarne-politseinik\\\/\",\"name\":\"Legendaarne politseinik | T-s\u00e4rgipood - Disaini oma T-s\u00e4rk | Patrioot\",\"isPartOf\":{\"@id\":\"https:\\\/\\\/tsargipood.ee\\\/#website\"},\"primaryImageOfPage\":{\"@id\":\"https:\\\/\\\/tsargipood.ee\\\/product\\\/legendaarne-politseinik\\\/#primaryimage\"},\"image\":{\"@id\":\"https:\\\/\\\/tsargipood.ee\\\/product\\\/legendaarne-politseinik\\\/#primaryimage\"},\"thumbnailUrl\":\"https:\\\/\\\/tsargipood.ee\\\/wp-content\\\/uploads\\\/2025\\\/07\\\/pension_2-scaled.jpg\",\"datePublished\":\"2025-07-23T10:57:18+00:00\",\"dateModified\":\"2025-07-23T11:06:40+00:00\",\"description\":\"Legendaarne politseinik, kes patrullib n\u00fc\u00fcd ainult aias. Orgaanilisest puuvillast T-s\u00e4rk \u2013 ideaalne kingitus politseipension\u00e4rile huumoriga.\",\"breadcrumb\":{\"@id\":\"https:\\\/\\\/tsargipood.ee\\\/product\\\/legendaarne-politseinik\\\/#breadcrumb\"},\"inLanguage\":\"en-GB\",\"potentialAction\":[{\"@type\":\"ReadAction\",\"target\":[\"https:\\\/\\\/tsargipood.ee\\\/product\\\/legendaarne-politseinik\\\/\"]}]},{\"@type\":\"ImageObject\",\"inLanguage\":\"en-GB\",\"@id\":\"https:\\\/\\\/tsargipood.ee\\\/product\\\/legendaarne-politseinik\\\/#primaryimage\",\"url\":\"https:\\\/\\\/tsargipood.ee\\\/wp-content\\\/uploads\\\/2025\\\/07\\\/pension_2-scaled.jpg\",\"contentUrl\":\"https:\\\/\\\/tsargipood.ee\\\/wp-content\\\/uploads\\\/2025\\\/07\\\/pension_2-scaled.jpg\",\"width\":2560,\"height\":2480,\"caption\":\"pensionil politsei\"},{\"@type\":\"BreadcrumbList\",\"@id\":\"https:\\\/\\\/tsargipood.ee\\\/product\\\/legendaarne-politseinik\\\/#breadcrumb\",\"itemListElement\":[{\"@type\":\"ListItem\",\"position\":1,\"name\":\"Home\",\"item\":\"https:\\\/\\\/tsargipood.ee\\\/\"},{\"@type\":\"ListItem\",\"position\":2,\"name\":\"T-s\u00e4rgipood\",\"item\":\"https:\\\/\\\/tsargipood.ee\\\/\"},{\"@type\":\"ListItem\",\"position\":3,\"name\":\"Legendaarne politseinik\"}]},{\"@type\":\"WebSite\",\"@id\":\"https:\\\/\\\/tsargipood.ee\\\/#website\",\"url\":\"https:\\\/\\\/tsargipood.ee\\\/\",\"name\":\"T-s\u00e4rgipood - Disaini oma T-s\u00e4rk\",\"description\":\"Kujunda oma t-s\u00e4rk\",\"publisher\":{\"@id\":\"https:\\\/\\\/tsargipood.ee\\\/#organization\"},\"alternateName\":\"T-s\u00e4rgipood\",\"potentialAction\":[{\"@type\":\"SearchAction\",\"target\":{\"@type\":\"EntryPoint\",\"urlTemplate\":\"https:\\\/\\\/tsargipood.ee\\\/?s={search_term_string}\"},\"query-input\":{\"@type\":\"PropertyValueSpecification\",\"valueRequired\":true,\"valueName\":\"search_term_string\"}}],\"inLanguage\":\"en-GB\"},{\"@type\":\"Organization\",\"@id\":\"https:\\\/\\\/tsargipood.ee\\\/#organization\",\"name\":\"T-S\u00e4rgipood\",\"alternateName\":\"Disaini oma t-s\u00e4rk\",\"url\":\"https:\\\/\\\/tsargipood.ee\\\/\",\"logo\":{\"@type\":\"ImageObject\",\"inLanguage\":\"en-GB\",\"@id\":\"https:\\\/\\\/tsargipood.ee\\\/#\\\/schema\\\/logo\\\/image\\\/\",\"url\":\"https:\\\/\\\/tsargipood.ee\\\/wp-content\\\/uploads\\\/2023\\\/06\\\/T-sargipood-logo-1.png\",\"contentUrl\":\"https:\\\/\\\/tsargipood.ee\\\/wp-content\\\/uploads\\\/2023\\\/06\\\/T-sargipood-logo-1.png\",\"width\":540,\"height\":540,\"caption\":\"T-S\u00e4rgipood\"},\"image\":{\"@id\":\"https:\\\/\\\/tsargipood.ee\\\/#\\\/schema\\\/logo\\\/image\\\/\"},\"sameAs\":[\"https:\\\/\\\/www.facebook.com\\\/profile.php?id=100090772812912\",\"https:\\\/\\\/www.instagram.com\\\/tsargipood\\\/\"]}]}<\/script>\n<!-- \/ Yoast SEO plugin. -->","yoast_head_json":{"title":"Legendaarne politseinik | T-s\u00e4rgipood - Disaini oma T-s\u00e4rk | Patrioot","description":"Legendaarne politseinik, kes patrullib n\u00fc\u00fcd ainult aias. Orgaanilisest puuvillast T-s\u00e4rk \u2013 ideaalne kingitus politseipension\u00e4rile huumoriga.","robots":{"index":"index","follow":"follow","max-snippet":"max-snippet:-1","max-image-preview":"max-image-preview:large","max-video-preview":"max-video-preview:-1"},"canonical":"https:\/\/tsargipood.ee\/en\/product\/legendaarne-politseinik\/","og_locale":"en_GB","og_type":"article","og_title":"Legendaarne politseinik | T-s\u00e4rgipood - Disaini oma T-s\u00e4rk | Patrioot","og_description":"Legendaarne politseinik, kes patrullib n\u00fc\u00fcd ainult aias. Orgaanilisest puuvillast T-s\u00e4rk \u2013 ideaalne kingitus politseipension\u00e4rile huumoriga.","og_url":"https:\/\/tsargipood.ee\/en\/product\/legendaarne-politseinik\/","og_site_name":"T-s\u00e4rgipood - Disaini oma T-s\u00e4rk","article_publisher":"https:\/\/www.facebook.com\/profile.php?id=100090772812912","article_modified_time":"2025-07-23T11:06:40+00:00","og_image":[{"width":2560,"height":2480,"url":"https:\/\/tsargipood.ee\/wp-content\/uploads\/2025\/07\/pension_2-scaled.jpg","type":"image\/jpeg"}],"twitter_card":"summary_large_image","twitter_misc":{"Estimated reading time":"1 minute"},"schema":{"@context":"https:\/\/schema.org","@graph":[{"@type":"WebPage","@id":"https:\/\/tsargipood.ee\/product\/legendaarne-politseinik\/","url":"https:\/\/tsargipood.ee\/product\/legendaarne-politseinik\/","name":"Legendaarne politseinik | T-s\u00e4rgipood - Disaini oma T-s\u00e4rk | Patrioot","isPartOf":{"@id":"https:\/\/tsargipood.ee\/#website"},"primaryImageOfPage":{"@id":"https:\/\/tsargipood.ee\/product\/legendaarne-politseinik\/#primaryimage"},"image":{"@id":"https:\/\/tsargipood.ee\/product\/legendaarne-politseinik\/#primaryimage"},"thumbnailUrl":"https:\/\/tsargipood.ee\/wp-content\/uploads\/2025\/07\/pension_2-scaled.jpg","datePublished":"2025-07-23T10:57:18+00:00","dateModified":"2025-07-23T11:06:40+00:00","description":"Legendaarne politseinik, kes patrullib n\u00fc\u00fcd ainult aias. Orgaanilisest puuvillast T-s\u00e4rk \u2013 ideaalne kingitus politseipension\u00e4rile huumoriga.","breadcrumb":{"@id":"https:\/\/tsargipood.ee\/product\/legendaarne-politseinik\/#breadcrumb"},"inLanguage":"en-GB","potentialAction":[{"@type":"ReadAction","target":["https:\/\/tsargipood.ee\/product\/legendaarne-politseinik\/"]}]},{"@type":"ImageObject","inLanguage":"en-GB","@id":"https:\/\/tsargipood.ee\/product\/legendaarne-politseinik\/#primaryimage","url":"https:\/\/tsargipood.ee\/wp-content\/uploads\/2025\/07\/pension_2-scaled.jpg","contentUrl":"https:\/\/tsargipood.ee\/wp-content\/uploads\/2025\/07\/pension_2-scaled.jpg","width":2560,"height":2480,"caption":"pensionil politsei"},{"@type":"BreadcrumbList","@id":"https:\/\/tsargipood.ee\/product\/legendaarne-politseinik\/#breadcrumb","itemListElement":[{"@type":"ListItem","position":1,"name":"Home","item":"https:\/\/tsargipood.ee\/"},{"@type":"ListItem","position":2,"name":"T-s\u00e4rgipood","item":"https:\/\/tsargipood.ee\/"},{"@type":"ListItem","position":3,"name":"Legendaarne politseinik"}]},{"@type":"WebSite","@id":"https:\/\/tsargipood.ee\/#website","url":"https:\/\/tsargipood.ee\/","name":"T-shirt shop - Design your own T-shirt","description":"Design your own t-shirt","publisher":{"@id":"https:\/\/tsargipood.ee\/#organization"},"alternateName":"T-s\u00e4rgipood","potentialAction":[{"@type":"SearchAction","target":{"@type":"EntryPoint","urlTemplate":"https:\/\/tsargipood.ee\/?s={search_term_string}"},"query-input":{"@type":"PropertyValueSpecification","valueRequired":true,"valueName":"search_term_string"}}],"inLanguage":"en-GB"},{"@type":"Organization","@id":"https:\/\/tsargipood.ee\/#organization","name":"T-S\u00e4rgipood","alternateName":"Disaini oma t-s\u00e4rk","url":"https:\/\/tsargipood.ee\/","logo":{"@type":"ImageObject","inLanguage":"en-GB","@id":"https:\/\/tsargipood.ee\/#\/schema\/logo\/image\/","url":"https:\/\/tsargipood.ee\/wp-content\/uploads\/2023\/06\/T-sargipood-logo-1.png","contentUrl":"https:\/\/tsargipood.ee\/wp-content\/uploads\/2023\/06\/T-sargipood-logo-1.png","width":540,"height":540,"caption":"T-S\u00e4rgipood"},"image":{"@id":"https:\/\/tsargipood.ee\/#\/schema\/logo\/image\/"},"sameAs":["https:\/\/www.facebook.com\/profile.php?id=100090772812912","https:\/\/www.instagram.com\/tsargipood\/"]}]}},"_links":{"self":[{"href":"https:\/\/tsargipood.ee\/en\/wp-json\/wp\/v2\/product\/17327","targetHints":{"allow":["GET"]}}],"collection":[{"href":"https:\/\/tsargipood.ee\/en\/wp-json\/wp\/v2\/product"}],"about":[{"href":"https:\/\/tsargipood.ee\/en\/wp-json\/wp\/v2\/types\/product"}],"replies":[{"embeddable":true,"href":"https:\/\/tsargipood.ee\/en\/wp-json\/wp\/v2\/comments?post=17327"}],"version-history":[{"count":0,"href":"https:\/\/tsargipood.ee\/en\/wp-json\/wp\/v2\/product\/17327\/revisions"}],"wp:featuredmedia":[{"embeddable":true,"href":"https:\/\/tsargipood.ee\/en\/wp-json\/wp\/v2\/media\/17323"}],"wp:attachment":[{"href":"https:\/\/tsargipood.ee\/en\/wp-json\/wp\/v2\/media?parent=17327"}],"wp:term":[{"taxonomy":"product_brand","embeddable":true,"href":"https:\/\/tsargipood.ee\/en\/wp-json\/wp\/v2\/product_brand?post=17327"},{"taxonomy":"product_cat","embeddable":true,"href":"https:\/\/tsargipood.ee\/en\/wp-json\/wp\/v2\/product_cat?post=17327"},{"taxonomy":"product_tag","embeddable":true,"href":"https:\/\/tsargipood.ee\/en\/wp-json\/wp\/v2\/product_tag?post=17327"}],"curies":[{"name":"wp","href":"https:\/\/api.w.org\/{rel}","templated":true}]}}