{"id":19328,"date":"2026-02-05T08:38:28","date_gmt":"2026-02-05T08:38:28","guid":{"rendered":"https:\/\/tsargipood.ee\/?post_type=product&#038;p=19328"},"modified":"2026-02-18T08:28:20","modified_gmt":"2026-02-18T08:28:20","slug":"kerge-kandekott-orgaanilisest-puuvillast-tote-kott","status":"publish","type":"product","link":"https:\/\/tsargipood.ee\/en\/product\/kerge-kandekott-orgaanilisest-puuvillast-tote-kott\/","title":{"rendered":"Kerge kandekott \u2013 orgaanilisest puuvillast tote kott"},"content":{"rendered":"<div><strong>Kirjeldus<\/strong><\/div>\n<div><\/div>\n<div>Kvaliteetne ja vastupidav kerge kandekott, mis on valmistatud orgaanilisest puuvillast. Topelt tagasi p\u00f6\u00f6ratud \u00fclaserv tagab tugevuse ja puhta viimistluse ning pikad sangad v\u00f5imaldavad mugavat kandmist \u00f5lal. Ideaalne igap\u00e4evaseks kasutamiseks, ostlemiseks, \u00fcritusteks ja logoga personaliseerimiseks.<\/div>\n<div><\/div>\n<div><strong>Omadused<\/strong><\/div>\n<div>\u2022Topelt tagasi p\u00f6\u00f6ratud \u00fclaserv tugevuse ja korrektse viimistluse jaoks<\/div>\n<div>\u2022Pikad sangad samast kangast<\/div>\n<div>\u2022Sangad tugevdatud ristpistega<\/div>\n<div>\u2022Kerge, kuid vastupidav konstruktsioon<\/div>\n<div>\u2022Sobib tr\u00fckkimiseks (logo, tekst, kujundus)<\/div>\n<div><\/div>\n<div><\/div>\n<div><strong>Materjal<\/strong><\/div>\n<div>\u2022100% orgaaniline puuvill<\/div>\n<div>\u2022Tavaline kudum (Plain Weave)<\/div>\n<div>\u2022Ringkedratud, kammitud l\u00f5ng<\/div>\n<div>\u2022Kangas eelnevalt pestud<\/div>\n<div><\/div>\n<div><strong>Hooldusjuhised<\/strong><\/div>\n<div>\u2022Pesta koos sarnaste v\u00e4rvidega<\/div>\n<div>\u2022Tr\u00fckipinnale mitte triikida<\/div>\n<div>\u2022Pesta ja triikida pahempidi<\/div>\n<div>\u2022Pesu: 30 \u00b0C<\/div>\n<div>\u2022Pleegitamine: ei<\/div>\n<div>\u2022Trummelkuivatus: ei<\/div>\n<div>\u2022Triikimine: kuni 110 \u00b0C<\/div>\n<div>\u2022Keemiline puhastus: ei<\/div>\n<div><\/div>\n<div><img decoding=\"async\" class=\"w-8 h-8 shrink-0\" title=\"Washing - 30\u00b0\" src=\"https:\/\/stanleystella.com\/media\/amasty\/shopby\/option_images\/slider\/was_30.png\" alt=\"Washing - 30\u00b0\" width=\"32\" height=\"32\" \/><img decoding=\"async\" class=\"w-8 h-8 shrink-0\" title=\"Bleaching - No\" src=\"https:\/\/stanleystella.com\/media\/amasty\/shopby\/option_images\/slider\/ble_not.png\" alt=\"Bleaching - No\" width=\"32\" height=\"32\" \/><img decoding=\"async\" class=\"w-8 h-8 shrink-0\" title=\"Drying - Tumble Dry No\" src=\"https:\/\/stanleystella.com\/media\/amasty\/shopby\/option_images\/slider\/dry_not.png\" alt=\"Drying - Tumble Dry No\" width=\"32\" height=\"32\" \/><img loading=\"lazy\" decoding=\"async\" class=\"w-8 h-8 shrink-0\" title=\"Ironing - 110\u00b0\" src=\"https:\/\/stanleystella.com\/media\/amasty\/shopby\/option_images\/slider\/iro_max_110.png\" alt=\"Ironing - 110\u00b0\" width=\"32\" height=\"32\" \/><img loading=\"lazy\" decoding=\"async\" class=\"w-8 h-8 shrink-0\" title=\"Cleaning - No\" src=\"https:\/\/stanleystella.com\/media\/amasty\/shopby\/option_images\/slider\/EU-Symbol_DryCleaning.svg\" alt=\"Cleaning - No\" width=\"32\" height=\"32\" \/><\/div>","protected":false},"excerpt":{"rendered":"<h1><span style=\"color: #fe4f02;\"><strong>Stanley\/Stella Light Tote Bag<\/strong><\/span><\/h1>\n<p>Kerge ja m\u00f5nus orgaanilisest puuvillast kandekott, mis on loodud igap\u00e4evaseks kasutamiseks.<br \/>\nVastupidavad sangad, puhas viimistlus ja looduslik materjal teevad sellest koti, mille haarad kaasa ilma m\u00f5tlemata \u2013 poodi, t\u00f6\u00f6le v\u00f5i lihtsalt kaasa. Hea valik, mis n\u00e4eb hea v\u00e4lja ja tundub igal sammul \u00f5ige.<\/p>\n<p><img loading=\"lazy\" decoding=\"async\" class=\"object-contain h-[72px] alignleft\" title=\"GOTS\" src=\"https:\/\/stanleystella.com\/media\/amasty\/shopby\/option_images\/slider\/GOTSOrganic.png\" alt=\"GOTS Organic\" width=\"75\" height=\"76\" \/><img loading=\"lazy\" decoding=\"async\" class=\"object-contain h-[72px] alignleft\" title=\"OEKO-TEX organic garments\" src=\"https:\/\/stanleystella.com\/media\/amasty\/shopby\/option_images\/slider\/OekoTex2012163_2.png\" alt=\"OEKO-TEX organic garments\" width=\"75\" height=\"81\" \/><img loading=\"lazy\" decoding=\"async\" class=\"object-contain h-[72px] alignleft\" title=\"Vegan\" src=\"https:\/\/stanleystella.com\/media\/amasty\/shopby\/option_images\/slider\/PETAVegan_1.png\" alt=\"Vegan\" width=\"101\" height=\"37\" \/><img loading=\"lazy\" decoding=\"async\" class=\"object-contain h-[72px] alignleft\" title=\"Fairwear\" src=\"https:\/\/stanleystella.com\/media\/amasty\/shopby\/option_images\/slider\/Fairwear_1.png\" alt=\"Fairwear\" width=\"76\" height=\"45\" \/><\/p>\n","protected":false},"featured_media":19330,"comment_status":"closed","ping_status":"closed","template":"","meta":{"googlesitekit_rrm_CAow0ZS_DA:productID":""},"product_brand":[514],"product_cat":[217,25],"product_tag":[],"class_list":{"0":"post-19328","1":"product","2":"type-product","3":"status-publish","4":"has-post-thumbnail","6":"product_brand-stanley-stella","7":"product_cat-disainitavad-tooted","8":"product_cat-poekott","9":"fpd-variation-needed","11":"first","12":"instock","13":"taxable","14":"shipping-taxable","15":"purchasable","16":"product-type-variable"},"yoast_head":"<!-- This site is optimized with the Yoast SEO plugin v27.5 - https:\/\/yoast.com\/product\/yoast-seo-wordpress\/ -->\n<title>Kerge kandekott \u2013 orgaanilisest puuvillast tote kott | T-s\u00e4rgipood - Disaini oma T-s\u00e4rk<\/title>\n<meta name=\"description\" content=\"Kerge ja vastupidav orgaanilisest puuvillast kandekott pikkade sangadega. Sobib igap\u00e4evaseks kasutamiseks, ostlemiseks ning logoga personaliseerimiseks.\" \/>\n<meta name=\"robots\" content=\"index, follow, max-snippet:-1, max-image-preview:large, max-video-preview:-1\" \/>\n<link rel=\"canonical\" href=\"https:\/\/tsargipood.ee\/en\/product\/kerge-kandekott-orgaanilisest-puuvillast-tote-kott\/\" \/>\n<meta property=\"og:locale\" content=\"en_GB\" \/>\n<meta property=\"og:type\" content=\"article\" \/>\n<meta property=\"og:title\" content=\"Kerge kandekott \u2013 orgaanilisest puuvillast tote kott | T-s\u00e4rgipood - Disaini oma T-s\u00e4rk\" \/>\n<meta property=\"og:description\" content=\"Kerge ja vastupidav orgaanilisest puuvillast kandekott pikkade sangadega. Sobib igap\u00e4evaseks kasutamiseks, ostlemiseks ning logoga personaliseerimiseks.\" \/>\n<meta property=\"og:url\" content=\"https:\/\/tsargipood.ee\/en\/product\/kerge-kandekott-orgaanilisest-puuvillast-tote-kott\/\" \/>\n<meta property=\"og:site_name\" content=\"T-s\u00e4rgipood - Disaini oma T-s\u00e4rk\" \/>\n<meta property=\"article:publisher\" content=\"https:\/\/www.facebook.com\/profile.php?id=100090772812912\" \/>\n<meta property=\"article:modified_time\" content=\"2026-02-18T08:28:20+00:00\" \/>\n<meta property=\"og:image\" content=\"https:\/\/tsargipood.ee\/wp-content\/uploads\/2026\/02\/Kerge_kollane.jpg\" \/>\n\t<meta property=\"og:image:width\" content=\"800\" \/>\n\t<meta property=\"og:image:height\" content=\"800\" \/>\n\t<meta property=\"og:image:type\" content=\"image\/jpeg\" \/>\n<meta name=\"twitter:card\" content=\"summary_large_image\" \/>\n<meta name=\"twitter:label1\" content=\"Estimated reading time\" \/>\n\t<meta name=\"twitter:data1\" content=\"2 minutes\" \/>\n<script type=\"application\/ld+json\" class=\"yoast-schema-graph\">{\"@context\":\"https:\\\/\\\/schema.org\",\"@graph\":[{\"@type\":\"WebPage\",\"@id\":\"https:\\\/\\\/tsargipood.ee\\\/product\\\/kerge-kandekott-orgaanilisest-puuvillast-tote-kott\\\/\",\"url\":\"https:\\\/\\\/tsargipood.ee\\\/product\\\/kerge-kandekott-orgaanilisest-puuvillast-tote-kott\\\/\",\"name\":\"Kerge kandekott \u2013 orgaanilisest puuvillast tote kott | T-s\u00e4rgipood - Disaini oma T-s\u00e4rk\",\"isPartOf\":{\"@id\":\"https:\\\/\\\/tsargipood.ee\\\/#website\"},\"primaryImageOfPage\":{\"@id\":\"https:\\\/\\\/tsargipood.ee\\\/product\\\/kerge-kandekott-orgaanilisest-puuvillast-tote-kott\\\/#primaryimage\"},\"image\":{\"@id\":\"https:\\\/\\\/tsargipood.ee\\\/product\\\/kerge-kandekott-orgaanilisest-puuvillast-tote-kott\\\/#primaryimage\"},\"thumbnailUrl\":\"https:\\\/\\\/tsargipood.ee\\\/wp-content\\\/uploads\\\/2026\\\/02\\\/Kerge_kollane.jpg\",\"datePublished\":\"2026-02-05T08:38:28+00:00\",\"dateModified\":\"2026-02-18T08:28:20+00:00\",\"description\":\"Kerge ja vastupidav orgaanilisest puuvillast kandekott pikkade sangadega. Sobib igap\u00e4evaseks kasutamiseks, ostlemiseks ning logoga personaliseerimiseks.\",\"breadcrumb\":{\"@id\":\"https:\\\/\\\/tsargipood.ee\\\/product\\\/kerge-kandekott-orgaanilisest-puuvillast-tote-kott\\\/#breadcrumb\"},\"inLanguage\":\"en-GB\",\"potentialAction\":[{\"@type\":\"ReadAction\",\"target\":[\"https:\\\/\\\/tsargipood.ee\\\/product\\\/kerge-kandekott-orgaanilisest-puuvillast-tote-kott\\\/\"]}]},{\"@type\":\"ImageObject\",\"inLanguage\":\"en-GB\",\"@id\":\"https:\\\/\\\/tsargipood.ee\\\/product\\\/kerge-kandekott-orgaanilisest-puuvillast-tote-kott\\\/#primaryimage\",\"url\":\"https:\\\/\\\/tsargipood.ee\\\/wp-content\\\/uploads\\\/2026\\\/02\\\/Kerge_kollane.jpg\",\"contentUrl\":\"https:\\\/\\\/tsargipood.ee\\\/wp-content\\\/uploads\\\/2026\\\/02\\\/Kerge_kollane.jpg\",\"width\":800,\"height\":800},{\"@type\":\"BreadcrumbList\",\"@id\":\"https:\\\/\\\/tsargipood.ee\\\/product\\\/kerge-kandekott-orgaanilisest-puuvillast-tote-kott\\\/#breadcrumb\",\"itemListElement\":[{\"@type\":\"ListItem\",\"position\":1,\"name\":\"Home\",\"item\":\"https:\\\/\\\/tsargipood.ee\\\/\"},{\"@type\":\"ListItem\",\"position\":2,\"name\":\"T-s\u00e4rgipood\",\"item\":\"https:\\\/\\\/tsargipood.ee\\\/\"},{\"@type\":\"ListItem\",\"position\":3,\"name\":\"Kerge kandekott \u2013 orgaanilisest puuvillast tote kott\"}]},{\"@type\":\"WebSite\",\"@id\":\"https:\\\/\\\/tsargipood.ee\\\/#website\",\"url\":\"https:\\\/\\\/tsargipood.ee\\\/\",\"name\":\"T-s\u00e4rgipood - Disaini oma T-s\u00e4rk\",\"description\":\"Kujunda oma t-s\u00e4rk\",\"publisher\":{\"@id\":\"https:\\\/\\\/tsargipood.ee\\\/#organization\"},\"alternateName\":\"T-s\u00e4rgipood\",\"potentialAction\":[{\"@type\":\"SearchAction\",\"target\":{\"@type\":\"EntryPoint\",\"urlTemplate\":\"https:\\\/\\\/tsargipood.ee\\\/?s={search_term_string}\"},\"query-input\":{\"@type\":\"PropertyValueSpecification\",\"valueRequired\":true,\"valueName\":\"search_term_string\"}}],\"inLanguage\":\"en-GB\"},{\"@type\":\"Organization\",\"@id\":\"https:\\\/\\\/tsargipood.ee\\\/#organization\",\"name\":\"T-S\u00e4rgipood\",\"alternateName\":\"Disaini oma t-s\u00e4rk\",\"url\":\"https:\\\/\\\/tsargipood.ee\\\/\",\"logo\":{\"@type\":\"ImageObject\",\"inLanguage\":\"en-GB\",\"@id\":\"https:\\\/\\\/tsargipood.ee\\\/#\\\/schema\\\/logo\\\/image\\\/\",\"url\":\"https:\\\/\\\/tsargipood.ee\\\/wp-content\\\/uploads\\\/2023\\\/06\\\/T-sargipood-logo-1.png\",\"contentUrl\":\"https:\\\/\\\/tsargipood.ee\\\/wp-content\\\/uploads\\\/2023\\\/06\\\/T-sargipood-logo-1.png\",\"width\":540,\"height\":540,\"caption\":\"T-S\u00e4rgipood\"},\"image\":{\"@id\":\"https:\\\/\\\/tsargipood.ee\\\/#\\\/schema\\\/logo\\\/image\\\/\"},\"sameAs\":[\"https:\\\/\\\/www.facebook.com\\\/profile.php?id=100090772812912\",\"https:\\\/\\\/www.instagram.com\\\/tsargipood\\\/\"]}]}<\/script>\n<!-- \/ Yoast SEO plugin. -->","yoast_head_json":{"title":"Kerge kandekott \u2013 orgaanilisest puuvillast tote kott | T-s\u00e4rgipood - Disaini oma T-s\u00e4rk","description":"Kerge ja vastupidav orgaanilisest puuvillast kandekott pikkade sangadega. Sobib igap\u00e4evaseks kasutamiseks, ostlemiseks ning logoga personaliseerimiseks.","robots":{"index":"index","follow":"follow","max-snippet":"max-snippet:-1","max-image-preview":"max-image-preview:large","max-video-preview":"max-video-preview:-1"},"canonical":"https:\/\/tsargipood.ee\/en\/product\/kerge-kandekott-orgaanilisest-puuvillast-tote-kott\/","og_locale":"en_GB","og_type":"article","og_title":"Kerge kandekott \u2013 orgaanilisest puuvillast tote kott | T-s\u00e4rgipood - Disaini oma T-s\u00e4rk","og_description":"Kerge ja vastupidav orgaanilisest puuvillast kandekott pikkade sangadega. Sobib igap\u00e4evaseks kasutamiseks, ostlemiseks ning logoga personaliseerimiseks.","og_url":"https:\/\/tsargipood.ee\/en\/product\/kerge-kandekott-orgaanilisest-puuvillast-tote-kott\/","og_site_name":"T-s\u00e4rgipood - Disaini oma T-s\u00e4rk","article_publisher":"https:\/\/www.facebook.com\/profile.php?id=100090772812912","article_modified_time":"2026-02-18T08:28:20+00:00","og_image":[{"width":800,"height":800,"url":"https:\/\/tsargipood.ee\/wp-content\/uploads\/2026\/02\/Kerge_kollane.jpg","type":"image\/jpeg"}],"twitter_card":"summary_large_image","twitter_misc":{"Estimated reading time":"2 minutes"},"schema":{"@context":"https:\/\/schema.org","@graph":[{"@type":"WebPage","@id":"https:\/\/tsargipood.ee\/product\/kerge-kandekott-orgaanilisest-puuvillast-tote-kott\/","url":"https:\/\/tsargipood.ee\/product\/kerge-kandekott-orgaanilisest-puuvillast-tote-kott\/","name":"Kerge kandekott \u2013 orgaanilisest puuvillast tote kott | T-s\u00e4rgipood - Disaini oma T-s\u00e4rk","isPartOf":{"@id":"https:\/\/tsargipood.ee\/#website"},"primaryImageOfPage":{"@id":"https:\/\/tsargipood.ee\/product\/kerge-kandekott-orgaanilisest-puuvillast-tote-kott\/#primaryimage"},"image":{"@id":"https:\/\/tsargipood.ee\/product\/kerge-kandekott-orgaanilisest-puuvillast-tote-kott\/#primaryimage"},"thumbnailUrl":"https:\/\/tsargipood.ee\/wp-content\/uploads\/2026\/02\/Kerge_kollane.jpg","datePublished":"2026-02-05T08:38:28+00:00","dateModified":"2026-02-18T08:28:20+00:00","description":"Kerge ja vastupidav orgaanilisest puuvillast kandekott pikkade sangadega. Sobib igap\u00e4evaseks kasutamiseks, ostlemiseks ning logoga personaliseerimiseks.","breadcrumb":{"@id":"https:\/\/tsargipood.ee\/product\/kerge-kandekott-orgaanilisest-puuvillast-tote-kott\/#breadcrumb"},"inLanguage":"en-GB","potentialAction":[{"@type":"ReadAction","target":["https:\/\/tsargipood.ee\/product\/kerge-kandekott-orgaanilisest-puuvillast-tote-kott\/"]}]},{"@type":"ImageObject","inLanguage":"en-GB","@id":"https:\/\/tsargipood.ee\/product\/kerge-kandekott-orgaanilisest-puuvillast-tote-kott\/#primaryimage","url":"https:\/\/tsargipood.ee\/wp-content\/uploads\/2026\/02\/Kerge_kollane.jpg","contentUrl":"https:\/\/tsargipood.ee\/wp-content\/uploads\/2026\/02\/Kerge_kollane.jpg","width":800,"height":800},{"@type":"BreadcrumbList","@id":"https:\/\/tsargipood.ee\/product\/kerge-kandekott-orgaanilisest-puuvillast-tote-kott\/#breadcrumb","itemListElement":[{"@type":"ListItem","position":1,"name":"Home","item":"https:\/\/tsargipood.ee\/"},{"@type":"ListItem","position":2,"name":"T-s\u00e4rgipood","item":"https:\/\/tsargipood.ee\/"},{"@type":"ListItem","position":3,"name":"Kerge kandekott \u2013 orgaanilisest puuvillast tote kott"}]},{"@type":"WebSite","@id":"https:\/\/tsargipood.ee\/#website","url":"https:\/\/tsargipood.ee\/","name":"T-shirt shop - Design your own T-shirt","description":"Design your own t-shirt","publisher":{"@id":"https:\/\/tsargipood.ee\/#organization"},"alternateName":"T-s\u00e4rgipood","potentialAction":[{"@type":"SearchAction","target":{"@type":"EntryPoint","urlTemplate":"https:\/\/tsargipood.ee\/?s={search_term_string}"},"query-input":{"@type":"PropertyValueSpecification","valueRequired":true,"valueName":"search_term_string"}}],"inLanguage":"en-GB"},{"@type":"Organization","@id":"https:\/\/tsargipood.ee\/#organization","name":"T-S\u00e4rgipood","alternateName":"Disaini oma t-s\u00e4rk","url":"https:\/\/tsargipood.ee\/","logo":{"@type":"ImageObject","inLanguage":"en-GB","@id":"https:\/\/tsargipood.ee\/#\/schema\/logo\/image\/","url":"https:\/\/tsargipood.ee\/wp-content\/uploads\/2023\/06\/T-sargipood-logo-1.png","contentUrl":"https:\/\/tsargipood.ee\/wp-content\/uploads\/2023\/06\/T-sargipood-logo-1.png","width":540,"height":540,"caption":"T-S\u00e4rgipood"},"image":{"@id":"https:\/\/tsargipood.ee\/#\/schema\/logo\/image\/"},"sameAs":["https:\/\/www.facebook.com\/profile.php?id=100090772812912","https:\/\/www.instagram.com\/tsargipood\/"]}]}},"_links":{"self":[{"href":"https:\/\/tsargipood.ee\/en\/wp-json\/wp\/v2\/product\/19328","targetHints":{"allow":["GET"]}}],"collection":[{"href":"https:\/\/tsargipood.ee\/en\/wp-json\/wp\/v2\/product"}],"about":[{"href":"https:\/\/tsargipood.ee\/en\/wp-json\/wp\/v2\/types\/product"}],"replies":[{"embeddable":true,"href":"https:\/\/tsargipood.ee\/en\/wp-json\/wp\/v2\/comments?post=19328"}],"version-history":[{"count":0,"href":"https:\/\/tsargipood.ee\/en\/wp-json\/wp\/v2\/product\/19328\/revisions"}],"wp:featuredmedia":[{"embeddable":true,"href":"https:\/\/tsargipood.ee\/en\/wp-json\/wp\/v2\/media\/19330"}],"wp:attachment":[{"href":"https:\/\/tsargipood.ee\/en\/wp-json\/wp\/v2\/media?parent=19328"}],"wp:term":[{"taxonomy":"product_brand","embeddable":true,"href":"https:\/\/tsargipood.ee\/en\/wp-json\/wp\/v2\/product_brand?post=19328"},{"taxonomy":"product_cat","embeddable":true,"href":"https:\/\/tsargipood.ee\/en\/wp-json\/wp\/v2\/product_cat?post=19328"},{"taxonomy":"product_tag","embeddable":true,"href":"https:\/\/tsargipood.ee\/en\/wp-json\/wp\/v2\/product_tag?post=19328"}],"curies":[{"name":"wp","href":"https:\/\/api.w.org\/{rel}","templated":true}]}}