{"id":19351,"date":"2026-02-05T12:09:45","date_gmt":"2026-02-05T12:09:45","guid":{"rendered":"https:\/\/tsargipood.ee\/?post_type=product&#038;p=19351"},"modified":"2026-03-30T11:06:03","modified_gmt":"2026-03-30T11:06:03","slug":"shopping-bag-2-0-isikuparane-kandekott","status":"publish","type":"product","link":"https:\/\/tsargipood.ee\/en\/product\/shopping-bag-2-0-isikuparane-kandekott\/","title":{"rendered":"Shopping Bag 2.0 \u2013 isikup\u00e4rane kandekott"},"content":{"rendered":"<div><strong>Shopping Bag 2.0 \u2013 isikup\u00e4rane kandekott kujundamiseks<\/strong><\/div>\n<div><\/div>\n<div><strong>L\u00fchikirjeldus<\/strong><\/div>\n<div><\/div>\n<div>Shopping Bag 2.0 on kvaliteetne ja praktiline kandekott, mida saad ise kujundada t\u00e4pselt enda soovide j\u00e4rgi. Nutikad detailid, tugev konstruktsioon ja taaskasutatud puuvill teevad sellest koti, mida on r\u00f5\u00f5m kasutada iga p\u00e4ev \u2013 olgu poodi, t\u00f6\u00f6le v\u00f5i kaasa v\u00f5tmiseks.<\/div>\n<div><\/div>\n<div><strong>Omadused<\/strong><\/div>\n<div>\u2022Puhas viimistlus \u2013 \u00fclaserv volditud<\/div>\n<div>\u2022Peidetud trukk-kinnitus<\/div>\n<div>\u2022P\u00f5hja- ja k\u00fcljevoldid mahukuse jaoks<\/div>\n<div>\u2022Pikad ja l\u00fchikesed sangad samast kangast<\/div>\n<div>\u2022Sangad tugevdatud ristpistega<\/div>\n<div>\u2022Sisemine tasku<\/div>\n<div>\u2022K\u00f5ik sisemised \u00f5mblused viimistletud kalasabapaelaga<\/div>\n<div>\u2022\u00dclaservas \u00fche n\u00f5elaga pealis\u00f5mblus<\/div>\n<div>Materjal<\/div>\n<div>\u2022100% taaskasutatud puuvill<\/div>\n<div>\u2022Canvas-kangas<\/div>\n<div>\u2022Open End, kammimata<\/div>\n<div>\u2022Kangas eelnevalt pestud<\/div>\n<div><\/div>\n<div><strong>Hooldusjuhised<\/strong><\/div>\n<div>\u2022Pesta koos sarnaste v\u00e4rvidega<\/div>\n<div>\u2022Tr\u00fckipinnale mitte triikida<\/div>\n<div>\u2022Pesta ja triikida pahempidi<\/div>\n<div>\u2022Pesu: 30 \u00b0C<\/div>\n<div>\u2022Pleegitamine: ei<\/div>\n<div>\u2022Trummelkuivatus: ei<\/div>\n<div>\u2022Triikimine: kuni 110 \u00b0C<\/div>\n<div>\u2022Keemiline puhastus: ei<\/div>\n<div><\/div>\n<div><img decoding=\"async\" class=\"w-8 h-8 shrink-0 alignleft\" title=\"Washing - 30\u00b0\" src=\"https:\/\/stanleystella.com\/media\/amasty\/shopby\/option_images\/slider\/was_30.png\" alt=\"Washing - 30\u00b0\" width=\"32\" height=\"32\" \/><img decoding=\"async\" class=\"w-8 h-8 shrink-0 alignleft\" title=\"Bleaching - No\" src=\"https:\/\/stanleystella.com\/media\/amasty\/shopby\/option_images\/slider\/ble_not.png\" alt=\"Bleaching - No\" width=\"32\" height=\"32\" \/><img decoding=\"async\" class=\"w-8 h-8 shrink-0 alignleft\" title=\"Drying - Tumble Dry No\" src=\"https:\/\/stanleystella.com\/media\/amasty\/shopby\/option_images\/slider\/dry_not.png\" alt=\"Drying - Tumble Dry No\" width=\"32\" height=\"32\" \/><img loading=\"lazy\" decoding=\"async\" class=\"w-8 h-8 shrink-0 alignleft\" title=\"Ironing - 110\u00b0\" src=\"https:\/\/stanleystella.com\/media\/amasty\/shopby\/option_images\/slider\/iro_max_110.png\" alt=\"Ironing - 110\u00b0\" width=\"32\" height=\"32\" \/><img loading=\"lazy\" decoding=\"async\" class=\"w-8 h-8 shrink-0 alignleft\" title=\"Cleaning - No\" src=\"https:\/\/stanleystella.com\/media\/amasty\/shopby\/option_images\/slider\/EU-Symbol_DryCleaning.svg\" alt=\"Cleaning - No\" width=\"32\" height=\"32\" \/><\/div>","protected":false},"excerpt":{"rendered":"<h1><strong><span style=\"color: #fe4f02;\">Stanley\/Stella Shopping bag 2.0<\/span><\/strong><\/h1>\n<h3><b>Kirjeldus<\/b><\/h3>\n<p class=\"p3\">Minimalistliku ja l\u00e4bim\u00f5eldud disainiga <span class=\"s2\"><b>Shopping Bag 2.0<\/b><\/span> \u00fchendab mugavuse ja vastupidavuse. Peidetud trukk-kinnitus hoiab sisu turvaliselt kotis, sisetasku aitab v\u00e4iksemaid asju korras hoida ning p\u00f5hja- ja k\u00fcljevoldid annavad kotile rohkem ruumi. Pikad ja l\u00fchikesed sangad v\u00f5imaldavad kotti kanda just nii, nagu parasjagu mugavam on.<\/p>\n<p class=\"p3\">Lisa oma tekst, pilt v\u00f5i logo ning loo kott, mis peegeldab sinu stiili v\u00f5i ettev\u00f5tte identiteeti.<\/p>\n<p><img loading=\"lazy\" decoding=\"async\" class=\"object-contain h-[72px] alignleft\" title=\"GRS 100CTTN\" src=\"https:\/\/stanleystella.com\/media\/amasty\/shopby\/option_images\/slider\/GRS_100Cttn.png\" alt=\"GRS 100CTTN\" width=\"110\" height=\"76\" \/><img loading=\"lazy\" decoding=\"async\" class=\"object-contain h-[72px] alignleft\" title=\"OEKO-TEX recycled\" src=\"https:\/\/stanleystella.com\/media\/amasty\/shopby\/option_images\/OekoTex1112055.png\" alt=\"OEKO-TEX recycled\" width=\"75\" height=\"81\" \/><img loading=\"lazy\" decoding=\"async\" class=\"object-contain h-[72px] alignleft\" title=\"Vegan\" src=\"https:\/\/stanleystella.com\/media\/amasty\/shopby\/option_images\/slider\/PETAVegan_1.png\" alt=\"Vegan\" width=\"205\" height=\"75\" \/><img loading=\"lazy\" decoding=\"async\" class=\"object-contain h-[72px] alignleft\" title=\"Fairwear\" src=\"https:\/\/stanleystella.com\/media\/amasty\/shopby\/option_images\/slider\/Fairwear_1.png\" alt=\"Fairwear\" width=\"127\" height=\"75\" \/><\/p>\n","protected":false},"featured_media":19356,"comment_status":"closed","ping_status":"closed","template":"","meta":{"googlesitekit_rrm_CAow0ZS_DA:productID":""},"product_brand":[514],"product_cat":[217,25],"product_tag":[],"class_list":{"0":"post-19351","1":"product","2":"type-product","3":"status-publish","4":"has-post-thumbnail","6":"product_brand-stanley-stella","7":"product_cat-disainitavad-tooted","8":"product_cat-poekott","9":"fpd-variation-needed","11":"first","12":"instock","13":"taxable","14":"shipping-taxable","15":"purchasable","16":"product-type-variable"},"yoast_head":"<!-- This site is optimized with the Yoast SEO plugin v27.5 - https:\/\/yoast.com\/product\/yoast-seo-wordpress\/ -->\n<title>Shopping Bag 2.0 \u2013 isikup\u00e4rane kandekott | T-s\u00e4rgipood - Disaini oma T-s\u00e4rk<\/title>\n<meta name=\"description\" content=\"Kujunda ise Shopping Bag 2.0 kandekott \u2013 vastupidav ja stiilne taaskasutatud puuvillast kott igap\u00e4evaseks kasutamiseks, kingituseks v\u00f5i logoga tr\u00fckiks.\" \/>\n<meta name=\"robots\" content=\"index, follow, max-snippet:-1, max-image-preview:large, max-video-preview:-1\" \/>\n<link rel=\"canonical\" href=\"https:\/\/tsargipood.ee\/en\/product\/shopping-bag-2-0-isikuparane-kandekott\/\" \/>\n<meta property=\"og:locale\" content=\"en_GB\" \/>\n<meta property=\"og:type\" content=\"article\" \/>\n<meta property=\"og:title\" content=\"Shopping Bag 2.0 \u2013 isikup\u00e4rane kandekott | T-s\u00e4rgipood - Disaini oma T-s\u00e4rk\" \/>\n<meta property=\"og:description\" content=\"Kujunda ise Shopping Bag 2.0 kandekott \u2013 vastupidav ja stiilne taaskasutatud puuvillast kott igap\u00e4evaseks kasutamiseks, kingituseks v\u00f5i logoga tr\u00fckiks.\" \/>\n<meta property=\"og:url\" content=\"https:\/\/tsargipood.ee\/en\/product\/shopping-bag-2-0-isikuparane-kandekott\/\" \/>\n<meta property=\"og:site_name\" content=\"T-s\u00e4rgipood - Disaini oma T-s\u00e4rk\" \/>\n<meta property=\"article:publisher\" content=\"https:\/\/www.facebook.com\/profile.php?id=100090772812912\" \/>\n<meta property=\"article:modified_time\" content=\"2026-03-30T11:06:03+00:00\" \/>\n<meta property=\"og:image\" content=\"https:\/\/tsargipood.ee\/wp-content\/uploads\/2026\/02\/2.0_latte.jpg\" \/>\n\t<meta property=\"og:image:width\" content=\"800\" \/>\n\t<meta property=\"og:image:height\" content=\"800\" \/>\n\t<meta property=\"og:image:type\" content=\"image\/jpeg\" \/>\n<meta name=\"twitter:card\" content=\"summary_large_image\" \/>\n<meta name=\"twitter:label1\" content=\"Estimated reading time\" \/>\n\t<meta name=\"twitter:data1\" content=\"2 minutes\" \/>\n<script type=\"application\/ld+json\" class=\"yoast-schema-graph\">{\"@context\":\"https:\\\/\\\/schema.org\",\"@graph\":[{\"@type\":\"WebPage\",\"@id\":\"https:\\\/\\\/tsargipood.ee\\\/product\\\/shopping-bag-2-0-isikuparane-kandekott\\\/\",\"url\":\"https:\\\/\\\/tsargipood.ee\\\/product\\\/shopping-bag-2-0-isikuparane-kandekott\\\/\",\"name\":\"Shopping Bag 2.0 \u2013 isikup\u00e4rane kandekott | T-s\u00e4rgipood - Disaini oma T-s\u00e4rk\",\"isPartOf\":{\"@id\":\"https:\\\/\\\/tsargipood.ee\\\/#website\"},\"primaryImageOfPage\":{\"@id\":\"https:\\\/\\\/tsargipood.ee\\\/product\\\/shopping-bag-2-0-isikuparane-kandekott\\\/#primaryimage\"},\"image\":{\"@id\":\"https:\\\/\\\/tsargipood.ee\\\/product\\\/shopping-bag-2-0-isikuparane-kandekott\\\/#primaryimage\"},\"thumbnailUrl\":\"https:\\\/\\\/tsargipood.ee\\\/wp-content\\\/uploads\\\/2026\\\/02\\\/2.0_latte.jpg\",\"datePublished\":\"2026-02-05T12:09:45+00:00\",\"dateModified\":\"2026-03-30T11:06:03+00:00\",\"description\":\"Kujunda ise Shopping Bag 2.0 kandekott \u2013 vastupidav ja stiilne taaskasutatud puuvillast kott igap\u00e4evaseks kasutamiseks, kingituseks v\u00f5i logoga tr\u00fckiks.\",\"breadcrumb\":{\"@id\":\"https:\\\/\\\/tsargipood.ee\\\/product\\\/shopping-bag-2-0-isikuparane-kandekott\\\/#breadcrumb\"},\"inLanguage\":\"en-GB\",\"potentialAction\":[{\"@type\":\"ReadAction\",\"target\":[\"https:\\\/\\\/tsargipood.ee\\\/product\\\/shopping-bag-2-0-isikuparane-kandekott\\\/\"]}]},{\"@type\":\"ImageObject\",\"inLanguage\":\"en-GB\",\"@id\":\"https:\\\/\\\/tsargipood.ee\\\/product\\\/shopping-bag-2-0-isikuparane-kandekott\\\/#primaryimage\",\"url\":\"https:\\\/\\\/tsargipood.ee\\\/wp-content\\\/uploads\\\/2026\\\/02\\\/2.0_latte.jpg\",\"contentUrl\":\"https:\\\/\\\/tsargipood.ee\\\/wp-content\\\/uploads\\\/2026\\\/02\\\/2.0_latte.jpg\",\"width\":800,\"height\":800},{\"@type\":\"BreadcrumbList\",\"@id\":\"https:\\\/\\\/tsargipood.ee\\\/product\\\/shopping-bag-2-0-isikuparane-kandekott\\\/#breadcrumb\",\"itemListElement\":[{\"@type\":\"ListItem\",\"position\":1,\"name\":\"Home\",\"item\":\"https:\\\/\\\/tsargipood.ee\\\/\"},{\"@type\":\"ListItem\",\"position\":2,\"name\":\"T-s\u00e4rgipood\",\"item\":\"https:\\\/\\\/tsargipood.ee\\\/\"},{\"@type\":\"ListItem\",\"position\":3,\"name\":\"Shopping Bag 2.0 \u2013 isikup\u00e4rane kandekott\"}]},{\"@type\":\"WebSite\",\"@id\":\"https:\\\/\\\/tsargipood.ee\\\/#website\",\"url\":\"https:\\\/\\\/tsargipood.ee\\\/\",\"name\":\"T-s\u00e4rgipood - Disaini oma T-s\u00e4rk\",\"description\":\"Kujunda oma t-s\u00e4rk\",\"publisher\":{\"@id\":\"https:\\\/\\\/tsargipood.ee\\\/#organization\"},\"alternateName\":\"T-s\u00e4rgipood\",\"potentialAction\":[{\"@type\":\"SearchAction\",\"target\":{\"@type\":\"EntryPoint\",\"urlTemplate\":\"https:\\\/\\\/tsargipood.ee\\\/?s={search_term_string}\"},\"query-input\":{\"@type\":\"PropertyValueSpecification\",\"valueRequired\":true,\"valueName\":\"search_term_string\"}}],\"inLanguage\":\"en-GB\"},{\"@type\":\"Organization\",\"@id\":\"https:\\\/\\\/tsargipood.ee\\\/#organization\",\"name\":\"T-S\u00e4rgipood\",\"alternateName\":\"Disaini oma t-s\u00e4rk\",\"url\":\"https:\\\/\\\/tsargipood.ee\\\/\",\"logo\":{\"@type\":\"ImageObject\",\"inLanguage\":\"en-GB\",\"@id\":\"https:\\\/\\\/tsargipood.ee\\\/#\\\/schema\\\/logo\\\/image\\\/\",\"url\":\"https:\\\/\\\/tsargipood.ee\\\/wp-content\\\/uploads\\\/2023\\\/06\\\/T-sargipood-logo-1.png\",\"contentUrl\":\"https:\\\/\\\/tsargipood.ee\\\/wp-content\\\/uploads\\\/2023\\\/06\\\/T-sargipood-logo-1.png\",\"width\":540,\"height\":540,\"caption\":\"T-S\u00e4rgipood\"},\"image\":{\"@id\":\"https:\\\/\\\/tsargipood.ee\\\/#\\\/schema\\\/logo\\\/image\\\/\"},\"sameAs\":[\"https:\\\/\\\/www.facebook.com\\\/profile.php?id=100090772812912\",\"https:\\\/\\\/www.instagram.com\\\/tsargipood\\\/\"]}]}<\/script>\n<!-- \/ Yoast SEO plugin. -->","yoast_head_json":{"title":"Shopping Bag 2.0 \u2013 isikup\u00e4rane kandekott | T-s\u00e4rgipood - Disaini oma T-s\u00e4rk","description":"Kujunda ise Shopping Bag 2.0 kandekott \u2013 vastupidav ja stiilne taaskasutatud puuvillast kott igap\u00e4evaseks kasutamiseks, kingituseks v\u00f5i logoga tr\u00fckiks.","robots":{"index":"index","follow":"follow","max-snippet":"max-snippet:-1","max-image-preview":"max-image-preview:large","max-video-preview":"max-video-preview:-1"},"canonical":"https:\/\/tsargipood.ee\/en\/product\/shopping-bag-2-0-isikuparane-kandekott\/","og_locale":"en_GB","og_type":"article","og_title":"Shopping Bag 2.0 \u2013 isikup\u00e4rane kandekott | T-s\u00e4rgipood - Disaini oma T-s\u00e4rk","og_description":"Kujunda ise Shopping Bag 2.0 kandekott \u2013 vastupidav ja stiilne taaskasutatud puuvillast kott igap\u00e4evaseks kasutamiseks, kingituseks v\u00f5i logoga tr\u00fckiks.","og_url":"https:\/\/tsargipood.ee\/en\/product\/shopping-bag-2-0-isikuparane-kandekott\/","og_site_name":"T-s\u00e4rgipood - Disaini oma T-s\u00e4rk","article_publisher":"https:\/\/www.facebook.com\/profile.php?id=100090772812912","article_modified_time":"2026-03-30T11:06:03+00:00","og_image":[{"width":800,"height":800,"url":"https:\/\/tsargipood.ee\/wp-content\/uploads\/2026\/02\/2.0_latte.jpg","type":"image\/jpeg"}],"twitter_card":"summary_large_image","twitter_misc":{"Estimated reading time":"2 minutes"},"schema":{"@context":"https:\/\/schema.org","@graph":[{"@type":"WebPage","@id":"https:\/\/tsargipood.ee\/product\/shopping-bag-2-0-isikuparane-kandekott\/","url":"https:\/\/tsargipood.ee\/product\/shopping-bag-2-0-isikuparane-kandekott\/","name":"Shopping Bag 2.0 \u2013 isikup\u00e4rane kandekott | T-s\u00e4rgipood - Disaini oma T-s\u00e4rk","isPartOf":{"@id":"https:\/\/tsargipood.ee\/#website"},"primaryImageOfPage":{"@id":"https:\/\/tsargipood.ee\/product\/shopping-bag-2-0-isikuparane-kandekott\/#primaryimage"},"image":{"@id":"https:\/\/tsargipood.ee\/product\/shopping-bag-2-0-isikuparane-kandekott\/#primaryimage"},"thumbnailUrl":"https:\/\/tsargipood.ee\/wp-content\/uploads\/2026\/02\/2.0_latte.jpg","datePublished":"2026-02-05T12:09:45+00:00","dateModified":"2026-03-30T11:06:03+00:00","description":"Kujunda ise Shopping Bag 2.0 kandekott \u2013 vastupidav ja stiilne taaskasutatud puuvillast kott igap\u00e4evaseks kasutamiseks, kingituseks v\u00f5i logoga tr\u00fckiks.","breadcrumb":{"@id":"https:\/\/tsargipood.ee\/product\/shopping-bag-2-0-isikuparane-kandekott\/#breadcrumb"},"inLanguage":"en-GB","potentialAction":[{"@type":"ReadAction","target":["https:\/\/tsargipood.ee\/product\/shopping-bag-2-0-isikuparane-kandekott\/"]}]},{"@type":"ImageObject","inLanguage":"en-GB","@id":"https:\/\/tsargipood.ee\/product\/shopping-bag-2-0-isikuparane-kandekott\/#primaryimage","url":"https:\/\/tsargipood.ee\/wp-content\/uploads\/2026\/02\/2.0_latte.jpg","contentUrl":"https:\/\/tsargipood.ee\/wp-content\/uploads\/2026\/02\/2.0_latte.jpg","width":800,"height":800},{"@type":"BreadcrumbList","@id":"https:\/\/tsargipood.ee\/product\/shopping-bag-2-0-isikuparane-kandekott\/#breadcrumb","itemListElement":[{"@type":"ListItem","position":1,"name":"Home","item":"https:\/\/tsargipood.ee\/"},{"@type":"ListItem","position":2,"name":"T-s\u00e4rgipood","item":"https:\/\/tsargipood.ee\/"},{"@type":"ListItem","position":3,"name":"Shopping Bag 2.0 \u2013 isikup\u00e4rane kandekott"}]},{"@type":"WebSite","@id":"https:\/\/tsargipood.ee\/#website","url":"https:\/\/tsargipood.ee\/","name":"T-shirt shop - Design your own T-shirt","description":"Design your own t-shirt","publisher":{"@id":"https:\/\/tsargipood.ee\/#organization"},"alternateName":"T-s\u00e4rgipood","potentialAction":[{"@type":"SearchAction","target":{"@type":"EntryPoint","urlTemplate":"https:\/\/tsargipood.ee\/?s={search_term_string}"},"query-input":{"@type":"PropertyValueSpecification","valueRequired":true,"valueName":"search_term_string"}}],"inLanguage":"en-GB"},{"@type":"Organization","@id":"https:\/\/tsargipood.ee\/#organization","name":"T-S\u00e4rgipood","alternateName":"Disaini oma t-s\u00e4rk","url":"https:\/\/tsargipood.ee\/","logo":{"@type":"ImageObject","inLanguage":"en-GB","@id":"https:\/\/tsargipood.ee\/#\/schema\/logo\/image\/","url":"https:\/\/tsargipood.ee\/wp-content\/uploads\/2023\/06\/T-sargipood-logo-1.png","contentUrl":"https:\/\/tsargipood.ee\/wp-content\/uploads\/2023\/06\/T-sargipood-logo-1.png","width":540,"height":540,"caption":"T-S\u00e4rgipood"},"image":{"@id":"https:\/\/tsargipood.ee\/#\/schema\/logo\/image\/"},"sameAs":["https:\/\/www.facebook.com\/profile.php?id=100090772812912","https:\/\/www.instagram.com\/tsargipood\/"]}]}},"_links":{"self":[{"href":"https:\/\/tsargipood.ee\/en\/wp-json\/wp\/v2\/product\/19351","targetHints":{"allow":["GET"]}}],"collection":[{"href":"https:\/\/tsargipood.ee\/en\/wp-json\/wp\/v2\/product"}],"about":[{"href":"https:\/\/tsargipood.ee\/en\/wp-json\/wp\/v2\/types\/product"}],"replies":[{"embeddable":true,"href":"https:\/\/tsargipood.ee\/en\/wp-json\/wp\/v2\/comments?post=19351"}],"version-history":[{"count":0,"href":"https:\/\/tsargipood.ee\/en\/wp-json\/wp\/v2\/product\/19351\/revisions"}],"wp:featuredmedia":[{"embeddable":true,"href":"https:\/\/tsargipood.ee\/en\/wp-json\/wp\/v2\/media\/19356"}],"wp:attachment":[{"href":"https:\/\/tsargipood.ee\/en\/wp-json\/wp\/v2\/media?parent=19351"}],"wp:term":[{"taxonomy":"product_brand","embeddable":true,"href":"https:\/\/tsargipood.ee\/en\/wp-json\/wp\/v2\/product_brand?post=19351"},{"taxonomy":"product_cat","embeddable":true,"href":"https:\/\/tsargipood.ee\/en\/wp-json\/wp\/v2\/product_cat?post=19351"},{"taxonomy":"product_tag","embeddable":true,"href":"https:\/\/tsargipood.ee\/en\/wp-json\/wp\/v2\/product_tag?post=19351"}],"curies":[{"name":"wp","href":"https:\/\/api.w.org\/{rel}","templated":true}]}}