{"id":19830,"date":"2026-03-04T12:34:58","date_gmt":"2026-03-04T12:34:58","guid":{"rendered":"https:\/\/tsargipood.ee\/?post_type=product&#038;p=19830"},"modified":"2026-03-11T09:09:34","modified_gmt":"2026-03-11T09:09:34","slug":"disaini-ise-beebibodi","status":"publish","type":"product","link":"https:\/\/tsargipood.ee\/en\/product\/disaini-ise-beebibodi\/","title":{"rendered":"Disaini ise beebibodi"},"content":{"rendered":"<div><strong>Beebi Body\u00a0 \u2013 beebide l\u00fchikeste varrukatega bodi<\/strong><\/div>\n<div><\/div>\n<div>Pehme ja kvaliteetne beebibodi, mis on loodud igap\u00e4evaseks mugavaks kandmiseks. Fitted-l\u00f5ige istub ilusti \u00fcmber keha ning orgaaniline, kammitud ja r\u00f5ngaskedratud puuvill tagab eriti pehme ja nahas\u00f5braliku tunde. Ideaalne nii koduseks kandmiseks kui ka isikup\u00e4rase tr\u00fckiga kingituseks.<\/div>\n<div><\/div>\n<div><strong>Toote info:<\/strong><\/div>\n<div>\u2022L\u00f5ige: Fitted<\/div>\n<div>\u2022Suurused: 0\u20133 kuud (56\u201362 cm) kuni 18\u201324 kuud (86\u201392 cm)<\/div>\n<div>\u2022Kanga kaal: 210 GSM<\/div>\n<div><\/div>\n<div><strong>Detailid:<\/strong><\/div>\n<div>\u20221&#215;1 soonikkant kaelusel ja s\u00e4\u00e4reavades<\/div>\n<div>\u2022\u00d5lal trukkidega kinnis (lihtsam riietamine)<\/div>\n<div>\u2022Sisse\u00f5mmeldud varrukad<\/div>\n<div>\u2022Allosas trukk-kinnitus<\/div>\n<div><\/div>\n<div><strong>Koostis:<\/strong><\/div>\n<div>\u2022Interlock kangas<\/div>\n<div>\u2022100% orgaaniline puuvill (ring spun, combed)<\/div>\n<div>\u2022Paneelpestud viimistlus<\/div>\n<div><\/div>\n<div><strong>Hooldus:<\/strong><\/div>\n<div>\u2022Pese sarnaste v\u00e4rvidega 30\u00b0C juures<\/div>\n<div>\u2022\u00c4ra valgenda<\/div>\n<div>\u2022Trummelkuivatus ei ole soovitatav<\/div>\n<div>\u2022Triigi kuni 110\u00b0C (\u00e4ra triigi tr\u00fckile)<\/div>\n<div>\u2022Pese ja triigi pahupidi<\/div>\n<div><\/div>\n<div>\n<div>\n<p><img decoding=\"async\" class=\"w-8 h-8 shrink-0 alignleft entered lazyloaded\" title=\"Ironing - 110\u00b0\" src=\"https:\/\/stanleystella.com\/media\/amasty\/shopby\/option_images\/slider\/iro_max_110.png\" alt=\"Ironing - 110\u00b0\" width=\"32\" height=\"32\" data-lazy-src=\"https:\/\/stanleystella.com\/media\/amasty\/shopby\/option_images\/slider\/iro_max_110.png\" data-ll-status=\"loaded\" \/><img decoding=\"async\" class=\"w-8 h-8 shrink-0 alignleft entered lazyloaded\" title=\"Drying - Tumble Dry No\" src=\"https:\/\/stanleystella.com\/media\/amasty\/shopby\/option_images\/slider\/dry_not.png\" alt=\"Drying - Tumble Dry No\" width=\"32\" height=\"32\" data-lazy-src=\"https:\/\/stanleystella.com\/media\/amasty\/shopby\/option_images\/slider\/dry_not.png\" data-ll-status=\"loaded\" \/><img decoding=\"async\" class=\"w-8 h-8 shrink-0 alignleft entered lazyloaded\" title=\"Washing - 30\u00b0\" src=\"https:\/\/stanleystella.com\/media\/amasty\/shopby\/option_images\/slider\/was_30.png\" alt=\"Washing - 30\u00b0\" width=\"32\" height=\"32\" data-lazy-src=\"https:\/\/stanleystella.com\/media\/amasty\/shopby\/option_images\/slider\/was_30.png\" data-ll-status=\"loaded\" \/><img loading=\"lazy\" decoding=\"async\" class=\"w-8 h-8 shrink-0 alignleft entered lazyloaded\" title=\"Cleaning - No\" src=\"https:\/\/stanleystella.com\/media\/amasty\/shopby\/option_images\/slider\/EU-Symbol_DryCleaning.svg\" alt=\"Cleaning - No\" width=\"32\" height=\"32\" data-lazy-src=\"https:\/\/stanleystella.com\/media\/amasty\/shopby\/option_images\/slider\/EU-Symbol_DryCleaning.svg\" data-ll-status=\"loaded\" \/><img loading=\"lazy\" decoding=\"async\" class=\"w-8 h-8 shrink-0 alignleft entered lazyloaded\" title=\"Bleaching - No\" src=\"https:\/\/stanleystella.com\/media\/amasty\/shopby\/option_images\/slider\/ble_not.png\" alt=\"Bleaching - No\" width=\"32\" height=\"32\" data-lazy-src=\"https:\/\/stanleystella.com\/media\/amasty\/shopby\/option_images\/slider\/ble_not.png\" data-ll-status=\"loaded\" \/><\/p>\n<\/div>\n<p>&nbsp;<\/p>\n<\/div>\n<div><\/div>\n<div>Kvaliteetne ja vastupidav beebibodi, mis sobib ideaalselt ka personaalse tr\u00fckiga kujundamiseks.<\/div>","protected":false},"excerpt":{"rendered":"<p class=\"p1\"><b>Disaini ise beebibodi \u2013 loo midagi p\u00e4riselt armsat! \ud83d\udc76\ud83e\udde1<\/b><b><\/b><\/p>\n<p class=\"p3\">N\u00fc\u00fcd saad tsargipood.ee-s kujundada t\u00e4iesti isikup\u00e4rase beebibodi! Lisa nimi, s\u00fcnnikuup\u00e4ev, vahva tekst v\u00f5i armas pilt ning loo kingitus, mis j\u00e4\u00e4b m\u00e4lestuseks aastateks.<\/p>\n<p class=\"p3\">Pehmest ja nahas\u00f5bralikust puuvillast beebibodi sobib ideaalselt nii igap\u00e4evaseks kandmiseks kui ka eriliseks s\u00fcndmuseks. Vastupidav tr\u00fckk p\u00fcsib ilus ka p\u00e4rast mitmeid pesukordi.<\/p>\n<p class=\"p3\">\ud83d\udc49 Kujunda ise ja tee pisikese riietus eriliseks!<\/p>\n<picture class=\"alignnone size-full wp-image-7539 alignleft\"><img loading=\"lazy\" decoding=\"async\" class=\"entered lazyloaded\" src=\"https:\/\/tsargipood.ee\/wp-content\/uploads\/2023\/08\/PETAVegan-1.png\" alt=\"\" width=\"137\" height=\"50\" data-lazy-src=\"https:\/\/tsargipood.ee\/wp-content\/uploads\/2023\/08\/PETAVegan-1.png\" data-ll-status=\"loaded\" \/><\/picture><picture class=\"alignnone size-full wp-image-7538 alignleft\"><source srcset=\"https:\/\/tsargipood.ee\/wp-content\/uploads\/2023\/08\/OekoTex2012163-1.png.webp\" type=\"image\/webp\" data-lazy-srcset=\"https:\/\/tsargipood.ee\/wp-content\/uploads\/2023\/08\/OekoTex2012163-1.png.webp\" \/><img loading=\"lazy\" decoding=\"async\" class=\"entered lazyloaded\" src=\"https:\/\/tsargipood.ee\/wp-content\/uploads\/2023\/08\/OekoTex2012163-1.png\" alt=\"\" width=\"46\" height=\"50\" data-lazy-src=\"https:\/\/tsargipood.ee\/wp-content\/uploads\/2023\/08\/OekoTex2012163-1.png\" data-ll-status=\"loaded\" \/><\/picture><picture class=\"alignnone size-full wp-image-7537 alignleft\"><source srcset=\"https:\/\/tsargipood.ee\/wp-content\/uploads\/2023\/08\/GOTSOrganic-1.png.webp\" type=\"image\/webp\" data-lazy-srcset=\"https:\/\/tsargipood.ee\/wp-content\/uploads\/2023\/08\/GOTSOrganic-1.png.webp\" \/><img loading=\"lazy\" decoding=\"async\" class=\"entered lazyloaded\" src=\"https:\/\/tsargipood.ee\/wp-content\/uploads\/2023\/08\/GOTSOrganic-1.png\" alt=\"\" width=\"49\" height=\"50\" data-lazy-src=\"https:\/\/tsargipood.ee\/wp-content\/uploads\/2023\/08\/GOTSOrganic-1.png\" data-ll-status=\"loaded\" \/><\/picture><picture class=\"alignnone size-full wp-image-7536 alignleft\"><source srcset=\"https:\/\/tsargipood.ee\/wp-content\/uploads\/2023\/08\/Fairwear-1.png.webp\" type=\"image\/webp\" data-lazy-srcset=\"https:\/\/tsargipood.ee\/wp-content\/uploads\/2023\/08\/Fairwear-1.png.webp\" \/><img loading=\"lazy\" decoding=\"async\" class=\"entered lazyloaded\" src=\"https:\/\/tsargipood.ee\/wp-content\/uploads\/2023\/08\/Fairwear-1.png\" alt=\"\" width=\"85\" height=\"50\" data-lazy-src=\"https:\/\/tsargipood.ee\/wp-content\/uploads\/2023\/08\/Fairwear-1.png\" data-ll-status=\"loaded\" \/><\/picture>","protected":false},"featured_media":19831,"comment_status":"closed","ping_status":"closed","template":"","meta":{"googlesitekit_rrm_CAow0ZS_DA:productID":""},"product_brand":[514],"product_cat":[572,217],"product_tag":[579,573,576,574,577,575,578],"class_list":{"0":"post-19830","1":"product","2":"type-product","3":"status-publish","4":"has-post-thumbnail","6":"product_brand-stanley-stella","7":"product_cat-beebi-bodi","8":"product_cat-disainitavad-tooted","9":"product_tag-baby-body","10":"product_tag-beebibodi","11":"product_tag-beebibodi-trukiga","12":"product_tag-disaini-ise-beebibodi","13":"product_tag-katsiku-kingitus","14":"product_tag-orgaaniline-beebiriietus","15":"product_tag-personaalne-beebikink","16":"fpd-variation-needed","18":"first","19":"instock","20":"taxable","21":"shipping-taxable","22":"purchasable","23":"product-type-variable"},"yoast_head":"<!-- This site is optimized with the Yoast SEO plugin v27.5 - https:\/\/yoast.com\/product\/yoast-seo-wordpress\/ -->\n<title>Disaini ise beebibodi | T-s\u00e4rgipood - Disaini oma T-s\u00e4rk<\/title>\n<meta name=\"description\" content=\"Disaini ise orgaaniline beebibodi pehmest 100% puuvillast. Lisa nimi v\u00f5i pilt ja loo ainulaadne kingitus katsikuks v\u00f5i igap\u00e4evaseks kandmiseks.\" \/>\n<meta name=\"robots\" content=\"index, follow, max-snippet:-1, max-image-preview:large, max-video-preview:-1\" \/>\n<link rel=\"canonical\" href=\"https:\/\/tsargipood.ee\/en\/product\/disaini-ise-beebibodi\/\" \/>\n<meta property=\"og:locale\" content=\"en_GB\" \/>\n<meta property=\"og:type\" content=\"article\" \/>\n<meta property=\"og:title\" content=\"Disaini ise beebibodi | T-s\u00e4rgipood - Disaini oma T-s\u00e4rk\" \/>\n<meta property=\"og:description\" content=\"Disaini ise orgaaniline beebibodi pehmest 100% puuvillast. Lisa nimi v\u00f5i pilt ja loo ainulaadne kingitus katsikuks v\u00f5i igap\u00e4evaseks kandmiseks.\" \/>\n<meta property=\"og:url\" content=\"https:\/\/tsargipood.ee\/en\/product\/disaini-ise-beebibodi\/\" \/>\n<meta property=\"og:site_name\" content=\"T-s\u00e4rgipood - Disaini oma T-s\u00e4rk\" \/>\n<meta property=\"article:publisher\" content=\"https:\/\/www.facebook.com\/profile.php?id=100090772812912\" \/>\n<meta property=\"article:modified_time\" content=\"2026-03-11T09:09:34+00:00\" \/>\n<meta property=\"og:image\" content=\"https:\/\/tsargipood.ee\/wp-content\/uploads\/2026\/03\/Bbay-scaled.webp\" \/>\n\t<meta property=\"og:image:width\" content=\"2048\" \/>\n\t<meta property=\"og:image:height\" content=\"2560\" \/>\n\t<meta property=\"og:image:type\" content=\"image\/webp\" \/>\n<meta name=\"twitter:card\" content=\"summary_large_image\" \/>\n<meta name=\"twitter:label1\" content=\"Estimated reading time\" \/>\n\t<meta name=\"twitter:data1\" content=\"2 minutes\" \/>\n<script type=\"application\/ld+json\" class=\"yoast-schema-graph\">{\"@context\":\"https:\\\/\\\/schema.org\",\"@graph\":[{\"@type\":\"WebPage\",\"@id\":\"https:\\\/\\\/tsargipood.ee\\\/product\\\/disaini-ise-beebibodi\\\/\",\"url\":\"https:\\\/\\\/tsargipood.ee\\\/product\\\/disaini-ise-beebibodi\\\/\",\"name\":\"Disaini ise beebibodi | T-s\u00e4rgipood - Disaini oma T-s\u00e4rk\",\"isPartOf\":{\"@id\":\"https:\\\/\\\/tsargipood.ee\\\/#website\"},\"primaryImageOfPage\":{\"@id\":\"https:\\\/\\\/tsargipood.ee\\\/product\\\/disaini-ise-beebibodi\\\/#primaryimage\"},\"image\":{\"@id\":\"https:\\\/\\\/tsargipood.ee\\\/product\\\/disaini-ise-beebibodi\\\/#primaryimage\"},\"thumbnailUrl\":\"https:\\\/\\\/tsargipood.ee\\\/wp-content\\\/uploads\\\/2026\\\/03\\\/Bbay-scaled.webp\",\"datePublished\":\"2026-03-04T12:34:58+00:00\",\"dateModified\":\"2026-03-11T09:09:34+00:00\",\"description\":\"Disaini ise orgaaniline beebibodi pehmest 100% puuvillast. Lisa nimi v\u00f5i pilt ja loo ainulaadne kingitus katsikuks v\u00f5i igap\u00e4evaseks kandmiseks.\",\"breadcrumb\":{\"@id\":\"https:\\\/\\\/tsargipood.ee\\\/product\\\/disaini-ise-beebibodi\\\/#breadcrumb\"},\"inLanguage\":\"en-GB\",\"potentialAction\":[{\"@type\":\"ReadAction\",\"target\":[\"https:\\\/\\\/tsargipood.ee\\\/product\\\/disaini-ise-beebibodi\\\/\"]}]},{\"@type\":\"ImageObject\",\"inLanguage\":\"en-GB\",\"@id\":\"https:\\\/\\\/tsargipood.ee\\\/product\\\/disaini-ise-beebibodi\\\/#primaryimage\",\"url\":\"https:\\\/\\\/tsargipood.ee\\\/wp-content\\\/uploads\\\/2026\\\/03\\\/Bbay-scaled.webp\",\"contentUrl\":\"https:\\\/\\\/tsargipood.ee\\\/wp-content\\\/uploads\\\/2026\\\/03\\\/Bbay-scaled.webp\",\"width\":2048,\"height\":2560,\"caption\":\"Disaini ise beebibodi\"},{\"@type\":\"BreadcrumbList\",\"@id\":\"https:\\\/\\\/tsargipood.ee\\\/product\\\/disaini-ise-beebibodi\\\/#breadcrumb\",\"itemListElement\":[{\"@type\":\"ListItem\",\"position\":1,\"name\":\"Home\",\"item\":\"https:\\\/\\\/tsargipood.ee\\\/\"},{\"@type\":\"ListItem\",\"position\":2,\"name\":\"T-s\u00e4rgipood\",\"item\":\"https:\\\/\\\/tsargipood.ee\\\/\"},{\"@type\":\"ListItem\",\"position\":3,\"name\":\"Disaini ise beebibodi\"}]},{\"@type\":\"WebSite\",\"@id\":\"https:\\\/\\\/tsargipood.ee\\\/#website\",\"url\":\"https:\\\/\\\/tsargipood.ee\\\/\",\"name\":\"T-s\u00e4rgipood - Disaini oma T-s\u00e4rk\",\"description\":\"Kujunda oma t-s\u00e4rk\",\"publisher\":{\"@id\":\"https:\\\/\\\/tsargipood.ee\\\/#organization\"},\"alternateName\":\"T-s\u00e4rgipood\",\"potentialAction\":[{\"@type\":\"SearchAction\",\"target\":{\"@type\":\"EntryPoint\",\"urlTemplate\":\"https:\\\/\\\/tsargipood.ee\\\/?s={search_term_string}\"},\"query-input\":{\"@type\":\"PropertyValueSpecification\",\"valueRequired\":true,\"valueName\":\"search_term_string\"}}],\"inLanguage\":\"en-GB\"},{\"@type\":\"Organization\",\"@id\":\"https:\\\/\\\/tsargipood.ee\\\/#organization\",\"name\":\"T-S\u00e4rgipood\",\"alternateName\":\"Disaini oma t-s\u00e4rk\",\"url\":\"https:\\\/\\\/tsargipood.ee\\\/\",\"logo\":{\"@type\":\"ImageObject\",\"inLanguage\":\"en-GB\",\"@id\":\"https:\\\/\\\/tsargipood.ee\\\/#\\\/schema\\\/logo\\\/image\\\/\",\"url\":\"https:\\\/\\\/tsargipood.ee\\\/wp-content\\\/uploads\\\/2023\\\/06\\\/T-sargipood-logo-1.png\",\"contentUrl\":\"https:\\\/\\\/tsargipood.ee\\\/wp-content\\\/uploads\\\/2023\\\/06\\\/T-sargipood-logo-1.png\",\"width\":540,\"height\":540,\"caption\":\"T-S\u00e4rgipood\"},\"image\":{\"@id\":\"https:\\\/\\\/tsargipood.ee\\\/#\\\/schema\\\/logo\\\/image\\\/\"},\"sameAs\":[\"https:\\\/\\\/www.facebook.com\\\/profile.php?id=100090772812912\",\"https:\\\/\\\/www.instagram.com\\\/tsargipood\\\/\"]}]}<\/script>\n<!-- \/ Yoast SEO plugin. -->","yoast_head_json":{"title":"Disaini ise beebibodi | T-s\u00e4rgipood - Disaini oma T-s\u00e4rk","description":"Disaini ise orgaaniline beebibodi pehmest 100% puuvillast. Lisa nimi v\u00f5i pilt ja loo ainulaadne kingitus katsikuks v\u00f5i igap\u00e4evaseks kandmiseks.","robots":{"index":"index","follow":"follow","max-snippet":"max-snippet:-1","max-image-preview":"max-image-preview:large","max-video-preview":"max-video-preview:-1"},"canonical":"https:\/\/tsargipood.ee\/en\/product\/disaini-ise-beebibodi\/","og_locale":"en_GB","og_type":"article","og_title":"Disaini ise beebibodi | T-s\u00e4rgipood - Disaini oma T-s\u00e4rk","og_description":"Disaini ise orgaaniline beebibodi pehmest 100% puuvillast. Lisa nimi v\u00f5i pilt ja loo ainulaadne kingitus katsikuks v\u00f5i igap\u00e4evaseks kandmiseks.","og_url":"https:\/\/tsargipood.ee\/en\/product\/disaini-ise-beebibodi\/","og_site_name":"T-s\u00e4rgipood - Disaini oma T-s\u00e4rk","article_publisher":"https:\/\/www.facebook.com\/profile.php?id=100090772812912","article_modified_time":"2026-03-11T09:09:34+00:00","og_image":[{"width":2048,"height":2560,"url":"https:\/\/tsargipood.ee\/wp-content\/uploads\/2026\/03\/Bbay-scaled.webp","type":"image\/webp"}],"twitter_card":"summary_large_image","twitter_misc":{"Estimated reading time":"2 minutes"},"schema":{"@context":"https:\/\/schema.org","@graph":[{"@type":"WebPage","@id":"https:\/\/tsargipood.ee\/product\/disaini-ise-beebibodi\/","url":"https:\/\/tsargipood.ee\/product\/disaini-ise-beebibodi\/","name":"Disaini ise beebibodi | T-s\u00e4rgipood - Disaini oma T-s\u00e4rk","isPartOf":{"@id":"https:\/\/tsargipood.ee\/#website"},"primaryImageOfPage":{"@id":"https:\/\/tsargipood.ee\/product\/disaini-ise-beebibodi\/#primaryimage"},"image":{"@id":"https:\/\/tsargipood.ee\/product\/disaini-ise-beebibodi\/#primaryimage"},"thumbnailUrl":"https:\/\/tsargipood.ee\/wp-content\/uploads\/2026\/03\/Bbay-scaled.webp","datePublished":"2026-03-04T12:34:58+00:00","dateModified":"2026-03-11T09:09:34+00:00","description":"Disaini ise orgaaniline beebibodi pehmest 100% puuvillast. Lisa nimi v\u00f5i pilt ja loo ainulaadne kingitus katsikuks v\u00f5i igap\u00e4evaseks kandmiseks.","breadcrumb":{"@id":"https:\/\/tsargipood.ee\/product\/disaini-ise-beebibodi\/#breadcrumb"},"inLanguage":"en-GB","potentialAction":[{"@type":"ReadAction","target":["https:\/\/tsargipood.ee\/product\/disaini-ise-beebibodi\/"]}]},{"@type":"ImageObject","inLanguage":"en-GB","@id":"https:\/\/tsargipood.ee\/product\/disaini-ise-beebibodi\/#primaryimage","url":"https:\/\/tsargipood.ee\/wp-content\/uploads\/2026\/03\/Bbay-scaled.webp","contentUrl":"https:\/\/tsargipood.ee\/wp-content\/uploads\/2026\/03\/Bbay-scaled.webp","width":2048,"height":2560,"caption":"Disaini ise beebibodi"},{"@type":"BreadcrumbList","@id":"https:\/\/tsargipood.ee\/product\/disaini-ise-beebibodi\/#breadcrumb","itemListElement":[{"@type":"ListItem","position":1,"name":"Home","item":"https:\/\/tsargipood.ee\/"},{"@type":"ListItem","position":2,"name":"T-s\u00e4rgipood","item":"https:\/\/tsargipood.ee\/"},{"@type":"ListItem","position":3,"name":"Disaini ise beebibodi"}]},{"@type":"WebSite","@id":"https:\/\/tsargipood.ee\/#website","url":"https:\/\/tsargipood.ee\/","name":"T-shirt shop - Design your own T-shirt","description":"Design your own t-shirt","publisher":{"@id":"https:\/\/tsargipood.ee\/#organization"},"alternateName":"T-s\u00e4rgipood","potentialAction":[{"@type":"SearchAction","target":{"@type":"EntryPoint","urlTemplate":"https:\/\/tsargipood.ee\/?s={search_term_string}"},"query-input":{"@type":"PropertyValueSpecification","valueRequired":true,"valueName":"search_term_string"}}],"inLanguage":"en-GB"},{"@type":"Organization","@id":"https:\/\/tsargipood.ee\/#organization","name":"T-S\u00e4rgipood","alternateName":"Disaini oma t-s\u00e4rk","url":"https:\/\/tsargipood.ee\/","logo":{"@type":"ImageObject","inLanguage":"en-GB","@id":"https:\/\/tsargipood.ee\/#\/schema\/logo\/image\/","url":"https:\/\/tsargipood.ee\/wp-content\/uploads\/2023\/06\/T-sargipood-logo-1.png","contentUrl":"https:\/\/tsargipood.ee\/wp-content\/uploads\/2023\/06\/T-sargipood-logo-1.png","width":540,"height":540,"caption":"T-S\u00e4rgipood"},"image":{"@id":"https:\/\/tsargipood.ee\/#\/schema\/logo\/image\/"},"sameAs":["https:\/\/www.facebook.com\/profile.php?id=100090772812912","https:\/\/www.instagram.com\/tsargipood\/"]}]}},"_links":{"self":[{"href":"https:\/\/tsargipood.ee\/en\/wp-json\/wp\/v2\/product\/19830","targetHints":{"allow":["GET"]}}],"collection":[{"href":"https:\/\/tsargipood.ee\/en\/wp-json\/wp\/v2\/product"}],"about":[{"href":"https:\/\/tsargipood.ee\/en\/wp-json\/wp\/v2\/types\/product"}],"replies":[{"embeddable":true,"href":"https:\/\/tsargipood.ee\/en\/wp-json\/wp\/v2\/comments?post=19830"}],"version-history":[{"count":0,"href":"https:\/\/tsargipood.ee\/en\/wp-json\/wp\/v2\/product\/19830\/revisions"}],"wp:featuredmedia":[{"embeddable":true,"href":"https:\/\/tsargipood.ee\/en\/wp-json\/wp\/v2\/media\/19831"}],"wp:attachment":[{"href":"https:\/\/tsargipood.ee\/en\/wp-json\/wp\/v2\/media?parent=19830"}],"wp:term":[{"taxonomy":"product_brand","embeddable":true,"href":"https:\/\/tsargipood.ee\/en\/wp-json\/wp\/v2\/product_brand?post=19830"},{"taxonomy":"product_cat","embeddable":true,"href":"https:\/\/tsargipood.ee\/en\/wp-json\/wp\/v2\/product_cat?post=19830"},{"taxonomy":"product_tag","embeddable":true,"href":"https:\/\/tsargipood.ee\/en\/wp-json\/wp\/v2\/product_tag?post=19830"}],"curies":[{"name":"wp","href":"https:\/\/api.w.org\/{rel}","templated":true}]}}