{"id":19885,"date":"2026-03-05T09:17:14","date_gmt":"2026-03-05T09:17:14","guid":{"rendered":"https:\/\/tsargipood.ee\/?post_type=product&#038;p=19885"},"modified":"2026-03-11T08:24:39","modified_gmt":"2026-03-11T08:24:39","slug":"disaini-ise-spordisark","status":"publish","type":"product","link":"https:\/\/tsargipood.ee\/en\/product\/disaini-ise-spordisark\/","title":{"rendered":"Disaini ise spordis\u00e4rk"},"content":{"rendered":"<p class=\"p1\"><b>Disaini ise spordis\u00e4rk \u2013 kerge ja mugav treenimiseks<\/b><b><\/b><\/p>\n<p class=\"p3\">Basic Active-T on kerge ja funktsionaalne spordis\u00e4rk, mis sobib ideaalselt nii treeninguks, jooksmiseks kui ka aktiivseks igap\u00e4evaseks kandmiseks. S\u00e4rk on valmistatud kvaliteetsest interlock-kootud pol\u00fcestrist, mis on hingav, juhib niiskuse kehast eemale ja kuivab kiiresti, aidates sul treeningu ajal mugavalt kuivana p\u00fcsida.<\/p>\n<p class=\"p3\">S\u00e4rgil on klassikaline \u00fcmar kaelus, k\u00fclje\u00f5mblused parema istuvuse tagamiseks ning tugevdatud kaelapael, mis muudab selle vastupidavamaks. Lisaks on s\u00e4rgil kergesti eemaldatav etikett, mis teeb selle ideaalseks ka oma br\u00e4ndi v\u00f5i disainiga toodete loomiseks.<\/p>\n<p class=\"p3\">Materjal on valmistatud <span class=\"s1\"><b>spun dyed tehnoloogiaga<\/b><\/span>, mis tagab v\u00e4rvi parema vastupidavuse ja v\u00e4iksema keskkonnam\u00f5ju tootmisel. Kangas pakub ka <span class=\"s1\"><b>UV-kaitset<\/b><\/span>, mist\u00f5ttu sobib s\u00e4rk h\u00e4sti v\u00e4litingimustes sportimiseks.<\/p>\n<p class=\"p1\"><b>Toote omadused:<\/b><b><\/b><\/p>\n<p class=\"p1\">100% pol\u00fcester<br \/>\nKaal: 135 g\/m\u00b2<br \/>\nHingav ja niiskust kehast eemale juhtiv materjal<br \/>\nKiiresti kuivav kangas<br \/>\nInterlock-kootud kvaliteet<br \/>\nK\u00fclje\u00f5mblused parema istuvuse jaoks<br \/>\nTugevdatud kaelapael<br \/>\nUV-kaitse<br \/>\nOEKO-TEX sertifikaadiga materjal<\/p>\n<p class=\"p1\"><b>Hooldus:<\/b><b><\/b><\/p>\n<p><img decoding=\"async\" class=\"sc-1siruz3-2 ccAqPv alignleft\" src=\"https:\/\/images.nwgmedia.com\/preview\/251714\/MachineWash60.svg\" alt=\"Machine wash 60 degrees\" width=\"61\" height=\"43\" \/><\/p>\n<p><img decoding=\"async\" class=\"sc-1siruz3-2 ccAqPv alignleft\" src=\"https:\/\/images.nwgmedia.com\/preview\/251737\/DoNotBleach.svg\" alt=\"Bleach not allowed\" width=\"61\" height=\"43\" \/><\/p>\n<p><img decoding=\"async\" class=\"sc-1siruz3-2 ccAqPv alignleft\" src=\"https:\/\/images.nwgmedia.com\/preview\/251735\/DoNotIron.svg\" alt=\"Do not iron\" width=\"61\" height=\"43\" \/><\/p>\n<p><img loading=\"lazy\" decoding=\"async\" class=\"sc-1siruz3-2 ccAqPv alignleft\" src=\"https:\/\/images.nwgmedia.com\/preview\/251736\/DoNotDryClean.svg\" alt=\"Do not dry clean\" width=\"61\" height=\"43\" \/><\/p>\n<p><img loading=\"lazy\" decoding=\"async\" class=\"sc-1siruz3-2 ccAqPv alignleft\" src=\"https:\/\/images.nwgmedia.com\/preview\/251734\/DoNotTumble.svg\" alt=\"Do not tumble\" width=\"62\" height=\"44\" \/><\/p>\n<p>&nbsp;<\/p>\n<p>&nbsp;<\/p>\n<p class=\"p1\">Masinpesu kuni 60 \u00b0C tr\u00fckitud s\u00e4rgi masin pesu 40 \u00b0C<br \/>\nMitte kasutada valgendit<br \/>\nMitte triikida<br \/>\nMitte keemiliselt puhastada<br \/>\nMitte trummelkuivatada<\/p>\n<p class=\"p1\"><span class=\"s3\">See spordis\u00e4rk on suurep\u00e4rane valik nii <\/span><b>treeninguks kui ka oma disainiga spordis\u00e4rgi loomiseks<\/b><span class=\"s3\">.<\/span><\/p>","protected":false},"excerpt":{"rendered":"<p class=\"p1\"><span class=\"s1\"><b>Disaini ise spordis\u00e4rk<\/b><\/span> \u2013 loo endale t\u00e4iesti isikup\u00e4rane treenings\u00e4rk. Lisa oma tekst, logo v\u00f5i pilt ja kujunda s\u00e4rk, mis sobib nii sportimiseks kui igap\u00e4evaseks kandmiseks. Kerge ja hingav materjal tagab mugavuse ka aktiivse liikumise ajal ning kvaliteetne tr\u00fckk p\u00fcsib ilus ka p\u00e4rast pesu.<\/p>\n<div class=\"sc-1krq3xt-0 dyIYaM\">\n<p><img loading=\"lazy\" decoding=\"async\" class=\"sc-1siruz3-2 lhDxMs alignleft\" src=\"https:\/\/images.nwgmedia.com\/preview\/385257\/SpunDyed.svg\" alt=\"Spun Dyed\" width=\"55\" height=\"66\" \/><\/p>\n<div class=\"sc-s31epd-0 cHFdEB\"><img loading=\"lazy\" decoding=\"async\" class=\"sc-1siruz3-2 lhDxMs alignleft\" style=\"font-family: -apple-system, BlinkMacSystemFont, 'Segoe UI', Roboto, 'Helvetica Neue', Arial, 'Noto Sans', sans-serif, 'Apple Color Emoji', 'Segoe UI Emoji', 'Segoe UI Symbol', 'Noto Color Emoji';\" src=\"https:\/\/images.nwgmedia.com\/preview\/279887\/UV_protected_symbol%20(1).svg\" alt=\"UV protected\" width=\"55\" height=\"53\" \/><img loading=\"lazy\" decoding=\"async\" class=\"sc-1siruz3-2 lhDxMs alignleft\" src=\"https:\/\/images.nwgmedia.com\/preview\/306321\/SE_14-218_GREEN.svg\" alt=\"OEKO-TEX\" width=\"96\" height=\"55\" \/><\/div>\n<\/div>","protected":false},"featured_media":19886,"comment_status":"closed","ping_status":"closed","template":"","meta":{"googlesitekit_rrm_CAow0ZS_DA:productID":""},"product_brand":[587],"product_cat":[217,599],"product_tag":[598,591,595,589,594,593,590,588,597,596,592],"class_list":{"0":"post-19885","1":"product","2":"type-product","3":"status-publish","4":"has-post-thumbnail","6":"product_brand-clique","7":"product_cat-disainitavad-tooted","8":"product_cat-spordisargid","9":"product_tag-active-t-sark","10":"product_tag-aktiivsark","11":"product_tag-custom-spordisark","12":"product_tag-disaini-ise-spordisark","13":"product_tag-hingav-spordisark","14":"product_tag-kiiresti-kuivav-sark","15":"product_tag-oma-disainiga-sark","16":"product_tag-spordisark","17":"product_tag-spordisark-logoga","18":"product_tag-spordisark-trukiga","19":"product_tag-treeningsark","20":"fpd-variation-needed","22":"first","23":"instock","24":"taxable","25":"shipping-taxable","26":"purchasable","27":"product-type-variable"},"yoast_head":"<!-- This site is optimized with the Yoast SEO plugin v27.5 - https:\/\/yoast.com\/product\/yoast-seo-wordpress\/ -->\n<title>Disaini ise spordis\u00e4rk | T-s\u00e4rgipood - Disaini oma T-s\u00e4rk<\/title>\n<meta name=\"description\" content=\"Loo oma disainiga spordis\u00e4rk. Kerge, hingav ja kiiresti kuivav Active T-s\u00e4rk treeninguks, spordiks ja igap\u00e4evaseks kandmiseks.\" \/>\n<meta name=\"robots\" content=\"index, follow, max-snippet:-1, max-image-preview:large, max-video-preview:-1\" \/>\n<link rel=\"canonical\" href=\"https:\/\/tsargipood.ee\/en\/product\/disaini-ise-spordisark\/\" \/>\n<meta property=\"og:locale\" content=\"en_GB\" \/>\n<meta property=\"og:type\" content=\"article\" \/>\n<meta property=\"og:title\" content=\"Disaini ise spordis\u00e4rk | T-s\u00e4rgipood - Disaini oma T-s\u00e4rk\" \/>\n<meta property=\"og:description\" content=\"Loo oma disainiga spordis\u00e4rk. Kerge, hingav ja kiiresti kuivav Active T-s\u00e4rk treeninguks, spordiks ja igap\u00e4evaseks kandmiseks.\" \/>\n<meta property=\"og:url\" content=\"https:\/\/tsargipood.ee\/en\/product\/disaini-ise-spordisark\/\" \/>\n<meta property=\"og:site_name\" content=\"T-s\u00e4rgipood - Disaini oma T-s\u00e4rk\" \/>\n<meta property=\"article:publisher\" content=\"https:\/\/www.facebook.com\/profile.php?id=100090772812912\" \/>\n<meta property=\"article:modified_time\" content=\"2026-03-11T08:24:39+00:00\" \/>\n<meta property=\"og:image\" content=\"https:\/\/tsargipood.ee\/wp-content\/uploads\/2026\/03\/Disaini-ise-spordisark-scaled.webp\" \/>\n\t<meta property=\"og:image:width\" content=\"1706\" \/>\n\t<meta property=\"og:image:height\" content=\"2560\" \/>\n\t<meta property=\"og:image:type\" content=\"image\/webp\" \/>\n<meta name=\"twitter:card\" content=\"summary_large_image\" \/>\n<meta name=\"twitter:label1\" content=\"Estimated reading time\" \/>\n\t<meta name=\"twitter:data1\" content=\"3 minutes\" \/>\n<script type=\"application\/ld+json\" class=\"yoast-schema-graph\">{\"@context\":\"https:\\\/\\\/schema.org\",\"@graph\":[{\"@type\":\"WebPage\",\"@id\":\"https:\\\/\\\/tsargipood.ee\\\/product\\\/disaini-ise-spordisark\\\/\",\"url\":\"https:\\\/\\\/tsargipood.ee\\\/product\\\/disaini-ise-spordisark\\\/\",\"name\":\"Disaini ise spordis\u00e4rk | T-s\u00e4rgipood - Disaini oma T-s\u00e4rk\",\"isPartOf\":{\"@id\":\"https:\\\/\\\/tsargipood.ee\\\/#website\"},\"primaryImageOfPage\":{\"@id\":\"https:\\\/\\\/tsargipood.ee\\\/product\\\/disaini-ise-spordisark\\\/#primaryimage\"},\"image\":{\"@id\":\"https:\\\/\\\/tsargipood.ee\\\/product\\\/disaini-ise-spordisark\\\/#primaryimage\"},\"thumbnailUrl\":\"https:\\\/\\\/tsargipood.ee\\\/wp-content\\\/uploads\\\/2026\\\/03\\\/Disaini-ise-spordisark-scaled.webp\",\"datePublished\":\"2026-03-05T09:17:14+00:00\",\"dateModified\":\"2026-03-11T08:24:39+00:00\",\"description\":\"Loo oma disainiga spordis\u00e4rk. Kerge, hingav ja kiiresti kuivav Active T-s\u00e4rk treeninguks, spordiks ja igap\u00e4evaseks kandmiseks.\",\"breadcrumb\":{\"@id\":\"https:\\\/\\\/tsargipood.ee\\\/product\\\/disaini-ise-spordisark\\\/#breadcrumb\"},\"inLanguage\":\"en-GB\",\"potentialAction\":[{\"@type\":\"ReadAction\",\"target\":[\"https:\\\/\\\/tsargipood.ee\\\/product\\\/disaini-ise-spordisark\\\/\"]}]},{\"@type\":\"ImageObject\",\"inLanguage\":\"en-GB\",\"@id\":\"https:\\\/\\\/tsargipood.ee\\\/product\\\/disaini-ise-spordisark\\\/#primaryimage\",\"url\":\"https:\\\/\\\/tsargipood.ee\\\/wp-content\\\/uploads\\\/2026\\\/03\\\/Disaini-ise-spordisark-scaled.webp\",\"contentUrl\":\"https:\\\/\\\/tsargipood.ee\\\/wp-content\\\/uploads\\\/2026\\\/03\\\/Disaini-ise-spordisark-scaled.webp\",\"width\":1706,\"height\":2560,\"caption\":\"Disaini ise spordisa\u0308rk\"},{\"@type\":\"BreadcrumbList\",\"@id\":\"https:\\\/\\\/tsargipood.ee\\\/product\\\/disaini-ise-spordisark\\\/#breadcrumb\",\"itemListElement\":[{\"@type\":\"ListItem\",\"position\":1,\"name\":\"Home\",\"item\":\"https:\\\/\\\/tsargipood.ee\\\/\"},{\"@type\":\"ListItem\",\"position\":2,\"name\":\"T-s\u00e4rgipood\",\"item\":\"https:\\\/\\\/tsargipood.ee\\\/\"},{\"@type\":\"ListItem\",\"position\":3,\"name\":\"Disaini ise spordis\u00e4rk\"}]},{\"@type\":\"WebSite\",\"@id\":\"https:\\\/\\\/tsargipood.ee\\\/#website\",\"url\":\"https:\\\/\\\/tsargipood.ee\\\/\",\"name\":\"T-s\u00e4rgipood - Disaini oma T-s\u00e4rk\",\"description\":\"Kujunda oma t-s\u00e4rk\",\"publisher\":{\"@id\":\"https:\\\/\\\/tsargipood.ee\\\/#organization\"},\"alternateName\":\"T-s\u00e4rgipood\",\"potentialAction\":[{\"@type\":\"SearchAction\",\"target\":{\"@type\":\"EntryPoint\",\"urlTemplate\":\"https:\\\/\\\/tsargipood.ee\\\/?s={search_term_string}\"},\"query-input\":{\"@type\":\"PropertyValueSpecification\",\"valueRequired\":true,\"valueName\":\"search_term_string\"}}],\"inLanguage\":\"en-GB\"},{\"@type\":\"Organization\",\"@id\":\"https:\\\/\\\/tsargipood.ee\\\/#organization\",\"name\":\"T-S\u00e4rgipood\",\"alternateName\":\"Disaini oma t-s\u00e4rk\",\"url\":\"https:\\\/\\\/tsargipood.ee\\\/\",\"logo\":{\"@type\":\"ImageObject\",\"inLanguage\":\"en-GB\",\"@id\":\"https:\\\/\\\/tsargipood.ee\\\/#\\\/schema\\\/logo\\\/image\\\/\",\"url\":\"https:\\\/\\\/tsargipood.ee\\\/wp-content\\\/uploads\\\/2023\\\/06\\\/T-sargipood-logo-1.png\",\"contentUrl\":\"https:\\\/\\\/tsargipood.ee\\\/wp-content\\\/uploads\\\/2023\\\/06\\\/T-sargipood-logo-1.png\",\"width\":540,\"height\":540,\"caption\":\"T-S\u00e4rgipood\"},\"image\":{\"@id\":\"https:\\\/\\\/tsargipood.ee\\\/#\\\/schema\\\/logo\\\/image\\\/\"},\"sameAs\":[\"https:\\\/\\\/www.facebook.com\\\/profile.php?id=100090772812912\",\"https:\\\/\\\/www.instagram.com\\\/tsargipood\\\/\"]}]}<\/script>\n<!-- \/ Yoast SEO plugin. -->","yoast_head_json":{"title":"Disaini ise spordis\u00e4rk | T-s\u00e4rgipood - Disaini oma T-s\u00e4rk","description":"Loo oma disainiga spordis\u00e4rk. Kerge, hingav ja kiiresti kuivav Active T-s\u00e4rk treeninguks, spordiks ja igap\u00e4evaseks kandmiseks.","robots":{"index":"index","follow":"follow","max-snippet":"max-snippet:-1","max-image-preview":"max-image-preview:large","max-video-preview":"max-video-preview:-1"},"canonical":"https:\/\/tsargipood.ee\/en\/product\/disaini-ise-spordisark\/","og_locale":"en_GB","og_type":"article","og_title":"Disaini ise spordis\u00e4rk | T-s\u00e4rgipood - Disaini oma T-s\u00e4rk","og_description":"Loo oma disainiga spordis\u00e4rk. Kerge, hingav ja kiiresti kuivav Active T-s\u00e4rk treeninguks, spordiks ja igap\u00e4evaseks kandmiseks.","og_url":"https:\/\/tsargipood.ee\/en\/product\/disaini-ise-spordisark\/","og_site_name":"T-s\u00e4rgipood - Disaini oma T-s\u00e4rk","article_publisher":"https:\/\/www.facebook.com\/profile.php?id=100090772812912","article_modified_time":"2026-03-11T08:24:39+00:00","og_image":[{"width":1706,"height":2560,"url":"https:\/\/tsargipood.ee\/wp-content\/uploads\/2026\/03\/Disaini-ise-spordisark-scaled.webp","type":"image\/webp"}],"twitter_card":"summary_large_image","twitter_misc":{"Estimated reading time":"3 minutes"},"schema":{"@context":"https:\/\/schema.org","@graph":[{"@type":"WebPage","@id":"https:\/\/tsargipood.ee\/product\/disaini-ise-spordisark\/","url":"https:\/\/tsargipood.ee\/product\/disaini-ise-spordisark\/","name":"Disaini ise spordis\u00e4rk | T-s\u00e4rgipood - Disaini oma T-s\u00e4rk","isPartOf":{"@id":"https:\/\/tsargipood.ee\/#website"},"primaryImageOfPage":{"@id":"https:\/\/tsargipood.ee\/product\/disaini-ise-spordisark\/#primaryimage"},"image":{"@id":"https:\/\/tsargipood.ee\/product\/disaini-ise-spordisark\/#primaryimage"},"thumbnailUrl":"https:\/\/tsargipood.ee\/wp-content\/uploads\/2026\/03\/Disaini-ise-spordisark-scaled.webp","datePublished":"2026-03-05T09:17:14+00:00","dateModified":"2026-03-11T08:24:39+00:00","description":"Loo oma disainiga spordis\u00e4rk. Kerge, hingav ja kiiresti kuivav Active T-s\u00e4rk treeninguks, spordiks ja igap\u00e4evaseks kandmiseks.","breadcrumb":{"@id":"https:\/\/tsargipood.ee\/product\/disaini-ise-spordisark\/#breadcrumb"},"inLanguage":"en-GB","potentialAction":[{"@type":"ReadAction","target":["https:\/\/tsargipood.ee\/product\/disaini-ise-spordisark\/"]}]},{"@type":"ImageObject","inLanguage":"en-GB","@id":"https:\/\/tsargipood.ee\/product\/disaini-ise-spordisark\/#primaryimage","url":"https:\/\/tsargipood.ee\/wp-content\/uploads\/2026\/03\/Disaini-ise-spordisark-scaled.webp","contentUrl":"https:\/\/tsargipood.ee\/wp-content\/uploads\/2026\/03\/Disaini-ise-spordisark-scaled.webp","width":1706,"height":2560,"caption":"Disaini ise spordisa\u0308rk"},{"@type":"BreadcrumbList","@id":"https:\/\/tsargipood.ee\/product\/disaini-ise-spordisark\/#breadcrumb","itemListElement":[{"@type":"ListItem","position":1,"name":"Home","item":"https:\/\/tsargipood.ee\/"},{"@type":"ListItem","position":2,"name":"T-s\u00e4rgipood","item":"https:\/\/tsargipood.ee\/"},{"@type":"ListItem","position":3,"name":"Disaini ise spordis\u00e4rk"}]},{"@type":"WebSite","@id":"https:\/\/tsargipood.ee\/#website","url":"https:\/\/tsargipood.ee\/","name":"T-shirt shop - Design your own T-shirt","description":"Design your own t-shirt","publisher":{"@id":"https:\/\/tsargipood.ee\/#organization"},"alternateName":"T-s\u00e4rgipood","potentialAction":[{"@type":"SearchAction","target":{"@type":"EntryPoint","urlTemplate":"https:\/\/tsargipood.ee\/?s={search_term_string}"},"query-input":{"@type":"PropertyValueSpecification","valueRequired":true,"valueName":"search_term_string"}}],"inLanguage":"en-GB"},{"@type":"Organization","@id":"https:\/\/tsargipood.ee\/#organization","name":"T-S\u00e4rgipood","alternateName":"Disaini oma t-s\u00e4rk","url":"https:\/\/tsargipood.ee\/","logo":{"@type":"ImageObject","inLanguage":"en-GB","@id":"https:\/\/tsargipood.ee\/#\/schema\/logo\/image\/","url":"https:\/\/tsargipood.ee\/wp-content\/uploads\/2023\/06\/T-sargipood-logo-1.png","contentUrl":"https:\/\/tsargipood.ee\/wp-content\/uploads\/2023\/06\/T-sargipood-logo-1.png","width":540,"height":540,"caption":"T-S\u00e4rgipood"},"image":{"@id":"https:\/\/tsargipood.ee\/#\/schema\/logo\/image\/"},"sameAs":["https:\/\/www.facebook.com\/profile.php?id=100090772812912","https:\/\/www.instagram.com\/tsargipood\/"]}]}},"_links":{"self":[{"href":"https:\/\/tsargipood.ee\/en\/wp-json\/wp\/v2\/product\/19885","targetHints":{"allow":["GET"]}}],"collection":[{"href":"https:\/\/tsargipood.ee\/en\/wp-json\/wp\/v2\/product"}],"about":[{"href":"https:\/\/tsargipood.ee\/en\/wp-json\/wp\/v2\/types\/product"}],"replies":[{"embeddable":true,"href":"https:\/\/tsargipood.ee\/en\/wp-json\/wp\/v2\/comments?post=19885"}],"version-history":[{"count":0,"href":"https:\/\/tsargipood.ee\/en\/wp-json\/wp\/v2\/product\/19885\/revisions"}],"wp:featuredmedia":[{"embeddable":true,"href":"https:\/\/tsargipood.ee\/en\/wp-json\/wp\/v2\/media\/19886"}],"wp:attachment":[{"href":"https:\/\/tsargipood.ee\/en\/wp-json\/wp\/v2\/media?parent=19885"}],"wp:term":[{"taxonomy":"product_brand","embeddable":true,"href":"https:\/\/tsargipood.ee\/en\/wp-json\/wp\/v2\/product_brand?post=19885"},{"taxonomy":"product_cat","embeddable":true,"href":"https:\/\/tsargipood.ee\/en\/wp-json\/wp\/v2\/product_cat?post=19885"},{"taxonomy":"product_tag","embeddable":true,"href":"https:\/\/tsargipood.ee\/en\/wp-json\/wp\/v2\/product_tag?post=19885"}],"curies":[{"name":"wp","href":"https:\/\/api.w.org\/{rel}","templated":true}]}}