{"id":19959,"date":"2026-03-11T08:42:28","date_gmt":"2026-03-11T08:42:28","guid":{"rendered":"https:\/\/tsargipood.ee\/?post_type=product&#038;p=19959"},"modified":"2026-03-11T08:54:55","modified_gmt":"2026-03-11T08:54:55","slug":"disaini-ise-beebi-t-sark","status":"publish","type":"product","link":"https:\/\/tsargipood.ee\/en\/product\/disaini-ise-beebi-t-sark\/","title":{"rendered":"Disaini ise beebi T-s\u00e4rk"},"content":{"rendered":"<p class=\"p1\"><b>Baby Creator\u00a0 \u2013 beebide ikooniline T-s\u00e4rk<\/b><b><\/b><\/p>\n<p class=\"p3\">Baby Creator on pehme ja mugav beebi T-s\u00e4rk, mis on valmistatud <span class=\"s1\"><b>100% orgaanilisest kammitud puuvillast<\/b><\/span>. Kerge ja hingav 155 g\/m\u00b2 kangas on \u00f5rn beebi naha vastu ning sobib ideaalselt igap\u00e4evaseks kandmiseks. \u00d5lal olevad trukid teevad riietamise lihtsaks ja kiireks.<\/p>\n<p class=\"p3\">Kvaliteetne t\u00f6\u00f6tlus, tugevad \u00f5mblused ja klassikaline l\u00f5ige tagavad, et s\u00e4rk peab vastu nii m\u00e4ngimisele kui ka pesule. Lisaks on toode valmistatud vastutustundlikult \u2013 <span class=\"s1\"><b>GOTS, OEKO-TEX, Vegan ja Fair Wear<\/b><\/span> sertifikaatidega.<\/p>\n<div><strong>Hooldusjuhised:<\/strong><\/div>\n<div>\u2022Pese kuni 30 \u00b0C juures<\/div>\n<div>\u2022Pese ja triigi pahempidi<\/div>\n<div>\u2022Pese koos sarnaste v\u00e4rvidega<\/div>\n<div>\u2022\u00c4ra triigi tr\u00fckile<\/div>\n<div>\u2022Mitte pleegitada<\/div>\n<div>\u2022Trummelkuivatus ei ole soovitatav<\/div>\n<div>\u2022Triikida maksimaalselt 110 \u00b0C juures<\/div>\n<div><\/div>\n<div>\n<p><img decoding=\"async\" class=\"w-8 h-8 shrink-0 alignleft entered lazyloaded\" title=\"Ironing - 110\u00b0\" src=\"https:\/\/stanleystella.com\/media\/amasty\/shopby\/option_images\/slider\/iro_max_110.png\" alt=\"Ironing - 110\u00b0\" width=\"32\" height=\"32\" data-lazy-src=\"https:\/\/stanleystella.com\/media\/amasty\/shopby\/option_images\/slider\/iro_max_110.png\" data-ll-status=\"loaded\" \/><img decoding=\"async\" class=\"w-8 h-8 shrink-0 alignleft entered lazyloaded\" title=\"Drying - Tumble Dry No\" src=\"https:\/\/stanleystella.com\/media\/amasty\/shopby\/option_images\/slider\/dry_not.png\" alt=\"Drying - Tumble Dry No\" width=\"32\" height=\"32\" data-lazy-src=\"https:\/\/stanleystella.com\/media\/amasty\/shopby\/option_images\/slider\/dry_not.png\" data-ll-status=\"loaded\" \/><img decoding=\"async\" class=\"w-8 h-8 shrink-0 alignleft entered lazyloaded\" title=\"Washing - 30\u00b0\" src=\"https:\/\/stanleystella.com\/media\/amasty\/shopby\/option_images\/slider\/was_30.png\" alt=\"Washing - 30\u00b0\" width=\"32\" height=\"32\" data-lazy-src=\"https:\/\/stanleystella.com\/media\/amasty\/shopby\/option_images\/slider\/was_30.png\" data-ll-status=\"loaded\" \/><img loading=\"lazy\" decoding=\"async\" class=\"w-8 h-8 shrink-0 alignleft entered lazyloaded\" title=\"Cleaning - No\" src=\"https:\/\/stanleystella.com\/media\/amasty\/shopby\/option_images\/slider\/EU-Symbol_DryCleaning.svg\" alt=\"Cleaning - No\" width=\"32\" height=\"32\" data-lazy-src=\"https:\/\/stanleystella.com\/media\/amasty\/shopby\/option_images\/slider\/EU-Symbol_DryCleaning.svg\" data-ll-status=\"loaded\" \/><img loading=\"lazy\" decoding=\"async\" class=\"w-8 h-8 shrink-0 alignleft entered lazyloaded\" title=\"Bleaching - No\" src=\"https:\/\/stanleystella.com\/media\/amasty\/shopby\/option_images\/slider\/ble_not.png\" alt=\"Bleaching - No\" width=\"32\" height=\"32\" data-lazy-src=\"https:\/\/stanleystella.com\/media\/amasty\/shopby\/option_images\/slider\/ble_not.png\" data-ll-status=\"loaded\" \/><\/p>\n<\/div>\n<p>&nbsp;<\/p>\n<p>&nbsp;<\/p>\n<p class=\"p3\">Suurep\u00e4rane valik ka personaalseks kingituseks \u2013 lisa nimi, pilt v\u00f5i l\u00f5bus tekst ja loo beebile t\u00e4iesti oman\u00e4oline T-s\u00e4rk. \ud83d\udc76<\/p>","protected":false},"excerpt":{"rendered":"<p class=\"p1\"><b>Disaini ise beebi T-s\u00e4rk \u2013 Stanley\/Stella Baby Creator<\/b><b><\/b><\/p>\n<p class=\"p3\">Loo oma pisikesele t\u00e4iesti ainulaadne T-s\u00e4rk! Lisa nimi, armas pilt v\u00f5i l\u00f5bus tekst ning muuda <span class=\"s1\"><b>Stanley\/Stella Baby Creator<\/b><\/span> pehmest orgaanilisest puuvillast s\u00e4rk eriliseks m\u00e4lestuseks. Mugav, nahas\u00f5bralik ja ideaalne igap\u00e4evaseks kandmiseks \u2013 lase loovus valla ja disaini midagi t\u00f5eliselt armsat! \ud83d\udc76\u2728<\/p>\n<picture class=\"alignnone size-full wp-image-7539 alignleft\"><img loading=\"lazy\" decoding=\"async\" class=\"entered lazyloaded\" src=\"https:\/\/tsargipood.ee\/wp-content\/uploads\/2023\/08\/PETAVegan-1.png\" alt=\"\" width=\"137\" height=\"50\" data-lazy-src=\"https:\/\/tsargipood.ee\/wp-content\/uploads\/2023\/08\/PETAVegan-1.png\" data-ll-status=\"loaded\" \/><\/picture><picture class=\"alignnone size-full wp-image-7538 alignleft\"><source srcset=\"https:\/\/tsargipood.ee\/wp-content\/uploads\/2023\/08\/OekoTex2012163-1.png.webp\" type=\"image\/webp\" data-lazy-srcset=\"https:\/\/tsargipood.ee\/wp-content\/uploads\/2023\/08\/OekoTex2012163-1.png.webp\" \/><img loading=\"lazy\" decoding=\"async\" class=\"entered lazyloaded\" src=\"https:\/\/tsargipood.ee\/wp-content\/uploads\/2023\/08\/OekoTex2012163-1.png\" alt=\"\" width=\"46\" height=\"50\" data-lazy-src=\"https:\/\/tsargipood.ee\/wp-content\/uploads\/2023\/08\/OekoTex2012163-1.png\" data-ll-status=\"loaded\" \/><\/picture><picture class=\"alignnone size-full wp-image-7537 alignleft\"><source srcset=\"https:\/\/tsargipood.ee\/wp-content\/uploads\/2023\/08\/GOTSOrganic-1.png.webp\" type=\"image\/webp\" data-lazy-srcset=\"https:\/\/tsargipood.ee\/wp-content\/uploads\/2023\/08\/GOTSOrganic-1.png.webp\" \/><img loading=\"lazy\" decoding=\"async\" class=\"entered lazyloaded\" src=\"https:\/\/tsargipood.ee\/wp-content\/uploads\/2023\/08\/GOTSOrganic-1.png\" alt=\"\" width=\"49\" height=\"50\" data-lazy-src=\"https:\/\/tsargipood.ee\/wp-content\/uploads\/2023\/08\/GOTSOrganic-1.png\" data-ll-status=\"loaded\" \/><\/picture><picture class=\"alignnone size-full wp-image-7536 alignleft\"><source srcset=\"https:\/\/tsargipood.ee\/wp-content\/uploads\/2023\/08\/Fairwear-1.png.webp\" type=\"image\/webp\" data-lazy-srcset=\"https:\/\/tsargipood.ee\/wp-content\/uploads\/2023\/08\/Fairwear-1.png.webp\" \/><img loading=\"lazy\" decoding=\"async\" class=\"entered lazyloaded\" src=\"https:\/\/tsargipood.ee\/wp-content\/uploads\/2023\/08\/Fairwear-1.png\" alt=\"\" width=\"85\" height=\"50\" data-lazy-src=\"https:\/\/tsargipood.ee\/wp-content\/uploads\/2023\/08\/Fairwear-1.png\" data-ll-status=\"loaded\" \/><\/picture>","protected":false},"featured_media":19960,"comment_status":"closed","ping_status":"closed","template":"","meta":{"googlesitekit_rrm_CAow0ZS_DA:productID":""},"product_brand":[514],"product_cat":[217],"product_tag":[604,606,609,601,607,600,608,603,605,602],"class_list":{"0":"post-19959","1":"product","2":"type-product","3":"status-publish","4":"has-post-thumbnail","6":"product_brand-stanley-stella","7":"product_cat-disainitavad-tooted","8":"product_tag-beebi-nimega-sark","9":"product_tag-beebi-sark-tekstiga","10":"product_tag-beebi-t-sark-nimega","11":"product_tag-beebi-t-sark-trukiga","12":"product_tag-beebiriided-trukiga","13":"product_tag-disaini-ise-beebi-t-sark","14":"product_tag-disaini-ise-riided-beebile","15":"product_tag-orgaaniline-beebi-t-sark","16":"product_tag-personaalse-trukiga-beebiriided","17":"product_tag-stanley-stella-baby-creator","18":"fpd-variation-needed","20":"first","21":"instock","22":"taxable","23":"shipping-taxable","24":"purchasable","25":"product-type-variable"},"yoast_head":"<!-- This site is optimized with the Yoast SEO plugin v27.5 - https:\/\/yoast.com\/product\/yoast-seo-wordpress\/ -->\n<title>Disaini ise beebi T-s\u00e4rk | T-s\u00e4rgipood - Disaini oma T-s\u00e4rk<\/title>\n<meta name=\"description\" content=\"Disaini ise beebi T-s\u00e4rk Stanley\/Stella Baby Creator. Pehme orgaanilisest puuvillast s\u00e4rk, kuhu saad lisada nime, pildi v\u00f5i teksti.\" \/>\n<meta name=\"robots\" content=\"index, follow, max-snippet:-1, max-image-preview:large, max-video-preview:-1\" \/>\n<link rel=\"canonical\" href=\"https:\/\/tsargipood.ee\/en\/product\/disaini-ise-beebi-t-sark\/\" \/>\n<meta property=\"og:locale\" content=\"en_GB\" \/>\n<meta property=\"og:type\" content=\"article\" \/>\n<meta property=\"og:title\" content=\"Disaini ise beebi T-s\u00e4rk | T-s\u00e4rgipood - Disaini oma T-s\u00e4rk\" \/>\n<meta property=\"og:description\" content=\"Disaini ise beebi T-s\u00e4rk Stanley\/Stella Baby Creator. Pehme orgaanilisest puuvillast s\u00e4rk, kuhu saad lisada nime, pildi v\u00f5i teksti.\" \/>\n<meta property=\"og:url\" content=\"https:\/\/tsargipood.ee\/en\/product\/disaini-ise-beebi-t-sark\/\" \/>\n<meta property=\"og:site_name\" content=\"T-s\u00e4rgipood - Disaini oma T-s\u00e4rk\" \/>\n<meta property=\"article:publisher\" content=\"https:\/\/www.facebook.com\/profile.php?id=100090772812912\" \/>\n<meta property=\"article:modified_time\" content=\"2026-03-11T08:54:55+00:00\" \/>\n<meta property=\"og:image\" content=\"https:\/\/tsargipood.ee\/wp-content\/uploads\/2026\/03\/Disaini-ise-beebi-t-sark.webp\" \/>\n\t<meta property=\"og:image:width\" content=\"671\" \/>\n\t<meta property=\"og:image:height\" content=\"839\" \/>\n\t<meta property=\"og:image:type\" content=\"image\/webp\" \/>\n<meta name=\"twitter:card\" content=\"summary_large_image\" \/>\n<meta name=\"twitter:label1\" content=\"Estimated reading time\" \/>\n\t<meta name=\"twitter:data1\" content=\"2 minutes\" \/>\n<script type=\"application\/ld+json\" class=\"yoast-schema-graph\">{\"@context\":\"https:\\\/\\\/schema.org\",\"@graph\":[{\"@type\":\"WebPage\",\"@id\":\"https:\\\/\\\/tsargipood.ee\\\/product\\\/disaini-ise-beebi-t-sark\\\/\",\"url\":\"https:\\\/\\\/tsargipood.ee\\\/product\\\/disaini-ise-beebi-t-sark\\\/\",\"name\":\"Disaini ise beebi T-s\u00e4rk | T-s\u00e4rgipood - Disaini oma T-s\u00e4rk\",\"isPartOf\":{\"@id\":\"https:\\\/\\\/tsargipood.ee\\\/#website\"},\"primaryImageOfPage\":{\"@id\":\"https:\\\/\\\/tsargipood.ee\\\/product\\\/disaini-ise-beebi-t-sark\\\/#primaryimage\"},\"image\":{\"@id\":\"https:\\\/\\\/tsargipood.ee\\\/product\\\/disaini-ise-beebi-t-sark\\\/#primaryimage\"},\"thumbnailUrl\":\"https:\\\/\\\/tsargipood.ee\\\/wp-content\\\/uploads\\\/2026\\\/03\\\/Disaini-ise-beebi-t-sark.webp\",\"datePublished\":\"2026-03-11T08:42:28+00:00\",\"dateModified\":\"2026-03-11T08:54:55+00:00\",\"description\":\"Disaini ise beebi T-s\u00e4rk Stanley\\\/Stella Baby Creator. Pehme orgaanilisest puuvillast s\u00e4rk, kuhu saad lisada nime, pildi v\u00f5i teksti.\",\"breadcrumb\":{\"@id\":\"https:\\\/\\\/tsargipood.ee\\\/product\\\/disaini-ise-beebi-t-sark\\\/#breadcrumb\"},\"inLanguage\":\"en-GB\",\"potentialAction\":[{\"@type\":\"ReadAction\",\"target\":[\"https:\\\/\\\/tsargipood.ee\\\/product\\\/disaini-ise-beebi-t-sark\\\/\"]}]},{\"@type\":\"ImageObject\",\"inLanguage\":\"en-GB\",\"@id\":\"https:\\\/\\\/tsargipood.ee\\\/product\\\/disaini-ise-beebi-t-sark\\\/#primaryimage\",\"url\":\"https:\\\/\\\/tsargipood.ee\\\/wp-content\\\/uploads\\\/2026\\\/03\\\/Disaini-ise-beebi-t-sark.webp\",\"contentUrl\":\"https:\\\/\\\/tsargipood.ee\\\/wp-content\\\/uploads\\\/2026\\\/03\\\/Disaini-ise-beebi-t-sark.webp\",\"width\":671,\"height\":839},{\"@type\":\"BreadcrumbList\",\"@id\":\"https:\\\/\\\/tsargipood.ee\\\/product\\\/disaini-ise-beebi-t-sark\\\/#breadcrumb\",\"itemListElement\":[{\"@type\":\"ListItem\",\"position\":1,\"name\":\"Home\",\"item\":\"https:\\\/\\\/tsargipood.ee\\\/\"},{\"@type\":\"ListItem\",\"position\":2,\"name\":\"T-s\u00e4rgipood\",\"item\":\"https:\\\/\\\/tsargipood.ee\\\/\"},{\"@type\":\"ListItem\",\"position\":3,\"name\":\"Disaini ise beebi T-s\u00e4rk\"}]},{\"@type\":\"WebSite\",\"@id\":\"https:\\\/\\\/tsargipood.ee\\\/#website\",\"url\":\"https:\\\/\\\/tsargipood.ee\\\/\",\"name\":\"T-s\u00e4rgipood - Disaini oma T-s\u00e4rk\",\"description\":\"Kujunda oma t-s\u00e4rk\",\"publisher\":{\"@id\":\"https:\\\/\\\/tsargipood.ee\\\/#organization\"},\"alternateName\":\"T-s\u00e4rgipood\",\"potentialAction\":[{\"@type\":\"SearchAction\",\"target\":{\"@type\":\"EntryPoint\",\"urlTemplate\":\"https:\\\/\\\/tsargipood.ee\\\/?s={search_term_string}\"},\"query-input\":{\"@type\":\"PropertyValueSpecification\",\"valueRequired\":true,\"valueName\":\"search_term_string\"}}],\"inLanguage\":\"en-GB\"},{\"@type\":\"Organization\",\"@id\":\"https:\\\/\\\/tsargipood.ee\\\/#organization\",\"name\":\"T-S\u00e4rgipood\",\"alternateName\":\"Disaini oma t-s\u00e4rk\",\"url\":\"https:\\\/\\\/tsargipood.ee\\\/\",\"logo\":{\"@type\":\"ImageObject\",\"inLanguage\":\"en-GB\",\"@id\":\"https:\\\/\\\/tsargipood.ee\\\/#\\\/schema\\\/logo\\\/image\\\/\",\"url\":\"https:\\\/\\\/tsargipood.ee\\\/wp-content\\\/uploads\\\/2023\\\/06\\\/T-sargipood-logo-1.png\",\"contentUrl\":\"https:\\\/\\\/tsargipood.ee\\\/wp-content\\\/uploads\\\/2023\\\/06\\\/T-sargipood-logo-1.png\",\"width\":540,\"height\":540,\"caption\":\"T-S\u00e4rgipood\"},\"image\":{\"@id\":\"https:\\\/\\\/tsargipood.ee\\\/#\\\/schema\\\/logo\\\/image\\\/\"},\"sameAs\":[\"https:\\\/\\\/www.facebook.com\\\/profile.php?id=100090772812912\",\"https:\\\/\\\/www.instagram.com\\\/tsargipood\\\/\"]}]}<\/script>\n<!-- \/ Yoast SEO plugin. -->","yoast_head_json":{"title":"Disaini ise beebi T-s\u00e4rk | T-s\u00e4rgipood - Disaini oma T-s\u00e4rk","description":"Disaini ise beebi T-s\u00e4rk Stanley\/Stella Baby Creator. Pehme orgaanilisest puuvillast s\u00e4rk, kuhu saad lisada nime, pildi v\u00f5i teksti.","robots":{"index":"index","follow":"follow","max-snippet":"max-snippet:-1","max-image-preview":"max-image-preview:large","max-video-preview":"max-video-preview:-1"},"canonical":"https:\/\/tsargipood.ee\/en\/product\/disaini-ise-beebi-t-sark\/","og_locale":"en_GB","og_type":"article","og_title":"Disaini ise beebi T-s\u00e4rk | T-s\u00e4rgipood - Disaini oma T-s\u00e4rk","og_description":"Disaini ise beebi T-s\u00e4rk Stanley\/Stella Baby Creator. Pehme orgaanilisest puuvillast s\u00e4rk, kuhu saad lisada nime, pildi v\u00f5i teksti.","og_url":"https:\/\/tsargipood.ee\/en\/product\/disaini-ise-beebi-t-sark\/","og_site_name":"T-s\u00e4rgipood - Disaini oma T-s\u00e4rk","article_publisher":"https:\/\/www.facebook.com\/profile.php?id=100090772812912","article_modified_time":"2026-03-11T08:54:55+00:00","og_image":[{"width":671,"height":839,"url":"https:\/\/tsargipood.ee\/wp-content\/uploads\/2026\/03\/Disaini-ise-beebi-t-sark.webp","type":"image\/webp"}],"twitter_card":"summary_large_image","twitter_misc":{"Estimated reading time":"2 minutes"},"schema":{"@context":"https:\/\/schema.org","@graph":[{"@type":"WebPage","@id":"https:\/\/tsargipood.ee\/product\/disaini-ise-beebi-t-sark\/","url":"https:\/\/tsargipood.ee\/product\/disaini-ise-beebi-t-sark\/","name":"Disaini ise beebi T-s\u00e4rk | T-s\u00e4rgipood - Disaini oma T-s\u00e4rk","isPartOf":{"@id":"https:\/\/tsargipood.ee\/#website"},"primaryImageOfPage":{"@id":"https:\/\/tsargipood.ee\/product\/disaini-ise-beebi-t-sark\/#primaryimage"},"image":{"@id":"https:\/\/tsargipood.ee\/product\/disaini-ise-beebi-t-sark\/#primaryimage"},"thumbnailUrl":"https:\/\/tsargipood.ee\/wp-content\/uploads\/2026\/03\/Disaini-ise-beebi-t-sark.webp","datePublished":"2026-03-11T08:42:28+00:00","dateModified":"2026-03-11T08:54:55+00:00","description":"Disaini ise beebi T-s\u00e4rk Stanley\/Stella Baby Creator. Pehme orgaanilisest puuvillast s\u00e4rk, kuhu saad lisada nime, pildi v\u00f5i teksti.","breadcrumb":{"@id":"https:\/\/tsargipood.ee\/product\/disaini-ise-beebi-t-sark\/#breadcrumb"},"inLanguage":"en-GB","potentialAction":[{"@type":"ReadAction","target":["https:\/\/tsargipood.ee\/product\/disaini-ise-beebi-t-sark\/"]}]},{"@type":"ImageObject","inLanguage":"en-GB","@id":"https:\/\/tsargipood.ee\/product\/disaini-ise-beebi-t-sark\/#primaryimage","url":"https:\/\/tsargipood.ee\/wp-content\/uploads\/2026\/03\/Disaini-ise-beebi-t-sark.webp","contentUrl":"https:\/\/tsargipood.ee\/wp-content\/uploads\/2026\/03\/Disaini-ise-beebi-t-sark.webp","width":671,"height":839},{"@type":"BreadcrumbList","@id":"https:\/\/tsargipood.ee\/product\/disaini-ise-beebi-t-sark\/#breadcrumb","itemListElement":[{"@type":"ListItem","position":1,"name":"Home","item":"https:\/\/tsargipood.ee\/"},{"@type":"ListItem","position":2,"name":"T-s\u00e4rgipood","item":"https:\/\/tsargipood.ee\/"},{"@type":"ListItem","position":3,"name":"Disaini ise beebi T-s\u00e4rk"}]},{"@type":"WebSite","@id":"https:\/\/tsargipood.ee\/#website","url":"https:\/\/tsargipood.ee\/","name":"T-shirt shop - Design your own T-shirt","description":"Design your own t-shirt","publisher":{"@id":"https:\/\/tsargipood.ee\/#organization"},"alternateName":"T-s\u00e4rgipood","potentialAction":[{"@type":"SearchAction","target":{"@type":"EntryPoint","urlTemplate":"https:\/\/tsargipood.ee\/?s={search_term_string}"},"query-input":{"@type":"PropertyValueSpecification","valueRequired":true,"valueName":"search_term_string"}}],"inLanguage":"en-GB"},{"@type":"Organization","@id":"https:\/\/tsargipood.ee\/#organization","name":"T-S\u00e4rgipood","alternateName":"Disaini oma t-s\u00e4rk","url":"https:\/\/tsargipood.ee\/","logo":{"@type":"ImageObject","inLanguage":"en-GB","@id":"https:\/\/tsargipood.ee\/#\/schema\/logo\/image\/","url":"https:\/\/tsargipood.ee\/wp-content\/uploads\/2023\/06\/T-sargipood-logo-1.png","contentUrl":"https:\/\/tsargipood.ee\/wp-content\/uploads\/2023\/06\/T-sargipood-logo-1.png","width":540,"height":540,"caption":"T-S\u00e4rgipood"},"image":{"@id":"https:\/\/tsargipood.ee\/#\/schema\/logo\/image\/"},"sameAs":["https:\/\/www.facebook.com\/profile.php?id=100090772812912","https:\/\/www.instagram.com\/tsargipood\/"]}]}},"_links":{"self":[{"href":"https:\/\/tsargipood.ee\/en\/wp-json\/wp\/v2\/product\/19959","targetHints":{"allow":["GET"]}}],"collection":[{"href":"https:\/\/tsargipood.ee\/en\/wp-json\/wp\/v2\/product"}],"about":[{"href":"https:\/\/tsargipood.ee\/en\/wp-json\/wp\/v2\/types\/product"}],"replies":[{"embeddable":true,"href":"https:\/\/tsargipood.ee\/en\/wp-json\/wp\/v2\/comments?post=19959"}],"version-history":[{"count":0,"href":"https:\/\/tsargipood.ee\/en\/wp-json\/wp\/v2\/product\/19959\/revisions"}],"wp:featuredmedia":[{"embeddable":true,"href":"https:\/\/tsargipood.ee\/en\/wp-json\/wp\/v2\/media\/19960"}],"wp:attachment":[{"href":"https:\/\/tsargipood.ee\/en\/wp-json\/wp\/v2\/media?parent=19959"}],"wp:term":[{"taxonomy":"product_brand","embeddable":true,"href":"https:\/\/tsargipood.ee\/en\/wp-json\/wp\/v2\/product_brand?post=19959"},{"taxonomy":"product_cat","embeddable":true,"href":"https:\/\/tsargipood.ee\/en\/wp-json\/wp\/v2\/product_cat?post=19959"},{"taxonomy":"product_tag","embeddable":true,"href":"https:\/\/tsargipood.ee\/en\/wp-json\/wp\/v2\/product_tag?post=19959"}],"curies":[{"name":"wp","href":"https:\/\/api.w.org\/{rel}","templated":true}]}}