{"id":207,"date":"2023-07-02T10:58:27","date_gmt":"2023-07-02T10:58:27","guid":{"rendered":"https:\/\/tsargipood.ee\/?post_type=product&#038;p=207"},"modified":"2026-02-04T06:52:07","modified_gmt":"2026-02-04T06:52:07","slug":"nokamuts","status":"publish","type":"product","link":"https:\/\/tsargipood.ee\/en\/product\/nokamuts\/","title":{"rendered":"Design your own beanie"},"content":{"rendered":"<p>We use the Omaette icon as blanks to make beanies, the Flexfit the One and Only Original\u00ae hat has elevated the urban, lifestyle and sports market with its revolutionary all-round stretch-fit technology and polished style.<\/p>\n<p>The ubiquitous snapback shape and slightly curved visor, wrapped in premium fabric, offer a simple yet premium look for any occasion.<\/p>\n<p>One size fits all<\/p>\n<p>\u2022 Classic snapback with premium fabric<br \/>\n\u2022 Hard buckram. Structured<br \/>\n\u2022 Matching plastic closure<br \/>\n\u2022 Matching base visor, 8-row stitching on the visor<\/p>\n<p><strong>Features:<\/strong><\/p>\n<ul>\n<li>268 g\/m\u00b2<\/li>\n<li>34% Cotton, 63% Polyester, 3% Elastane<\/li>\n<li>6 panels<\/li>\n<li>Loops<\/li>\n<li>Curved visor with 8 rows of stitching<\/li>\n<li>Snapback size adjuster<\/li>\n<li><strong><a href=\"https:\/\/tsargipood.ee\/en\/flexfit-nokamutsid\/\" target=\"_blank\" rel=\"noopener\">Read more about the Flexfit hat<\/a><\/strong><\/li>\n<\/ul>\n<p>NB! Toote kujunduses olevad toote v\u00e4rvid ei pruugi vastata samale toonile. M\u00fctsi v\u00e4rve saab vaadata ka m\u00fctsi toote lehel.<\/p>","protected":false},"excerpt":{"rendered":"<div><strong>Toote kirjeldus: Disaini oma nokam\u00fcts.<\/strong><\/div>\n<div><\/div>\n<div><\/div>\n<div>Muuda tavaline nokam\u00fcts unikaalseks \u2013 disaini see ise!<\/div>\n<div>\u2022Kohandatav v\u00e4limus: Lisa oma logo, tekst v\u00f5i graafika ja loo m\u00fcts, mis sobib sinu stiili v\u00f5i br\u00e4ndiga. Ideaalne kingituseks, \u00fcritusteks v\u00f5i ettev\u00f5tte reklaamiks.<\/div>\n<div>\u2022Kvaliteetne materjal: Meie nokam\u00fctsid on valmistatud vastupidavatest ja mugavatest materjalidest, mis sobivad kandmiseks iga ilmaga.<\/div>\n<div>\u2022Stiilne disain: Valikus klassikalised ja modernsed m\u00fctsistiilid, et iga\u00fcks leiaks endale sobiva.<\/div>\n<div>\u2022Lihtne tellimisprotsess: Laadi \u00fcles oma disain ja saadame sulle personaalsete nokam\u00fctside komplekti kiiresti ja h\u00f5lpsalt.<\/div>\n<div>\u2022Mitmek\u00fclgne kasutus: Sobib igap\u00e4evaseks kandmiseks, meeskonnariietuseks v\u00f5i reklaamtooteks.<\/div>\n<div><\/div>\n<div>Disaini oma nokam\u00fcts ja kanna seda uhkusega! Alusta disainimist juba t\u00e4na!<\/div>\n<div>\n<p>&nbsp;<\/p>\n<p><img decoding=\"async\" class=\"pictograph-image alignleft entered lazyloaded\" src=\"https:\/\/www.falk-ross.eu\/out\/pictures\/generated\/product\/icon\/84_125_100\/sedex.eps_preview72.jpg\" alt=\"\" data-lazy-src=\"https:\/\/www.falk-ross.eu\/out\/pictures\/generated\/product\/icon\/84_125_100\/sedex.eps_preview72.jpg\" data-ll-status=\"loaded\" \/><img decoding=\"async\" class=\"pictograph-image alignleft entered lazyloaded\" src=\"https:\/\/www.falk-ross.eu\/out\/pictures\/generated\/product\/icon\/84_125_100\/bsci.eps_preview72.jpg\" alt=\"\" data-lazy-src=\"https:\/\/www.falk-ross.eu\/out\/pictures\/generated\/product\/icon\/84_125_100\/bsci.eps_preview72.jpg\" data-ll-status=\"loaded\" \/><img decoding=\"async\" class=\"pictograph-image alignleft entered lazyloaded\" src=\"https:\/\/www.falk-ross.eu\/out\/pictures\/generated\/product\/icon\/84_125_100\/00_wrap.eps_preview72.jpg\" alt=\"\" data-lazy-src=\"https:\/\/www.falk-ross.eu\/out\/pictures\/generated\/product\/icon\/84_125_100\/00_wrap.eps_preview72.jpg\" data-ll-status=\"loaded\" \/><\/p>\n<\/div>","protected":false},"featured_media":6702,"comment_status":"closed","ping_status":"closed","template":"","meta":{"googlesitekit_rrm_CAow0ZS_DA:productID":""},"product_brand":[],"product_cat":[217,289,23],"product_tag":[339,346,340,348,27,28,341,347,343,345,344,342],"class_list":{"0":"post-207","1":"product","2":"type-product","3":"status-publish","4":"has-post-thumbnail","6":"product_cat-disainitavad-tooted","7":"product_cat-muts","8":"product_cat-nokamuts","9":"product_tag-disaini-oma-nokamuts","10":"product_tag-ettevotte-nokamutsid","11":"product_tag-kohandatav-nokamuts","12":"product_tag-kvaliteetne-nokamuts","13":"product_tag-muts","14":"product_tag-nokamuts","15":"product_tag-nokamuts-oma-logoga","16":"product_tag-nokamutside-disain","17":"product_tag-personaalne-nokamuts","18":"product_tag-reklaamkingitused","19":"product_tag-stiilne-nokamuts","20":"product_tag-unikaalne-nokamuts","21":"fpd-variation-needed","22":"wcpa_has_options","24":"first","25":"instock","26":"taxable","27":"shipping-taxable","28":"purchasable","29":"product-type-variable"},"yoast_head":"<!-- This site is optimized with the Yoast SEO plugin v27.5 - https:\/\/yoast.com\/product\/yoast-seo-wordpress\/ -->\n<title>Disaini oma nokam\u00fcts | T-s\u00e4rgipood - Disaini oma T-s\u00e4rk | Nokam\u00fctsi disain<\/title>\n<meta name=\"description\" content=\"Meil saate disainida nokam\u00fctsi t\u00e4ielikult oma vajaduste p\u00f5hjal ning luua t\u00e4iesti ainulaadse disaini. Individuaalsete logode kasutamine on v\u00e4ga ...\" \/>\n<meta name=\"robots\" content=\"index, follow, max-snippet:-1, max-image-preview:large, max-video-preview:-1\" \/>\n<link rel=\"canonical\" href=\"https:\/\/tsargipood.ee\/en\/product\/nokamuts\/\" \/>\n<meta property=\"og:locale\" content=\"en_GB\" \/>\n<meta property=\"og:type\" content=\"article\" \/>\n<meta property=\"og:title\" content=\"Disaini oma nokam\u00fcts | T-s\u00e4rgipood - Disaini oma T-s\u00e4rk | Nokam\u00fctsi disain\" \/>\n<meta property=\"og:description\" content=\"Meil saate disainida nokam\u00fctsi t\u00e4ielikult oma vajaduste p\u00f5hjal ning luua t\u00e4iesti ainulaadse disaini. Individuaalsete logode kasutamine on v\u00e4ga ...\" \/>\n<meta property=\"og:url\" content=\"https:\/\/tsargipood.ee\/en\/product\/nokamuts\/\" \/>\n<meta property=\"og:site_name\" content=\"T-s\u00e4rgipood - Disaini oma T-s\u00e4rk\" \/>\n<meta property=\"article:publisher\" content=\"https:\/\/www.facebook.com\/profile.php?id=100090772812912\" \/>\n<meta property=\"article:modified_time\" content=\"2026-02-04T06:52:07+00:00\" \/>\n<meta property=\"og:image\" content=\"https:\/\/tsargipood.ee\/wp-content\/uploads\/2023\/07\/disaini-oma-nokamuts.png\" \/>\n\t<meta property=\"og:image:width\" content=\"660\" \/>\n\t<meta property=\"og:image:height\" content=\"660\" \/>\n\t<meta property=\"og:image:type\" content=\"image\/png\" \/>\n<meta name=\"twitter:card\" content=\"summary_large_image\" \/>\n<meta name=\"twitter:label1\" content=\"Estimated reading time\" \/>\n\t<meta name=\"twitter:data1\" content=\"1 minute\" \/>\n<script type=\"application\/ld+json\" class=\"yoast-schema-graph\">{\"@context\":\"https:\\\/\\\/schema.org\",\"@graph\":[{\"@type\":\"WebPage\",\"@id\":\"https:\\\/\\\/tsargipood.ee\\\/product\\\/nokamuts\\\/\",\"url\":\"https:\\\/\\\/tsargipood.ee\\\/product\\\/nokamuts\\\/\",\"name\":\"Disaini oma nokam\u00fcts | T-s\u00e4rgipood - Disaini oma T-s\u00e4rk | Nokam\u00fctsi disain\",\"isPartOf\":{\"@id\":\"https:\\\/\\\/tsargipood.ee\\\/#website\"},\"primaryImageOfPage\":{\"@id\":\"https:\\\/\\\/tsargipood.ee\\\/product\\\/nokamuts\\\/#primaryimage\"},\"image\":{\"@id\":\"https:\\\/\\\/tsargipood.ee\\\/product\\\/nokamuts\\\/#primaryimage\"},\"thumbnailUrl\":\"https:\\\/\\\/tsargipood.ee\\\/wp-content\\\/uploads\\\/2023\\\/07\\\/disaini-oma-nokamuts.png\",\"datePublished\":\"2023-07-02T10:58:27+00:00\",\"dateModified\":\"2026-02-04T06:52:07+00:00\",\"description\":\"Meil saate disainida nokam\u00fctsi t\u00e4ielikult oma vajaduste p\u00f5hjal ning luua t\u00e4iesti ainulaadse disaini. Individuaalsete logode kasutamine on v\u00e4ga ...\",\"breadcrumb\":{\"@id\":\"https:\\\/\\\/tsargipood.ee\\\/product\\\/nokamuts\\\/#breadcrumb\"},\"inLanguage\":\"en-GB\",\"potentialAction\":[{\"@type\":\"ReadAction\",\"target\":[\"https:\\\/\\\/tsargipood.ee\\\/product\\\/nokamuts\\\/\"]}]},{\"@type\":\"ImageObject\",\"inLanguage\":\"en-GB\",\"@id\":\"https:\\\/\\\/tsargipood.ee\\\/product\\\/nokamuts\\\/#primaryimage\",\"url\":\"https:\\\/\\\/tsargipood.ee\\\/wp-content\\\/uploads\\\/2023\\\/07\\\/disaini-oma-nokamuts.png\",\"contentUrl\":\"https:\\\/\\\/tsargipood.ee\\\/wp-content\\\/uploads\\\/2023\\\/07\\\/disaini-oma-nokamuts.png\",\"width\":660,\"height\":660,\"caption\":\"disaini oma nokam\u00fcts\"},{\"@type\":\"BreadcrumbList\",\"@id\":\"https:\\\/\\\/tsargipood.ee\\\/product\\\/nokamuts\\\/#breadcrumb\",\"itemListElement\":[{\"@type\":\"ListItem\",\"position\":1,\"name\":\"Home\",\"item\":\"https:\\\/\\\/tsargipood.ee\\\/\"},{\"@type\":\"ListItem\",\"position\":2,\"name\":\"T-s\u00e4rgipood\",\"item\":\"https:\\\/\\\/tsargipood.ee\\\/\"},{\"@type\":\"ListItem\",\"position\":3,\"name\":\"Disaini oma nokam\u00fcts\"}]},{\"@type\":\"WebSite\",\"@id\":\"https:\\\/\\\/tsargipood.ee\\\/#website\",\"url\":\"https:\\\/\\\/tsargipood.ee\\\/\",\"name\":\"T-s\u00e4rgipood - Disaini oma T-s\u00e4rk\",\"description\":\"Kujunda oma t-s\u00e4rk\",\"publisher\":{\"@id\":\"https:\\\/\\\/tsargipood.ee\\\/#organization\"},\"alternateName\":\"T-s\u00e4rgipood\",\"potentialAction\":[{\"@type\":\"SearchAction\",\"target\":{\"@type\":\"EntryPoint\",\"urlTemplate\":\"https:\\\/\\\/tsargipood.ee\\\/?s={search_term_string}\"},\"query-input\":{\"@type\":\"PropertyValueSpecification\",\"valueRequired\":true,\"valueName\":\"search_term_string\"}}],\"inLanguage\":\"en-GB\"},{\"@type\":\"Organization\",\"@id\":\"https:\\\/\\\/tsargipood.ee\\\/#organization\",\"name\":\"T-S\u00e4rgipood\",\"alternateName\":\"Disaini oma t-s\u00e4rk\",\"url\":\"https:\\\/\\\/tsargipood.ee\\\/\",\"logo\":{\"@type\":\"ImageObject\",\"inLanguage\":\"en-GB\",\"@id\":\"https:\\\/\\\/tsargipood.ee\\\/#\\\/schema\\\/logo\\\/image\\\/\",\"url\":\"https:\\\/\\\/tsargipood.ee\\\/wp-content\\\/uploads\\\/2023\\\/06\\\/T-sargipood-logo-1.png\",\"contentUrl\":\"https:\\\/\\\/tsargipood.ee\\\/wp-content\\\/uploads\\\/2023\\\/06\\\/T-sargipood-logo-1.png\",\"width\":540,\"height\":540,\"caption\":\"T-S\u00e4rgipood\"},\"image\":{\"@id\":\"https:\\\/\\\/tsargipood.ee\\\/#\\\/schema\\\/logo\\\/image\\\/\"},\"sameAs\":[\"https:\\\/\\\/www.facebook.com\\\/profile.php?id=100090772812912\",\"https:\\\/\\\/www.instagram.com\\\/tsargipood\\\/\"]}]}<\/script>\n<!-- \/ Yoast SEO plugin. -->","yoast_head_json":{"title":"Disaini oma nokam\u00fcts | T-s\u00e4rgipood - Disaini oma T-s\u00e4rk | Nokam\u00fctsi disain","description":"Meil saate disainida nokam\u00fctsi t\u00e4ielikult oma vajaduste p\u00f5hjal ning luua t\u00e4iesti ainulaadse disaini. Individuaalsete logode kasutamine on v\u00e4ga ...","robots":{"index":"index","follow":"follow","max-snippet":"max-snippet:-1","max-image-preview":"max-image-preview:large","max-video-preview":"max-video-preview:-1"},"canonical":"https:\/\/tsargipood.ee\/en\/product\/nokamuts\/","og_locale":"en_GB","og_type":"article","og_title":"Disaini oma nokam\u00fcts | T-s\u00e4rgipood - Disaini oma T-s\u00e4rk | Nokam\u00fctsi disain","og_description":"Meil saate disainida nokam\u00fctsi t\u00e4ielikult oma vajaduste p\u00f5hjal ning luua t\u00e4iesti ainulaadse disaini. Individuaalsete logode kasutamine on v\u00e4ga ...","og_url":"https:\/\/tsargipood.ee\/en\/product\/nokamuts\/","og_site_name":"T-s\u00e4rgipood - Disaini oma T-s\u00e4rk","article_publisher":"https:\/\/www.facebook.com\/profile.php?id=100090772812912","article_modified_time":"2026-02-04T06:52:07+00:00","og_image":[{"width":660,"height":660,"url":"https:\/\/tsargipood.ee\/wp-content\/uploads\/2023\/07\/disaini-oma-nokamuts.png","type":"image\/png"}],"twitter_card":"summary_large_image","twitter_misc":{"Estimated reading time":"1 minute"},"schema":{"@context":"https:\/\/schema.org","@graph":[{"@type":"WebPage","@id":"https:\/\/tsargipood.ee\/product\/nokamuts\/","url":"https:\/\/tsargipood.ee\/product\/nokamuts\/","name":"Disaini oma nokam\u00fcts | T-s\u00e4rgipood - Disaini oma T-s\u00e4rk | Nokam\u00fctsi disain","isPartOf":{"@id":"https:\/\/tsargipood.ee\/#website"},"primaryImageOfPage":{"@id":"https:\/\/tsargipood.ee\/product\/nokamuts\/#primaryimage"},"image":{"@id":"https:\/\/tsargipood.ee\/product\/nokamuts\/#primaryimage"},"thumbnailUrl":"https:\/\/tsargipood.ee\/wp-content\/uploads\/2023\/07\/disaini-oma-nokamuts.png","datePublished":"2023-07-02T10:58:27+00:00","dateModified":"2026-02-04T06:52:07+00:00","description":"Meil saate disainida nokam\u00fctsi t\u00e4ielikult oma vajaduste p\u00f5hjal ning luua t\u00e4iesti ainulaadse disaini. Individuaalsete logode kasutamine on v\u00e4ga ...","breadcrumb":{"@id":"https:\/\/tsargipood.ee\/product\/nokamuts\/#breadcrumb"},"inLanguage":"en-GB","potentialAction":[{"@type":"ReadAction","target":["https:\/\/tsargipood.ee\/product\/nokamuts\/"]}]},{"@type":"ImageObject","inLanguage":"en-GB","@id":"https:\/\/tsargipood.ee\/product\/nokamuts\/#primaryimage","url":"https:\/\/tsargipood.ee\/wp-content\/uploads\/2023\/07\/disaini-oma-nokamuts.png","contentUrl":"https:\/\/tsargipood.ee\/wp-content\/uploads\/2023\/07\/disaini-oma-nokamuts.png","width":660,"height":660,"caption":"disaini oma nokam\u00fcts"},{"@type":"BreadcrumbList","@id":"https:\/\/tsargipood.ee\/product\/nokamuts\/#breadcrumb","itemListElement":[{"@type":"ListItem","position":1,"name":"Home","item":"https:\/\/tsargipood.ee\/"},{"@type":"ListItem","position":2,"name":"T-s\u00e4rgipood","item":"https:\/\/tsargipood.ee\/"},{"@type":"ListItem","position":3,"name":"Disaini oma nokam\u00fcts"}]},{"@type":"WebSite","@id":"https:\/\/tsargipood.ee\/#website","url":"https:\/\/tsargipood.ee\/","name":"T-shirt shop - Design your own T-shirt","description":"Design your own t-shirt","publisher":{"@id":"https:\/\/tsargipood.ee\/#organization"},"alternateName":"T-s\u00e4rgipood","potentialAction":[{"@type":"SearchAction","target":{"@type":"EntryPoint","urlTemplate":"https:\/\/tsargipood.ee\/?s={search_term_string}"},"query-input":{"@type":"PropertyValueSpecification","valueRequired":true,"valueName":"search_term_string"}}],"inLanguage":"en-GB"},{"@type":"Organization","@id":"https:\/\/tsargipood.ee\/#organization","name":"T-S\u00e4rgipood","alternateName":"Disaini oma t-s\u00e4rk","url":"https:\/\/tsargipood.ee\/","logo":{"@type":"ImageObject","inLanguage":"en-GB","@id":"https:\/\/tsargipood.ee\/#\/schema\/logo\/image\/","url":"https:\/\/tsargipood.ee\/wp-content\/uploads\/2023\/06\/T-sargipood-logo-1.png","contentUrl":"https:\/\/tsargipood.ee\/wp-content\/uploads\/2023\/06\/T-sargipood-logo-1.png","width":540,"height":540,"caption":"T-S\u00e4rgipood"},"image":{"@id":"https:\/\/tsargipood.ee\/#\/schema\/logo\/image\/"},"sameAs":["https:\/\/www.facebook.com\/profile.php?id=100090772812912","https:\/\/www.instagram.com\/tsargipood\/"]}]}},"_links":{"self":[{"href":"https:\/\/tsargipood.ee\/en\/wp-json\/wp\/v2\/product\/207","targetHints":{"allow":["GET"]}}],"collection":[{"href":"https:\/\/tsargipood.ee\/en\/wp-json\/wp\/v2\/product"}],"about":[{"href":"https:\/\/tsargipood.ee\/en\/wp-json\/wp\/v2\/types\/product"}],"replies":[{"embeddable":true,"href":"https:\/\/tsargipood.ee\/en\/wp-json\/wp\/v2\/comments?post=207"}],"version-history":[{"count":0,"href":"https:\/\/tsargipood.ee\/en\/wp-json\/wp\/v2\/product\/207\/revisions"}],"wp:featuredmedia":[{"embeddable":true,"href":"https:\/\/tsargipood.ee\/en\/wp-json\/wp\/v2\/media\/6702"}],"wp:attachment":[{"href":"https:\/\/tsargipood.ee\/en\/wp-json\/wp\/v2\/media?parent=207"}],"wp:term":[{"taxonomy":"product_brand","embeddable":true,"href":"https:\/\/tsargipood.ee\/en\/wp-json\/wp\/v2\/product_brand?post=207"},{"taxonomy":"product_cat","embeddable":true,"href":"https:\/\/tsargipood.ee\/en\/wp-json\/wp\/v2\/product_cat?post=207"},{"taxonomy":"product_tag","embeddable":true,"href":"https:\/\/tsargipood.ee\/en\/wp-json\/wp\/v2\/product_tag?post=207"}],"curies":[{"name":"wp","href":"https:\/\/api.w.org\/{rel}","templated":true}]}}