{"id":3186,"date":"2023-07-05T15:07:43","date_gmt":"2023-07-05T15:07:43","guid":{"rendered":"https:\/\/tsargipood.ee\/?post_type=product&#038;p=3186"},"modified":"2026-02-02T08:04:59","modified_gmt":"2026-02-02T08:04:59","slug":"disaini-oma-pusa","status":"publish","type":"product","link":"https:\/\/tsargipood.ee\/en\/product\/disaini-oma-pusa\/","title":{"rendered":"Design your own hoodie"},"content":{"rendered":"<p class=\"p1\"><b>Disaini oma pusa \u2013 v\u00e4ljenda oma stiili!<\/b><b><\/b><\/p>\n<p class=\"p1\">Muuda tavaline pusa millekski ainulaadseks! Lisa oma disain, logo v\u00f5i tekst ning loo isikup\u00e4rane ja kvaliteetne pusa, mis sobib nii igap\u00e4evaseks kandmiseks kui ka kingituseks. Kvaliteetne tr\u00fckkimine v\u00f5i tikand tagab kauakestva tulemuse. Ideaalne valik isikup\u00e4rase stiili loomiseks v\u00f5i br\u00e4ndi esitlemiseks.<\/p>\n<p class=\"p1\"><b>Telli oma disainiga pusa juba t\u00e4na!<\/b><\/p>\n<p><strong>THE ESSENTIAL UNISEX CARGO SWEATER<\/strong><\/p>\n<p>Set-in sleeve<br \/>\nSelf fabric lined hood<br \/>\nFlat cords in matching shirt color<br \/>\nSewn buttonhole loops<br \/>\nInside fishtail neck tape<br \/>\nSelf fabric crescent on the back neck<br \/>\n1\u00d71 rib on sleeve and hem<br \/>\nFlatlock topstitching on all seams<br \/>\nKangaroo pocket with flat seam<\/p>\n<p><strong>MEDIUM FIT<\/strong><\/p>\n<p>BODY: BRUSHED, 85% COTTON - ORGANIC RING SPIN COMBED, 15% POLYESTER - RECYCLED, FABRIC WASHED, 280 G\/M\u00b2<\/p>\n<p><strong>HOOLDUSJUHEND<\/strong><\/p>\n<p>Pese koos sarnaste v\u00e4rvidega.<br \/>\n\u00c4ra triigi otse tr\u00fckipinnalt.<br \/>\nPese ja triigi pahupidi.<\/p>\n<p>Pesemine: 30\u00b0<br \/>\nPleegitamine: keelatud<br \/>\nKuivatamine: trummelkuivatus keelatud<br \/>\nTriikimine: kuni 110\u00b0<br \/>\nKeemiline puhastus: keelatud<\/p>\n<p><img decoding=\"async\" class=\"w-8 h-8 shrink-0\" title=\"Washing - 30\u00b0\" src=\"https:\/\/stanleystella.com\/media\/amasty\/shopby\/option_images\/slider\/was_30.png\" alt=\"Washing - 30\u00b0\" width=\"32\" height=\"32\" \/><img decoding=\"async\" class=\"w-8 h-8 shrink-0\" title=\"Bleaching - No\" src=\"https:\/\/stanleystella.com\/media\/amasty\/shopby\/option_images\/slider\/ble_not.png\" alt=\"Bleaching - No\" width=\"32\" height=\"32\" \/><img decoding=\"async\" class=\"w-8 h-8 shrink-0\" title=\"Drying - Tumble Dry No\" src=\"https:\/\/stanleystella.com\/media\/amasty\/shopby\/option_images\/slider\/dry_not.png\" alt=\"Drying - Tumble Dry No\" width=\"32\" height=\"32\" \/><img loading=\"lazy\" decoding=\"async\" class=\"w-8 h-8 shrink-0\" title=\"Ironing - 110\u00b0\" src=\"https:\/\/stanleystella.com\/media\/amasty\/shopby\/option_images\/slider\/iro_max_110.png\" alt=\"Ironing - 110\u00b0\" width=\"32\" height=\"32\" \/><img loading=\"lazy\" decoding=\"async\" class=\"w-8 h-8 shrink-0\" title=\"Cleaning - No\" src=\"https:\/\/stanleystella.com\/media\/amasty\/shopby\/option_images\/slider\/EU-Symbol_DryCleaning.svg\" alt=\"Cleaning - No\" width=\"32\" height=\"32\" \/><\/p>\n<p><a href=\"https:\/\/tsargipood.ee\/en\/product\/disaini-oma-pusa\/\" target=\"_blank\" rel=\"noopener\">You can find more information about the jacket here.<\/a><\/p>\n<p>&nbsp;<\/p>","protected":false},"excerpt":{"rendered":"<p class=\"p1\"><b>Disaini oma pusa \u2013 unikaalne, isikup\u00e4rane ja just sinu n\u00e4gu!<\/b><b><\/b><\/p>\n<p class=\"p3\">Loo pusa, mis r\u00e4\u00e4gib sinu lugu. Lisa oma kujundus, logo, tekst v\u00f5i pilt ning kujunda r\u00f5ivaese, mis eristub ja j\u00e4\u00e4b meelde. Olgu selleks ettev\u00f5tte s\u00fcmboolika, tiimi v\u00f5i \u00fcrituse pusa, kingitus l\u00e4hedasele v\u00f5i lihtsalt midagi t\u00e4iesti isiklikku \u2013 sina valid, meie viime ellu.<\/p>\n<p class=\"p3\">Kasutame <span class=\"s1\"><b>kvaliteetseid ja mugavaid pusasid<\/b><\/span> ning <span class=\"s1\"><b>professionaalset tr\u00fckitehnoloogiat<\/b><\/span>, et tulemus oleks vastupidav, selge ja n\u00e4eks hea v\u00e4lja ka p\u00e4rast korduvat kandmist ja pesu. Tr\u00fckk j\u00e4\u00e4b puhas, v\u00e4rvid kirkad ning pusa hoiab oma kuju.<\/p>\n<p class=\"p3\">Disainimine on lihtne ja mugav \u2013 vali sobiv mudel, lisa oma kujundus ning vormista tellimus.<\/p>\n<p class=\"p3\">Lase oma ideel n\u00e4htavaks saada ja loo pusa, mida kannad uhkusega!<\/p>\n<p><img loading=\"lazy\" decoding=\"async\" class=\"alignnone size-full wp-image-7539 alignleft\" src=\"https:\/\/tsargipood.ee\/wp-content\/uploads\/2023\/08\/PETAVegan-1.png\" alt=\"\" width=\"137\" height=\"50\" \/> <img loading=\"lazy\" decoding=\"async\" class=\"alignnone size-full wp-image-7538 alignleft\" src=\"https:\/\/tsargipood.ee\/wp-content\/uploads\/2023\/08\/OekoTex2012163-1.png\" alt=\"\" width=\"46\" height=\"50\" \/> <img loading=\"lazy\" decoding=\"async\" class=\"alignnone size-full wp-image-7537 alignleft\" src=\"https:\/\/tsargipood.ee\/wp-content\/uploads\/2023\/08\/GOTSOrganic-1.png\" alt=\"\" width=\"49\" height=\"50\" \/> <img loading=\"lazy\" decoding=\"async\" class=\"alignnone size-full wp-image-7536 alignleft\" src=\"https:\/\/tsargipood.ee\/wp-content\/uploads\/2023\/08\/Fairwear-1.png\" alt=\"\" width=\"85\" height=\"50\" \/><\/p>","protected":false},"featured_media":299,"comment_status":"closed","ping_status":"closed","template":"","meta":{"googlesitekit_rrm_CAow0ZS_DA:productID":""},"product_brand":[],"product_cat":[217,30],"product_tag":[424,309,422,308,417,423,419,421,420,26,418],"class_list":{"0":"post-3186","1":"product","2":"type-product","3":"status-publish","4":"has-post-thumbnail","6":"product_cat-disainitavad-tooted","7":"product_cat-pusa-kapuutsiga","8":"product_tag-disaini-ise","9":"product_tag-disaini-oma-pusa","10":"product_tag-disainitud-roivad","11":"product_tag-isikuparane-pusa","12":"product_tag-kohandatav-pusa","13":"product_tag-kvaliteetne-pusa","14":"product_tag-logo-pusal","15":"product_tag-personaliseeritud-pusa","16":"product_tag-pusa-trukiga","17":"product_tag-t-sark","18":"product_tag-unikaalne-disain-pusal","19":"fpd-variation-needed","20":"wcpa_has_options","22":"first","23":"instock","24":"taxable","25":"shipping-taxable","26":"purchasable","27":"product-type-variable"},"yoast_head":"<!-- This site is optimized with the Yoast SEO plugin v27.5 - https:\/\/yoast.com\/product\/yoast-seo-wordpress\/ -->\n<title>Disaini oma pusa | T-s\u00e4rgipood - Disaini oma T-s\u00e4rk | Oma disainiga pusa<\/title>\n<meta name=\"description\" content=\"Kujunda oma pusa ja saada see meile tr\u00fckki. Sinu kujundusega pusa valmib kiiresti ja kvaliteetselt. Pusa, millele saab valida oma v\u00f5i\u00a0kohanime.\" \/>\n<meta name=\"robots\" content=\"index, follow, max-snippet:-1, max-image-preview:large, max-video-preview:-1\" \/>\n<link rel=\"canonical\" href=\"https:\/\/tsargipood.ee\/en\/product\/disaini-oma-pusa\/\" \/>\n<meta property=\"og:locale\" content=\"en_GB\" \/>\n<meta property=\"og:type\" content=\"article\" \/>\n<meta property=\"og:title\" content=\"Disaini oma pusa | T-s\u00e4rgipood - Disaini oma T-s\u00e4rk | Oma disainiga pusa\" \/>\n<meta property=\"og:description\" content=\"Kujunda oma pusa ja saada see meile tr\u00fckki. Sinu kujundusega pusa valmib kiiresti ja kvaliteetselt. Pusa, millele saab valida oma v\u00f5i\u00a0kohanime.\" \/>\n<meta property=\"og:url\" content=\"https:\/\/tsargipood.ee\/en\/product\/disaini-oma-pusa\/\" \/>\n<meta property=\"og:site_name\" content=\"T-s\u00e4rgipood - Disaini oma T-s\u00e4rk\" \/>\n<meta property=\"article:publisher\" content=\"https:\/\/www.facebook.com\/profile.php?id=100090772812912\" \/>\n<meta property=\"article:modified_time\" content=\"2026-02-02T08:04:59+00:00\" \/>\n<meta property=\"og:image\" content=\"https:\/\/tsargipood.ee\/wp-content\/uploads\/2023\/07\/pusa_kapuutsiga.jpg\" \/>\n\t<meta property=\"og:image:width\" content=\"660\" \/>\n\t<meta property=\"og:image:height\" content=\"660\" \/>\n\t<meta property=\"og:image:type\" content=\"image\/jpeg\" \/>\n<meta name=\"twitter:card\" content=\"summary_large_image\" \/>\n<meta name=\"twitter:label1\" content=\"Estimated reading time\" \/>\n\t<meta name=\"twitter:data1\" content=\"2 minutes\" \/>\n<script type=\"application\/ld+json\" class=\"yoast-schema-graph\">{\"@context\":\"https:\\\/\\\/schema.org\",\"@graph\":[{\"@type\":\"WebPage\",\"@id\":\"https:\\\/\\\/tsargipood.ee\\\/product\\\/disaini-oma-pusa\\\/\",\"url\":\"https:\\\/\\\/tsargipood.ee\\\/product\\\/disaini-oma-pusa\\\/\",\"name\":\"Disaini oma pusa | T-s\u00e4rgipood - Disaini oma T-s\u00e4rk | Oma disainiga pusa\",\"isPartOf\":{\"@id\":\"https:\\\/\\\/tsargipood.ee\\\/#website\"},\"primaryImageOfPage\":{\"@id\":\"https:\\\/\\\/tsargipood.ee\\\/product\\\/disaini-oma-pusa\\\/#primaryimage\"},\"image\":{\"@id\":\"https:\\\/\\\/tsargipood.ee\\\/product\\\/disaini-oma-pusa\\\/#primaryimage\"},\"thumbnailUrl\":\"https:\\\/\\\/tsargipood.ee\\\/wp-content\\\/uploads\\\/2023\\\/07\\\/pusa_kapuutsiga.jpg\",\"datePublished\":\"2023-07-05T15:07:43+00:00\",\"dateModified\":\"2026-02-02T08:04:59+00:00\",\"description\":\"Kujunda oma pusa ja saada see meile tr\u00fckki. Sinu kujundusega pusa valmib kiiresti ja kvaliteetselt. Pusa, millele saab valida oma v\u00f5i\u00a0kohanime.\",\"breadcrumb\":{\"@id\":\"https:\\\/\\\/tsargipood.ee\\\/product\\\/disaini-oma-pusa\\\/#breadcrumb\"},\"inLanguage\":\"en-GB\",\"potentialAction\":[{\"@type\":\"ReadAction\",\"target\":[\"https:\\\/\\\/tsargipood.ee\\\/product\\\/disaini-oma-pusa\\\/\"]}]},{\"@type\":\"ImageObject\",\"inLanguage\":\"en-GB\",\"@id\":\"https:\\\/\\\/tsargipood.ee\\\/product\\\/disaini-oma-pusa\\\/#primaryimage\",\"url\":\"https:\\\/\\\/tsargipood.ee\\\/wp-content\\\/uploads\\\/2023\\\/07\\\/pusa_kapuutsiga.jpg\",\"contentUrl\":\"https:\\\/\\\/tsargipood.ee\\\/wp-content\\\/uploads\\\/2023\\\/07\\\/pusa_kapuutsiga.jpg\",\"width\":660,\"height\":660,\"caption\":\"pusa_kapuutsiga\"},{\"@type\":\"BreadcrumbList\",\"@id\":\"https:\\\/\\\/tsargipood.ee\\\/product\\\/disaini-oma-pusa\\\/#breadcrumb\",\"itemListElement\":[{\"@type\":\"ListItem\",\"position\":1,\"name\":\"Home\",\"item\":\"https:\\\/\\\/tsargipood.ee\\\/\"},{\"@type\":\"ListItem\",\"position\":2,\"name\":\"T-s\u00e4rgipood\",\"item\":\"https:\\\/\\\/tsargipood.ee\\\/\"},{\"@type\":\"ListItem\",\"position\":3,\"name\":\"Disaini oma pusa\"}]},{\"@type\":\"WebSite\",\"@id\":\"https:\\\/\\\/tsargipood.ee\\\/#website\",\"url\":\"https:\\\/\\\/tsargipood.ee\\\/\",\"name\":\"T-s\u00e4rgipood - Disaini oma T-s\u00e4rk\",\"description\":\"Kujunda oma t-s\u00e4rk\",\"publisher\":{\"@id\":\"https:\\\/\\\/tsargipood.ee\\\/#organization\"},\"alternateName\":\"T-s\u00e4rgipood\",\"potentialAction\":[{\"@type\":\"SearchAction\",\"target\":{\"@type\":\"EntryPoint\",\"urlTemplate\":\"https:\\\/\\\/tsargipood.ee\\\/?s={search_term_string}\"},\"query-input\":{\"@type\":\"PropertyValueSpecification\",\"valueRequired\":true,\"valueName\":\"search_term_string\"}}],\"inLanguage\":\"en-GB\"},{\"@type\":\"Organization\",\"@id\":\"https:\\\/\\\/tsargipood.ee\\\/#organization\",\"name\":\"T-S\u00e4rgipood\",\"alternateName\":\"Disaini oma t-s\u00e4rk\",\"url\":\"https:\\\/\\\/tsargipood.ee\\\/\",\"logo\":{\"@type\":\"ImageObject\",\"inLanguage\":\"en-GB\",\"@id\":\"https:\\\/\\\/tsargipood.ee\\\/#\\\/schema\\\/logo\\\/image\\\/\",\"url\":\"https:\\\/\\\/tsargipood.ee\\\/wp-content\\\/uploads\\\/2023\\\/06\\\/T-sargipood-logo-1.png\",\"contentUrl\":\"https:\\\/\\\/tsargipood.ee\\\/wp-content\\\/uploads\\\/2023\\\/06\\\/T-sargipood-logo-1.png\",\"width\":540,\"height\":540,\"caption\":\"T-S\u00e4rgipood\"},\"image\":{\"@id\":\"https:\\\/\\\/tsargipood.ee\\\/#\\\/schema\\\/logo\\\/image\\\/\"},\"sameAs\":[\"https:\\\/\\\/www.facebook.com\\\/profile.php?id=100090772812912\",\"https:\\\/\\\/www.instagram.com\\\/tsargipood\\\/\"]}]}<\/script>\n<!-- \/ Yoast SEO plugin. -->","yoast_head_json":{"title":"Disaini oma pusa | T-s\u00e4rgipood - Disaini oma T-s\u00e4rk | Oma disainiga pusa","description":"Kujunda oma pusa ja saada see meile tr\u00fckki. Sinu kujundusega pusa valmib kiiresti ja kvaliteetselt. Pusa, millele saab valida oma v\u00f5i\u00a0kohanime.","robots":{"index":"index","follow":"follow","max-snippet":"max-snippet:-1","max-image-preview":"max-image-preview:large","max-video-preview":"max-video-preview:-1"},"canonical":"https:\/\/tsargipood.ee\/en\/product\/disaini-oma-pusa\/","og_locale":"en_GB","og_type":"article","og_title":"Disaini oma pusa | T-s\u00e4rgipood - Disaini oma T-s\u00e4rk | Oma disainiga pusa","og_description":"Kujunda oma pusa ja saada see meile tr\u00fckki. Sinu kujundusega pusa valmib kiiresti ja kvaliteetselt. Pusa, millele saab valida oma v\u00f5i\u00a0kohanime.","og_url":"https:\/\/tsargipood.ee\/en\/product\/disaini-oma-pusa\/","og_site_name":"T-s\u00e4rgipood - Disaini oma T-s\u00e4rk","article_publisher":"https:\/\/www.facebook.com\/profile.php?id=100090772812912","article_modified_time":"2026-02-02T08:04:59+00:00","og_image":[{"width":660,"height":660,"url":"https:\/\/tsargipood.ee\/wp-content\/uploads\/2023\/07\/pusa_kapuutsiga.jpg","type":"image\/jpeg"}],"twitter_card":"summary_large_image","twitter_misc":{"Estimated reading time":"2 minutes"},"schema":{"@context":"https:\/\/schema.org","@graph":[{"@type":"WebPage","@id":"https:\/\/tsargipood.ee\/product\/disaini-oma-pusa\/","url":"https:\/\/tsargipood.ee\/product\/disaini-oma-pusa\/","name":"Disaini oma pusa | T-s\u00e4rgipood - Disaini oma T-s\u00e4rk | Oma disainiga pusa","isPartOf":{"@id":"https:\/\/tsargipood.ee\/#website"},"primaryImageOfPage":{"@id":"https:\/\/tsargipood.ee\/product\/disaini-oma-pusa\/#primaryimage"},"image":{"@id":"https:\/\/tsargipood.ee\/product\/disaini-oma-pusa\/#primaryimage"},"thumbnailUrl":"https:\/\/tsargipood.ee\/wp-content\/uploads\/2023\/07\/pusa_kapuutsiga.jpg","datePublished":"2023-07-05T15:07:43+00:00","dateModified":"2026-02-02T08:04:59+00:00","description":"Kujunda oma pusa ja saada see meile tr\u00fckki. Sinu kujundusega pusa valmib kiiresti ja kvaliteetselt. Pusa, millele saab valida oma v\u00f5i\u00a0kohanime.","breadcrumb":{"@id":"https:\/\/tsargipood.ee\/product\/disaini-oma-pusa\/#breadcrumb"},"inLanguage":"en-GB","potentialAction":[{"@type":"ReadAction","target":["https:\/\/tsargipood.ee\/product\/disaini-oma-pusa\/"]}]},{"@type":"ImageObject","inLanguage":"en-GB","@id":"https:\/\/tsargipood.ee\/product\/disaini-oma-pusa\/#primaryimage","url":"https:\/\/tsargipood.ee\/wp-content\/uploads\/2023\/07\/pusa_kapuutsiga.jpg","contentUrl":"https:\/\/tsargipood.ee\/wp-content\/uploads\/2023\/07\/pusa_kapuutsiga.jpg","width":660,"height":660,"caption":"pusa_kapuutsiga"},{"@type":"BreadcrumbList","@id":"https:\/\/tsargipood.ee\/product\/disaini-oma-pusa\/#breadcrumb","itemListElement":[{"@type":"ListItem","position":1,"name":"Home","item":"https:\/\/tsargipood.ee\/"},{"@type":"ListItem","position":2,"name":"T-s\u00e4rgipood","item":"https:\/\/tsargipood.ee\/"},{"@type":"ListItem","position":3,"name":"Disaini oma pusa"}]},{"@type":"WebSite","@id":"https:\/\/tsargipood.ee\/#website","url":"https:\/\/tsargipood.ee\/","name":"T-shirt shop - Design your own T-shirt","description":"Design your own t-shirt","publisher":{"@id":"https:\/\/tsargipood.ee\/#organization"},"alternateName":"T-s\u00e4rgipood","potentialAction":[{"@type":"SearchAction","target":{"@type":"EntryPoint","urlTemplate":"https:\/\/tsargipood.ee\/?s={search_term_string}"},"query-input":{"@type":"PropertyValueSpecification","valueRequired":true,"valueName":"search_term_string"}}],"inLanguage":"en-GB"},{"@type":"Organization","@id":"https:\/\/tsargipood.ee\/#organization","name":"T-S\u00e4rgipood","alternateName":"Disaini oma t-s\u00e4rk","url":"https:\/\/tsargipood.ee\/","logo":{"@type":"ImageObject","inLanguage":"en-GB","@id":"https:\/\/tsargipood.ee\/#\/schema\/logo\/image\/","url":"https:\/\/tsargipood.ee\/wp-content\/uploads\/2023\/06\/T-sargipood-logo-1.png","contentUrl":"https:\/\/tsargipood.ee\/wp-content\/uploads\/2023\/06\/T-sargipood-logo-1.png","width":540,"height":540,"caption":"T-S\u00e4rgipood"},"image":{"@id":"https:\/\/tsargipood.ee\/#\/schema\/logo\/image\/"},"sameAs":["https:\/\/www.facebook.com\/profile.php?id=100090772812912","https:\/\/www.instagram.com\/tsargipood\/"]}]}},"_links":{"self":[{"href":"https:\/\/tsargipood.ee\/en\/wp-json\/wp\/v2\/product\/3186","targetHints":{"allow":["GET"]}}],"collection":[{"href":"https:\/\/tsargipood.ee\/en\/wp-json\/wp\/v2\/product"}],"about":[{"href":"https:\/\/tsargipood.ee\/en\/wp-json\/wp\/v2\/types\/product"}],"replies":[{"embeddable":true,"href":"https:\/\/tsargipood.ee\/en\/wp-json\/wp\/v2\/comments?post=3186"}],"version-history":[{"count":0,"href":"https:\/\/tsargipood.ee\/en\/wp-json\/wp\/v2\/product\/3186\/revisions"}],"wp:featuredmedia":[{"embeddable":true,"href":"https:\/\/tsargipood.ee\/en\/wp-json\/wp\/v2\/media\/299"}],"wp:attachment":[{"href":"https:\/\/tsargipood.ee\/en\/wp-json\/wp\/v2\/media?parent=3186"}],"wp:term":[{"taxonomy":"product_brand","embeddable":true,"href":"https:\/\/tsargipood.ee\/en\/wp-json\/wp\/v2\/product_brand?post=3186"},{"taxonomy":"product_cat","embeddable":true,"href":"https:\/\/tsargipood.ee\/en\/wp-json\/wp\/v2\/product_cat?post=3186"},{"taxonomy":"product_tag","embeddable":true,"href":"https:\/\/tsargipood.ee\/en\/wp-json\/wp\/v2\/product_tag?post=3186"}],"curies":[{"name":"wp","href":"https:\/\/api.w.org\/{rel}","templated":true}]}}