{"id":6650,"date":"2023-07-25T10:30:45","date_gmt":"2023-07-25T10:30:45","guid":{"rendered":"https:\/\/tsargipood.ee\/?post_type=product&#038;p=6650"},"modified":"2026-02-10T12:34:10","modified_gmt":"2026-02-10T12:34:10","slug":"kott","status":"publish","type":"product","link":"https:\/\/tsargipood.ee\/en\/product\/kott\/","title":{"rendered":"Premium cotton bag"},"content":{"rendered":"<p>Premium cotton bag, can be carried in the hand or over the shoulder.<\/p>\n<p><strong>EarthAware\u2122 Organic Bag - With Handle<\/strong><\/p>\n<ul>\n<li>100% cotton<\/li>\n<li>Handle length: 67 cm<\/li>\n<li>Can be carried in the hand or over the shoulder<\/li>\n<li>Capacity: 10 liters<\/li>\n<li>Dimensions: 38 x 42 cm<\/li>\n<li>Material weight 340 g\/m\u00b2<\/li>\n<li>Premium heavyweight fabric<\/li>\n<\/ul>","protected":false},"excerpt":{"rendered":"<p class=\"p1\"><b>Disaini oma tote-kott \u2013 unikaalne ja praktiline!<\/b><b><\/b><\/p>\n<p class=\"p1\">Loo isikup\u00e4rane tote-kott, lisades oma disaini, logo v\u00f5i s\u00f5numi. Praktiline ja stiilne kott sobib igap\u00e4evaseks kasutamiseks v\u00f5i meeldej\u00e4\u00e4vaks kingituseks. Kvaliteetne materjal ja professionaalne tr\u00fckk tagavad vastupidava ja silmapaistva tulemuse.<\/p>\n<p class=\"p1\"><b>Telli oma disainiga tote-kott juba t\u00e4na!<\/b><\/p>\n<p>&nbsp;<\/p>\n<p><img decoding=\"async\" class=\"pictograph-image-features alignleft entered lazyloaded\" src=\"https:\/\/www.falk-ross.eu\/out\/pictures\/generated\/product\/icon\/84_125_100\/0_organic.eps_preview72.jpg\" alt=\"\" data-lazy-src=\"https:\/\/www.falk-ross.eu\/out\/pictures\/generated\/product\/icon\/84_125_100\/0_organic.eps_preview72.jpg\" data-ll-status=\"loaded\" \/><img decoding=\"async\" class=\"alignleft entered lazyloaded\" src=\"https:\/\/www.falk-ross.eu\/out\/pictures\/generated\/product\/icon\/84_125_100\/05_organic-100-content-standard.eps_preview72.jpg\" alt=\"\" data-lazy-src=\"https:\/\/www.falk-ross.eu\/out\/pictures\/generated\/product\/icon\/84_125_100\/05_organic-100-content-standard.eps_preview72.jpg\" data-ll-status=\"loaded\" \/><\/p>\n<p>&nbsp;<\/p>","protected":false},"featured_media":6651,"comment_status":"closed","ping_status":"closed","template":"","meta":{"googlesitekit_rrm_CAow0ZS_DA:productID":""},"product_brand":[],"product_cat":[217,25],"product_tag":[443,445,450,444,451,446,447,185,184,186,448,449],"class_list":{"0":"post-6650","1":"product","2":"type-product","3":"status-publish","4":"has-post-thumbnail","6":"product_cat-disainitavad-tooted","7":"product_cat-poekott","8":"product_tag-disaini-oma-tote-kott","9":"product_tag-isikuparane-kott","10":"product_tag-kingiidee-kott","11":"product_tag-kohandatav-tote-kott","12":"product_tag-kvaliteetne-tote-kott","13":"product_tag-logo-tote-kotil","14":"product_tag-personaliseeritud-tote-kott","15":"product_tag-poe-kott","16":"product_tag-poekott","17":"product_tag-tote-bag","18":"product_tag-tote-kott-trukkimine","19":"product_tag-unikaalne-kott","20":"fpd-variation-needed","21":"wcpa_has_options","23":"first","24":"instock","25":"taxable","26":"shipping-taxable","27":"purchasable","28":"product-type-variable"},"yoast_head":"<!-- This site is optimized with the Yoast SEO plugin v27.5 - https:\/\/yoast.com\/product\/yoast-seo-wordpress\/ -->\n<title>Premium puuvillane kott | T-s\u00e4rgipood - Disaini oma T-s\u00e4rk | Oma disainiga kott<\/title>\n<meta name=\"description\" content=\"Disaini oma tote-kott \u2013 praktiline ja stiilne! Lisa oma logo v\u00f5i tekst ning loo isikup\u00e4rane kott, mis sobib igaks p\u00e4evaks. Telli t\u00e4na ja kanna oma stiili!\" \/>\n<meta name=\"robots\" content=\"index, follow, max-snippet:-1, max-image-preview:large, max-video-preview:-1\" \/>\n<link rel=\"canonical\" href=\"https:\/\/tsargipood.ee\/en\/product\/kott\/\" \/>\n<meta property=\"og:locale\" content=\"en_GB\" \/>\n<meta property=\"og:type\" content=\"article\" \/>\n<meta property=\"og:title\" content=\"Premium puuvillane kott | T-s\u00e4rgipood - Disaini oma T-s\u00e4rk | Oma disainiga kott\" \/>\n<meta property=\"og:description\" content=\"Disaini oma tote-kott \u2013 praktiline ja stiilne! Lisa oma logo v\u00f5i tekst ning loo isikup\u00e4rane kott, mis sobib igaks p\u00e4evaks. Telli t\u00e4na ja kanna oma stiili!\" \/>\n<meta property=\"og:url\" content=\"https:\/\/tsargipood.ee\/en\/product\/kott\/\" \/>\n<meta property=\"og:site_name\" content=\"T-s\u00e4rgipood - Disaini oma T-s\u00e4rk\" \/>\n<meta property=\"article:publisher\" content=\"https:\/\/www.facebook.com\/profile.php?id=100090772812912\" \/>\n<meta property=\"article:modified_time\" content=\"2026-02-10T12:34:10+00:00\" \/>\n<meta property=\"og:image\" content=\"https:\/\/tsargipood.ee\/wp-content\/uploads\/2023\/07\/kott-1.jpg\" \/>\n\t<meta property=\"og:image:width\" content=\"660\" \/>\n\t<meta property=\"og:image:height\" content=\"660\" \/>\n\t<meta property=\"og:image:type\" content=\"image\/jpeg\" \/>\n<meta name=\"twitter:card\" content=\"summary_large_image\" \/>\n<meta name=\"twitter:label1\" content=\"Estimated reading time\" \/>\n\t<meta name=\"twitter:data1\" content=\"1 minute\" \/>\n<script type=\"application\/ld+json\" class=\"yoast-schema-graph\">{\"@context\":\"https:\\\/\\\/schema.org\",\"@graph\":[{\"@type\":\"WebPage\",\"@id\":\"https:\\\/\\\/tsargipood.ee\\\/product\\\/kott\\\/\",\"url\":\"https:\\\/\\\/tsargipood.ee\\\/product\\\/kott\\\/\",\"name\":\"Premium puuvillane kott | T-s\u00e4rgipood - Disaini oma T-s\u00e4rk | Oma disainiga kott\",\"isPartOf\":{\"@id\":\"https:\\\/\\\/tsargipood.ee\\\/#website\"},\"primaryImageOfPage\":{\"@id\":\"https:\\\/\\\/tsargipood.ee\\\/product\\\/kott\\\/#primaryimage\"},\"image\":{\"@id\":\"https:\\\/\\\/tsargipood.ee\\\/product\\\/kott\\\/#primaryimage\"},\"thumbnailUrl\":\"https:\\\/\\\/tsargipood.ee\\\/wp-content\\\/uploads\\\/2023\\\/07\\\/kott-1.jpg\",\"datePublished\":\"2023-07-25T10:30:45+00:00\",\"dateModified\":\"2026-02-10T12:34:10+00:00\",\"description\":\"Disaini oma tote-kott \u2013 praktiline ja stiilne! Lisa oma logo v\u00f5i tekst ning loo isikup\u00e4rane kott, mis sobib igaks p\u00e4evaks. Telli t\u00e4na ja kanna oma stiili!\",\"breadcrumb\":{\"@id\":\"https:\\\/\\\/tsargipood.ee\\\/product\\\/kott\\\/#breadcrumb\"},\"inLanguage\":\"en-GB\",\"potentialAction\":[{\"@type\":\"ReadAction\",\"target\":[\"https:\\\/\\\/tsargipood.ee\\\/product\\\/kott\\\/\"]}]},{\"@type\":\"ImageObject\",\"inLanguage\":\"en-GB\",\"@id\":\"https:\\\/\\\/tsargipood.ee\\\/product\\\/kott\\\/#primaryimage\",\"url\":\"https:\\\/\\\/tsargipood.ee\\\/wp-content\\\/uploads\\\/2023\\\/07\\\/kott-1.jpg\",\"contentUrl\":\"https:\\\/\\\/tsargipood.ee\\\/wp-content\\\/uploads\\\/2023\\\/07\\\/kott-1.jpg\",\"width\":660,\"height\":660,\"caption\":\"kott\"},{\"@type\":\"BreadcrumbList\",\"@id\":\"https:\\\/\\\/tsargipood.ee\\\/product\\\/kott\\\/#breadcrumb\",\"itemListElement\":[{\"@type\":\"ListItem\",\"position\":1,\"name\":\"Home\",\"item\":\"https:\\\/\\\/tsargipood.ee\\\/\"},{\"@type\":\"ListItem\",\"position\":2,\"name\":\"T-s\u00e4rgipood\",\"item\":\"https:\\\/\\\/tsargipood.ee\\\/\"},{\"@type\":\"ListItem\",\"position\":3,\"name\":\"Premium puuvillane kott\"}]},{\"@type\":\"WebSite\",\"@id\":\"https:\\\/\\\/tsargipood.ee\\\/#website\",\"url\":\"https:\\\/\\\/tsargipood.ee\\\/\",\"name\":\"T-s\u00e4rgipood - Disaini oma T-s\u00e4rk\",\"description\":\"Kujunda oma t-s\u00e4rk\",\"publisher\":{\"@id\":\"https:\\\/\\\/tsargipood.ee\\\/#organization\"},\"alternateName\":\"T-s\u00e4rgipood\",\"potentialAction\":[{\"@type\":\"SearchAction\",\"target\":{\"@type\":\"EntryPoint\",\"urlTemplate\":\"https:\\\/\\\/tsargipood.ee\\\/?s={search_term_string}\"},\"query-input\":{\"@type\":\"PropertyValueSpecification\",\"valueRequired\":true,\"valueName\":\"search_term_string\"}}],\"inLanguage\":\"en-GB\"},{\"@type\":\"Organization\",\"@id\":\"https:\\\/\\\/tsargipood.ee\\\/#organization\",\"name\":\"T-S\u00e4rgipood\",\"alternateName\":\"Disaini oma t-s\u00e4rk\",\"url\":\"https:\\\/\\\/tsargipood.ee\\\/\",\"logo\":{\"@type\":\"ImageObject\",\"inLanguage\":\"en-GB\",\"@id\":\"https:\\\/\\\/tsargipood.ee\\\/#\\\/schema\\\/logo\\\/image\\\/\",\"url\":\"https:\\\/\\\/tsargipood.ee\\\/wp-content\\\/uploads\\\/2023\\\/06\\\/T-sargipood-logo-1.png\",\"contentUrl\":\"https:\\\/\\\/tsargipood.ee\\\/wp-content\\\/uploads\\\/2023\\\/06\\\/T-sargipood-logo-1.png\",\"width\":540,\"height\":540,\"caption\":\"T-S\u00e4rgipood\"},\"image\":{\"@id\":\"https:\\\/\\\/tsargipood.ee\\\/#\\\/schema\\\/logo\\\/image\\\/\"},\"sameAs\":[\"https:\\\/\\\/www.facebook.com\\\/profile.php?id=100090772812912\",\"https:\\\/\\\/www.instagram.com\\\/tsargipood\\\/\"]}]}<\/script>\n<!-- \/ Yoast SEO plugin. -->","yoast_head_json":{"title":"Premium puuvillane kott | T-s\u00e4rgipood - Disaini oma T-s\u00e4rk | Oma disainiga kott","description":"Disaini oma tote-kott \u2013 praktiline ja stiilne! Lisa oma logo v\u00f5i tekst ning loo isikup\u00e4rane kott, mis sobib igaks p\u00e4evaks. Telli t\u00e4na ja kanna oma stiili!","robots":{"index":"index","follow":"follow","max-snippet":"max-snippet:-1","max-image-preview":"max-image-preview:large","max-video-preview":"max-video-preview:-1"},"canonical":"https:\/\/tsargipood.ee\/en\/product\/kott\/","og_locale":"en_GB","og_type":"article","og_title":"Premium puuvillane kott | T-s\u00e4rgipood - Disaini oma T-s\u00e4rk | Oma disainiga kott","og_description":"Disaini oma tote-kott \u2013 praktiline ja stiilne! Lisa oma logo v\u00f5i tekst ning loo isikup\u00e4rane kott, mis sobib igaks p\u00e4evaks. Telli t\u00e4na ja kanna oma stiili!","og_url":"https:\/\/tsargipood.ee\/en\/product\/kott\/","og_site_name":"T-s\u00e4rgipood - Disaini oma T-s\u00e4rk","article_publisher":"https:\/\/www.facebook.com\/profile.php?id=100090772812912","article_modified_time":"2026-02-10T12:34:10+00:00","og_image":[{"width":660,"height":660,"url":"https:\/\/tsargipood.ee\/wp-content\/uploads\/2023\/07\/kott-1.jpg","type":"image\/jpeg"}],"twitter_card":"summary_large_image","twitter_misc":{"Estimated reading time":"1 minute"},"schema":{"@context":"https:\/\/schema.org","@graph":[{"@type":"WebPage","@id":"https:\/\/tsargipood.ee\/product\/kott\/","url":"https:\/\/tsargipood.ee\/product\/kott\/","name":"Premium puuvillane kott | T-s\u00e4rgipood - Disaini oma T-s\u00e4rk | Oma disainiga kott","isPartOf":{"@id":"https:\/\/tsargipood.ee\/#website"},"primaryImageOfPage":{"@id":"https:\/\/tsargipood.ee\/product\/kott\/#primaryimage"},"image":{"@id":"https:\/\/tsargipood.ee\/product\/kott\/#primaryimage"},"thumbnailUrl":"https:\/\/tsargipood.ee\/wp-content\/uploads\/2023\/07\/kott-1.jpg","datePublished":"2023-07-25T10:30:45+00:00","dateModified":"2026-02-10T12:34:10+00:00","description":"Disaini oma tote-kott \u2013 praktiline ja stiilne! Lisa oma logo v\u00f5i tekst ning loo isikup\u00e4rane kott, mis sobib igaks p\u00e4evaks. Telli t\u00e4na ja kanna oma stiili!","breadcrumb":{"@id":"https:\/\/tsargipood.ee\/product\/kott\/#breadcrumb"},"inLanguage":"en-GB","potentialAction":[{"@type":"ReadAction","target":["https:\/\/tsargipood.ee\/product\/kott\/"]}]},{"@type":"ImageObject","inLanguage":"en-GB","@id":"https:\/\/tsargipood.ee\/product\/kott\/#primaryimage","url":"https:\/\/tsargipood.ee\/wp-content\/uploads\/2023\/07\/kott-1.jpg","contentUrl":"https:\/\/tsargipood.ee\/wp-content\/uploads\/2023\/07\/kott-1.jpg","width":660,"height":660,"caption":"kott"},{"@type":"BreadcrumbList","@id":"https:\/\/tsargipood.ee\/product\/kott\/#breadcrumb","itemListElement":[{"@type":"ListItem","position":1,"name":"Home","item":"https:\/\/tsargipood.ee\/"},{"@type":"ListItem","position":2,"name":"T-s\u00e4rgipood","item":"https:\/\/tsargipood.ee\/"},{"@type":"ListItem","position":3,"name":"Premium puuvillane kott"}]},{"@type":"WebSite","@id":"https:\/\/tsargipood.ee\/#website","url":"https:\/\/tsargipood.ee\/","name":"T-shirt shop - Design your own T-shirt","description":"Design your own t-shirt","publisher":{"@id":"https:\/\/tsargipood.ee\/#organization"},"alternateName":"T-s\u00e4rgipood","potentialAction":[{"@type":"SearchAction","target":{"@type":"EntryPoint","urlTemplate":"https:\/\/tsargipood.ee\/?s={search_term_string}"},"query-input":{"@type":"PropertyValueSpecification","valueRequired":true,"valueName":"search_term_string"}}],"inLanguage":"en-GB"},{"@type":"Organization","@id":"https:\/\/tsargipood.ee\/#organization","name":"T-S\u00e4rgipood","alternateName":"Disaini oma t-s\u00e4rk","url":"https:\/\/tsargipood.ee\/","logo":{"@type":"ImageObject","inLanguage":"en-GB","@id":"https:\/\/tsargipood.ee\/#\/schema\/logo\/image\/","url":"https:\/\/tsargipood.ee\/wp-content\/uploads\/2023\/06\/T-sargipood-logo-1.png","contentUrl":"https:\/\/tsargipood.ee\/wp-content\/uploads\/2023\/06\/T-sargipood-logo-1.png","width":540,"height":540,"caption":"T-S\u00e4rgipood"},"image":{"@id":"https:\/\/tsargipood.ee\/#\/schema\/logo\/image\/"},"sameAs":["https:\/\/www.facebook.com\/profile.php?id=100090772812912","https:\/\/www.instagram.com\/tsargipood\/"]}]}},"_links":{"self":[{"href":"https:\/\/tsargipood.ee\/en\/wp-json\/wp\/v2\/product\/6650","targetHints":{"allow":["GET"]}}],"collection":[{"href":"https:\/\/tsargipood.ee\/en\/wp-json\/wp\/v2\/product"}],"about":[{"href":"https:\/\/tsargipood.ee\/en\/wp-json\/wp\/v2\/types\/product"}],"replies":[{"embeddable":true,"href":"https:\/\/tsargipood.ee\/en\/wp-json\/wp\/v2\/comments?post=6650"}],"version-history":[{"count":0,"href":"https:\/\/tsargipood.ee\/en\/wp-json\/wp\/v2\/product\/6650\/revisions"}],"wp:featuredmedia":[{"embeddable":true,"href":"https:\/\/tsargipood.ee\/en\/wp-json\/wp\/v2\/media\/6651"}],"wp:attachment":[{"href":"https:\/\/tsargipood.ee\/en\/wp-json\/wp\/v2\/media?parent=6650"}],"wp:term":[{"taxonomy":"product_brand","embeddable":true,"href":"https:\/\/tsargipood.ee\/en\/wp-json\/wp\/v2\/product_brand?post=6650"},{"taxonomy":"product_cat","embeddable":true,"href":"https:\/\/tsargipood.ee\/en\/wp-json\/wp\/v2\/product_cat?post=6650"},{"taxonomy":"product_tag","embeddable":true,"href":"https:\/\/tsargipood.ee\/en\/wp-json\/wp\/v2\/product_tag?post=6650"}],"curies":[{"name":"wp","href":"https:\/\/api.w.org\/{rel}","templated":true}]}}