{"id":7037,"date":"2023-07-31T17:54:01","date_gmt":"2023-07-31T17:54:01","guid":{"rendered":"https:\/\/tsargipood.ee\/?post_type=product&#038;p=7037"},"modified":"2023-08-03T07:03:01","modified_gmt":"2023-08-03T07:03:01","slug":"nelinurgad","status":"publish","type":"product","link":"https:\/\/tsargipood.ee\/en\/product\/nelinurgad\/","title":{"rendered":"Quadrilaterals"},"content":{"rendered":"<p>The geometer t-shirts are a classic cut solid black or white t-shirt with high quality printing. The geometer T-shirt is suitable for everyday wear. It is made of light and pleasantly soft cotton material and is easy to care for.<\/p>","protected":false},"excerpt":{"rendered":"<p>Iconic\u00a0<strong>UNISEX T-SHIRT<\/strong><br \/>\nSewn-in sleeve<br \/>\n1\u00d71 rib at the collar<br \/>\nNeck tape for reinforcement in the back<br \/>\nSleeve hem and hem with wide double stitching<br \/>\nMATERIAL: 100% COTTON - ORGANIC - 180 G\/M\u00b2 - MEDIUM FIT<\/p>\n<p><strong><a href=\"https:\/\/tsargipood.ee\/wp-content\/uploads\/2023\/08\/moodutabel-Large.jpeg\">CHART OF MEASUREMENTS<\/a><\/strong><\/p>\n<p><img decoding=\"async\" class=\"size-full wp-image-7539 alignleft entered lazyloaded\" src=\"https:\/\/tsargipood.ee\/wp-content\/uploads\/2023\/08\/PETAVegan-1.png\" alt=\"\" width=\"137\" height=\"50\" data-lazy-src=\"https:\/\/tsargipood.ee\/wp-content\/uploads\/2023\/08\/PETAVegan-1.png\" data-ll-status=\"loaded\" \/><img decoding=\"async\" class=\"size-full wp-image-7538 alignleft entered lazyloaded\" src=\"https:\/\/tsargipood.ee\/wp-content\/uploads\/2023\/08\/OekoTex2012163-1.png\" alt=\"\" width=\"46\" height=\"50\" data-lazy-src=\"https:\/\/tsargipood.ee\/wp-content\/uploads\/2023\/08\/OekoTex2012163-1.png\" data-ll-status=\"loaded\" \/><img decoding=\"async\" class=\"size-full wp-image-7537 alignleft entered lazyloaded\" src=\"https:\/\/tsargipood.ee\/wp-content\/uploads\/2023\/08\/GOTSOrganic-1.png\" alt=\"\" width=\"49\" height=\"50\" data-lazy-src=\"https:\/\/tsargipood.ee\/wp-content\/uploads\/2023\/08\/GOTSOrganic-1.png\" data-ll-status=\"loaded\" \/><img loading=\"lazy\" decoding=\"async\" class=\"size-full wp-image-7536 alignleft entered lazyloaded\" src=\"https:\/\/tsargipood.ee\/wp-content\/uploads\/2023\/08\/Fairwear-1.png\" alt=\"\" width=\"85\" height=\"50\" data-lazy-src=\"https:\/\/tsargipood.ee\/wp-content\/uploads\/2023\/08\/Fairwear-1.png\" data-ll-status=\"loaded\" \/><\/p>\n<ul>\n<li><\/li>\n<\/ul>","protected":false},"featured_media":6831,"comment_status":"closed","ping_status":"closed","template":"","meta":{"googlesitekit_rrm_CAow0ZS_DA:productID":""},"product_brand":[],"product_cat":[193,20],"product_tag":[190,191,192,26],"class_list":{"0":"post-7037","1":"product","2":"type-product","3":"status-publish","4":"has-post-thumbnail","6":"product_cat-geomeetria","7":"product_cat-t-sark","8":"product_tag-geomeetria","9":"product_tag-kolmnurk","10":"product_tag-ruut","11":"product_tag-t-sark","12":"fpd-variation-needed","14":"first","15":"instock","16":"taxable","17":"shipping-taxable","18":"purchasable","19":"product-type-variable"},"yoast_head":"<!-- This site is optimized with the Yoast SEO plugin v27.5 - https:\/\/yoast.com\/product\/yoast-seo-wordpress\/ -->\n<title>Nelinurgad | T-s\u00e4rgipood - Disaini oma T-s\u00e4rk<\/title>\n<meta name=\"description\" content=\"Geomeetria t-s\u00e4rk toredale Geomeetria huvilisele. Telli oma Geomeetria kujunduseg t-s\u00e4rk kingituseks. Geomeetria teemalist t-s\u00e4rki kanna uhkusega.\" \/>\n<meta name=\"robots\" content=\"index, follow, max-snippet:-1, max-image-preview:large, max-video-preview:-1\" \/>\n<link rel=\"canonical\" href=\"https:\/\/tsargipood.ee\/en\/product\/nelinurgad\/\" \/>\n<meta property=\"og:locale\" content=\"en_GB\" \/>\n<meta property=\"og:type\" content=\"article\" \/>\n<meta property=\"og:title\" content=\"Nelinurgad | T-s\u00e4rgipood - Disaini oma T-s\u00e4rk\" \/>\n<meta property=\"og:description\" content=\"Geomeetria t-s\u00e4rk toredale Geomeetria huvilisele. Telli oma Geomeetria kujunduseg t-s\u00e4rk kingituseks. Geomeetria teemalist t-s\u00e4rki kanna uhkusega.\" \/>\n<meta property=\"og:url\" content=\"https:\/\/tsargipood.ee\/en\/product\/nelinurgad\/\" \/>\n<meta property=\"og:site_name\" content=\"T-s\u00e4rgipood - Disaini oma T-s\u00e4rk\" \/>\n<meta property=\"article:publisher\" content=\"https:\/\/www.facebook.com\/profile.php?id=100090772812912\" \/>\n<meta property=\"article:modified_time\" content=\"2023-08-03T07:03:01+00:00\" \/>\n<meta property=\"og:image\" content=\"https:\/\/tsargipood.ee\/wp-content\/uploads\/2023\/07\/Nelinurgad.png\" \/>\n\t<meta property=\"og:image:width\" content=\"1920\" \/>\n\t<meta property=\"og:image:height\" content=\"1920\" \/>\n\t<meta property=\"og:image:type\" content=\"image\/png\" \/>\n<meta name=\"twitter:card\" content=\"summary_large_image\" \/>\n<meta name=\"twitter:label1\" content=\"Estimated reading time\" \/>\n\t<meta name=\"twitter:data1\" content=\"1 minute\" \/>\n<script type=\"application\/ld+json\" class=\"yoast-schema-graph\">{\"@context\":\"https:\\\/\\\/schema.org\",\"@graph\":[{\"@type\":\"WebPage\",\"@id\":\"https:\\\/\\\/tsargipood.ee\\\/product\\\/nelinurgad\\\/\",\"url\":\"https:\\\/\\\/tsargipood.ee\\\/product\\\/nelinurgad\\\/\",\"name\":\"Nelinurgad | T-s\u00e4rgipood - Disaini oma T-s\u00e4rk\",\"isPartOf\":{\"@id\":\"https:\\\/\\\/tsargipood.ee\\\/#website\"},\"primaryImageOfPage\":{\"@id\":\"https:\\\/\\\/tsargipood.ee\\\/product\\\/nelinurgad\\\/#primaryimage\"},\"image\":{\"@id\":\"https:\\\/\\\/tsargipood.ee\\\/product\\\/nelinurgad\\\/#primaryimage\"},\"thumbnailUrl\":\"https:\\\/\\\/tsargipood.ee\\\/wp-content\\\/uploads\\\/2023\\\/07\\\/Nelinurgad.png\",\"datePublished\":\"2023-07-31T17:54:01+00:00\",\"dateModified\":\"2023-08-03T07:03:01+00:00\",\"description\":\"Geomeetria t-s\u00e4rk toredale Geomeetria huvilisele. Telli oma Geomeetria kujunduseg t-s\u00e4rk kingituseks. Geomeetria teemalist t-s\u00e4rki kanna uhkusega.\",\"breadcrumb\":{\"@id\":\"https:\\\/\\\/tsargipood.ee\\\/product\\\/nelinurgad\\\/#breadcrumb\"},\"inLanguage\":\"en-GB\",\"potentialAction\":[{\"@type\":\"ReadAction\",\"target\":[\"https:\\\/\\\/tsargipood.ee\\\/product\\\/nelinurgad\\\/\"]}]},{\"@type\":\"ImageObject\",\"inLanguage\":\"en-GB\",\"@id\":\"https:\\\/\\\/tsargipood.ee\\\/product\\\/nelinurgad\\\/#primaryimage\",\"url\":\"https:\\\/\\\/tsargipood.ee\\\/wp-content\\\/uploads\\\/2023\\\/07\\\/Nelinurgad.png\",\"contentUrl\":\"https:\\\/\\\/tsargipood.ee\\\/wp-content\\\/uploads\\\/2023\\\/07\\\/Nelinurgad.png\",\"width\":1920,\"height\":1920,\"caption\":\"Nelinurgad\"},{\"@type\":\"BreadcrumbList\",\"@id\":\"https:\\\/\\\/tsargipood.ee\\\/product\\\/nelinurgad\\\/#breadcrumb\",\"itemListElement\":[{\"@type\":\"ListItem\",\"position\":1,\"name\":\"Home\",\"item\":\"https:\\\/\\\/tsargipood.ee\\\/\"},{\"@type\":\"ListItem\",\"position\":2,\"name\":\"T-s\u00e4rgipood\",\"item\":\"https:\\\/\\\/tsargipood.ee\\\/\"},{\"@type\":\"ListItem\",\"position\":3,\"name\":\"Nelinurgad\"}]},{\"@type\":\"WebSite\",\"@id\":\"https:\\\/\\\/tsargipood.ee\\\/#website\",\"url\":\"https:\\\/\\\/tsargipood.ee\\\/\",\"name\":\"T-s\u00e4rgipood - Disaini oma T-s\u00e4rk\",\"description\":\"Kujunda oma t-s\u00e4rk\",\"publisher\":{\"@id\":\"https:\\\/\\\/tsargipood.ee\\\/#organization\"},\"alternateName\":\"T-s\u00e4rgipood\",\"potentialAction\":[{\"@type\":\"SearchAction\",\"target\":{\"@type\":\"EntryPoint\",\"urlTemplate\":\"https:\\\/\\\/tsargipood.ee\\\/?s={search_term_string}\"},\"query-input\":{\"@type\":\"PropertyValueSpecification\",\"valueRequired\":true,\"valueName\":\"search_term_string\"}}],\"inLanguage\":\"en-GB\"},{\"@type\":\"Organization\",\"@id\":\"https:\\\/\\\/tsargipood.ee\\\/#organization\",\"name\":\"T-S\u00e4rgipood\",\"alternateName\":\"Disaini oma t-s\u00e4rk\",\"url\":\"https:\\\/\\\/tsargipood.ee\\\/\",\"logo\":{\"@type\":\"ImageObject\",\"inLanguage\":\"en-GB\",\"@id\":\"https:\\\/\\\/tsargipood.ee\\\/#\\\/schema\\\/logo\\\/image\\\/\",\"url\":\"https:\\\/\\\/tsargipood.ee\\\/wp-content\\\/uploads\\\/2023\\\/06\\\/T-sargipood-logo-1.png\",\"contentUrl\":\"https:\\\/\\\/tsargipood.ee\\\/wp-content\\\/uploads\\\/2023\\\/06\\\/T-sargipood-logo-1.png\",\"width\":540,\"height\":540,\"caption\":\"T-S\u00e4rgipood\"},\"image\":{\"@id\":\"https:\\\/\\\/tsargipood.ee\\\/#\\\/schema\\\/logo\\\/image\\\/\"},\"sameAs\":[\"https:\\\/\\\/www.facebook.com\\\/profile.php?id=100090772812912\",\"https:\\\/\\\/www.instagram.com\\\/tsargipood\\\/\"]}]}<\/script>\n<!-- \/ Yoast SEO plugin. -->","yoast_head_json":{"title":"Nelinurgad | T-s\u00e4rgipood - Disaini oma T-s\u00e4rk","description":"Geomeetria t-s\u00e4rk toredale Geomeetria huvilisele. Telli oma Geomeetria kujunduseg t-s\u00e4rk kingituseks. Geomeetria teemalist t-s\u00e4rki kanna uhkusega.","robots":{"index":"index","follow":"follow","max-snippet":"max-snippet:-1","max-image-preview":"max-image-preview:large","max-video-preview":"max-video-preview:-1"},"canonical":"https:\/\/tsargipood.ee\/en\/product\/nelinurgad\/","og_locale":"en_GB","og_type":"article","og_title":"Nelinurgad | T-s\u00e4rgipood - Disaini oma T-s\u00e4rk","og_description":"Geomeetria t-s\u00e4rk toredale Geomeetria huvilisele. Telli oma Geomeetria kujunduseg t-s\u00e4rk kingituseks. Geomeetria teemalist t-s\u00e4rki kanna uhkusega.","og_url":"https:\/\/tsargipood.ee\/en\/product\/nelinurgad\/","og_site_name":"T-s\u00e4rgipood - Disaini oma T-s\u00e4rk","article_publisher":"https:\/\/www.facebook.com\/profile.php?id=100090772812912","article_modified_time":"2023-08-03T07:03:01+00:00","og_image":[{"width":1920,"height":1920,"url":"https:\/\/tsargipood.ee\/wp-content\/uploads\/2023\/07\/Nelinurgad.png","type":"image\/png"}],"twitter_card":"summary_large_image","twitter_misc":{"Estimated reading time":"1 minute"},"schema":{"@context":"https:\/\/schema.org","@graph":[{"@type":"WebPage","@id":"https:\/\/tsargipood.ee\/product\/nelinurgad\/","url":"https:\/\/tsargipood.ee\/product\/nelinurgad\/","name":"Nelinurgad | T-s\u00e4rgipood - Disaini oma T-s\u00e4rk","isPartOf":{"@id":"https:\/\/tsargipood.ee\/#website"},"primaryImageOfPage":{"@id":"https:\/\/tsargipood.ee\/product\/nelinurgad\/#primaryimage"},"image":{"@id":"https:\/\/tsargipood.ee\/product\/nelinurgad\/#primaryimage"},"thumbnailUrl":"https:\/\/tsargipood.ee\/wp-content\/uploads\/2023\/07\/Nelinurgad.png","datePublished":"2023-07-31T17:54:01+00:00","dateModified":"2023-08-03T07:03:01+00:00","description":"Geomeetria t-s\u00e4rk toredale Geomeetria huvilisele. Telli oma Geomeetria kujunduseg t-s\u00e4rk kingituseks. Geomeetria teemalist t-s\u00e4rki kanna uhkusega.","breadcrumb":{"@id":"https:\/\/tsargipood.ee\/product\/nelinurgad\/#breadcrumb"},"inLanguage":"en-GB","potentialAction":[{"@type":"ReadAction","target":["https:\/\/tsargipood.ee\/product\/nelinurgad\/"]}]},{"@type":"ImageObject","inLanguage":"en-GB","@id":"https:\/\/tsargipood.ee\/product\/nelinurgad\/#primaryimage","url":"https:\/\/tsargipood.ee\/wp-content\/uploads\/2023\/07\/Nelinurgad.png","contentUrl":"https:\/\/tsargipood.ee\/wp-content\/uploads\/2023\/07\/Nelinurgad.png","width":1920,"height":1920,"caption":"Nelinurgad"},{"@type":"BreadcrumbList","@id":"https:\/\/tsargipood.ee\/product\/nelinurgad\/#breadcrumb","itemListElement":[{"@type":"ListItem","position":1,"name":"Home","item":"https:\/\/tsargipood.ee\/"},{"@type":"ListItem","position":2,"name":"T-s\u00e4rgipood","item":"https:\/\/tsargipood.ee\/"},{"@type":"ListItem","position":3,"name":"Nelinurgad"}]},{"@type":"WebSite","@id":"https:\/\/tsargipood.ee\/#website","url":"https:\/\/tsargipood.ee\/","name":"T-shirt shop - Design your own T-shirt","description":"Design your own t-shirt","publisher":{"@id":"https:\/\/tsargipood.ee\/#organization"},"alternateName":"T-s\u00e4rgipood","potentialAction":[{"@type":"SearchAction","target":{"@type":"EntryPoint","urlTemplate":"https:\/\/tsargipood.ee\/?s={search_term_string}"},"query-input":{"@type":"PropertyValueSpecification","valueRequired":true,"valueName":"search_term_string"}}],"inLanguage":"en-GB"},{"@type":"Organization","@id":"https:\/\/tsargipood.ee\/#organization","name":"T-S\u00e4rgipood","alternateName":"Disaini oma t-s\u00e4rk","url":"https:\/\/tsargipood.ee\/","logo":{"@type":"ImageObject","inLanguage":"en-GB","@id":"https:\/\/tsargipood.ee\/#\/schema\/logo\/image\/","url":"https:\/\/tsargipood.ee\/wp-content\/uploads\/2023\/06\/T-sargipood-logo-1.png","contentUrl":"https:\/\/tsargipood.ee\/wp-content\/uploads\/2023\/06\/T-sargipood-logo-1.png","width":540,"height":540,"caption":"T-S\u00e4rgipood"},"image":{"@id":"https:\/\/tsargipood.ee\/#\/schema\/logo\/image\/"},"sameAs":["https:\/\/www.facebook.com\/profile.php?id=100090772812912","https:\/\/www.instagram.com\/tsargipood\/"]}]}},"_links":{"self":[{"href":"https:\/\/tsargipood.ee\/en\/wp-json\/wp\/v2\/product\/7037","targetHints":{"allow":["GET"]}}],"collection":[{"href":"https:\/\/tsargipood.ee\/en\/wp-json\/wp\/v2\/product"}],"about":[{"href":"https:\/\/tsargipood.ee\/en\/wp-json\/wp\/v2\/types\/product"}],"replies":[{"embeddable":true,"href":"https:\/\/tsargipood.ee\/en\/wp-json\/wp\/v2\/comments?post=7037"}],"version-history":[{"count":0,"href":"https:\/\/tsargipood.ee\/en\/wp-json\/wp\/v2\/product\/7037\/revisions"}],"wp:featuredmedia":[{"embeddable":true,"href":"https:\/\/tsargipood.ee\/en\/wp-json\/wp\/v2\/media\/6831"}],"wp:attachment":[{"href":"https:\/\/tsargipood.ee\/en\/wp-json\/wp\/v2\/media?parent=7037"}],"wp:term":[{"taxonomy":"product_brand","embeddable":true,"href":"https:\/\/tsargipood.ee\/en\/wp-json\/wp\/v2\/product_brand?post=7037"},{"taxonomy":"product_cat","embeddable":true,"href":"https:\/\/tsargipood.ee\/en\/wp-json\/wp\/v2\/product_cat?post=7037"},{"taxonomy":"product_tag","embeddable":true,"href":"https:\/\/tsargipood.ee\/en\/wp-json\/wp\/v2\/product_tag?post=7037"}],"curies":[{"name":"wp","href":"https:\/\/api.w.org\/{rel}","templated":true}]}}