{"id":84,"date":"2023-06-30T18:05:54","date_gmt":"2023-06-30T18:05:54","guid":{"rendered":"https:\/\/tsargipood.ee\/?post_type=product&#038;p=84"},"modified":"2026-02-18T08:22:23","modified_gmt":"2026-02-18T08:22:23","slug":"t-sark","status":"publish","type":"product","link":"https:\/\/tsargipood.ee\/en\/product\/t-sark\/","title":{"rendered":"Premium t-s\u00e4rk"},"content":{"rendered":"<div>\n<p class=\"p2\"><b>Mugav ja kvaliteetne T-s\u00e4rk igaks p\u00e4evaks<\/b><\/p>\n<p class=\"p1\">See T-s\u00e4rk on valmistatud pehmest ja hingavast orgaanilisest puuvillast, mis on nahas\u00f5bralik ja m\u00f5nus kanda. Hea istuvus ning vastupidav viimistlus tagavad, et s\u00e4rk hoiab oma kuju ja ilusa v\u00e4limuse ka p\u00e4rast korduvat pesu. Tugev kaelus, korralikud \u00f5mblused ja kvaliteetne kangas teevad sellest suurep\u00e4rase valiku nii igap\u00e4evaseks kandmiseks kui ka oma disaini lisamiseks. Sobib ideaalselt tr\u00fckkimiseks ning on toodetud vastutustundlikult.<\/p>\n<p class=\"p2\"><b>Miks see s\u00e4rk on hea valik?<\/b><\/p>\n<p class=\"p2\">pehme ja mugav orgaaniline puuvill<br \/>\nhoiab h\u00e4sti kuju ja v\u00e4rvi<br \/>\nsobib suurep\u00e4raselt tr\u00fckiks<br \/>\nnahas\u00f5bralik ja keskkonnateadlik valik<\/p>\n<p class=\"p2\"><b>Hooldus:<\/b><\/p>\n<p><img decoding=\"async\" class=\"w-8 h-8 shrink-0 alignleft\" title=\"Ironing - 110\u00b0\" src=\"https:\/\/stanleystella.com\/media\/amasty\/shopby\/option_images\/slider\/iro_max_110.png\" alt=\"Ironing - 110\u00b0\" width=\"32\" height=\"32\" \/><img decoding=\"async\" class=\"w-8 h-8 shrink-0 alignleft\" title=\"Drying - Tumble Dry No\" src=\"https:\/\/stanleystella.com\/media\/amasty\/shopby\/option_images\/slider\/dry_not.png\" alt=\"Drying - Tumble Dry No\" width=\"32\" height=\"32\" \/><img decoding=\"async\" class=\"w-8 h-8 shrink-0 alignleft\" title=\"Washing - 30\u00b0\" src=\"https:\/\/stanleystella.com\/media\/amasty\/shopby\/option_images\/slider\/was_30.png\" alt=\"Washing - 30\u00b0\" width=\"32\" height=\"32\" \/><img loading=\"lazy\" decoding=\"async\" class=\"w-8 h-8 shrink-0 alignleft\" title=\"Cleaning - No\" src=\"https:\/\/stanleystella.com\/media\/amasty\/shopby\/option_images\/slider\/EU-Symbol_DryCleaning.svg\" alt=\"Cleaning - No\" width=\"32\" height=\"32\" \/><img loading=\"lazy\" decoding=\"async\" class=\"w-8 h-8 shrink-0 alignleft\" title=\"Bleaching - No\" src=\"https:\/\/stanleystella.com\/media\/amasty\/shopby\/option_images\/slider\/ble_not.png\" alt=\"Bleaching - No\" width=\"32\" height=\"32\" \/><\/p>\n<p>&nbsp;<\/p>\n<p>&nbsp;<\/p>\n<p class=\"p2\">pese sarnaste v\u00e4rvidega<br \/>\npese ja triigi pahempidi<br \/>\ntr\u00fckipinnale mitte triikida<br \/>\npesu kuni 30 \u00b0C<br \/>\npleegitamine keelatud<br \/>\nkuivatis kuivatamine ei ole soovitatav<br \/>\ntriikimine kuni 110 \u00b0C<\/p>\n<p class=\"p1\">Lihtne, stiilne ja usaldusv\u00e4\u00e4rne T-s\u00e4rk, millele saad lisada just oma isikup\u00e4ra \ud83d\udc55\u2728<\/p>\n<\/div>","protected":false},"excerpt":{"rendered":"<h1 class=\"text-3xl font-medium notranslate\"><strong><span style=\"color: #fe4f02;\">Stanley\/Stella Creator 2.0<\/span><\/strong><\/h1>\n<p class=\"p1\"><b>Disaini oma T-s\u00e4rk \u2013 loo midagi erakordset!<\/b><b><\/b><\/p>\n<p class=\"p3\">Lase fantaasial lennata ja kujunda T-s\u00e4rk t\u00e4pselt selline, nagu sina tahad. Lisa oma tekst, pilt v\u00f5i logo, vali sobiv v\u00e4rv ning loo t\u00e4iesti ainulaadne toode. Meie kvaliteetne tr\u00fckk ja hoolikalt valitud materjalid tagavad, et s\u00e4rk n\u00e4eb hea v\u00e4lja ja on mugav kanda ka p\u00e4rast korduvat pesu.<\/p>\n<p class=\"p3\">Olgu see kingitus, tiimis\u00e4rk v\u00f5i lihtsalt midagi ainult sulle \u2013 alusta disainimist juba t\u00e4na ja kanna oma lugu uhkusega \ud83c\udfa8\ud83d\udc55<\/p>\n<p><img loading=\"lazy\" decoding=\"async\" class=\"alignnone size-full wp-image-7539 alignleft\" src=\"https:\/\/tsargipood.ee\/wp-content\/uploads\/2023\/08\/PETAVegan-1.png\" alt=\"\" width=\"137\" height=\"50\" \/> <img loading=\"lazy\" decoding=\"async\" class=\"alignnone size-full wp-image-7538 alignleft\" src=\"https:\/\/tsargipood.ee\/wp-content\/uploads\/2023\/08\/OekoTex2012163-1.png\" alt=\"\" width=\"46\" height=\"50\" \/> <img loading=\"lazy\" decoding=\"async\" class=\"alignnone size-full wp-image-7537 alignleft\" src=\"https:\/\/tsargipood.ee\/wp-content\/uploads\/2023\/08\/GOTSOrganic-1.png\" alt=\"\" width=\"49\" height=\"50\" \/> <img loading=\"lazy\" decoding=\"async\" class=\"alignnone size-full wp-image-7536 alignleft\" src=\"https:\/\/tsargipood.ee\/wp-content\/uploads\/2023\/08\/Fairwear-1.png\" alt=\"\" width=\"85\" height=\"50\" \/><\/p>","protected":false},"featured_media":3232,"comment_status":"closed","ping_status":"closed","template":"","meta":{"googlesitekit_rrm_CAow0ZS_DA:productID":""},"product_brand":[514],"product_cat":[217,20],"product_tag":[327,130,326,319,324,321,320,318,322,325,26,323],"class_list":{"0":"post-84","1":"product","2":"type-product","3":"status-publish","4":"has-post-thumbnail","6":"product_brand-stanley-stella","7":"product_cat-disainitavad-tooted","8":"product_cat-t-sark","9":"product_tag-disaini-oma-riided","10":"product_tag-disaini-oma-t-sark","11":"product_tag-isikuparane-riietus","12":"product_tag-kujunda-ise-oma-t-sark","13":"product_tag-kustomiseeritud-t-sargid","14":"product_tag-loo-oma-t-sark","15":"product_tag-personaalne-t-sargi-trukk","16":"product_tag-t-sargi-disainimine","17":"product_tag-t-sargi-kujundamine","18":"product_tag-t-sargi-trukkimine","19":"product_tag-t-sark","20":"product_tag-unikaalsed-t-sargid","21":"fpd-variation-needed","22":"wcpa_has_options","24":"first","25":"instock","26":"taxable","27":"shipping-taxable","28":"purchasable","29":"product-type-variable"},"yoast_head":"<!-- This site is optimized with the Yoast SEO plugin v27.5 - https:\/\/yoast.com\/product\/yoast-seo-wordpress\/ -->\n<title>T-s\u00e4rgipood - Disaini oma T-s\u00e4rk | Enda disainiga t-s\u00e4rk<\/title>\n<meta name=\"description\" content=\"Disaini oma T-s\u00e4rk unikaalseks! Lisa tekstid, pildid ja v\u00e4rvid. Kvaliteetne tr\u00fckk ja vastupidav materjal teevad sinu s\u00e4rgist erilise. Alusta t\u00e4na!\" \/>\n<meta name=\"robots\" content=\"index, follow, max-snippet:-1, max-image-preview:large, max-video-preview:-1\" \/>\n<link rel=\"canonical\" href=\"https:\/\/tsargipood.ee\/en\/product\/t-sark\/\" \/>\n<meta property=\"og:locale\" content=\"en_GB\" \/>\n<meta property=\"og:type\" content=\"article\" \/>\n<meta property=\"og:title\" content=\"T-s\u00e4rgipood - Disaini oma T-s\u00e4rk | Enda disainiga t-s\u00e4rk\" \/>\n<meta property=\"og:description\" content=\"Disaini oma T-s\u00e4rk unikaalseks! Lisa tekstid, pildid ja v\u00e4rvid. Kvaliteetne tr\u00fckk ja vastupidav materjal teevad sinu s\u00e4rgist erilise. Alusta t\u00e4na!\" \/>\n<meta property=\"og:url\" content=\"https:\/\/tsargipood.ee\/en\/product\/t-sark\/\" \/>\n<meta property=\"og:site_name\" content=\"T-s\u00e4rgipood - Disaini oma T-s\u00e4rk\" \/>\n<meta property=\"article:publisher\" content=\"https:\/\/www.facebook.com\/profile.php?id=100090772812912\" \/>\n<meta property=\"article:modified_time\" content=\"2026-02-18T08:22:23+00:00\" \/>\n<meta property=\"og:image\" content=\"https:\/\/tsargipood.ee\/wp-content\/uploads\/2023\/06\/t-sark.png\" \/>\n\t<meta property=\"og:image:width\" content=\"1920\" \/>\n\t<meta property=\"og:image:height\" content=\"1920\" \/>\n\t<meta property=\"og:image:type\" content=\"image\/png\" \/>\n<meta name=\"twitter:card\" content=\"summary_large_image\" \/>\n<meta name=\"twitter:label1\" content=\"Estimated reading time\" \/>\n\t<meta name=\"twitter:data1\" content=\"2 minutes\" \/>\n<script type=\"application\/ld+json\" class=\"yoast-schema-graph\">{\"@context\":\"https:\\\/\\\/schema.org\",\"@graph\":[{\"@type\":\"WebPage\",\"@id\":\"https:\\\/\\\/tsargipood.ee\\\/product\\\/t-sark\\\/\",\"url\":\"https:\\\/\\\/tsargipood.ee\\\/product\\\/t-sark\\\/\",\"name\":\"T-s\u00e4rgipood - Disaini oma T-s\u00e4rk | Enda disainiga t-s\u00e4rk\",\"isPartOf\":{\"@id\":\"https:\\\/\\\/tsargipood.ee\\\/#website\"},\"primaryImageOfPage\":{\"@id\":\"https:\\\/\\\/tsargipood.ee\\\/product\\\/t-sark\\\/#primaryimage\"},\"image\":{\"@id\":\"https:\\\/\\\/tsargipood.ee\\\/product\\\/t-sark\\\/#primaryimage\"},\"thumbnailUrl\":\"https:\\\/\\\/tsargipood.ee\\\/wp-content\\\/uploads\\\/2023\\\/06\\\/t-sark.png\",\"datePublished\":\"2023-06-30T18:05:54+00:00\",\"dateModified\":\"2026-02-18T08:22:23+00:00\",\"description\":\"Disaini oma T-s\u00e4rk unikaalseks! Lisa tekstid, pildid ja v\u00e4rvid. Kvaliteetne tr\u00fckk ja vastupidav materjal teevad sinu s\u00e4rgist erilise. Alusta t\u00e4na!\",\"breadcrumb\":{\"@id\":\"https:\\\/\\\/tsargipood.ee\\\/product\\\/t-sark\\\/#breadcrumb\"},\"inLanguage\":\"en-GB\",\"potentialAction\":[{\"@type\":\"ReadAction\",\"target\":[\"https:\\\/\\\/tsargipood.ee\\\/product\\\/t-sark\\\/\"]}]},{\"@type\":\"ImageObject\",\"inLanguage\":\"en-GB\",\"@id\":\"https:\\\/\\\/tsargipood.ee\\\/product\\\/t-sark\\\/#primaryimage\",\"url\":\"https:\\\/\\\/tsargipood.ee\\\/wp-content\\\/uploads\\\/2023\\\/06\\\/t-sark.png\",\"contentUrl\":\"https:\\\/\\\/tsargipood.ee\\\/wp-content\\\/uploads\\\/2023\\\/06\\\/t-sark.png\",\"width\":1920,\"height\":1920,\"caption\":\"t-s\u00e4rk\"},{\"@type\":\"BreadcrumbList\",\"@id\":\"https:\\\/\\\/tsargipood.ee\\\/product\\\/t-sark\\\/#breadcrumb\",\"itemListElement\":[{\"@type\":\"ListItem\",\"position\":1,\"name\":\"Home\",\"item\":\"https:\\\/\\\/tsargipood.ee\\\/\"},{\"@type\":\"ListItem\",\"position\":2,\"name\":\"T-s\u00e4rgipood\",\"item\":\"https:\\\/\\\/tsargipood.ee\\\/\"},{\"@type\":\"ListItem\",\"position\":3,\"name\":\"Premium t-s\u00e4rk\"}]},{\"@type\":\"WebSite\",\"@id\":\"https:\\\/\\\/tsargipood.ee\\\/#website\",\"url\":\"https:\\\/\\\/tsargipood.ee\\\/\",\"name\":\"T-s\u00e4rgipood - Disaini oma T-s\u00e4rk\",\"description\":\"Kujunda oma t-s\u00e4rk\",\"publisher\":{\"@id\":\"https:\\\/\\\/tsargipood.ee\\\/#organization\"},\"alternateName\":\"T-s\u00e4rgipood\",\"potentialAction\":[{\"@type\":\"SearchAction\",\"target\":{\"@type\":\"EntryPoint\",\"urlTemplate\":\"https:\\\/\\\/tsargipood.ee\\\/?s={search_term_string}\"},\"query-input\":{\"@type\":\"PropertyValueSpecification\",\"valueRequired\":true,\"valueName\":\"search_term_string\"}}],\"inLanguage\":\"en-GB\"},{\"@type\":\"Organization\",\"@id\":\"https:\\\/\\\/tsargipood.ee\\\/#organization\",\"name\":\"T-S\u00e4rgipood\",\"alternateName\":\"Disaini oma t-s\u00e4rk\",\"url\":\"https:\\\/\\\/tsargipood.ee\\\/\",\"logo\":{\"@type\":\"ImageObject\",\"inLanguage\":\"en-GB\",\"@id\":\"https:\\\/\\\/tsargipood.ee\\\/#\\\/schema\\\/logo\\\/image\\\/\",\"url\":\"https:\\\/\\\/tsargipood.ee\\\/wp-content\\\/uploads\\\/2023\\\/06\\\/T-sargipood-logo-1.png\",\"contentUrl\":\"https:\\\/\\\/tsargipood.ee\\\/wp-content\\\/uploads\\\/2023\\\/06\\\/T-sargipood-logo-1.png\",\"width\":540,\"height\":540,\"caption\":\"T-S\u00e4rgipood\"},\"image\":{\"@id\":\"https:\\\/\\\/tsargipood.ee\\\/#\\\/schema\\\/logo\\\/image\\\/\"},\"sameAs\":[\"https:\\\/\\\/www.facebook.com\\\/profile.php?id=100090772812912\",\"https:\\\/\\\/www.instagram.com\\\/tsargipood\\\/\"]}]}<\/script>\n<!-- \/ Yoast SEO plugin. -->","yoast_head_json":{"title":"T-s\u00e4rgipood - Disaini oma T-s\u00e4rk | Enda disainiga t-s\u00e4rk","description":"Disaini oma T-s\u00e4rk unikaalseks! Lisa tekstid, pildid ja v\u00e4rvid. Kvaliteetne tr\u00fckk ja vastupidav materjal teevad sinu s\u00e4rgist erilise. Alusta t\u00e4na!","robots":{"index":"index","follow":"follow","max-snippet":"max-snippet:-1","max-image-preview":"max-image-preview:large","max-video-preview":"max-video-preview:-1"},"canonical":"https:\/\/tsargipood.ee\/en\/product\/t-sark\/","og_locale":"en_GB","og_type":"article","og_title":"T-s\u00e4rgipood - Disaini oma T-s\u00e4rk | Enda disainiga t-s\u00e4rk","og_description":"Disaini oma T-s\u00e4rk unikaalseks! Lisa tekstid, pildid ja v\u00e4rvid. Kvaliteetne tr\u00fckk ja vastupidav materjal teevad sinu s\u00e4rgist erilise. Alusta t\u00e4na!","og_url":"https:\/\/tsargipood.ee\/en\/product\/t-sark\/","og_site_name":"T-s\u00e4rgipood - Disaini oma T-s\u00e4rk","article_publisher":"https:\/\/www.facebook.com\/profile.php?id=100090772812912","article_modified_time":"2026-02-18T08:22:23+00:00","og_image":[{"width":1920,"height":1920,"url":"https:\/\/tsargipood.ee\/wp-content\/uploads\/2023\/06\/t-sark.png","type":"image\/png"}],"twitter_card":"summary_large_image","twitter_misc":{"Estimated reading time":"2 minutes"},"schema":{"@context":"https:\/\/schema.org","@graph":[{"@type":"WebPage","@id":"https:\/\/tsargipood.ee\/product\/t-sark\/","url":"https:\/\/tsargipood.ee\/product\/t-sark\/","name":"T-s\u00e4rgipood - Disaini oma T-s\u00e4rk | Enda disainiga t-s\u00e4rk","isPartOf":{"@id":"https:\/\/tsargipood.ee\/#website"},"primaryImageOfPage":{"@id":"https:\/\/tsargipood.ee\/product\/t-sark\/#primaryimage"},"image":{"@id":"https:\/\/tsargipood.ee\/product\/t-sark\/#primaryimage"},"thumbnailUrl":"https:\/\/tsargipood.ee\/wp-content\/uploads\/2023\/06\/t-sark.png","datePublished":"2023-06-30T18:05:54+00:00","dateModified":"2026-02-18T08:22:23+00:00","description":"Disaini oma T-s\u00e4rk unikaalseks! Lisa tekstid, pildid ja v\u00e4rvid. Kvaliteetne tr\u00fckk ja vastupidav materjal teevad sinu s\u00e4rgist erilise. Alusta t\u00e4na!","breadcrumb":{"@id":"https:\/\/tsargipood.ee\/product\/t-sark\/#breadcrumb"},"inLanguage":"en-GB","potentialAction":[{"@type":"ReadAction","target":["https:\/\/tsargipood.ee\/product\/t-sark\/"]}]},{"@type":"ImageObject","inLanguage":"en-GB","@id":"https:\/\/tsargipood.ee\/product\/t-sark\/#primaryimage","url":"https:\/\/tsargipood.ee\/wp-content\/uploads\/2023\/06\/t-sark.png","contentUrl":"https:\/\/tsargipood.ee\/wp-content\/uploads\/2023\/06\/t-sark.png","width":1920,"height":1920,"caption":"t-s\u00e4rk"},{"@type":"BreadcrumbList","@id":"https:\/\/tsargipood.ee\/product\/t-sark\/#breadcrumb","itemListElement":[{"@type":"ListItem","position":1,"name":"Home","item":"https:\/\/tsargipood.ee\/"},{"@type":"ListItem","position":2,"name":"T-s\u00e4rgipood","item":"https:\/\/tsargipood.ee\/"},{"@type":"ListItem","position":3,"name":"Premium t-s\u00e4rk"}]},{"@type":"WebSite","@id":"https:\/\/tsargipood.ee\/#website","url":"https:\/\/tsargipood.ee\/","name":"T-shirt shop - Design your own T-shirt","description":"Design your own t-shirt","publisher":{"@id":"https:\/\/tsargipood.ee\/#organization"},"alternateName":"T-s\u00e4rgipood","potentialAction":[{"@type":"SearchAction","target":{"@type":"EntryPoint","urlTemplate":"https:\/\/tsargipood.ee\/?s={search_term_string}"},"query-input":{"@type":"PropertyValueSpecification","valueRequired":true,"valueName":"search_term_string"}}],"inLanguage":"en-GB"},{"@type":"Organization","@id":"https:\/\/tsargipood.ee\/#organization","name":"T-S\u00e4rgipood","alternateName":"Disaini oma t-s\u00e4rk","url":"https:\/\/tsargipood.ee\/","logo":{"@type":"ImageObject","inLanguage":"en-GB","@id":"https:\/\/tsargipood.ee\/#\/schema\/logo\/image\/","url":"https:\/\/tsargipood.ee\/wp-content\/uploads\/2023\/06\/T-sargipood-logo-1.png","contentUrl":"https:\/\/tsargipood.ee\/wp-content\/uploads\/2023\/06\/T-sargipood-logo-1.png","width":540,"height":540,"caption":"T-S\u00e4rgipood"},"image":{"@id":"https:\/\/tsargipood.ee\/#\/schema\/logo\/image\/"},"sameAs":["https:\/\/www.facebook.com\/profile.php?id=100090772812912","https:\/\/www.instagram.com\/tsargipood\/"]}]}},"_links":{"self":[{"href":"https:\/\/tsargipood.ee\/en\/wp-json\/wp\/v2\/product\/84","targetHints":{"allow":["GET"]}}],"collection":[{"href":"https:\/\/tsargipood.ee\/en\/wp-json\/wp\/v2\/product"}],"about":[{"href":"https:\/\/tsargipood.ee\/en\/wp-json\/wp\/v2\/types\/product"}],"replies":[{"embeddable":true,"href":"https:\/\/tsargipood.ee\/en\/wp-json\/wp\/v2\/comments?post=84"}],"version-history":[{"count":0,"href":"https:\/\/tsargipood.ee\/en\/wp-json\/wp\/v2\/product\/84\/revisions"}],"wp:featuredmedia":[{"embeddable":true,"href":"https:\/\/tsargipood.ee\/en\/wp-json\/wp\/v2\/media\/3232"}],"wp:attachment":[{"href":"https:\/\/tsargipood.ee\/en\/wp-json\/wp\/v2\/media?parent=84"}],"wp:term":[{"taxonomy":"product_brand","embeddable":true,"href":"https:\/\/tsargipood.ee\/en\/wp-json\/wp\/v2\/product_brand?post=84"},{"taxonomy":"product_cat","embeddable":true,"href":"https:\/\/tsargipood.ee\/en\/wp-json\/wp\/v2\/product_cat?post=84"},{"taxonomy":"product_tag","embeddable":true,"href":"https:\/\/tsargipood.ee\/en\/wp-json\/wp\/v2\/product_tag?post=84"}],"curies":[{"name":"wp","href":"https:\/\/api.w.org\/{rel}","templated":true}]}}